{"id":6503,"date":"2024-04-03T23:40:10","date_gmt":"2024-04-03T20:40:10","guid":{"rendered":"https:\/\/sisu.ut.ee\/ewod\/?page_id=6503"},"modified":"2026-05-13T17:00:43","modified_gmt":"2026-05-13T14:00:43","slug":"r","status":"publish","type":"page","link":"https:\/\/ewod.ut.ee\/et\/r\/","title":{"rendered":"R"},"content":{"rendered":"<p><a href=\"https:\/\/ewod.ut.ee\/et\/r\/salme-raatma\/\" data-type=\"page\" data-id=\"7234\"><strong>Salme Raatma<\/strong><\/a><br><strong><a href=\"https:\/\/ewod.ut.ee\/et\/r\/jan-rahman\/\" data-type=\"page\" data-id=\"9591\">Jan Rahman<\/a><\/strong><br><strong><a href=\"https:\/\/ewod.ut.ee\/et\/r\/juku-kalle-raid\/\" data-type=\"page\" data-id=\"9583\">Juku-Kalle Raid<\/a><\/strong><br><strong><a href=\"https:\/\/ewod.ut.ee\/et\/r\/helmi-rajamaa\/\" data-type=\"page\" data-id=\"9016\">Helmi Rajamaa<\/a><\/strong><br><strong><a href=\"https:\/\/ewod.ut.ee\/et\/r\/harald-rajamets\/\" data-type=\"page\" data-id=\"9575\">Harald Rajamets<\/a><\/strong><br><strong><a href=\"https:\/\/ewod.ut.ee\/et\/r\/henno-rajandi\/\" data-type=\"page\" data-id=\"9571\">Henno Rajandi<\/a><\/strong><br><strong><a href=\"https:\/\/ewod.ut.ee\/et\/r\/kerttu-rakke\/\" data-type=\"page\" data-id=\"9566\">Kerttu Rakke<\/a><\/strong><br><a href=\"https:\/\/ewod.ut.ee\/et\/r\/adolf-rammo\/\" data-type=\"page\" data-id=\"6914\"><strong>Adolf Rammo<\/strong><\/a><br><strong><a href=\"https:\/\/ewod.ut.ee\/et\/r\/helju-rammo\/\" data-type=\"page\" data-id=\"9559\">Helju Rammo<\/a><\/strong><br>Tanel Rander \u2013 <em>vt<\/em> <strong>c:<\/strong><br>J. Randvere \u2013 <em>vt<\/em>\u00a0<strong>Johannes Aavik<\/strong><br><strong><a href=\"https:\/\/ewod.ut.ee\/et\/r\/oyvind-rangoy\/\" data-type=\"page\" data-id=\"9552\">\u00d8yvind Rang\u00f8y<\/a><\/strong><br><strong><a href=\"https:\/\/ewod.ut.ee\/et\/r\/ain-rannaleet\/\" data-type=\"page\" data-id=\"9547\">Ain Rannaleet<\/a><\/strong><br><strong><a href=\"https:\/\/ewod.ut.ee\/et\/r\/silvia-rannamaa\/\" data-type=\"page\" data-id=\"9542\">Silvia Rannamaa<\/a><\/strong><br><strong><a href=\"https:\/\/ewod.ut.ee\/et\/r\/jaan-rannap\/\" data-type=\"page\" data-id=\"9535\">Jaan Rannap<\/a><\/strong><br><strong><a href=\"https:\/\/ewod.ut.ee\/et\/r\/egon-rannet\/\" data-type=\"page\" data-id=\"9527\">Egon Rannet<\/a><\/strong><br><strong><a href=\"https:\/\/ewod.ut.ee\/et\/r\/vaike-rannet\/\" data-type=\"page\" data-id=\"9522\">Vaike Rannet<\/a><\/strong><br><strong><a href=\"https:\/\/ewod.ut.ee\/et\/r\/aleksis-rannit\/\" data-type=\"page\" data-id=\"9515\">Aleksis Rannit<\/a><\/strong><br><strong><a href=\"https:\/\/ewod.ut.ee\/et\/r\/anu-raud\/\" data-type=\"page\" data-id=\"9510\">Anu Raud<\/a><\/strong><br><strong><a href=\"https:\/\/ewod.ut.ee\/et\/r\/eno-raud\/\" data-type=\"page\" data-id=\"9501\">Eno Raud<\/a><\/strong><br><strong><a href=\"https:\/\/ewod.ut.ee\/et\/r\/mart-raud2\/\" data-type=\"page\" data-id=\"9489\">Mart Raud<\/a><\/strong><br><strong><a href=\"https:\/\/ewod.ut.ee\/et\/r\/mart-raud\/\" data-type=\"page\" data-id=\"9483\">M\u00e4rt Raud<\/a><\/strong><br><strong><a href=\"https:\/\/ewod.ut.ee\/et\/r\/mihkel-raud\/\" data-type=\"page\" data-id=\"9476\">Mihkel Raud<\/a><\/strong><br><strong><a href=\"https:\/\/ewod.ut.ee\/et\/r\/piret-raud\/\" data-type=\"page\" data-id=\"9469\">Piret Raud<\/a><\/strong><br><strong><a href=\"https:\/\/ewod.ut.ee\/et\/r\/rein-raud\/\" data-type=\"page\" data-id=\"9458\">Rein Raud<\/a><\/strong><br><a href=\"https:\/\/ewod.ut.ee\/et\/r\/toomas-raudam\/\" data-type=\"page\" data-id=\"6816\"><strong>Toomas Raudam<\/strong><\/a><br><strong><a href=\"https:\/\/ewod.ut.ee\/et\/r\/aive-raudkivi\/\" data-type=\"page\" data-id=\"9441\">Aive Raudkivi<\/a><\/strong><br><a href=\"https:\/\/ewod.ut.ee\/et\/r\/hugo-raudsepp\/\" data-type=\"page\" data-id=\"7187\"><strong>Hugo Raudsepp<\/strong><\/a><br><strong><a href=\"https:\/\/ewod.ut.ee\/et\/r\/mait-raun\/\" data-type=\"page\" data-id=\"9433\">Mait Raun<\/a><\/strong><br><strong><a href=\"https:\/\/ewod.ut.ee\/et\/r\/ott-raun\/\" data-type=\"page\" data-id=\"9426\">Ott Raun<\/a><\/strong><br><strong><a href=\"https:\/\/ewod.ut.ee\/et\/r\/helju-rebane\/\" data-type=\"page\" data-id=\"9423\">Helju Rebane<\/a><\/strong><br><strong><a href=\"https:\/\/ewod.ut.ee\/et\/r\/marie-rebane\/\" data-type=\"page\" data-id=\"9417\">Marie Rebane<\/a><\/strong><br><strong><a href=\"https:\/\/ewod.ut.ee\/et\/r\/carl-martin-redlich\/\" data-type=\"page\" data-id=\"9412\">Carl Martin Redlich<\/a><\/strong><br><strong><a href=\"https:\/\/ewod.ut.ee\/et\/r\/heli-reichardt\/\" data-type=\"page\" data-id=\"8996\">Heli Reichardt<\/a><\/strong><br><strong><a href=\"https:\/\/ewod.ut.ee\/et\/r\/rudolf-reiman\/\" data-type=\"page\" data-id=\"9407\">Rudolf Reiman<\/a><\/strong><br><strong><a href=\"https:\/\/ewod.ut.ee\/et\/r\/reeli-reinaus\/\" data-type=\"page\" data-id=\"9402\">Reeli Reinaus<\/a><\/strong><br><strong><a href=\"https:\/\/ewod.ut.ee\/et\/r\/astrid-reinla\/\" data-type=\"page\" data-id=\"9394\">Astrid Reinla<\/a><\/strong><br><a href=\"https:\/\/ewod.ut.ee\/et\/r\/ado-reinvald\/\" data-type=\"page\" data-id=\"7293\"><strong>Ado Reinvald<\/strong><\/a><br><strong><a href=\"https:\/\/ewod.ut.ee\/et\/r\/hendrik-relve\/\" data-type=\"page\" data-id=\"9386\">Hendrik Relve<\/a><\/strong><br><strong><a href=\"https:\/\/ewod.ut.ee\/et\/r\/olev-remsu\/\" data-type=\"page\" data-id=\"9378\">Olev Remsu<\/a><\/strong><br><strong><a href=\"https:\/\/ewod.ut.ee\/et\/r\/villem-ridala\/\" data-type=\"page\" data-id=\"9368\">Villem Ridala<\/a><\/strong><br><strong><a href=\"https:\/\/ewod.ut.ee\/et\/r\/kaur-riismaa\/\" data-type=\"page\" data-id=\"9358\">Kaur Riismaa<\/a><\/strong><br><strong><a href=\"https:\/\/ewod.ut.ee\/et\/r\/merike-riives\/\" data-type=\"page\" data-id=\"9350\">Merike Riives<\/a><\/strong><br><strong><a href=\"https:\/\/ewod.ut.ee\/et\/r\/hindrek-rikand\/\" data-type=\"page\" data-id=\"9345\">Hindrek Rikand<\/a><\/strong><br><a href=\"https:\/\/ewod.ut.ee\/et\/r\/rudolf-rimmel\/\" data-type=\"page\" data-id=\"7426\"><strong>Rudolf Rimmel<\/strong><\/a><br><strong><a href=\"https:\/\/ewod.ut.ee\/et\/r\/ringo-ringvee\/\" data-type=\"page\" data-id=\"9330\">Ringo Ringvee<\/a><\/strong><br><strong><a href=\"https:\/\/ewod.ut.ee\/et\/r\/karl-ristikivi\/\" data-type=\"page\" data-id=\"9325\">Karl Ristikivi<\/a><\/strong><br><strong><a href=\"https:\/\/ewod.ut.ee\/et\/r\/birk-rohelend\/\" data-type=\"page\" data-id=\"9317\">Birk Rohelend<\/a><\/strong><br><a href=\"https:\/\/ewod.ut.ee\/et\/r\/richard-roht\/\" data-type=\"page\" data-id=\"6977\"><strong>Richard Roht<\/strong><\/a><br><strong><a href=\"https:\/\/ewod.ut.ee\/et\/r\/lille-roomets\/\" data-type=\"page\" data-id=\"9001\">Lille Roomets<\/a><\/strong><br><strong><a href=\"https:\/\/ewod.ut.ee\/et\/r\/aarand-roos\/\" data-type=\"page\" data-id=\"9309\">Aarand Roos<\/a><\/strong><br><strong><a href=\"https:\/\/ewod.ut.ee\/et\/r\/reijo-roos\/\" data-type=\"page\" data-id=\"9004\">Reijo Roos<\/a><\/strong><br><strong><a href=\"https:\/\/ewod.ut.ee\/et\/r\/arthur-roose\/\" data-type=\"page\" data-id=\"9304\">Arthur Roose<\/a><\/strong><br><strong><a href=\"https:\/\/ewod.ut.ee\/et\/r\/jurgen-rooste\/\" data-type=\"page\" data-id=\"9298\">J\u00fcrgen Rooste<\/a><\/strong><br><a href=\"https:\/\/ewod.ut.ee\/et\/r\/johann-heinrich-rosenplanter\/\" data-type=\"page\" data-id=\"9290\"><strong>Johann Heinrich Rosenpl\u00e4nter<\/strong><\/a><br><strong><a href=\"https:\/\/ewod.ut.ee\/et\/r\/aarne-ruben\/\" data-type=\"page\" data-id=\"9282\">Aarne Ruben<\/a><\/strong><br><strong><a href=\"https:\/\/ewod.ut.ee\/et\/r\/olavi-ruitlane\/\" data-type=\"page\" data-id=\"9271\">Olavi Ruitlane<\/a><\/strong><br><strong><a href=\"https:\/\/ewod.ut.ee\/et\/r\/paul-rummo\/\" data-type=\"page\" data-id=\"9266\">Paul Rummo<\/a><\/strong><br><strong><a href=\"https:\/\/ewod.ut.ee\/et\/r\/paul-eerik-rummo\/\" data-type=\"page\" data-id=\"9258\">Paul-Eerik Rummo<\/a><\/strong><br><strong><a href=\"https:\/\/ewod.ut.ee\/et\/r\/karl-rumor\/\" data-type=\"page\" data-id=\"9249\">Karl Rumor<\/a><\/strong><br><strong><a href=\"https:\/\/ewod.ut.ee\/et\/r\/hando-runnel\/\" data-type=\"page\" data-id=\"9243\">Hando Runnel<\/a><\/strong><br><strong><a href=\"https:\/\/ewod.ut.ee\/et\/r\/friedrich-nikolai-russow\/\" data-type=\"page\" data-id=\"9231\">Friedrich Nikolai Russow<\/a><\/strong><br><a href=\"https:\/\/ewod.ut.ee\/et\/r\/linda-ruud\/\" data-type=\"page\" data-id=\"7277\"><strong>Linda Ruud<\/strong><\/a><br><strong><a href=\"https:\/\/ewod.ut.ee\/et\/r\/vootele-ruusmaa\/\" data-type=\"page\" data-id=\"9228\">Vootele Ruusmaa<\/a><\/strong><br><strong><a href=\"https:\/\/ewod.ut.ee\/et\/r\/grethe-room\/\" data-type=\"page\" data-id=\"8423\">Grethe R\u00f5\u00f5m<\/a><\/strong><br><strong><a href=\"https:\/\/ewod.ut.ee\/et\/r\/jaak-rahesoo\/\" data-type=\"page\" data-id=\"9225\">Jaak R\u00e4hesoo<\/a><\/strong><br><strong><a href=\"https:\/\/ewod.ut.ee\/et\/r\/valeria-ranik\/\" data-type=\"page\" data-id=\"9214\">Valeria R\u00e4nik<\/a><\/strong><br><strong><a href=\"https:\/\/ewod.ut.ee\/et\/r\/lauri-rapp\/\" data-type=\"page\" data-id=\"9209\">Lauri R\u00e4pp<\/a><\/strong><br>Andrus R\u00e4v\u00e4l\u00e4 \u2013 <em>vt<\/em> <strong><a href=\"https:\/\/ewod.ut.ee\/et\/t\/helmut-tarand\/\" data-type=\"page\" data-id=\"8608\">Helmut Tarand<\/a><\/strong><\/p>\n","protected":false},"excerpt":{"rendered":"<p>Salme RaatmaJan RahmanJuku-Kalle RaidHelmi RajamaaHarald RajametsHenno RajandiKerttu RakkeAdolf RammoHelju RammoTanel Rander \u2013 vt c:J. Randvere \u2013 vt\u00a0Johannes Aavik\u00d8yvind Rang\u00f8yAin RannaleetSilvia RannamaaJaan RannapEgon RannetVaike RannetAleksis RannitAnu RaudEno RaudMart RaudM\u00e4rt RaudMihkel RaudPiret RaudRein RaudToomas RaudamAive RaudkiviHugo RaudseppMait RaunOtt RaunHelju RebaneMarie RebaneCarl Martin &#8230;<\/p>\n","protected":false},"author":43,"featured_media":0,"parent":0,"menu_order":0,"comment_status":"closed","ping_status":"closed","template":"","meta":{"_acf_changed":false,"inline_featured_image":false,"footnotes":""},"class_list":["post-6503","page","type-page","status-publish","hentry"],"acf":[],"_links":{"self":[{"href":"https:\/\/ewod.ut.ee\/et\/wp-json\/wp\/v2\/pages\/6503","targetHints":{"allow":["GET"]}}],"collection":[{"href":"https:\/\/ewod.ut.ee\/et\/wp-json\/wp\/v2\/pages"}],"about":[{"href":"https:\/\/ewod.ut.ee\/et\/wp-json\/wp\/v2\/types\/page"}],"author":[{"embeddable":true,"href":"https:\/\/ewod.ut.ee\/et\/wp-json\/wp\/v2\/users\/43"}],"replies":[{"embeddable":true,"href":"https:\/\/ewod.ut.ee\/et\/wp-json\/wp\/v2\/comments?post=6503"}],"version-history":[{"count":30,"href":"https:\/\/ewod.ut.ee\/et\/wp-json\/wp\/v2\/pages\/6503\/revisions"}],"predecessor-version":[{"id":9597,"href":"https:\/\/ewod.ut.ee\/et\/wp-json\/wp\/v2\/pages\/6503\/revisions\/9597"}],"wp:attachment":[{"href":"https:\/\/ewod.ut.ee\/et\/wp-json\/wp\/v2\/media?parent=6503"}],"curies":[{"name":"wp","href":"https:\/\/api.w.org\/{rel}","templated":true}]}}