{"id":6659,"date":"2024-04-03T23:42:27","date_gmt":"2024-04-03T20:42:27","guid":{"rendered":"https:\/\/sisu.ut.ee\/ewod\/?page_id=6659"},"modified":"2025-03-08T09:41:14","modified_gmt":"2025-03-08T07:41:14","slug":"oun","status":"publish","type":"page","link":"https:\/\/ewod.ut.ee\/et\/oe\/oun\/","title":{"rendered":"Voldemar \u00d5un"},"content":{"rendered":"<p>Voldemar \u00d5un (pseudon\u00fc\u00fcm Mardikas, 7. I 1893\/26. XII 1892 \u2013 4. I 1986) oli prosaist.<\/p>\n\n\n\n<p>\u00d5un s\u00fcndis ja \u00f5ppis Tallinnas ning l\u00f5petas 1937 Tartu \u00fclikooli \u00f5igusteaduskonna. T\u00f6\u00f6tas mitmesugustes \u00f5igusliku taustaga ametites, olles muuhulgas ka Eesti Vabariigi \u00f5iguskantsleri sekret\u00e4r. Lahkus 1944 Rootsi, t\u00f6\u00f6tas vabrikutes, suri G\u00f6teborgis, maetud sealsele Kvibergi kalmistule.<\/p>\n\n\n\n<p>Kirjandusse tuli Voldemar \u00d5un Mardika varjunime kasutades Looduse romaaniv\u00f5istlusega: kolmanda auhinna p\u00e4lvis romaan \u201cTint\u201d (1938) ja esimese auhinna \u201cKonarlik tee\u201d (1939). Romaanid avavad ametnike ja advokaatide maailma \u00fches mitmesuguste eetiliste k\u00fcsimustega. Keskne tegelane m\u00f5lemas romaanis on algul juuratudeng, hilisem advokaat Alfred Niilep, kelle elu- ja teenistusk\u00e4iku j\u00e4lgitakse. Niinep on ka romaani \u201cUus evangeelium\u201d (I-II, 1953) keskne tegelane, taustaks p\u00f6\u00f6rdelised aastad 1940 ja 1941. \u00d5igusteadlase pilk avab kohati l\u00f5ikava satiiriga n\u00f5ukoguliku \u00fchiskonna olemuse. Illusioonideta avaneb uue korra v\u00e4givaldsus ja inimvaenulikkus.<\/p>\n\n\n\n<p>N\u00f5ukoguliku korra absurdsust ja nn v\u00e4ikese inimese suure masinav\u00e4rgi hammasrataste vahele j\u00e4\u00e4mist k\u00e4sitleb ka romaan \u201cViis paari susse\u201d (1952), mille tegevus toimub 1930. aastate Leningradis, kus spekulantide vastase v\u00f5itluse k\u00e4igus tembeldatakse ohtlikuks elemendiks ja m\u00f5istetakse mitmeks aastaks vangi vanaeit, kes on turul m\u00fc\u00fcnud viis paari susse.<\/p>\n\n\n\n<p>\u00d5unale on iseloomulik realistlik asisus ning hea s\u00fc\u017eeearendus, tegelaste ps\u00fchholoogial ei ole nii suur osakaal.<\/p>\n\n\n\n<p><em>A. K.<\/em><\/p>\n\n\n\n<h5 class=\"wp-block-heading\"><br>Raamatud eesti keeles<\/h5>\n\n\n\n<p><em><strong>Romaanid<\/strong><\/em><br>Mardikas, <strong>Tint<\/strong>. Tartu, Tallinn, 1938, 340 lk. [2 tr\u00fckk: 2015.]<br>Mardikas, <strong>Konarlik tee<\/strong>. Tartu, Tallinn: Loodus, 1939, 373 lk. [2 tr\u00fckk: 2016.]<br><strong>Viis paari susse: \u00fcks N\u00f5ukogude lugu<\/strong>. Lund: Eesti Kirjanike Kooperatiiv, 1952, 287 lk.<br><strong>Uus evangeelium. 1. kd<\/strong>. Lund: Eesti Kirjanike Kooperatiiv, 1953, 334 lk. [J\u00e4rgmised tr\u00fckid: 2009, 2019.]<br><strong>Uus evangeelium. 2. kd<\/strong>. Lund: Eesti Kirjanike Kooperatiiv, 1953, 310 lk. [J\u00e4rgmised tr\u00fckid: 2009, 2019.]<\/p>\n","protected":false},"excerpt":{"rendered":"<p>Voldemar \u00d5un (pseudon\u00fc\u00fcm Mardikas, 7. I 1893\/26. XII 1892 \u2013 4. I 1986) oli prosaist. \u00d5un s\u00fcndis ja \u00f5ppis Tallinnas ning l\u00f5petas 1937 Tartu \u00fclikooli \u00f5igusteaduskonna. T\u00f6\u00f6tas mitmesugustes \u00f5igusliku taustaga ametites, olles muuhulgas ka Eesti Vabariigi \u00f5iguskantsleri sekret\u00e4r. Lahkus 1944 &#8230;<\/p>\n","protected":false},"author":43,"featured_media":0,"parent":6516,"menu_order":0,"comment_status":"closed","ping_status":"closed","template":"","meta":{"_acf_changed":false,"inline_featured_image":false,"footnotes":""},"class_list":["post-6659","page","type-page","status-publish","hentry"],"acf":[],"_links":{"self":[{"href":"https:\/\/ewod.ut.ee\/et\/wp-json\/wp\/v2\/pages\/6659","targetHints":{"allow":["GET"]}}],"collection":[{"href":"https:\/\/ewod.ut.ee\/et\/wp-json\/wp\/v2\/pages"}],"about":[{"href":"https:\/\/ewod.ut.ee\/et\/wp-json\/wp\/v2\/types\/page"}],"author":[{"embeddable":true,"href":"https:\/\/ewod.ut.ee\/et\/wp-json\/wp\/v2\/users\/43"}],"replies":[{"embeddable":true,"href":"https:\/\/ewod.ut.ee\/et\/wp-json\/wp\/v2\/comments?post=6659"}],"version-history":[{"count":1,"href":"https:\/\/ewod.ut.ee\/et\/wp-json\/wp\/v2\/pages\/6659\/revisions"}],"predecessor-version":[{"id":6660,"href":"https:\/\/ewod.ut.ee\/et\/wp-json\/wp\/v2\/pages\/6659\/revisions\/6660"}],"up":[{"embeddable":true,"href":"https:\/\/ewod.ut.ee\/et\/wp-json\/wp\/v2\/pages\/6516"}],"wp:attachment":[{"href":"https:\/\/ewod.ut.ee\/et\/wp-json\/wp\/v2\/media?parent=6659"}],"curies":[{"name":"wp","href":"https:\/\/api.w.org\/{rel}","templated":true}]}}