{"id":6969,"date":"2025-04-15T11:13:45","date_gmt":"2025-04-15T08:13:45","guid":{"rendered":"https:\/\/sisu.ut.ee\/ewod\/?page_id=6969"},"modified":"2025-04-15T11:13:46","modified_gmt":"2025-04-15T08:13:46","slug":"bernard-kangro-kohta","status":"publish","type":"page","link":"https:\/\/ewod.ut.ee\/et\/k\/bernard-kangro\/bernard-kangro-kohta\/","title":{"rendered":"Bernard Kangro kohta"},"content":{"rendered":"<p><em><strong>Artiklid<\/strong><\/em><br>Erna Perman, <strong>\u00dchest noorl\u00fc\u00fcrikust<\/strong>. \u2013 Iloli, nr 6, 1938, lk 6\u20138.<br>Hellar Grabbi, <strong>Karl Ristikivi raamatu \u2018Bernard Kangro\u2019 kohta<\/strong>. \u2013 Mana, nr 35, 1969, lk 58.<br>Karl Muru, <strong>\u00dche noorusl\u00fc\u00fcrika vaatlusi<\/strong>. \u2013 Keel ja Kirjandus, nr 3\u20134, 1971, lk 145\u2013148; 217\u2013 227.<br>Valev Uibopuu, <strong>T\u00e4helepanekuid Bernard Kangro romaani \u2018Kuus p\u00e4eva\u2019 s\u00f5navarast<\/strong>. \u2013 Tulimuld, nr 3\u20134, 1980, lk 143\u2013153; 185\u2013191.<br>Paul Rummo, <strong>Mees teises kaevikus<\/strong>. \u2013 Looming, nr 9, 1980, lk 1340\u20131341. [Bernard Kangro 70. juubeli puhul.]<br>Raimond Kolk, <strong>Bernhard Kangro luulest ja luulest \u00fcle\u00fcldse<\/strong>. \u2013 Tulimuld, nr 4, 1985, lk 188\u2013191. [S\u00f5nav\u00f5tt B. Kangro 75. juubelil Stockholmi Eesti Majas 11. oktoobril 1985.]<br>Oskar Kruus, <strong>Vanapagana taastulek<\/strong>. \u2013 Keel ja Kirjandus, nr 1, 1986, lk 20\u201326. [B. Kangro romaanidest.]<br>Toomas Liiv, <strong>Bernard Kangro kirjanikuna<\/strong>. \u2013 Looming, nr 1, 1989, lk 111\u2013122. [\u00dclevaade elust ja loomingust.]<br>Linda Uustalu, <strong>Bernard Kangrole p\u00fchendatud ettekandekoosolek<\/strong>. \u2013Looming, nr 3, 1989, lk 423\u2013424. [\u00dclevaade 10. detsembril 1988 Tartu \u00dclikooli raamatukogus toimunud s\u00fcndmusest.]<br>Oskar Kruus, <strong>Transiitreisija sinise v\u00e4rava ees. Kahe konfliktse romaani kokkupuutepunkte<\/strong>. \u2013 Looming, nr 5, 1990, lk 90\u201396. [B. Kangro romaanist \u2018Sinine v\u00e4rav\u2019 ja V. Beekmani romaanist \u2018Transiitreisija\u2019.]<br>Oskar Kruus, <strong>Bernard Kangro tulek proosakirjandusse<\/strong>. \u2013 Keel ja Kirjandus, nr 9, 1990, lk 528\u2013534.<br>Sirje Olesk, <strong>T\u00e4helepanekuid Bernard Kangro ja Kalju Lepiku meetrikast<\/strong>. \u2013Keel ja Kirjandus, nr 9, 1990, lk 535\u2013541.<br>Arvo M\u00e4gi, <strong>Bernard Kangro<\/strong>. \u2013 Tulimuld, nr 4, 1990, lk 193\u2013201. [K\u00f5ne kirjandus\u00f5htul 30. septembril 1990 Lundis.]<br>Hannes Oja, <strong>Kangro luule kaheksa aastak\u00fcmmet<\/strong>. \u2013 Tulimuld, nr 2, 1991, lk 95\u2013100. [Torontos 1990. aasta 10. oktoobril toimunud kirjandus\u00f5htul peetud k\u00f5ne.]<br>Linda Epner, <strong>M\u00e4rkmeid ruumipoeetikast Bernard Kangro n\u00e4idendeis<\/strong>. \u2013Keel ja Kirjandus, nr 6, 1991, lk 334\u2013340.<br>Arne Merilai, <strong>Emaleppi allikam\u00e4elt. Bernard Kangro kogutud luuletuste ilmumise puhul<\/strong>. \u2013 Keel ja Kirjandus, nr 9, 1991, lk 513\u2013522.<br>Oskar Kruus, <strong>L\u00e4tetest algavad j\u00f5ed<\/strong>. \u2013 Keel ja Kirjandus, nr 10, 1991, lk 630\u2013632. [Romaanist \u2018J\u00e4\u00e4l\u00e4tted\u2019.]<br><strong>[Nekroloog]<\/strong>. \u2013 Looming, nr, 1994, lk 717\u2013718.<br>Ain Kaalep, <strong>Arbujatest l\u00e4htudes. In memoriam Bernard Kangro<\/strong>. \u2013 Keel ja Kirjandus, nr 7, 1994, lk 442.<br>Oskar Kruus, <strong>Kas Tartu vaim on hukkunud?<\/strong> \u2013 Keel ja Kirjandus, nr 5, 1997, lk 350\u2013352.<\/p>\n\n\n\n<p><em><strong>Arvustused<\/strong><\/em><br>Harald Paukson, <strong>Kaks eksklusiivset luulekogu<\/strong>. \u2013 T\u00e4nap\u00e4ev, nr 9, 1935, lk 384. [Luulekogust \u2018Sonetid\u2019.]<br>Johannes Semper, <strong>Bernard Kangro: \u2018Sonetid\u2019 (1934\u20131935)<\/strong>. \u2013 Looming, nr 10, 1935, lk 1161\u20131162.<br>August Sang, <strong>Bernard Kangro luulekogu \u2018Sonetid\u2019 kohta<\/strong>. \u2013 Eesti Kirjandus, nr 1, 1936, lk 39\u201340.<br>Aleksander Aspel, <strong>Bernard Kangro. \u2018Vanad majad\u2019<\/strong>. \u2013 Looming, nr 2, 1938, lk 237\u2013238.<br>Harald Parrest, <strong>\u00dcks eepos kerkib<\/strong>. \u2013 Tulimuld, nr 3, 1950, lk 224\u2013230. [Romaanidest \u2018Igatsetud maa\u2019 ja \u2018Kuma taevarannal\u2019.]<br>Ants Oras, <strong>P\u00f5rgup\u00f5hja uue Vanapagana t\u00fctar<\/strong>. \u2013 Tulimuld, nr 3, 1956, lk 121\u2013122. [Romaanist \u2018Taeva v\u00f5tmed\u2019.]<br>Ivar Gr\u00fcnthal, <strong>Saatuse kaalul<\/strong>. \u2013 Mana, nr 1, 1959, lk 60\u201363. [Romaanist \u2018J\u00e4\u00e4l\u00e4tted\u2019.]<br>Alur Reinaus, <strong>Kirjanduslik valeraha<\/strong>. \u2013 Mana, nr 1, 1959, lk 58\u201360. [\u2018J\u00e4\u00e4l\u00e4tted\u2019.]<br>Helmi Eller, <strong>Bernard Kangro: Ajatu m\u00e4lestus<\/strong>. \u2013 Tulimuld, nr 4, 1960, lk 312\u2013315. [Luulekogust \u2018Ajatu m\u00e4lestus\u2019.]<br>Arno Vihalemm, <strong>Noor Kangro<\/strong>. \u2013 Tulimuld, nr 4, 1960, lk 219\u2013224. [\u2018Ajatu m\u00e4lestus\u2019.]<br>Ants Oras, <strong>Tartu ja kaduvik<\/strong>. \u2013 Tulimuld, nr 3, 1962, lk 228\u2013230. [Romaanist \u2018Tartu\u2019.]<br>Ants Oras, <strong>Must raamat<\/strong>. \u2013 Tulimuld, nr 4, 1965, lk 252\u2013254. [Romaanist \u2018Must raamat\u2019.]<br>Harald Peep, <strong>\u00dche kirjandusmaailma kaardistus<\/strong>. \u2013 Sirp ja Vasar, 17. III 1967, lk 4, 7. [Luulekogust \u2018V\u00f5\u00f5ramaa \u00f5htu\u2019.]<br>Helmi Eller, <strong>Kauged kajad<\/strong>. \u2013 Tulimuld, nr 1, 1969, lk 56\u201358. [N\u00e4idendite kogumikust \u2018Merre vajunud saar\u2019.]<br>Ants Oras, <strong>Tee teadmatusse<\/strong>. \u2013 Tulimuld, nr 1, 1970, lk 45\u201348. [Romaanist \u2018Keeristuli\u2019.]<br>Ants Oras, <strong>M\u00e4rkmeid Bernard Kangro luule puhul<\/strong>. \u2013 Tulimuld, nr 3, 1971, lk 145\u2013148. [Luulekogust \u2018Minu n\u00e4gu\u2019.]<br>Karl Ristikivi, <strong>Kadunud teekond<\/strong>. \u2013 Tulimuld, nr 4, 1971, lk 212\u2013214. [Romaanist \u2018Joonatan, kadunud veli\u2019.]<br>Udo Uibo, <strong>Kangro kuulub rahvale<\/strong>. \u2013 Looming, nr 4, 1988, lk 557\u2013558. [Raamatust \u2018Sinised mesilased. P\u00f5imik l\u00fchieepikat\u2019.]<br>Karl Muru, <strong>Seitseteistk\u00fcmnes<\/strong>. \u2013 Looming, nr 8, 1988, lk 1132\u20131134. [Luulekogust \u2018Hingetuisk. J\u00e4\u00e4minek. Seitsmeteistk\u00fcmnes kogu luuletusi\u2019.]<br>Endel Nirk, <strong>Bernard Kangro hilisromaanidest<\/strong>. \u2013 Looming, nr 5, 1990, lk 690\u2013695. [Romaanidest \u2018Kuus p\u00e4eva\u2019 ja \u2018Seitsmes p\u00e4ev\u2019.]<\/p>\n\n\n\n<p><em><strong>Intervjuud<\/strong><\/em><br>Salme Sinimets, <strong>L\u00e4inud kevade l\u00fc\u00fcriline avam\u00e4ng<\/strong>. \u2013 Kevadik, nr 1, 1939, lk 5\u20137. [Usutlus arbujatega.]<\/p>\n","protected":false},"excerpt":{"rendered":"<p>ArtiklidErna Perman, \u00dchest noorl\u00fc\u00fcrikust. \u2013 Iloli, nr 6, 1938, lk 6\u20138.Hellar Grabbi, Karl Ristikivi raamatu \u2018Bernard Kangro\u2019 kohta. \u2013 Mana, nr 35, 1969, lk 58.Karl Muru, \u00dche noorusl\u00fc\u00fcrika vaatlusi. \u2013 Keel ja Kirjandus, nr 3\u20134, 1971, lk 145\u2013148; 217\u2013 227.Valev &#8230;<\/p>\n","protected":false},"author":43,"featured_media":0,"parent":6965,"menu_order":0,"comment_status":"closed","ping_status":"closed","template":"","meta":{"_acf_changed":false,"inline_featured_image":false,"footnotes":""},"class_list":["post-6969","page","type-page","status-publish","hentry"],"acf":[],"_links":{"self":[{"href":"https:\/\/ewod.ut.ee\/et\/wp-json\/wp\/v2\/pages\/6969","targetHints":{"allow":["GET"]}}],"collection":[{"href":"https:\/\/ewod.ut.ee\/et\/wp-json\/wp\/v2\/pages"}],"about":[{"href":"https:\/\/ewod.ut.ee\/et\/wp-json\/wp\/v2\/types\/page"}],"author":[{"embeddable":true,"href":"https:\/\/ewod.ut.ee\/et\/wp-json\/wp\/v2\/users\/43"}],"replies":[{"embeddable":true,"href":"https:\/\/ewod.ut.ee\/et\/wp-json\/wp\/v2\/comments?post=6969"}],"version-history":[{"count":1,"href":"https:\/\/ewod.ut.ee\/et\/wp-json\/wp\/v2\/pages\/6969\/revisions"}],"predecessor-version":[{"id":6970,"href":"https:\/\/ewod.ut.ee\/et\/wp-json\/wp\/v2\/pages\/6969\/revisions\/6970"}],"up":[{"embeddable":true,"href":"https:\/\/ewod.ut.ee\/et\/wp-json\/wp\/v2\/pages\/6965"}],"wp:attachment":[{"href":"https:\/\/ewod.ut.ee\/et\/wp-json\/wp\/v2\/media?parent=6969"}],"curies":[{"name":"wp","href":"https:\/\/api.w.org\/{rel}","templated":true}]}}