{"id":7077,"date":"2025-04-28T11:11:07","date_gmt":"2025-04-28T08:11:07","guid":{"rendered":"https:\/\/sisu.ut.ee\/ewod\/?page_id=7077"},"modified":"2025-04-28T11:11:28","modified_gmt":"2025-04-28T08:11:28","slug":"mats-traadi-kohta","status":"publish","type":"page","link":"https:\/\/ewod.ut.ee\/et\/t\/mats-traat\/mats-traadi-kohta\/","title":{"rendered":"Mats Traadi kohta"},"content":{"rendered":"<p><em><strong>Magistrit\u00f6\u00f6<\/strong><\/em><br>Mari-Liis Tammiste, Mats Traadi epop\u00f6a \u2018Minge \u00fcles m\u00e4gedele\u2019: retseptsioon, aja- ja ruumipoeetika. \u2013 Tartu: Tartu \u00dclikool, 2014, <a href=\"http:\/\/hdl.handle.net\/10062\/42434\" target=\"_blank\" rel=\"noreferrer noopener\">http:\/\/hdl.handle.net\/10062\/42434<\/a><\/p>\n\n\n\n<p><em><strong>Artiklid<\/strong><\/em><br>Karl Muru, <strong>Kandiliste laulude juurest kollase akna alla<\/strong>. \u2013 Noorte H\u00e4\u00e4l, 21. VIII 1966. [Ilmunud ka: Karl Muru, \u201cLuuleseletamine\u201d, Tartu: Ilmamaa, 2001, 485 lk, lk 333\u2013341.]<br>Leili Iher, <strong>Struktuurimuutustest Mats Traadi luules<\/strong>. \u2013 Keel ja Kirjandus, nr 2, 1974, lk 65\u201377.<br>August Eelm\u00e4e, <strong>M\u00f5nda Mats Traadi inimesek\u00e4sitlusest<\/strong>. \u2013 Sirp ja Vasar, 24. II 1978, lk 4\u20135.<br>Mall J\u00f5gi, <strong>Ajaloo ja argip\u00e4eva ees<\/strong>. \u2013 Looming, nr 11, 1986, lk 1547\u20131549.<br>M\u0101ris \u010caklais, <strong>Mats Traadi raamatu h\u00e4vitamine L\u00e4ti NSV-s<\/strong>. \u2013 Looming, nr 4, 1994, lk 573\u2013574. [Valikkogu \u2018Tasakaal\u2019 v\u00e4ljaandmisest L\u00e4tis 1969. aastal.]<br>Endla K\u00f6st, <strong>Mats Traadi Palanum\u00e4e-ts\u00fckkel ning romaan \u2018Hirm ja iha\u2019<\/strong>. \u2013 Keel ja Kirjandus, nr 8, 1995, lk 534\u2013540.<br>\u00dclo Alo V\u00f5sar, <strong>Elutarkust Tartu murdes. Mats Traadi murdeluulest<\/strong>. \u2013 Sakala, 5. X 1996, lk. 4.<br>Jaan Kruusvall, <strong>N\u00fc\u00fcd, kus algavad lehtede sajud, kuidas k\u00e4ib su k\u00e4si, Mats Traat?<\/strong> \u2013 Looming, nr 11, 1996, lk 1527\u20131531.<br>P\u00e4rt Lias, <strong>Algust l\u00f5ppu: Mats Traat jutustajana<\/strong>. \u2013 Keel ja Kirjandus, nr 11, 1996, lk 727\u2013730.<br>Livia Viitol, <strong>Ajalugu kui eesti keele lugu: Mats Traadi ja Asta P\u00f5ldm\u00e4e viimaste aastate l\u00fchiproosast<\/strong>. \u2013 Keel ja Kirjandus, nr 6, 2004, lk 430\u2013450.<br>Andres Langemets, <strong>Mats Traadi kirjarajal<\/strong>. \u2013 Looming, nr 11, 2006, lk 1702\u20131707.<br>\u00dclo Tonts, <strong>Paar pilku Mats Traadi k\u00f5ige pikemale proosavaole. Meeldetuletusi \u00fche pikaks kasvanud ja aina j\u00e4tkuva raamaturea autori t\u00e4htp\u00e4eval, subjektiivsust pelgamata<\/strong>. \u2013 Looming, nr 11, 2006, lk 1708\u20131715.<br>Andres Langemets, <strong>Matsirahva kirjanik Mats Traat<\/strong>. \u2013 Eesti P\u00e4evaleht: Arkaadia, 16. III 2007, lk. 14.<br>K\u00e4rt Hellerma, <strong>\u00d5igluse idee Mats Traadi luules: eemalduv Sokrates<\/strong>. \u2013 Sirp, 5. IV 2007, lk 24. [Mats Traadi 70. s\u00fcnnip\u00e4eva konverentsil peetud ettekande l\u00fchendatud variant.]<br>Holger Kaints, <strong>Mats Traadi proosast t\u00e4nase pilguga<\/strong>. \u2013 Looming, nr 11, 2011, lk 1565\u20131575.<br>Mart Velsker, <strong>Palanum\u00e4e lugu ja keele lugu<\/strong>. \u2013 Keel ja Kirjandus, nr 4, 2012, lk 261\u2013 269.<br>Jaanus Vaiksoo, <strong>L\u00f5hnav Palanum\u00e4e<\/strong>. \u2013 Keel ja Kirjandus, nr 5, 2012, lk 346\u2013359.<br>Asta P\u00f5ldm\u00e4e, <strong>Traum ning trang Palanum\u00e4el<\/strong>. \u2013 Looming, nr 11, 2016, lk 1600\u20131614.<br>Hando Runnel, <strong>Kinnist\u00e4ht kirjandustaevas<\/strong>. \u2013 Looming, nr 11, 2016, lk 1594\u20131596.<br>Rein Veidemann, <strong>Meie kirjandusilma Suur Munam\u00e4gi Mats Traat \u2013 80<\/strong>. \u2013 Postimees, 19. XI 2016, lk 12\u201313.<br>Jaan Undusk, <strong>Mats Traadist ja hirmsast tahtmisest<\/strong>. \u2013 Sirp, 2. XII 2016.<br>Kalle Kurg, <strong>Kandilisi kilde Mats Traadist<\/strong>. \u2013 Sirp, 2. XII 2016.<br>Arne Merilai, <strong>Mats Traadi tulevik<\/strong>. \u2013 Sirp, 19. III 2021, lk 30.<br><strong>Mastipuu on langenud<\/strong> [Nekroloog]. \u2013 Sirp, 1. VII 2022, lk 13.<br>Janika Kronberg, <strong>Elu \u00f5ppetunnid. Meenutades Mats Traati<\/strong>. \u2013 Eesti Ekspress, 6. VII 2022.<\/p>\n\n\n\n<p><strong><em>Arvustused<\/em><\/strong><br>Ralf Parve, <strong>Noored autorid 1962<\/strong>. \u2013 Keel ja Kirjandus, nr 3, 1963, lk 181\u2013182. [Luulekogust \u2018Kandilised laulud\u2019.]<br>Jaan Kross, <strong>Viie deb\u00fc\u00fct<\/strong>. \u2013 Looming, nr 3, 1963, lk 467\u2013468. [\u2018Kandilised laulud\u2019.]<br>Hilja V\u00e4lip\u00f5llu, <strong>Laulud keerulistest asjadest<\/strong>. \u2013 Keel ja Kirjandus, nr 2, 1965, lk 112\u2013113. [Luulekogust \u2018K\u00fcngasmaa. Luuletusi 1959\u20131963\u2019.]<br>P\u00e4rt Lias, <strong>Mats Traadi teine deb\u00fc\u00fct<\/strong>. \u2013 Keel ja Kirjandus, nr 8, 1966, lk 514\u2013516. [Jutukogust \u2018Koputa kollasele aknale\u2019.]<br>Hando Runnel, <strong>N\u00f5iutud ring<\/strong>. \u2013 Keel ja Kirjandus, nr 1, 1969, lk 52\u201354. [Luulekogust \u2018Laternad udus. Luulet 1963\u20131966\u2019.]<br>Hellar Grabbi, <strong>Mats Traadi luulekogust \u2018Kaalukoda\u2019<\/strong>. \u2013 Mana, nr 35, 1969, lk 99.<br>Ivar Gr\u00fcnthal, <strong>Mats Traadi poeemist \u2018Kassiopeia\u2019<\/strong>. \u2013 Mana, nr 35, 1969, lk 100.<br>Georg Kurman, <strong>Mats Traadi jutukogust \u2018Irdinimene\u2019<\/strong>. \u2013 Mana, nr 35, 1969, lk 98\u201399.<br>Henn-Kaarel Hellat, <strong>\u00d6\u00f6d kahtluse talus<\/strong>. \u2013 Keel ja Kirjandus, nr 10, 1970, lk 636\u2013637. [Luulekogust \u2018Ilmakaared. Luuletusi 1962\u20131967\u2019.]<br>Maie Kalda, <strong>Inventuur?<\/strong> \u2013 Looming, nr 1, 1971, lk 147\u2013148. [\u2018Ilmakaared. Luuletusi 1962\u20131967\u2019.]<br>\u00dclle Kurs, <strong>Romaan teisekssaamise teest<\/strong>. \u2013 Keel ja Kirjandus, nr 6, 1971, lk 375\u2013377. [Romaanist \u2018Tants aurukatla \u00fcmber\u2019.]<br>August Eelm\u00e4e, <strong>Valikuraskuste vaevad<\/strong>. \u2013 Looming, nr 4, 1972, lk 687\u2013689. [Luulekogust \u2018Et\u00fc\u00fcdid l\u00e4iteks. Luuletusi 1967\u20131970\u2019.]<br>\u00dclo Tonts, <strong>Kuidas veski jahvatab<\/strong>. \u2013 Looming, nr 9, 1972, lk 1573\u20131575. [Jutukogust \u2018M\u00e4nguveski\u2019.]<br>Oskar Kruus, <strong>T\u00f5sine ja t\u00f5siseks v\u00f5ttev proosaraamat<\/strong>. \u2013 Keel ja Kirjandus, nr 11, 1972, lk 694\u2013695. [\u2018M\u00e4nguveski\u2019.]<br>Olev J\u00f5gi, <strong>S\u00e4ilinud esmav\u00e4rskus<\/strong>. \u2013 Sirp ja Vasar, 5. IV 1974, lk 3. [Romaanist \u2018Maastik \u00f5unapuu ja meiereikorstnaga\u2019.]<br>Ea Jansen, <strong>Koolmeister Jaan Pommer oma aias ja ajas<\/strong>. \u2013 Looming, nr 6, 1974, lk 1039\u20131041. [Romaanist \u2018Pommeri aed\u2019.]<br>Aivo L\u00f5hmus, <strong>Maastik kohviubadega<\/strong>. \u2013 Looming, nr 10, 1974, lk 1746\u20131748. [Romaanist \u2018Maastik \u00f5unapuu ja meiereikorstnaga\u2019 ja novellist \u2018Kohvioad\u2019.]<br>Hilve Rebane, <strong>P\u00fchap\u00e4evat\u00fcdrukust ja elu argip\u00e4evast<\/strong>. \u2013 Keel ja Kirjandus, nr 11, 1975, lk 697\u2013699. [Romaanist \u2018Inger\u2019.]<br>Mall J\u00f5gi, <strong>Kuidas portreteerida Ingerit?<\/strong> \u2013 Sirp ja Vasar, 28. XI 1975, lk 5. [\u2018Inger\u2019.]<br>Paul-Eerik Rummo, <strong>Harala elulood kogutud kujul<\/strong>. \u2013 Keel ja Kirjandus, nr 10, 1976, lk 629\u2013631. [Raamatust \u2018Harala elulood\u2019.]<br>Endel Mallene, <strong>Tasakaaluv\u00f5imalused halbheas maailmas<\/strong>. \u2013 Keel ja Kirjandus, nr 1, 1977, lk 47\u201348. [Luulekogust \u2018Hilised talled. Luuletusi 1970\u20131974\u2019.]<br>Ene Mihkelson, <strong>Kirgastumine<\/strong>. \u2013 Looming, nr 1, 1978, lk 165\u2013167. [Luulekogust \u2018Lagendiku aeg. Luulet 1973\u20131976\u2019.]<br>Sirje Kiin, <strong>Luuletaja romaan<\/strong>. \u2013 Looming, nr 3, 1980, lk 440\u2013443. [Romaanist \u2018Puud olid, puud olid hellad velled\u2019.]<br>Toomas Liiv, <strong>Mats Traadi luule<\/strong>. \u2013 Keel ja Kirjandus, nr 4, 1980, lk 243\u2013245. [Raamatust \u2018Valitud luuletused\u2019.]<br>Mall J\u00f5gi, <strong>S\u00fc\u00fcvimine minevikku, aega ja inimsaatustesse<\/strong>. \u2013 Keel ja Kirjandus, nr 5, 1980, lk 301\u2013302. [\u2018Puud olid, puud olid hellad velled\u2019.]<br>Lehte Tavel, <strong>Eraelu r\u00e4gastikes<\/strong>. \u2013 Keel ja Kirjandus, nr 8, 1980, lk 501\u2013503. [Romaanist \u2018Rippsild\u2019.]<br>Toomas Liiv, <strong>Taasleitud optimismist<\/strong>. \u2013 Keel ja Kirjandus, nr 1, 1981, lk 47\u201348. [Luulekogust \u2018Septembrifuuga. Luuletusi 1976\u20131979\u2019.]<br>Julius \u00dcrt, <strong>Eelkarastumine<\/strong>. \u2013 Sirp ja Vasar, 9. I 1981, lk 5. [\u2018Septembrifuuga. Luuletusi 1976\u20131979\u2019.]<br>P\u00e4rt Lias, <strong>Mitmeh\u00e4\u00e4lsus, kaheliv\u00e4\u00e4rtus, sisemine sirgus<\/strong>. \u2013 Looming, nr 1, 1983, lk 128\u2013130. [Romaanist \u2018Karukell, kurvameelsuse rohi\u2019.]<br>L. Siimisker, <strong>Arvustus romaanile \u2018Karukell, kurvameelsuse rohi\u2019<\/strong>. \u2013 Edasi, 26. II 1983, lk 4.<br>Olev J\u00f5gi, <strong>Retro eesti variatsioonis<\/strong>. \u2013 Looming, nr 5, 1986, lk 700\u2013702. [Romaanist \u2018\u00dcksi r\u00e4ndan\u2019.]<br>Julius \u00dcrt, <strong>P\u00e4ike p\u00e4\u00e4stab<\/strong>. \u2013 Looming, nr 11, 1986, lk 1558\u20131560. [Luulekogust \u2018S\u00fcgislootus. Luulet 1975\u20131985\u2019.]<br>Toomas Ilves, <strong>Nooruk karmis ajas<\/strong>. \u2013 Mana, nr 55, 1986, lk 76\u201377. [\u2018\u00dcksi r\u00e4ndan\u2019.]<br>T\u00f5nu \u00d5nnepalu, <strong>Mats Traat ja segane aeg<\/strong>. \u2013 Reede, 22. XII 1989, lk 4. [Luulekogust \u2018J\u00e4\u00e4lilled\u2019.]<br>Silvia Nagelmaa, <strong>M\u00f5nda Mats Traadi \u2018J\u00e4\u00e4lilledest\u2019<\/strong>. \u2013 Keel ja Kirjandus, nr 9, 1990, lk 568\u2013569. [\u2018J\u00e4\u00e4lilled\u2019.]<br>Mall J\u00f5gi, <strong>Tsensori t\u00f6\u00f6d tuleb austada<\/strong>. \u2013 Keel ja Kirjandus, nr 5, 1991, lk 310\u2013312. [\u2018Karukell, kurvameelsuse rohi\u2019.]<br>Holger Kaints,<strong> Mats Traat kirjutab epop\u00f6ad?<\/strong> \u2013 Sirp, 10. VII 1992, lk 4. [Romaanist \u2018Minge \u00fcles m\u00e4gedele\u2019.]<br>Jaan Kruusvall, <strong>Vabajooksu-hammasrattad<\/strong>. \u2013 Maaleht, 26. I 1995, lk. 25. [Romaanist \u2018Kodu on ilus\u2019.]<br>\u00dclo Tonts, <strong>Kui kodu ei ole enam ilus<\/strong>. \u2013 Postimees, 7. II 1995, lk 21. [\u2018Kodu on ilus\u2019.]<br>Livia Viitol, <strong>Kodu loomist ei asenda inimese jaoks miski<\/strong>. \u2013 Hommikuleht, 15. III 1995, lk 18. [\u2018Kodu on ilus\u2019.]<br>Peeter K\u00fcnstler, <strong>Kodu oleks ilus<\/strong>. \u2013 Keel ja Kirjandus, nr 4, 1995, lk 275. [\u2018Kodu on ilus\u2019.]<br>Merle Pajula, <strong>Kas kurva kodu on ilus?<\/strong> \u2013 Vikerkaar, nr 5\/6, 1995, lk 171\u2013172. [\u2018Kodu on ilus\u2019.]<br>Toomas Haug, <strong>Okupatsiooni ja iseseisvuse k\u00fc\u00fcsis<\/strong>. \u2013 Looming, nr 7, 1995, lk 1000\u20131002. [\u2018Kodu on ilus\u2019.]<br>Endla K\u00f6st, <strong>\u00dche perekonna ja rahva lugu<\/strong>. \u2013 Eesti S\u00f5numid, 2. VIII 1995, lk 6. [\u2018Kodu on ilus\u2019.]<br>Hilve Rebane, <strong>Igatsus lahk enge<\/strong>. \u2013 Videvik, 2. II 1996, lk 5. [Luulekogust \u2018Armastuse p\u00e4iv\u2019.]<br>August Eelm\u00e4e, <strong>Vanad v\u00f5lud ja vaevad<\/strong>. \u2013 Looming, nr 8, 1996, lk 1141\u20131142. [\u2018Armastuse p\u00e4iv\u2019.]<br>Endla K\u00f6st, <strong>Elu m\u00f5te on elu ise<\/strong>. \u2013 S\u00f5numileht, 8. V 1997, lk 14. [Romaanist \u2018Peremees v\u00f5tab naise\u2019.]<br>Teet Kallas, <strong>Klassika pronksine helk<\/strong>. \u2013 Looming, nr 7, 1997, lk 994\u2013996.[\u2018Peremees v\u00f5tab naise\u2019.]<br>\u00dclo Tonts, <strong>Peremees v\u00f5tabki naise<\/strong>. \u2013 Postimees, 14. VII 1997, lk 16. [\u2018Peremees v\u00f5tab naise\u2019.]<br>Kalle K\u00e4sper, <strong>Nagu McMurphy: \u2018Mina v\u00e4hemalt proovisin!\u2019<\/strong> \u2013 Postimees, 27. II 1998, lk 16. [Jutukogust \u2018Kartaago kiirrong\u2019.]<br>\u00dclo Tonts, <strong>Sest k\u00f5ige t\u00e4htsamast ajalugu sageli vaikib<\/strong>. \u2013 S\u00f5numileht, 24. III 1998, lk 13. [\u2018Kartaago kiirrong\u2019.]<br>Livia Viitol, <strong>Pisuh\u00e4nd ja ajaloo kiirrong: kas Koltshak oli k\u00f5ril\u00f5ikaja v\u00f5i teadlane?<\/strong> \u2013 Eesti P\u00e4evaleht, 18. IV 1998, lk 9. [\u2018Kartaago kiirrong\u2019.]<br>Olev Remsu, <strong>L\u00f5una-Eesti Tammsaare<\/strong>. \u2013 Looming, nr 5, 1998, lk. 803\u2013805. [\u2018Kartaago kiirrong\u2019.]<br>Endla K\u00f6st, <strong>K\u00f5ik saab kord tuhaks<\/strong>. \u2013 Sirp, 3. VII 1998, lk 7. [\u2018Kartaago kiirrong\u2019.]<br>Rutt Hinrikus, <strong>Traat ja Tammsaare lahendavad sageli samu \u00fclesandeid<\/strong>. \u2013 Eesti P\u00e4evaleht: Arkaadia, 13. XI 1999, lk 9. [Romaanist \u2018Muld l\u00f5hnab\u2019.]<br>\u00dclo Tonts, <strong>Palanum\u00e4el l\u00f5hnab muld<\/strong>. \u2013 Videvik, 24. XII 1999, lk 4. [\u2018Muld l\u00f5hnab\u2019.]<br>Oskar Kruus, <strong>Eesti rahva \u00fcleminek rahuaega<\/strong>. \u2013 Looming, nr 1, 2000, lk 139\u2013142. [\u2018Muld l\u00f5hnab\u2019.]<br>Arno Oja, <strong>R\u00e4nikiviga Palanum\u00e4elt<\/strong>. \u2013 Eesti P\u00e4evaleht: Arkaadia, 13. V 2000, lk. 9. [Luulekogust \u2018On unistus kui r\u00e4nikivi\u2019.]<br>\u00dclo Tonts, <strong>K\u00fclvab nagu igal kevadel<\/strong>. \u2013 Postimees, 2. III 2001, lk 23. [Romaanist \u2018Valge lind\u2019.]<br>Peeter K\u00fcnstler, <strong>Kaks kogu saatuseluulet<\/strong>. \u2013 Sirp, 24. VIII 2001, lk 7. [Raamatust \u2018Harala elulood\u2019.]<br>\u00dclo Tonts, <strong>Nelik\u00fcmmend aastat Harala elulugusid<\/strong>. \u2013 Looming, nr 10, 2001, lk 1576\u20131579. [\u2018Harala elulood\u2019.]<br>Aivar Kull, <strong>Mats Traat kui filosoof<\/strong>. \u2013 Postimees: Arter, 24. XI 2001, lk 12. [Raamatust \u2018Rukkir\u00e4\u00e4k linnas: marginaale\u2019.]<br>Andres Langemets, <strong>Kollane \u00f5htu koputab aknale<\/strong>. \u2013 Eesti P\u00e4evaleht: Arkaadia, 8. II 2002, lk 16. [Luulekogust \u2018K\u00f5llane \u00f5tak\u2019.]<br>Inna Gr\u00fcnfeldt, <strong>Harala meis enestes<\/strong>. \u2013 Virumaa Teataja, 23. III 2002, lk 5. [\u2018Harala elulood\u2019.]<br>Lauri Sommer, <strong>Murdeluulet murduvale ajale<\/strong>. \u2013 Postimees, 30. III 2002, lk 11. [\u2018K\u00f5llane \u00f5tak\u2019.]<br>\u00dclo Tonts, <strong>Mats Traadi pool aastasada Palanum\u00e4e maastikel: romaanist \u2018Minge \u00fcles m\u00e4gedele\u2019 on t\u00e4naseks ilmunud k\u00fcmme jagu kuue raamatuna<\/strong>. \u2013 Postimees, 10. V 2002, lk 18. [Romaaniosast \u2018Haamri all\u2019.]<br>Ain Kaalep, <strong>Kolm kingitust \u00fches karbis<\/strong>. \u2013 Looming, nr 8, 2002, lk 1255\u20131256. [\u2018K\u00f5llane \u00f5tak\u2019.]<br>Rein Veidemann, <strong>Harala elulood \u2013 Mats Traadi nimed marmortahvlil<\/strong>. \u2013 Postimees, 8. XI 2002, lk 18. [\u2018Harala elulood\u2019.]<br>Aare Pilv, <strong>Kes k\u00f5neleb?<\/strong> \u2013 Vikerkaar, nr 11\/12, 2002, lk 160\u2013162. [Raamatust \u2018Uued Harala elulood\u2019.]<br>J\u00fcrgen Rooste, <strong>Oo, et elus\u00e4demeid pilluks mu hing!<\/strong> \u2013 Eesti P\u00e4evaleht, 1. VIII 2003, lk 12. [Luulekogust \u2018Elus\u00e4de\u2019.]<br>Kalle K\u00e4sper, <strong>Mats Traadi kadunud maailm<\/strong>. \u2013 Postimees, 15. VIII 2003, lk 14. [Novellikogust \u2018Islandi suvi\u2019.]<br>Rein Veidemann, <strong>Ilu kui lootus ja lohutus<\/strong>. \u2013 Postimees, 15. VIII 2003, lk 14. [\u2018Elus\u00e4de\u2019.]<br>\u00dclo Tonts, <strong>Mats Traadi rahvuslik jutuilm<\/strong>. \u2013 Maaleht, 25. IX 2003, lk 20. [\u2018Islandi suvi\u2019.]<br>Indrek Hargla, <strong>Mats Traat r\u00f5hutab eestlase veresidet<\/strong>. \u2013 Eesti P\u00e4evaleht: Arkaadia, 3. X 2003, lk 14\u201315. [\u2018Islandi suvi\u2019.]<br>Veiko M\u00e4rka, <strong>Kellele Island, kellele Havai<\/strong>. \u2013 Sirp, 5. XII 2003, lk 7. [\u2018Islandi suvi\u2019.]<br>Aarne Ruben, <strong>Tants \u00fcmber Sokratese<\/strong>. \u2013 Postimees, 4. XII 2004, lk 19. [Luulekogust \u2018Turg ilma Sokrateseta\u2019.]<br>M\u00e4rt V\u00e4ljataga, <strong>Ajaloo abitegu<\/strong>. \u2013 Looming, nr 12, 2003, lk 1903\u20131906. [\u2018Islandi suvi\u2019.]<br>K\u00e4rt Hellerma, <strong>Kandiline maamees laseb aadrit<\/strong>. \u2013 Keel ja Kirjandus, nr 3, 2005, lk 233\u2013235. [Raamatust \u2018Turg ilma Sokrateseta\u2019. Ilmunud ka kogumikus: Hellerma, K\u00e4rt. Kohanenud kirjandus: valik kirjanduskriitikat 1987\u20132006. Eesti Keele Sihtasutus: Tallinn, 2006, 206 lk, lk 105\u2013110.]<br>Ott Raun, <strong>Mis seal vilksatab, mis m\u00f6\u00f6dub? Ainult elu<\/strong>. \u2013 Looming, nr 3, 2005, lk 454\u2013458. [\u2018Turg ilma Sokrateseta\u2019.]<br>Karl Martin Sinij\u00e4rv, <strong>Sondeerides matstratosf\u00e4\u00e4ri<\/strong>. \u2013 Looming, nr 10, 2005, lk 1576\u20131579. [Luulekogust \u2018Orjavits \u00f5itseb\u2019.]<br>Rein Veidemann, <strong>Traadi poeetiline traktaat armastusest<\/strong>. \u2013 Postimees, 17. II 2006, lk 19. [Luulekogust \u2018Traat armastusest\u2019.]<br>Rein Veidemann, <strong>Mats Traadi kultuurilooline fragmentaarium<\/strong>. \u2013 Postimees, 16. VI 2007, lk 15. [Raamatust \u2018Sarviku armastus: valik kultuuriloolisi novelle\u2019.]<br>Oskar Kruus, <strong>Mats Traadi kultuurinovellide raamatust<\/strong>. \u2013 Sirp, 7. IX 2007, lk 4. [\u2018Sarviku armastus: valik kultuuriloolisi novelle\u2019.]<br>\u00dclo Tonts, <strong>Kultuurilugu Mats Traadi moodi: ajaloo inimlikustamine<\/strong>. \u2013 Looming, nr 10, 2007, lk 1582\u20131584. [\u2018Sarviku armastus: valik kultuuriloolisi novelle\u2019.]<br>Kristel Kiigem\u00e4gi, <strong>Stiilipuhas luule vanameistrilt<\/strong>. \u2013 Eesti P\u00e4evaleht: Arkaadia, 30. V 2008, lk 15. [Luulekogust \u2018Soe \u00f5htu\u2019.]<br>Rein Veidemann, <strong>H\u00fc\u00fcdjad h\u00e4\u00e4led<\/strong>. \u2013 Postimees, 14. VI 2008, lk 11. [\u2018Soe \u00f5htu\u2019.]<br>Rein Veidemann, <strong>Traadi eepiline j\u00f5gi voolab<\/strong>. \u2013 Postimees, 28. VIII 2008. [Romaanitriloogiast \u2018Minge \u00fcles m\u00e4gedele\u2019.]<br>M\u00e4rt V\u00e4ljataga, <strong>Kaks laulijat\u2026<\/strong> \u2013 Eesti Ekspress, 2. X 2008, lk B10\u201311. [\u2018Soe \u00f5htu\u2019.]<br>Holger Kaints, <strong>Kolm kaalukat raamatut Mats Traadilt, neljas tulemas<\/strong>. \u2013 Sirp, 15. I 2010, lk 8\u20139. [\u2018Minge \u00fcles m\u00e4gedele\u2019.]<br>Rein Veidemann, <strong>Mats Traadi eepiline valgus<\/strong>. \u2013 Postimees, 17. IV 2010, lk 9. [Romaanitriloogiast \u2018Minge \u00fcles m\u00e4gedele\u2019.]<br>\u00dclo Tonts, <strong>\u2018Minge \u00fcles m\u00e4gedele\u2019 lugemine saab n\u00fc\u00fcd otsa<\/strong>. \u2013 Maaleht, 22. IV 2010, lk 27.<br>Kaarel Kressa, <strong>Naiselik hingevalu, konservatiivi pessimism ja looduslapse ulmad: parsilt v\u00f5rsub poeesia<\/strong>. \u2013 Eesti P\u00e4evaleht, 21. V 2010, lk 13. [Luulekogust \u2018Tule r\u00fc\u00fctamine\u2019.]<br>Rebekka Lotman, Maria-Kristiina Lotman, <strong>Vigade ilu<\/strong>. \u2013 Vikerkaar, nr 7\/8, 2010, lk 206\u2013208. [\u2018Tule r\u00fc\u00fctamine\u2019.]<br>Holger Kaints, <strong>\u2018Minge \u00fcles m\u00e4gedele\u2019 toekas l\u00f5puk\u00f6ide<\/strong>. \u2013 Sirp, 24. IX 2010, lk 9.<br>Arno Oja, <strong>Salamandri peibutamine<\/strong> \u2013 Sirp, 19. XI 2010, lk 7. [\u2018Tule r\u00fc\u00fctamine\u2019.]<br>Veronika Kivisilla, <strong>Mats Traadi ajaloopanoraamid<\/strong>. \u2013 Keel ja Kirjandus, nr 12, 2010, lk 935\u2013937. [\u2018Tule r\u00fc\u00fctamine\u2019.]<br>Andres Langemets, <strong>Mineviku vertikaal ja oleviku horisontaal<\/strong>. \u2013 Looming, nr 12, 2010, lk 1744\u20131746. [\u2018Tule r\u00fc\u00fctamine\u2019.]<br>Paul-Eerik Rummo, <strong>Harala elulood kogutud kujul<\/strong>. \u2013 Kuldnokk k\u00f5nnib: jooksvast kirjandusest 1964\u20132009. Tartu: Ilmamaa, 2010. 607 lk, lk 48\u201353. [Raamatust \u2018Harala elulood\u2019.]<br>Tuuli J\u00f5esaar, <strong>Harala elulood: kannatava eestlase portreed<\/strong>. \u2013 Eesti P\u00e4evaleht, 15. X 2011, lk 20. [Luulekogust \u2018Vastsed Harala elulood\u2019.]<br>Epp Annus, <strong>Mats Traat ja aurukatel: kirjandusinimese monoloog kooli\u00f5pilase vaheleh\u00fc\u00fcetega<\/strong>. \u2013 Looming, nr 11, 2011, lk 1576\u20131583.[\u2018Tants aurukatla \u00fcmber\u2019.]<br>Brita Melts, <strong>Uusi teateid Harala kalmistult<\/strong>. \u2013 Sirp, 18. XI 2011, lk 18. [\u2018Vastsed Harala elulood\u2019.]<br>Rein Veidemann, <strong>Anton Hansen Tammsaare ja Mats Traat<\/strong>. \u2013 Postimees, 26. XI 2011, lk 9. [Romaanist \u2018Minge \u00fcles m\u00e4gedele\u2019, 4. k\u00f6ide.]<br>Veronika Kivisilla, <strong>Koolnud k\u00f5nelevad ja k\u00f5netavad kolmandat korda<\/strong>. \u2013 Keel ja Kirjandus, nr 12, 2011, lk 932\u2013934. [\u2018Vastsed Harala elulood\u2019.]<br>Rein Veidemann, <strong>Kodukotuse kauged kajad<\/strong>. \u2013 Postimees, 15. II 2014, lk 7. [Luulekogust \u2018Ugandi igatsus: kolmass kogu luuletusi tartu murden\u2019.]<br>Asta P\u00f5ldm\u00e4e, <strong>Pastor Seiderist luuletaja Tammeni<\/strong>. \u2013 \u2018Ja valguse armulise: kirjat\u00f6id aastaist 1975\u20132013\u2019. Tallinn: Eesti Keele Sihtasutus, 2014, 587 lk, lk 368\u2013372. [Raamatust \u2018Sarviku armastus: valik kultuuriloolisi novelle\u2019.]<br>Rein Veidemann, <strong>Mats Traadi Solveigi laul<\/strong>. \u2013 Postimees, 30. V 2015, lk 8\u20139. [Jutukogust Kolm Solveigi.]<br>\u00dclo Tonts, <strong>V\u00e4simuse m\u00e4rkideta<\/strong>. \u2013 Looming, nr 10, 2015, lk 1501\u20131502. [\u2018Kolm Solveigi\u2019.]<br>Rein Veidemann, <strong>Mats Traadi ontoloogiline otse\u00fctlemine<\/strong>. \u2013 Postimees, 16. I 2016, lk 8\u20139. [Luulekogust \u2018Alal\u00fctlev\u2019.]<br>Mart Kuldkepp, <strong>Elulugu ja ajalugu, \u00fched mustad m\u00f5lemad<\/strong>. \u2013 Vikerkaar, nr 1\/2, 2016, lk 185\u2013187. [\u2018Kolm Solveigi\u2019.]<br>\u00dclo Tonts, <strong>\u2018Rippsild\u2019: inimese haprus ja tugevus: Peat\u00fckk l\u00f5petamata k\u00e4sikirjast \u2018Mats Traadi proosa\u2019<\/strong>. \u2013 Looming, nr 5, 2016, lk 688\u2013694.<br>Rein Veidemann, <strong>Loomingulise lehtimise aegu<\/strong>. \u2013 Looming, nr 11, 2016, lk. 1635\u20131636. [Luulekogust \u2018Roheline laev: noorp\u00f5lve luuletusi 1953\u20131964\u2019.]<br>Brita Melts, <strong>Kohakuma haua tagant. T\u00e4heldusi Haralast<\/strong>. \u2013 Looming, nr 12, 2016, lk. 1759\u20131769.<br>Veiko M\u00e4rka, <strong>Mis ees on, ei ole n\u00e4ha; mis taha j\u00e4\u00e4nud, see tuikab<\/strong>. \u2013 Sirp, 28. VIII 2020, lk 10. [Luulekogust \u2018Taivat\u00e4is tsirke. Nell\u00e4ss luulekogu tartu kiilen.\u2019.]<\/p>\n\n\n\n<p><em><strong>Intervjuud<\/strong><\/em><br>Ilmar Palli, <strong>Mats Traat: 20. aastatel olime arukamad<\/strong>. \u2013 Luup, nr 21, 18. X 1999, lk 32\u201333.<br>Rein Veidemann, <strong>Mats Traat kirjutab epitaafe Eesti elust<\/strong>. \u2013 Eesti P\u00e4evaleht: Arkaadia, 15. VI 2001, lk 14\u201315.<br>Jaak Urmet, <strong>Mats Traat suudab leida \u00fcksildust<\/strong>. \u2013 Eesti P\u00e4evaleht: Arkaadia, 16. V 2003, lk 14.<br>Ilmar Palli, <strong>Mats Traat: Ma ei v\u00f5imle igal t\u00e4navanurgal<\/strong>. \u2013 Maaleht, 24. III 2005, lk 20\u201321.<br>Asse Soomets, <strong>Mats Traat: K\u00f5ik muutub imekiiresti ajalooks<\/strong>. \u2013 Videvik, 30. III 2006, lk 4.<br>Rein Veidemann, <strong>Mats Traat: kirjanik ei saa endale lubada must-valget maailma<\/strong>. \u2013 Postimees, 25. XI 2006, lk 4\u20135.<br>Urve Eslas, <strong>Mats Traat: eesti kirjanik on trumbid juba k\u00e4est andnud<\/strong>. \u2013 Postimees, 9. III 2007, lk 1, 16.<br>Rein Veidemann, <strong>Mats Traat: t\u00e4itsin aastak\u00fcmneid tagasi v\u00f5etud kohustuse<\/strong>. \u2013 Postimees, 18. IV 2010.<br>Ilmar Palli, <strong>Mats Traat: Olen alati tahtnud olla kirjanik, ei keegi muu<\/strong>. \u2013 Maaleht, 17. XI 2011, lk 32\u201333.<\/p>\n","protected":false},"excerpt":{"rendered":"<p>Magistrit\u00f6\u00f6Mari-Liis Tammiste, Mats Traadi epop\u00f6a \u2018Minge \u00fcles m\u00e4gedele\u2019: retseptsioon, aja- ja ruumipoeetika. \u2013 Tartu: Tartu \u00dclikool, 2014, http:\/\/hdl.handle.net\/10062\/42434 ArtiklidKarl Muru, Kandiliste laulude juurest kollase akna alla. \u2013 Noorte H\u00e4\u00e4l, 21. VIII 1966. [Ilmunud ka: Karl Muru, \u201cLuuleseletamine\u201d, Tartu: Ilmamaa, 2001, &#8230;<\/p>\n","protected":false},"author":43,"featured_media":0,"parent":7071,"menu_order":0,"comment_status":"closed","ping_status":"closed","template":"","meta":{"_acf_changed":false,"inline_featured_image":false,"footnotes":""},"class_list":["post-7077","page","type-page","status-publish","hentry"],"acf":[],"_links":{"self":[{"href":"https:\/\/ewod.ut.ee\/et\/wp-json\/wp\/v2\/pages\/7077","targetHints":{"allow":["GET"]}}],"collection":[{"href":"https:\/\/ewod.ut.ee\/et\/wp-json\/wp\/v2\/pages"}],"about":[{"href":"https:\/\/ewod.ut.ee\/et\/wp-json\/wp\/v2\/types\/page"}],"author":[{"embeddable":true,"href":"https:\/\/ewod.ut.ee\/et\/wp-json\/wp\/v2\/users\/43"}],"replies":[{"embeddable":true,"href":"https:\/\/ewod.ut.ee\/et\/wp-json\/wp\/v2\/comments?post=7077"}],"version-history":[{"count":2,"href":"https:\/\/ewod.ut.ee\/et\/wp-json\/wp\/v2\/pages\/7077\/revisions"}],"predecessor-version":[{"id":7079,"href":"https:\/\/ewod.ut.ee\/et\/wp-json\/wp\/v2\/pages\/7077\/revisions\/7079"}],"up":[{"embeddable":true,"href":"https:\/\/ewod.ut.ee\/et\/wp-json\/wp\/v2\/pages\/7071"}],"wp:attachment":[{"href":"https:\/\/ewod.ut.ee\/et\/wp-json\/wp\/v2\/media?parent=7077"}],"curies":[{"name":"wp","href":"https:\/\/api.w.org\/{rel}","templated":true}]}}