{"id":7218,"date":"2025-05-10T17:31:26","date_gmt":"2025-05-10T14:31:26","guid":{"rendered":"https:\/\/sisu.ut.ee\/ewod\/?page_id=7218"},"modified":"2025-05-10T17:31:27","modified_gmt":"2025-05-10T14:31:27","slug":"eha-lattemae-kohta","status":"publish","type":"page","link":"https:\/\/ewod.ut.ee\/et\/l\/eha-lattemae\/eha-lattemae-kohta\/","title":{"rendered":"Eha L\u00e4ttem\u00e4e kohta"},"content":{"rendered":"<p><em><strong>Artiklid<\/strong><\/em><br>Endel Priidel, <strong>\u00dcits v\u00f5ib j\u00e4i\u00e4 \u00fctlem\u00e4d\u00e4<\/strong>. \u2013 Edasi, 13. VIII 1972, lk 2. [Murdekeelne artikkel.]<br>Vaime Kabur, <strong>Eesti-karjala \u00fchisluuletaja<\/strong>. \u2013 Keel ja Kirjandus, nr 9, 1972, lk 562\u2013564.<br>Minni Nurme, <strong>Eha L\u00e4ttem\u00e4e 50<\/strong>. \u2013 Looming, nr 9, 1972, lk 1581.<br>Mall J\u00f5gi, <strong>Oma sammude varjust kulgeja. Eha L\u00e4ttem\u00e4e 60<\/strong>. \u2013 Sirp ja Vasar, 3. IX 1982, lk 7.<br>Terttu Vikstr\u00f6m, <strong>Oma vaikne h\u00e4\u00e4l (Eha L\u00e4ttem\u00e4e 60)<\/strong>. Soomekeelsest k\u00e4sikirjast t\u00f5lkinud Vaime Kabur. \u2013 Looming, nr 9, 1982, lk 1273\u20131278.<br>Lauri Sommer, <strong>Eha L\u00e4ttem\u00e4e seisab mitme kultuuri veerel<\/strong>. \u2013 Sakala, 20. II 2008, lk 6.<br>Brita Melts, <strong>Liivi luulepreemia p\u00e4lvis sel aastal Eha L\u00e4ttem\u00e4e<\/strong>. \u2013 Eesti P\u00e4evaleht, 2. V 2008, lk 15.<br>Eesti Kirjanike Liit, <strong>Eha L\u00e4ttem\u00e4e 2. IX 1922 \u2013 14. XI 2012<\/strong>. \u2013 Looming, nr 12, 2012, lk 1798\u20131799.<br>Lauri Sommer, <strong>L\u00e4ttem\u00e4e allikail<\/strong>. \u2013 Looming, nr 2, 2013, lk 242\u2013257.<br>Alvar Loog, <strong>Nimetu nukruse 50 halli varjundit<\/strong>. \u2013 Postimees, 2. IX 2022. [Eha L\u00e4ttem\u00e4e 100. s\u00fcnniaastap\u00e4evaks.]<\/p>\n\n\n\n<p><em><strong>Arvustused<\/strong><\/em><br>Mart M\u00e4ger, <strong>Autorist ja teosest arvustuse asemel<\/strong>. \u2013 Looming, nr 5, 1969, lk 784\u2013786. [Raamatust \u2018Oma sammude varjust\u2019.]<br>Kalle Kurg, <strong>Linnukeelne luuleraamat<\/strong>. \u2013 Keel ja Kirjandus, nr 10, 1971, lk 631\u2013632. [Raamatust \u2018P\u00e4\u00e4suke p\u00e4evalind\u2019.]<br>Hando Runnel, <strong>Uskumine ja ebalus<\/strong>. \u2013 Looming, nr 9, 1974, lk 339\u2013342. [Raamatust \u2018N\u00f5nda ma l\u00e4hen\u2019.]<br>Aivo L\u00f5hmus, <strong>Veidike geomeetriast<\/strong>. \u2013 Looming, nr 12, 1974, lk 2099\u20132101. [Murdekeelne arvustus raamatule \u2018Metsamarju. M\u00f5tsamarju\u2019.]<br>Mall J\u00f5gi, <strong>Soomekeelne Eha L\u00e4ttem\u00e4e<\/strong>. \u2013 Keel ja Kirjandus, nr 1, 1977, lk 48\u201350. [Raamatust \u2018Poimin marjoja sinisest\u00e4 mets\u00e4st\u00e4\u2019.]<br>Sirje Kiin, <strong>Eha L\u00e4ttem\u00e4e elulugu<\/strong>. \u2013 Sirp ja Vasar, 28. VIII 1981, lk 6\u20137. [Raamatust \u2018Elulugu\u2019.]<\/p>\n\n\n\n<p><em><strong>Intervjuud<\/strong><\/em><br>Endel Priidel, <strong>Luulel\u00e4tted<\/strong>. \u2013 Sakala, 9. VIII 1997, lk 5.<br>Endel Priidel, <strong>Kolmkeelne L\u00e4ttem\u00e4e<\/strong>. \u2013 Sirp, 29. VIII 1997, lk 6.<\/p>\n","protected":false},"excerpt":{"rendered":"<p>ArtiklidEndel Priidel, \u00dcits v\u00f5ib j\u00e4i\u00e4 \u00fctlem\u00e4d\u00e4. \u2013 Edasi, 13. VIII 1972, lk 2. [Murdekeelne artikkel.]Vaime Kabur, Eesti-karjala \u00fchisluuletaja. \u2013 Keel ja Kirjandus, nr 9, 1972, lk 562\u2013564.Minni Nurme, Eha L\u00e4ttem\u00e4e 50. \u2013 Looming, nr 9, 1972, lk 1581.Mall J\u00f5gi, Oma &#8230;<\/p>\n","protected":false},"author":43,"featured_media":0,"parent":7215,"menu_order":0,"comment_status":"closed","ping_status":"closed","template":"","meta":{"_acf_changed":false,"inline_featured_image":false,"footnotes":""},"class_list":["post-7218","page","type-page","status-publish","hentry"],"acf":[],"_links":{"self":[{"href":"https:\/\/ewod.ut.ee\/et\/wp-json\/wp\/v2\/pages\/7218","targetHints":{"allow":["GET"]}}],"collection":[{"href":"https:\/\/ewod.ut.ee\/et\/wp-json\/wp\/v2\/pages"}],"about":[{"href":"https:\/\/ewod.ut.ee\/et\/wp-json\/wp\/v2\/types\/page"}],"author":[{"embeddable":true,"href":"https:\/\/ewod.ut.ee\/et\/wp-json\/wp\/v2\/users\/43"}],"replies":[{"embeddable":true,"href":"https:\/\/ewod.ut.ee\/et\/wp-json\/wp\/v2\/comments?post=7218"}],"version-history":[{"count":1,"href":"https:\/\/ewod.ut.ee\/et\/wp-json\/wp\/v2\/pages\/7218\/revisions"}],"predecessor-version":[{"id":7219,"href":"https:\/\/ewod.ut.ee\/et\/wp-json\/wp\/v2\/pages\/7218\/revisions\/7219"}],"up":[{"embeddable":true,"href":"https:\/\/ewod.ut.ee\/et\/wp-json\/wp\/v2\/pages\/7215"}],"wp:attachment":[{"href":"https:\/\/ewod.ut.ee\/et\/wp-json\/wp\/v2\/media?parent=7218"}],"curies":[{"name":"wp","href":"https:\/\/api.w.org\/{rel}","templated":true}]}}