{"id":7224,"date":"2025-05-10T17:52:30","date_gmt":"2025-05-10T14:52:30","guid":{"rendered":"https:\/\/sisu.ut.ee\/ewod\/?page_id=7224"},"modified":"2025-05-10T17:52:30","modified_gmt":"2025-05-10T14:52:30","slug":"helgi-mulleri-kohta","status":"publish","type":"page","link":"https:\/\/ewod.ut.ee\/et\/m\/helgi-muller\/helgi-mulleri-kohta\/","title":{"rendered":"Helgi Mulleri kohta"},"content":{"rendered":"<p><strong><em>Artiklid<\/em><\/strong><br>Eesti NSV Kirjanike Liit, <strong>[Nekroloog]<\/strong>. \u2013 Noorte H\u00e4\u00e4l, 10. XII 1971, lk 4.<br>ENSV Kirjanike Liit, <strong>[Nekroloog]<\/strong>. \u2013 Keel ja Kirjandus, nr 2, 1972, lk 128.<br>Sulev Uus, <strong>T\u00f5sine lugu v\u00e4ga t\u00f5sistest asjadest<\/strong>. \u2013 Postimees, 5. X 2022, lk 8.<\/p>\n\n\n\n<p><strong><em>Arvustused<\/em><\/strong><br>Ine Viiding, <strong>Teist kassetti lehitsedes<\/strong>. \u2013 Rahva H\u00e4\u00e4l, 28. IV 1964, lk 2\u20133. [Raamatust \u2018T\u00e4hes\u00e4rk\u2019.]<br>Oskar Kruus, <strong>K\u00fcpsemise raamat<\/strong>. \u2013 Noorte H\u00e4\u00e4l, 20. IX 1970, lk 2. [Raamatust \u2018Linnulina\u2019.]<br>Silvia Nagelmaa, <strong>Mille nimel?<\/strong> \u2013 Looming, nr 1, 1971, lk 148\u2013150. [\u2018Linnulina\u2019.]<br>Oskar Kruus, <strong>Arvustus raamatule \u2018Valik luulet\u2019<\/strong>. \u2013 Edasi, 28. I 1984, lk 5.<\/p>\n","protected":false},"excerpt":{"rendered":"<p>ArtiklidEesti NSV Kirjanike Liit, [Nekroloog]. \u2013 Noorte H\u00e4\u00e4l, 10. XII 1971, lk 4.ENSV Kirjanike Liit, [Nekroloog]. \u2013 Keel ja Kirjandus, nr 2, 1972, lk 128.Sulev Uus, T\u00f5sine lugu v\u00e4ga t\u00f5sistest asjadest. \u2013 Postimees, 5. X 2022, lk 8. ArvustusedIne Viiding, &#8230;<\/p>\n","protected":false},"author":43,"featured_media":0,"parent":7222,"menu_order":0,"comment_status":"closed","ping_status":"closed","template":"","meta":{"_acf_changed":false,"inline_featured_image":false,"footnotes":""},"class_list":["post-7224","page","type-page","status-publish","hentry"],"acf":[],"_links":{"self":[{"href":"https:\/\/ewod.ut.ee\/et\/wp-json\/wp\/v2\/pages\/7224","targetHints":{"allow":["GET"]}}],"collection":[{"href":"https:\/\/ewod.ut.ee\/et\/wp-json\/wp\/v2\/pages"}],"about":[{"href":"https:\/\/ewod.ut.ee\/et\/wp-json\/wp\/v2\/types\/page"}],"author":[{"embeddable":true,"href":"https:\/\/ewod.ut.ee\/et\/wp-json\/wp\/v2\/users\/43"}],"replies":[{"embeddable":true,"href":"https:\/\/ewod.ut.ee\/et\/wp-json\/wp\/v2\/comments?post=7224"}],"version-history":[{"count":1,"href":"https:\/\/ewod.ut.ee\/et\/wp-json\/wp\/v2\/pages\/7224\/revisions"}],"predecessor-version":[{"id":7225,"href":"https:\/\/ewod.ut.ee\/et\/wp-json\/wp\/v2\/pages\/7224\/revisions\/7225"}],"up":[{"embeddable":true,"href":"https:\/\/ewod.ut.ee\/et\/wp-json\/wp\/v2\/pages\/7222"}],"wp:attachment":[{"href":"https:\/\/ewod.ut.ee\/et\/wp-json\/wp\/v2\/media?parent=7224"}],"curies":[{"name":"wp","href":"https:\/\/api.w.org\/{rel}","templated":true}]}}