{"id":7231,"date":"2025-05-10T18:10:14","date_gmt":"2025-05-10T15:10:14","guid":{"rendered":"https:\/\/sisu.ut.ee\/ewod\/?page_id=7231"},"modified":"2025-05-10T18:10:15","modified_gmt":"2025-05-10T15:10:15","slug":"helmi-maelo-kohta","status":"publish","type":"page","link":"https:\/\/ewod.ut.ee\/et\/m\/helmi-maelo\/helmi-maelo-kohta\/","title":{"rendered":"Helmi M\u00e4elo kohta"},"content":{"rendered":"<p><em><strong>Artiklid<\/strong><\/em><br>Helmi Eller, <strong>Helmi M\u00e4elo kirjanikuteest<\/strong>. \u2013 Tulimuld, nr 2, 1968, lk 97\u2013101.<br>Helmi Eller, <strong>Inimesi ja milj\u00f6id Helmi M\u00e4elo romaanides<\/strong>. \u2013 Tulimuld, nr 3, 1976, lk 141\u2013146.<br><strong>Helmi M\u00e4elo 80<\/strong>. \u2013 Meie Kodu = Our Home: Australian Estonian weekly, 12. IV 1978, lk 4.<br>Linda Uustalu, <strong>Helmi M\u00e4elo elust ja loomingust<\/strong>. \u2013 V\u00e4lismaise eesti kirjanduse konverents Tallinnas 28. ja 29. november 1988, 1. osa, Tallinn: Eesti Kultuurifond, 1989, 205 lk, lk 98\u2013108.<br>Linda Uustalu, <strong>Emadep\u00e4ev ja Helmi M\u00e4elo<\/strong>. \u2013 Maaleht, 9. V 1991, lk 11.<br>Oskar Kruus, <strong>Mis on saanud rahvuskirjanikest?<\/strong> \u2013 Looming, nr 9, 1992, lk 1273\u20131280. [Helmi M\u00e4elost lk 1276\u20131277.]<br>Linda Uustalu, <strong>Helmi M\u00e4elo elutee ja -t\u00f6\u00f6<\/strong>. \u2013 Eesti Naine, nr 4, 1994, lk 12\u201313.<br>Oskar Kuningas, <strong>Emadep\u00e4eva algatas Eestis Helmi M\u00e4elo<\/strong>. \u2013 Rahva H\u00e4\u00e4l: Rahva N\u00e4dalaleht, 13. V 1995, lk 12.<br>Liidia Tuulse, <strong>Kohtumisi kirjanikega<\/strong>. \u2013 Rahvuslik Kontakt, nr 1, 2005, lk 25\u201329.<br>Lembit Ainsoo, Uno Ainsoo, <strong>Tuntud elvalasi l\u00e4bi aegade<\/strong>. \u2013 Tartu: Liivimaa M\u00e4lu, 2006, 252 lk. [Helmi M\u00e4elost lk 100\u2013101.]<br>Kati Lumiste, <strong>Esimene emadep\u00e4ev<\/strong>. \u2013 Anne, nr 5, 2007, lk 64\u201365.<br><strong>Eesti kirjandus paguluses XX sajandil, toimetanud Piret Kruusipere<\/strong>. \u2013 Tallinn: Underi ja Tuglase Kirjanduskeskus, 2008, 822 lk. [Helmi M\u00e4elost lk 144\u2013146.]<br>Virve T\u00f5nisson, <strong>Eesti emadep\u00e4eva ema Helmi M\u00e4elo \u2013 110<\/strong>. \u2013 Elva Postipoiss, 12. IV 2008, lk 2.<br>Maarja Keskpaik, <strong>Eesti Naise ja emadep\u00e4eva sissetooja<\/strong>. \u2013 Eesti Naine, mai 2008, lk 66\u201367.<br>Tiina Saluvere, <strong>\u00dchest ise\u00e4ralikust kirjas\u00f5prusest: saateks Helmi M\u00e4elo ja \u00dclo Koidu kirjavahetusele<\/strong>. \u2013 Tuna: ajalookultuuri ajakiri, nr 4, 2013, lk 121\u2013123.<br>Evelin Tamm, <strong>Naistest ja naisajaloo uurimisest eile ja t\u00e4na<\/strong>. \u2013 Eesti P\u00e4evaleht=Estniska Dagbladet, 12. II 2014, lk 6\u20137.<\/p>\n\n\n\n<p><em><strong>Arvustused<\/strong><\/em><br>Marta Sillaots, <strong>Kirjanduse \u00fclevaade<\/strong>. \u2013 Eesti Kirjandus, nr 7, 1936, lk 345\u2013346. [Raamatust \u2018Teras\u2019.]<br>Bernard Kangro, <strong>Raamat elutegevusest Tartus<\/strong>. \u2013 Tulimuld, nr 1, 1962, lk 72\u201374. [Raamatust \u2018Elutegevusest. M\u00e4lestusi\u2019.]<\/p>\n","protected":false},"excerpt":{"rendered":"<p>ArtiklidHelmi Eller, Helmi M\u00e4elo kirjanikuteest. \u2013 Tulimuld, nr 2, 1968, lk 97\u2013101.Helmi Eller, Inimesi ja milj\u00f6id Helmi M\u00e4elo romaanides. \u2013 Tulimuld, nr 3, 1976, lk 141\u2013146.Helmi M\u00e4elo 80. \u2013 Meie Kodu = Our Home: Australian Estonian weekly, 12. IV 1978, &#8230;<\/p>\n","protected":false},"author":43,"featured_media":0,"parent":7228,"menu_order":0,"comment_status":"closed","ping_status":"closed","template":"","meta":{"_acf_changed":false,"inline_featured_image":false,"footnotes":""},"class_list":["post-7231","page","type-page","status-publish","hentry"],"acf":[],"_links":{"self":[{"href":"https:\/\/ewod.ut.ee\/et\/wp-json\/wp\/v2\/pages\/7231","targetHints":{"allow":["GET"]}}],"collection":[{"href":"https:\/\/ewod.ut.ee\/et\/wp-json\/wp\/v2\/pages"}],"about":[{"href":"https:\/\/ewod.ut.ee\/et\/wp-json\/wp\/v2\/types\/page"}],"author":[{"embeddable":true,"href":"https:\/\/ewod.ut.ee\/et\/wp-json\/wp\/v2\/users\/43"}],"replies":[{"embeddable":true,"href":"https:\/\/ewod.ut.ee\/et\/wp-json\/wp\/v2\/comments?post=7231"}],"version-history":[{"count":1,"href":"https:\/\/ewod.ut.ee\/et\/wp-json\/wp\/v2\/pages\/7231\/revisions"}],"predecessor-version":[{"id":7232,"href":"https:\/\/ewod.ut.ee\/et\/wp-json\/wp\/v2\/pages\/7231\/revisions\/7232"}],"up":[{"embeddable":true,"href":"https:\/\/ewod.ut.ee\/et\/wp-json\/wp\/v2\/pages\/7228"}],"wp:attachment":[{"href":"https:\/\/ewod.ut.ee\/et\/wp-json\/wp\/v2\/media?parent=7231"}],"curies":[{"name":"wp","href":"https:\/\/api.w.org\/{rel}","templated":true}]}}