{"id":7242,"date":"2024-04-03T23:39:41","date_gmt":"2024-04-03T20:39:41","guid":{"rendered":"https:\/\/sisu.ut.ee\/ewod\/?page_id=7242"},"modified":"2025-05-14T14:18:57","modified_gmt":"2025-05-14T11:18:57","slug":"mari-saat","status":"publish","type":"page","link":"https:\/\/ewod.ut.ee\/et\/s\/mari-saat\/","title":{"rendered":"Mari Saat"},"content":{"rendered":"<figure class=\"wp-block-image alignright size-large is-resized\"><a href=\"https:\/\/sisu.ut.ee\/wp-content\/uploads\/sites\/108\/mari_saat_kalju_suur.jpg\"><img loading=\"lazy\" decoding=\"async\" width=\"713\" height=\"1024\" src=\"https:\/\/sisu.ut.ee\/wp-content\/uploads\/sites\/108\/mari_saat_kalju_suur-713x1024.jpg\" alt=\"\" class=\"wp-image-6071\" style=\"width:269px;height:auto\" title=\"Foto: Kalju Suur\" srcset=\"https:\/\/sisu.ut.ee\/wp-content\/uploads\/sites\/108\/mari_saat_kalju_suur-713x1024.jpg 713w, https:\/\/sisu.ut.ee\/wp-content\/uploads\/sites\/108\/mari_saat_kalju_suur-209x300.jpg 209w, https:\/\/sisu.ut.ee\/wp-content\/uploads\/sites\/108\/mari_saat_kalju_suur-768x1103.jpg 768w, https:\/\/sisu.ut.ee\/wp-content\/uploads\/sites\/108\/mari_saat_kalju_suur.jpg 863w\" sizes=\"auto, (max-width: 713px) 100vw, 713px\"><\/a><\/figure>\n\n\n\n<p>Mari Saat (aastast 1975 kodanikunimi Mari Meel, s. 27. IX 1947) on proosakirjanik.<\/p>\n\n\n\n<p>S\u00fcndis ja \u00f5ppis Tallinnas, l\u00f5petas TPI majandusteaduskonna, oli ENSV TA majanduse instituudi, aastast 1993 Tallinna Tehnika\u00fclikooli teadust\u00f6\u00f6taja. Majandusteaduste kandidaat 1977. 1983-1993 kutseline kirjanik Tallinnas. Kirjanike Liidu liige alates 1976. aastast, juhatuses 1976-1981. Abielus kunstnik Raul Meelega.<\/p>\n\n\n\n<p>Saat deb\u00fcteeris 1970. aastal ajakirjas Noorus novelliga \u201eKollane liblikas\u201c. Esikraamat \u201eKatastroof\u201c ilmus Loomingu Raamatukogus 1973. aastal. Loometee alguses oli valdav l\u00fchiproosa. \u00dclevaate Saadi kui prosaisti k\u00e4ekirjast annab kogumik \u201eOakesed kaunas\u201c (2014). Jutustus v\u00f5i l\u00fchiromaan \u201eMida teha emaga?\u201c (Looming 1977, raamatuna 1978) vaatleb noorte linnastumise ja maaelanikkonna vananemisega seotud valus-teravaid k\u00fcsimusi. Selle romaani m\u00f5ned tegelased tegutsevad ka j\u00e4rgnevas romaanis \u201eLaanep\u00fc\u00fc\u201c (1980), kus on vaatluse all isikliku ja teadusmaailma kokkupuuted. Romaan \u201eV\u00f5lu ja vaim\u201c (1990) keskendub naise hingemaastike kaardistamisele ning k\u00e4sitleb muuhulgas soolise identiteedi k\u00fcsimusi. Palju vastukaja sai Eestis elavate venelaste k\u00e4ek\u00e4iku vaatlev romaan \u201eLasnam\u00e4e lunastaja\u201d (2008), milles sotsiaalsetele probleemidele lisandub religioosne m\u00f5\u00f5de.<\/p>\n\n\n\n<p>Mari Saadi tegelased seisavad sageli eetiliste valikute ees. Tema teostes p\u00f5kkuvad tihti m\u00f5istuslik ja alateadlik. Esile on t\u00f5stetud Saadi teoste erilist tajukogemust ja unes-tunde motiivi. Tema teoste argisesse maailma l\u00f5ikab \u00fchel hetkel sisse kummastav calder\u00f3nilik elu-on-unen\u00e4gu-tundmus. Maailm, kus liiguvad Saadi teoste tegelased, on v\u00e4liste parameetrite j\u00e4rgi k\u00f5igiti argine ja reaalne, kujutatud Saadi proosale omases asises keeles, ent miski l\u00f5ikub sellesse reaalsusse ja toimuvat hakkab saatma ise\u00e4ralik kummastavus, mille taustal avatakse inimloomuse erinevaid tahke.<\/p>\n\n\n\n<p>Saat on p\u00e4lvinud rohkelt auhindu: kahel korral F. Tuglase novelliauhinna: 1974. aastal esikraamatu \u201eKatastroof\u201c (1973) ja 1986. aastal novelli \u201eElsa Hermann\u201c (1985) eest; saanud 1985. aastal A. H. Tammsaare nimelise kirjanduspreemia proosakogu \u201e\u00d5un valguses ja varjus\u201c (1985), 1989. aastal J. Smuuli nimelise preemia lastele m\u00f5eldud jutukogu \u201eMina ise\u201c (1988) eest; Kirjanike Liidu aastapreemia 1992. aastal romaani \u201eV\u00f5lu ja vaim\u201c (1990) eest; kultuurkapitali kirjanduse sihtkapitali aastapreemiad romaani \u201eSinik\u00f5rguste tuultes\u201d (2000) ja \u201eLasnam\u00e4e lunastaja\u201d (2008) eest.<\/p>\n\n\n\n<p><em>A. K.<\/em><\/p>\n\n\n\n<h4 class=\"wp-block-heading\"><br>Raamatud eesti keeles<\/h4>\n\n\n\n<p><strong><em>Romaanid<\/em><\/strong><br><strong>Laanep\u00fc\u00fc<\/strong>. Tallinn: Eesti Raamat, 1980, 159 lk.<br><strong>V\u00f5lu ja vaim<\/strong>. 1. raamat. Loomade r\u00e4nded. Tallinn: \u00d5llu, 1990, 140 lk.<br><strong>Sinik\u00f5rguste tuultes\u2026<\/strong>. Tallinn: Varrak, 2000, 117 lk.<br><strong>Lasnam\u00e4e lunastaja<\/strong>. Tallinn: Tuum, 2008, 149 lk. [2. tr\u00fckk: 2009.]<\/p>\n\n\n\n<p><strong><em>L\u00fchiproosa<\/em><\/strong><br><strong>Katastroof<\/strong>. Jutustus. Tallinn: Perioodika (Loomingu Raamatukogu), 1973, 71 lk.<br><strong>Roosipuupungad<\/strong>. Tallinn: Eesti Raamat, 1975, 143 lk.<br><strong>Mida teha emaga?<\/strong>. Tallinn: Eesti Raamat, 1978, 107 lk.<br><strong>\u00d5un valguses ja varjus<\/strong>. Novelle ja jutustusi. Tallinn: Eesti Raamat, 1985, 144 lk.<br><strong>Oakesed kaunas<\/strong>. Kogutud novellid. Tallinn: Tuum, 2014, 270 lk.<\/p>\n\n\n\n<p><strong><em>Lastekirjandus<\/em><\/strong><br><strong>Mina ise<\/strong>. Tallinn: Eesti Raamat, 1988, 45 lk. [2. tr\u00fckk: 2009.]<br><strong>P\u00e4kapiku\u00f5petus<\/strong>. Tallinn: Tuum, 1995, 16 lk. [J\u00e4rgmised tr\u00fckid: 2011, 2017.]<br><strong>Kuu King<\/strong>. Tallinn: Tammerraamat, 2017, 119 lk.<br><strong>Maa ja Taevas<\/strong>. Tallinn: TEA Kirjastus, 2017, 22 lk.<br><strong>Urrr ja Auhh<\/strong>. V\u00e4ikese J\u00e4nese k\u00e4est kuuldud loo kirja pannud Mari Saat. Kujundanud Liisa Maria Murdvee; illustratsioonid: Liidia Meel. Tallinn: Tuum, 2023, 69 lk.<\/p>\n\n\n\n<p><strong><em>Artiklid ja esseed<\/em><\/strong><br><strong>Surija \u00fcksildusest<\/strong>. Esseed. Tallinn: Tuum, 2004, 108 lk.<br><strong>Matused ja laulupeod<\/strong>. Tartu: Petrone Print, 2015, 168 lk.<\/p>\n\n\n\n<p><strong><em>Mari Saa<\/em><\/strong><em><strong>di kohta<\/strong><\/em><br><strong>V\u00f5lus ja vaimus, valguses ja varjus. Mari Saadi maailm<\/strong>. Koostajad Piret Viires ja Virve Sarapik. Tallinn, Tartu: Tartu \u00dclikooli Kirjastus, 2015. [Sari \u2018Et\u00fc\u00fcde n\u00fc\u00fcdiskultuurist\u2019.]<\/p>\n\n\n\n<h4 class=\"wp-block-heading\"><a href=\"https:\/\/ewod.ut.ee\/et\/s\/mari-saat\/mari-saadi-kohta\/\" data-type=\"page\" data-id=\"7249\">Artiklid ja arvustused Mari Saadi kohta<\/a><\/h4>\n","protected":false},"excerpt":{"rendered":"<p>Mari Saat (aastast 1975 kodanikunimi Mari Meel, s. 27. IX 1947) on proosakirjanik. S\u00fcndis ja \u00f5ppis Tallinnas, l\u00f5petas TPI majandusteaduskonna, oli ENSV TA majanduse instituudi, aastast 1993 Tallinna Tehnika\u00fclikooli teadust\u00f6\u00f6taja. Majandusteaduste kandidaat 1977. 1983-1993 kutseline kirjanik Tallinnas. Kirjanike Liidu liige &#8230;<\/p>\n","protected":false},"author":43,"featured_media":0,"parent":6505,"menu_order":0,"comment_status":"closed","ping_status":"closed","template":"","meta":{"_acf_changed":false,"inline_featured_image":false,"footnotes":""},"class_list":["post-7242","page","type-page","status-publish","hentry"],"acf":[],"_links":{"self":[{"href":"https:\/\/ewod.ut.ee\/et\/wp-json\/wp\/v2\/pages\/7242","targetHints":{"allow":["GET"]}}],"collection":[{"href":"https:\/\/ewod.ut.ee\/et\/wp-json\/wp\/v2\/pages"}],"about":[{"href":"https:\/\/ewod.ut.ee\/et\/wp-json\/wp\/v2\/types\/page"}],"author":[{"embeddable":true,"href":"https:\/\/ewod.ut.ee\/et\/wp-json\/wp\/v2\/users\/43"}],"replies":[{"embeddable":true,"href":"https:\/\/ewod.ut.ee\/et\/wp-json\/wp\/v2\/comments?post=7242"}],"version-history":[{"count":5,"href":"https:\/\/ewod.ut.ee\/et\/wp-json\/wp\/v2\/pages\/7242\/revisions"}],"predecessor-version":[{"id":7254,"href":"https:\/\/ewod.ut.ee\/et\/wp-json\/wp\/v2\/pages\/7242\/revisions\/7254"}],"up":[{"embeddable":true,"href":"https:\/\/ewod.ut.ee\/et\/wp-json\/wp\/v2\/pages\/6505"}],"wp:attachment":[{"href":"https:\/\/ewod.ut.ee\/et\/wp-json\/wp\/v2\/media?parent=7242"}],"curies":[{"name":"wp","href":"https:\/\/api.w.org\/{rel}","templated":true}]}}