{"id":7269,"date":"2024-04-03T23:42:15","date_gmt":"2024-04-03T20:42:15","guid":{"rendered":"https:\/\/sisu.ut.ee\/ewod\/?page_id=7269"},"modified":"2025-05-29T14:14:27","modified_gmt":"2025-05-29T11:14:27","slug":"herman-sergo","status":"publish","type":"page","link":"https:\/\/ewod.ut.ee\/et\/s\/herman-sergo\/","title":{"rendered":"Herman Sergo"},"content":{"rendered":"<figure class=\"wp-block-image alignright size-large is-resized\"><a href=\"https:\/\/sisu.ut.ee\/wp-content\/uploads\/sites\/108\/herman_sergo-scaled.jpg\"><img loading=\"lazy\" decoding=\"async\" width=\"662\" height=\"1024\" src=\"https:\/\/sisu.ut.ee\/wp-content\/uploads\/sites\/108\/herman_sergo-662x1024.jpg\" alt=\"Herman Sergo\" class=\"wp-image-2506\" style=\"width:257px;height:auto\" srcset=\"https:\/\/sisu.ut.ee\/wp-content\/uploads\/sites\/108\/herman_sergo-662x1024.jpg 662w, https:\/\/sisu.ut.ee\/wp-content\/uploads\/sites\/108\/herman_sergo-194x300.jpg 194w, https:\/\/sisu.ut.ee\/wp-content\/uploads\/sites\/108\/herman_sergo-768x1188.jpg 768w, https:\/\/sisu.ut.ee\/wp-content\/uploads\/sites\/108\/herman_sergo-993x1536.jpg 993w, https:\/\/sisu.ut.ee\/wp-content\/uploads\/sites\/108\/herman_sergo-1324x2048.jpg 1324w, https:\/\/sisu.ut.ee\/wp-content\/uploads\/sites\/108\/herman_sergo-1920x2969.jpg 1920w, https:\/\/sisu.ut.ee\/wp-content\/uploads\/sites\/108\/herman_sergo-scaled.jpg 1656w\" sizes=\"auto, (max-width: 662px) 100vw, 662px\"><\/a><\/figure>\n\n\n\n<p>Herman Sergo (1. X 1911 \u2013 28. IX 1989) oli prosaist, kes kujutas meremeeste ja rannaelanike elu.<\/p>\n\n\n\n<p>Sergo s\u00fcndis Hiiumaal K\u00e4ina vallas Jausa k\u00fclas meremehe pojana. Alg- ja p\u00f5hihariduse omandas Hiiumaal. Ta t\u00f6\u00f6tas koolivaheaegadel laevapoisina ning hiljem teenis 1932. aastani kaugs\u00f5idumadrusena Soome ja Rootsi purjelaevadel. Aastatel 1933\u20131941 \u00f5ppis Tallinna merekoolis, mille l\u00f5petas kaugs\u00f5idukapteni kutsega. T\u00f6\u00f6tas t\u00fc\u00fcrimehena ja kaptenina. 1940. aasta juunis kaaperdasid NSVL s\u00f5jalaevad kaubalaeva, mida Sergo juhtis teel Tallinnast Stockholmi. Seet\u00f5ttu j\u00e4i Sergo N\u00f5ukogude Liidu poolt annekteeritud Eestisse. Teise maailmas\u00f5ja ajal osales Punaarmee laevastiku evakuatsioonis, hiljem Karjala rindel s\u00f5jav\u00e4e t\u00f5lgina. Sergo t\u00f6\u00f6tas merendusalastel t\u00f6\u00f6kohtadel 1955. aastani, seej\u00e4rel oli kutseline kirjanik. Elas Tallinnas ja Viljandis. Ta oli alates 1961. aastast Kirjanike Liidu liige.<\/p>\n\n\n\n<p>Sergo deb\u00fcteeris humoreskidega ajakirjas \u201eMerendus ja Laevandus\u201c 1940. aastal. 1950. aastatel p\u00e4lvis ta auhindu ajakirja Looming novelliv\u00f5istlustel. Ta on \u00f6elnud, et kuna ta N\u00f5ukogude Liidus elades kaugetele meredele enam ei p\u00e4\u00e4senud, siis hakkas ta oma meremehe kutsumust v\u00e4lja elama kirjas\u00f5nas. Lisaks meremeeste elule on tema loomingu peateemasid vanaaegne Hiiumaa. Sergo romaanides ja jutukogudes valitseb autobiograafiline ja ajalooline aines. Tema jutustamislaad on ladus ja kaasahaarav.<\/p>\n\n\n\n<p>Sergo tippteoseks peetakse ajaloolist romaanitriloogiat \u201eN\u00e4kimadalad\u201c (1984) Hiiumaal Reigis elanud rootslaste elust 18. sajandil. Romaan \u201eRandr\u00f6\u00f6vel\u201c (1988) j\u00e4tkab selle triloogia m\u00f5ningaid s\u00fc\u017eeeliine. 1987-1988 valmis \u201cN\u00e4kimadalatest\u201d Eesti Televisioonis samanimeline 4-osaline telem\u00e4ngufilm (re\u017eiss\u00f6\u00f6r Olav Neuland).<\/p>\n\n\n\n<p><em>L. P.<\/em><\/p>\n\n\n\n<h4 class=\"wp-block-heading\"><br>Raamatud eesti keeles<\/h4>\n\n\n\n<p><strong><em>Romaanid<\/em><\/strong><br><strong>P\u00f5genike laev<\/strong>. Tallinn: Eesti Raamat, 1966. 328 lk.<br><strong>Vihavald<\/strong>. Tallinn: Eesti Raamat, 1970. 436 lk.<br><strong>Kodusadam<\/strong>. Tallinn: Eesti Raamat, 1982. 128 lk.<br><strong>N\u00e4kimadalad. 1. raamat<\/strong>. Tallinn: Eesti Raamat, 1984. 256 lk.<br><strong>N\u00e4kimadalad. 2. raamat<\/strong>. Tallinn: Eesti Raamat, 1984. 240 lk.<br><strong>N\u00e4kimadalad. 3. raamat<\/strong>. Tallinn: Eesti Raamat, 1984. 303 lk.<br><strong>Randr\u00f6\u00f6vel<\/strong>. Tallinn: Eesti Raamat, 1988. 377 lk.<br><strong>Rukkirahu<\/strong>. Tallinn: Eesti Raamat, 1990. 123 lk.<br><strong>Viis aastat v\u00f5\u00f5ra nime all<\/strong>. Tallinn: Eesti Raamat, 1992. 156 lk.<\/p>\n\n\n\n<p><strong><em>L\u00fchiproosa<\/em><\/strong><br><strong>Meri kutsub<\/strong>. Tallinn: Eesti Riiklik Kirjastus, 1960. 596 lk.<br><strong>Ahvatlev leetseljak<\/strong>. Tallinn: Eesti Riiklik Kirjastus, 1962. 64 lk.<br><strong>Pinnavirvendus ja p\u00f5hjalained<\/strong>: jutustusi ja olukirjeldusi. Tallinn: Eesti Riiklik Kirjastus, 1962. 248 lk.<br><strong>\u201cKajakalaid\u201d<\/strong>. Tallinn: Eesti Riiklik Kirjastus, 1963. 224 lk.<br><strong>Mehed mere taustal<\/strong>. Tallinn: Eesti Riiklik Kirjastus, 1963. 144 lk.<br><strong>Lootsitoa jutud<\/strong>. Tallinn: Eesti Raamat, 1967. 244 lk.<br><strong>Kauge tule kuma<\/strong>. Tallinn: Eesti Raamat, 1975. 142 lk.<br><strong>Kui ma alles noor veel olin<\/strong>: jutustused. Tallinn: Eesti Raamat, 1980. 245 lk.<\/p>\n\n\n\n<h4 class=\"wp-block-heading\"><a href=\"https:\/\/ewod.ut.ee\/et\/s\/herman-sergo\/herman-sergo-kohta\/\" data-type=\"page\" data-id=\"7272\">Artiklid ja arvustused Herman Sergo kohta<\/a><\/h4>\n","protected":false},"excerpt":{"rendered":"<p>Herman Sergo (1. X 1911 \u2013 28. IX 1989) oli prosaist, kes kujutas meremeeste ja rannaelanike elu. Sergo s\u00fcndis Hiiumaal K\u00e4ina vallas Jausa k\u00fclas meremehe pojana. Alg- ja p\u00f5hihariduse omandas Hiiumaal. Ta t\u00f6\u00f6tas koolivaheaegadel laevapoisina ning hiljem teenis 1932. aastani &#8230;<\/p>\n","protected":false},"author":43,"featured_media":0,"parent":6505,"menu_order":0,"comment_status":"closed","ping_status":"closed","template":"","meta":{"_acf_changed":false,"inline_featured_image":false,"footnotes":""},"class_list":["post-7269","page","type-page","status-publish","hentry"],"acf":[],"_links":{"self":[{"href":"https:\/\/ewod.ut.ee\/et\/wp-json\/wp\/v2\/pages\/7269","targetHints":{"allow":["GET"]}}],"collection":[{"href":"https:\/\/ewod.ut.ee\/et\/wp-json\/wp\/v2\/pages"}],"about":[{"href":"https:\/\/ewod.ut.ee\/et\/wp-json\/wp\/v2\/types\/page"}],"author":[{"embeddable":true,"href":"https:\/\/ewod.ut.ee\/et\/wp-json\/wp\/v2\/users\/43"}],"replies":[{"embeddable":true,"href":"https:\/\/ewod.ut.ee\/et\/wp-json\/wp\/v2\/comments?post=7269"}],"version-history":[{"count":3,"href":"https:\/\/ewod.ut.ee\/et\/wp-json\/wp\/v2\/pages\/7269\/revisions"}],"predecessor-version":[{"id":7275,"href":"https:\/\/ewod.ut.ee\/et\/wp-json\/wp\/v2\/pages\/7269\/revisions\/7275"}],"up":[{"embeddable":true,"href":"https:\/\/ewod.ut.ee\/et\/wp-json\/wp\/v2\/pages\/6505"}],"wp:attachment":[{"href":"https:\/\/ewod.ut.ee\/et\/wp-json\/wp\/v2\/media?parent=7269"}],"curies":[{"name":"wp","href":"https:\/\/api.w.org\/{rel}","templated":true}]}}