{"id":7272,"date":"2025-05-29T14:12:53","date_gmt":"2025-05-29T11:12:53","guid":{"rendered":"https:\/\/sisu.ut.ee\/ewod\/?page_id=7272"},"modified":"2025-05-29T14:12:54","modified_gmt":"2025-05-29T11:12:54","slug":"herman-sergo-kohta","status":"publish","type":"page","link":"https:\/\/ewod.ut.ee\/et\/s\/herman-sergo\/herman-sergo-kohta\/","title":{"rendered":"Herman Sergo kohta"},"content":{"rendered":"<p><em><strong>Artiklid<\/strong><\/em><br>Kaido Liiva, <strong>Herman Sergo<\/strong>. \u2013 \u00d5htuleht, 21. VI 1962. [Autori tutvustus.]<br>Karl Mihkla, <strong>Herman Sergo ja Hiiumaa<\/strong>. \u2013 Keel ja Kirjandus, nr 9, 1971, lk 520\u2013525. [\u00dclevaade elust ja loomingust.]<br>Albert Uustulnd, <strong>T\u00e4isk\u00e4ik edasi. Herman Sergo 60-aastane<\/strong>. \u2013 Noorte H\u00e4\u00e4l, 1. X 1971, lk 2.<br>Oskar Kuningas, <strong>Hiidlaste p\u00f5listajast meie proosas. Herman Sergo 70<\/strong>. \u2013 Sirp ja Vasar, 2. X 1981, lk 6.<br>Aadu Hint, <strong>Hiiumaa meremees jutustab<\/strong>. \u2013 Looming, nr 10, 1981, lk 1481\u20131483.<br>Uudo Koolmeister, <strong>Oma saare kirjanik. Herman Sergo 75<\/strong>. \u2013 N\u00f5ukogude Hiiumaa, 2. X 1986, lk 3.<br><strong>[Nekroloog]<\/strong>. \u2013 Reede, 6. X 1989, lk 15.<br>Mart M\u00e4ger, <strong>Herman Sergo [nekroloog]<\/strong>. \u2013 Looming, nr 10, 1989, lk 1438\u20131439.<br>Evald Kask, <strong>Kapten-kirjanik Herman Sergo surnud<\/strong>. \u2013 Meie Elu, 16. XI 1989, lk 10.<br>Oskar Kruus, <strong>S\u00f5nake plagieerimise ajaloost Eestis<\/strong>. \u2013 Eesti P\u00e4evaleht, 4. III 2000, lk 22.<\/p>\n\n\n\n<p><em><strong>Arvustused<\/strong><\/em><br>Uno Mereste, <strong>V\u00e4rvikas kild mere-elust<\/strong>. \u2013 \u00d5htuleht, 19. VIII 1957, lk 4. [Novellist \u2018Kodusadamasse\u2019.]<br>Rudolf Sirge, <strong>Mere v\u00f5ludes ja vaevades<\/strong>. \u2013 Sirp ja Vasar, 25. III 1960, lk 3. [Raamatust \u2018Meri kutsub\u2019.]<br>Villem Alttoa, <strong>Romaan rahva minevikutrag\u00f6\u00f6diast<\/strong>. \u2013 Sirp ja Vasar, 7. X 1966. [Raamatust \u2018P\u00f5genike laev\u2019.]<br>Harald Suislepp, <strong>Hiidlaste \u2018T\u00f5est ja \u00f5igusest\u2019<\/strong>. \u2013 Keel ja Kirjandus, nr 2, 1967, lk 2. [\u2018P\u00f5genike laev\u2019.]<br>Heino Puhvel, <strong>Inimene, aeg, meri<\/strong>. \u2013 Looming, nr 4, 1967, lk 624\u2013627. [\u2018P\u00f5genike laev\u2019.]<br>Arnold Tulik, <strong>Meri ja mehed<\/strong>. \u2013 Sirp ja Vasar, 12. I 1968, lk 3. [Raamatust\u2019Lootsitoa jutud\u2019.]<br>Endel Tennov, <strong>M\u00f5nusad m\u00e4lestuslood. Paar probleemi sinna juurde<\/strong>. \u2013 Keel ja Kirjandus, nr 5, 1968, lk 311\u2013313. [\u2018Lootsitoa jutud\u2019.]<br>\u00dclo Tonts, <strong>Elamise r\u00f5\u00f5m ja raskus<\/strong>. \u2013 Rahva H\u00e4\u00e4l, 11. XI 1984. [\u2018N\u00e4kimadalad I\u2013III\u2019.]<br>Paul Ariste, <strong>M\u00f5ni s\u00f5na Herman Sergo romaanist \u2018N\u00e4kimadalad\u2019<\/strong>. \u2013 N\u00f5ukogude Hiiumaa, 20. XI 1984, lk 2\u20134.<br>Olev J\u00f5gi, <strong>Valgusvihk Hiiu rootslaste ajalukku. Herman Sergoga \u00fcle N\u00e4kimadalate<\/strong>. \u2013 Keel ja Kirjandus, nr 3, 1985, lk 129\u2013143. [\u2018N\u00e4kimadalad I\u2013III\u2019.]<br>Eduard Krants, <strong>Arvustus raamatule \u2018N\u00e4kimadalad I\u2013III\u2019<\/strong>. \u2013 Mana, nr 55, 1986, lk 79.<br>Oskar Kuningas, <strong>Ungru krahv ajalooliselt s\u00fcvendatumas k\u00e4sitluses<\/strong>. \u2013 Kodumaa, 10. VIII 1988, lk 4. [Raamatust \u2018Randr\u00f6\u00f6vel\u2019.]<br>Einar Maasik, <strong>\u00dche luigelaulu lugu<\/strong>. \u2013 Keel ja Kirjandus, nr 12, 1991, lk 757\u2013759. [Raamatust \u2018Rukkirahu\u2019.]<br>\u00dclo Mattheus, <strong>Pool sajandit v\u00f5\u00f5ra nime all<\/strong>. \u2013 Sirp, 24. IV 1992, lk 4. [Raamatust \u2018Viis aastat v\u00f5\u00f5ra nime all\u2019.]<\/p>\n\n\n\n<p><strong><em>Intervjuud<\/em><\/strong><br><strong>Natuke meretuult. Intervjuu Herman Sergoga<\/strong>. \u2013 Edasi, 20. XII 1966. [Rubriigis \u2018Meie k\u00fclalisi\u2019. Autor m\u00e4rkimata.]<br>Felix M\u00e4e, <strong>Intervjuu kirjanikuga<\/strong>. \u2013 N\u00f5ukogude Hiiumaa, 1. XI 1984, lk 3.<\/p>\n","protected":false},"excerpt":{"rendered":"<p>ArtiklidKaido Liiva, Herman Sergo. \u2013 \u00d5htuleht, 21. VI 1962. [Autori tutvustus.]Karl Mihkla, Herman Sergo ja Hiiumaa. \u2013 Keel ja Kirjandus, nr 9, 1971, lk 520\u2013525. [\u00dclevaade elust ja loomingust.]Albert Uustulnd, T\u00e4isk\u00e4ik edasi. Herman Sergo 60-aastane. \u2013 Noorte H\u00e4\u00e4l, 1. X &#8230;<\/p>\n","protected":false},"author":43,"featured_media":0,"parent":7269,"menu_order":0,"comment_status":"closed","ping_status":"closed","template":"","meta":{"_acf_changed":false,"inline_featured_image":false,"footnotes":""},"class_list":["post-7272","page","type-page","status-publish","hentry"],"acf":[],"_links":{"self":[{"href":"https:\/\/ewod.ut.ee\/et\/wp-json\/wp\/v2\/pages\/7272","targetHints":{"allow":["GET"]}}],"collection":[{"href":"https:\/\/ewod.ut.ee\/et\/wp-json\/wp\/v2\/pages"}],"about":[{"href":"https:\/\/ewod.ut.ee\/et\/wp-json\/wp\/v2\/types\/page"}],"author":[{"embeddable":true,"href":"https:\/\/ewod.ut.ee\/et\/wp-json\/wp\/v2\/users\/43"}],"replies":[{"embeddable":true,"href":"https:\/\/ewod.ut.ee\/et\/wp-json\/wp\/v2\/comments?post=7272"}],"version-history":[{"count":1,"href":"https:\/\/ewod.ut.ee\/et\/wp-json\/wp\/v2\/pages\/7272\/revisions"}],"predecessor-version":[{"id":7273,"href":"https:\/\/ewod.ut.ee\/et\/wp-json\/wp\/v2\/pages\/7272\/revisions\/7273"}],"up":[{"embeddable":true,"href":"https:\/\/ewod.ut.ee\/et\/wp-json\/wp\/v2\/pages\/7269"}],"wp:attachment":[{"href":"https:\/\/ewod.ut.ee\/et\/wp-json\/wp\/v2\/media?parent=7272"}],"curies":[{"name":"wp","href":"https:\/\/api.w.org\/{rel}","templated":true}]}}