{"id":7304,"date":"2025-06-02T10:49:57","date_gmt":"2025-06-02T07:49:57","guid":{"rendered":"https:\/\/sisu.ut.ee\/ewod\/?page_id=7304"},"modified":"2025-06-02T10:49:57","modified_gmt":"2025-06-02T07:49:57","slug":"lilli-suburgi-kohta","status":"publish","type":"page","link":"https:\/\/ewod.ut.ee\/et\/s\/lilli-suburg\/lilli-suburgi-kohta\/","title":{"rendered":"Lilli Suburgi kohta"},"content":{"rendered":"<p><em><strong>Artiklid<\/strong><\/em><br>Leeni M\u00f5ru, <strong>Lilli Suburg, tema 75. s\u00fcnnip\u00e4eva puhul<\/strong>. \u2013 Naiste T\u00f6\u00f6 ja Elu, nr 7, 1916, lk 1\u20132<br>Anton J\u00fcrgenstein, <strong>Lilli Suburgi surma puhul<\/strong>. \u2013 Eesti Kirjandus, nr 2, 1923, lk 49-54<br>\u00c4. Raudoja [A. Roose], <strong>Lilli Suburg ilukirjanikuna<\/strong>. \u2013 Agu, nr 9, 1923, lk 258-260<br>Leeni M\u00f5ru, <strong>Lilli Suburg elu l\u00f5pul<\/strong>. \u2013 P\u00e4evaleht 23. II 1923<br><strong>Lilli Suburg<\/strong>. \u2013 Kaja 11. II 1923<br>H. Prants, <strong>J\u00e4relh\u00fc\u00fcdeks Lilli Suburgile<\/strong>. \u2013 P\u00e4evaleht 11. II 1923<br>Anton J\u00fcrgenstein, <strong>J\u00e4rels\u00f5na Lilli Suburgi poolt \u201eEesti Kirjanduses\u201c avaldatud \u201eSuburgi perekonna\u201c kohta<\/strong>. \u2013 Eesti Kirjandus, nr 9, 1924, lk 395-400<br>Aino Undla, <strong>Uusi andmeid Lilli Suburgist<\/strong>. \u2013 Eesti Kirjandus, nr 8, 1935, lk 346-354<br><strong>Naine, kelle s\u00fcda kuulus kodutalule<\/strong>. \u2013 Sakala 17. VII 1942<br>Aino Undla, <strong>Naiste emantsipatsioonipioneer. Lilli Suburg C. R. Jakobsoni v\u00f5itluskaaslasena.<\/strong> -J\u00e4rvalane 8. III 1947<br>U. K\u00f5rgem\u00e4e, <strong>Lilli Suburg. Kirjaniku 120 s\u00fcnni-aastap\u00e4eva puhul<\/strong>. \u2013 P\u00e4rnu Kommunist 1. VIII 1961<br>O. Kuningas, <strong>P\u00e4rnu kajastusi L. Suburgi loomingus<\/strong>. \u2013 P\u00e4rnu Kommunist 3. VIII 1966<br>Aino Undla-P\u00f5ldm\u00e4e, <strong>Lilli Suburg ja tema ajakiri \u201eLinda\u201c<\/strong>. \u2013 Keel ja Kirjandus, nr 8, 1966, lk 487-494; nr 9, 1966, lk 529-537<br>Eeva Einasto, <strong>L. Suburg pedagoogina<\/strong>. \u2013 Eesti kooli ja pedagoogilise m\u00f5tte ajaloo k\u00fcsimusi. I. Toimetaja Aleksander Elango. Tartu: Tartu Riiklik \u00dclikool, Pedagoogika kateeder,1969, lk 41\u201358.<br><strong>Suburgi kool Viljandis<\/strong>. \u2013 Eesti Postimees 15. VI 1967<br>O. Kuningas, <strong>Meie esimene naistejakirja toimetaja<\/strong>. \u2013 Kommunist 24. II 1973<br>Aino Undla-P\u00f5ldm\u00e4e, <strong>Lilli Suburgi \u201eLiina\u201d Jakobsoni \u201eSakala\u201d ja \u201eRevalsche Zeitungi\u201d poleemikas<\/strong>. \u2013 Aino\u00a0Undla-P\u00f5ldm\u00e4e, Koidulauliku valgel. Uurimusi ja artikleid. Tallinn: Eesti Raamat, 1981, lk 273\u2013276.<br>Aino Undla-P\u00f5ldm\u00e4e, <strong>Lilli Suburg ja tema ajakiri Linda<\/strong>. \u2013 Aino Undla-P\u00f5ldm\u00e4e, Koidulauliku valgel. Uurimusi ja artikleid. Tallinn: Eesti Raamat, 1981, lk 277\u2013304<br>Aino Undla-P\u00f5ldm\u00e4e, <strong>Lilli Suburgi t\u00fctarlastekool<\/strong>. \u2013 Looming, nr 4, 1990, lk 560\u2013566<br>Ferdinand Eisen, <strong>Eesti naine, tule ahju tagant v\u00e4lja ehk 150 aastat Lilli Suburgi s\u00fcnnist<\/strong>. \u2013 Haridus, nr 9, 1991, lk 47-49<br>Oskar Kuningas, <strong>Eesti esimesest naiseajakirjast ja selle asutajast<\/strong>. \u2013 Kodumaa 7. VIII 1991<br>Maret M\u00e4lk, <strong>Eesti naisajakirjanike esimesed p\u00f5lvkonnad<\/strong>. \u2013 Peat\u00fckke eesti ajakirjanduse ajaloost 1900-1940. Koostaja Epp Lauk. Tartu: Tartu \u00dclikooli Kirjastus, 2000, lk 165-189<br>Silvi Kanoshina, <strong>Lilli Suburgi tee aidamehe t\u00fctrest Eesti naisliikumise rajajaks<\/strong>. \u2013 P\u00e4rnu Postimees 1. VIII 2001<br>Aino Undla-P\u00f5ldm\u00e4e, <strong>J\u00e4rels\u00f5na<\/strong>. \u2013\u00a0Lilli Suburg, Kogutud kirjat\u00f6\u00f6d. Toimetaja Aino\u00a0Undla-P\u00f5ldm\u00e4e. Tallinn: Eesti Raamat, 2002, lk 461\u2013480.<br>Aino Undla-P\u00f5ldm\u00e4e, <strong>Lilli Suburgi elust ja loomingust<\/strong>. \u2013 Lilli Suburg, Kogutud kirjat\u00f6\u00f6d. 2002<br>Aino Undla-P\u00f5ldm\u00e4e, <strong>Lilli Suburgi t\u00fctarlastekool<\/strong>. \u2013 Lilli Suburg, Kogutud kirjat\u00f6\u00f6d. Toimetaja Aino\u00a0Undla-P\u00f5ldm\u00e4e. Tallinn: Eesti Raamat, 2002, lk 481\u2013491.<br>Aino Undla-P\u00f5ldm\u00e4e, <strong>Ajakiri \u201eLinda\u201d<\/strong>. \u2013 Lilli Suburg, Kogutud kirjat\u00f6\u00f6d. Toim Aino\u00a0Undla-P\u00f5ldm\u00e4e. Tallinn: Eesti Raamat, 2002, lk 493\u2013501.<br>Eve Annuk, <strong>Lilli Suburgi kuvand eesti kirjandusloos<\/strong>. \u2013 Ariadne L\u00f5ng, nr 1-2, 2008, lk 77\u201393.<br>Eve Annuk, <strong>Autobiograafia kui \u201et\u00f5e\u201c diskursus: Lilli Suburgi \u201eMinu saatusega v\u00f5itlusk\u00e4ik\u201c<\/strong>. \u2013 Methis, nr 5-6, 2010, lk 54-64<br><strong>Naisajakirjanduse algus Eestis<\/strong>. \u2013 Kultuur ja Elu, nr 2, 2011, lk 22-23<br>Eve Annuk, <strong>Sook\u00fcsimus eesti ajakirjanduses 19. sajandi l\u00f5pul ja Lilli Suburgi \u201euus naine\u201c<\/strong>. \u2013 Ariadne L\u00f5ng, nr 1-2, 2012, lk 65-81<br>Eve Annuk, <strong>Haigused ja igatsused: Lilli Suburgi k\u00e4\u00e4nuline tee<\/strong>. \u2013 Keel ja Kirjandus, nr 7, 2016, lk 539-552<br>Eve Annuk, <strong>Kellele on foto adresseeritud?: Fotod biograafiauurimise kontekstis<\/strong>. \u2013 Adressaadi d\u00fcnaamika ja pingev\u00e4ljad. Koostajad ja toimetajad Leena Kurvet-K\u00e4osaar ja Marin Laak. Tartu: Tartu \u00dclikooli Kirjastus, 2016, lk 112-129<br>Kadri Bank, <strong>Eesti esimene feminist sai julgustust meestelt<\/strong>. \u2013 Imeline Ajalugu, nr 8, 2016, lk 70-77<br>Heili Reinart, <strong>Eesti esimene feminist Lilli Suburg v\u00f5itles naisteajakirja abil \u00fchiskonna karjuva eba\u00f5iglusega<\/strong>. \u2013 Postimees 1. XI 2016<br>Henry Linnard, <strong>Feminsimi okkaline algus: Eesti esimest naisteajakirja loeti salaja aidanurgas<\/strong>. \u2013 \u00d5htuleht 11. IV 2017<br>Eve Annuk, <strong>Soolisustatud rahvuslus Lilli Suburgi (1841-1923) jutustuses \u201eLiina\u201c (1877)<\/strong>. \u2013 M\u00e4etagused, nr 81, 2021, lk 45-64<br>Eve Annuk, <strong>Naisproosakirjanikud kultuuriloos ja t\u00e4nap\u00e4eva eesti kultuuriteadvuses<\/strong>. \u2013 Keel ja Kirjandus, nr 8\u20139, 2023, lk 755\u2013774<br>Eva Einasto, <strong>Lilli Suburg Egeril<\/strong>. \u2013 Mulkide almanak, nr 33, 2023, lk 59-60<br>Tiina V\u00e4ljaste, <strong>\u201eAinult hea haridus annab v\u00f5imaluse mehega v\u00f5rdv\u00e4\u00e4rne olla ja otsustada ise oma saatuse \u00fcle.\u201c V\u00e4\u00e4ramatu vabam\u00f5tleja Lilli Suburg<\/strong>. \u2013 Eesti Naine, nr 1, 2024<br>Kadri Paas, <strong>Viljandi koolmeister levitas revolutsioonilist s\u00f5numit: naistele tuleb anda hea haridus, nende roll ei ole ainult t\u00f6\u00f6d teha<\/strong>. \u2013 Sakala 8. III 2025<\/p>\n\n\n\n<p><strong><em>Arvustused<\/em><\/strong><br>Eve Annuk, <strong>Taasavastatud Lilli Suburg<\/strong>. \u2013 Ariadne L\u00f5ng, nr 1-2, 2003, lk 217-223 [\u201eKogutud kirjat\u00f6\u00f6d\u201c]<br>Rutt Hinrikus, <strong>Eesti naiskirjanduse vaimustav algus<\/strong>. \u2013 Postimees 1. VIII 2003 [\u201eKogutud kirjat\u00f6\u00f6d\u201c]<br>Aarne Ruben, <strong>P\u00e4ikesenaine<\/strong>. \u2013 Sirp 30. V 2003 [\u201eKogutud kirjat\u00f6\u00f6d\u201c]<\/p>\n","protected":false},"excerpt":{"rendered":"<p>ArtiklidLeeni M\u00f5ru, Lilli Suburg, tema 75. s\u00fcnnip\u00e4eva puhul. \u2013 Naiste T\u00f6\u00f6 ja Elu, nr 7, 1916, lk 1\u20132Anton J\u00fcrgenstein, Lilli Suburgi surma puhul. \u2013 Eesti Kirjandus, nr 2, 1923, lk 49-54\u00c4. Raudoja [A. Roose], Lilli Suburg ilukirjanikuna. \u2013 Agu, nr &#8230;<\/p>\n","protected":false},"author":43,"featured_media":0,"parent":7302,"menu_order":0,"comment_status":"closed","ping_status":"closed","template":"","meta":{"_acf_changed":false,"inline_featured_image":false,"footnotes":""},"class_list":["post-7304","page","type-page","status-publish","hentry"],"acf":[],"_links":{"self":[{"href":"https:\/\/ewod.ut.ee\/et\/wp-json\/wp\/v2\/pages\/7304","targetHints":{"allow":["GET"]}}],"collection":[{"href":"https:\/\/ewod.ut.ee\/et\/wp-json\/wp\/v2\/pages"}],"about":[{"href":"https:\/\/ewod.ut.ee\/et\/wp-json\/wp\/v2\/types\/page"}],"author":[{"embeddable":true,"href":"https:\/\/ewod.ut.ee\/et\/wp-json\/wp\/v2\/users\/43"}],"replies":[{"embeddable":true,"href":"https:\/\/ewod.ut.ee\/et\/wp-json\/wp\/v2\/comments?post=7304"}],"version-history":[{"count":1,"href":"https:\/\/ewod.ut.ee\/et\/wp-json\/wp\/v2\/pages\/7304\/revisions"}],"predecessor-version":[{"id":7305,"href":"https:\/\/ewod.ut.ee\/et\/wp-json\/wp\/v2\/pages\/7304\/revisions\/7305"}],"up":[{"embeddable":true,"href":"https:\/\/ewod.ut.ee\/et\/wp-json\/wp\/v2\/pages\/7302"}],"wp:attachment":[{"href":"https:\/\/ewod.ut.ee\/et\/wp-json\/wp\/v2\/media?parent=7304"}],"curies":[{"name":"wp","href":"https:\/\/api.w.org\/{rel}","templated":true}]}}