{"id":7318,"date":"2025-06-02T13:13:04","date_gmt":"2025-06-02T10:13:04","guid":{"rendered":"https:\/\/sisu.ut.ee\/ewod\/?page_id=7318"},"modified":"2025-06-02T13:13:34","modified_gmt":"2025-06-02T10:13:34","slug":"peeter-sauteri-kohta","status":"publish","type":"page","link":"https:\/\/ewod.ut.ee\/et\/s\/peeter-sauter\/peeter-sauteri-kohta\/","title":{"rendered":"Peeter Sauteri kohta"},"content":{"rendered":"<p><em><strong>Artiklid<\/strong><\/em><br>Eve Annuk, <strong>S\u00fcnnitamisest tekstini: Sauteri \u201eK\u00f5huvalu\u201c kui s\u00fcnnitamise representatsioon kultuuris<\/strong>. \u2013 Vikerkaar, nr 11-12, 1996, lk 107-114 [Ilmunud ka: Vikerkaar 20: valik esseesid 1986-2005. Koostaja M\u00e4rt V\u00e4ljataga. Tallinn: Kultuurileht, 2006, lk 233-244.]<br>Hasso Krull, <strong>\u00dclevus ja anarhia: Peeter Sauteri ligimeseproosa<\/strong>. \u2013 Vikerkaar, nr 9, 1997, lk 77-91<br>Hasso Krull, <strong>Peeter Sauteri ligimeseproosa<\/strong>. \u2013 Eesti Ekspress 16. I 1998<br>Toomas Liiv, <strong>Eesti uuemast kirjandusest: 1990-ndad<\/strong>. \u2013 Looming, nr 9, 1999, lk 1362-1370 [Ilmunud ka: Toomas Liiv, Tekst teeb oma t\u00f6\u00f6: arvustusi, esseid ja artikleid 1976-2009. Tallinn: Eesti Keele Sihtasutus, 2012, lk 224-235]<br>Neeme Lopp, <strong>Asenduss\u00f5nalisus ja tekstim\u00f5nu<\/strong>. \u2013 Keel ja Kirjandus, nr 9, 2004, lk 641-656<br>Silvi Salupere, <strong>R\u00f5ve t\u00f5lge: obsts\u00f6\u00f6nsuste t\u00f5lkimise v\u00f5imalikkusest ja vajalikkusest<\/strong>: (Peeter Sauteri novelli venekeelse t\u00f5lke n\u00e4itel). \u2013 \u00dclelugemine ja avastamine: Prantsuse Teadusliku Instituudi 80. juubeli konverentsi ettekanded. Tartu: Tartu \u00dclikooli Kirjastus, 2004, lk 119-129<br>Mihkel Mutt, <strong>Eesti meeskirjandus 2006<\/strong>. \u2013 Eesti Ekspress 1. III 2007<br>Rein Veidemann, <strong>Peeter Sauter \u201eKogu moos\u201c<\/strong>. \u2013 Rein Veidemann, 101 eesti kirjandusteost. Tallinn: Varrak, 2011, lk 202-203<br>Janek Kraavi, <strong>Obsts\u00f6\u00f6nsuse poeetika ja seksuaalsuse representatsioon II. Kujund ja narratiiv<\/strong>. \u2013 Vikerkaar, nr 12, 2017, lk 42-66<br>Ivo Heinloo, <strong>Flan\u00f6\u00f6r n\u00f5ukogude provintsipealinnas: \u00fcks vaatenurk Peeter Sauteri romaanile \u201eIndigo\u201c<\/strong>. \u2013 Methis, nr 4, 2019, lk 89-98<br>Janek Kraavi, <strong>Transgressiivse kirjanduse poeetikast I<\/strong>. \u2013 Keel ja Kirjandus, nr 11, 2016, lk 817-833<br>Leo Luks, <strong>Kodutus kodus. Sissevaade Peeter Sauteri loomingusse<\/strong>. \u2013 Keel ja Kirjandus, nr 10, 2019, lk 785-805<br>Piret Viires, <strong>Traditsioon ja avangard: lisandusi 1990. aastate kirjandusmuutustele<\/strong>. \u2013 Philologia Estonica Tallinnensis, nr 4, 2019, lk 56-74<br>Merily Salura, <strong>T\u00fchjuse t\u00fchjus Peeter Sauteri \u201eIndigos\u201c<\/strong>. \u2013 Looming, nr 2, 2021, lk 261-270<br>Neeme Lopp, <strong>Demokraatliku s\u00f5na poole! Peeter Sauteri \u201eIndigo\u201c kui s\u00fcmptom<\/strong>. \u2013 Keel ja Kirjandus, nr 6, 2022, lk 483-496<br>Vahur Laiapea, <strong>Inimestest aegam\u00f6\u00f6da. Peeter. Sauter kirjanikuga voodis<\/strong>. \u2013 Postimees 17. V 2025<br>Intervjuud<br>Aime Hansen, <strong>Peeter Sauter: hulkurist copywriteriks<\/strong>. \u2013 Eesti Ekspress 13. XII 1996<br>Barbi Pilvre, <strong>Orgaaniline Sauter<\/strong>. \u2013 Looming, nr 10, 1997, lk 1405-1414<br>Aime Hansen, <strong>Peeter Sauteri \u00fcksk\u00f5iksus<\/strong>. \u2013 Eesti P\u00e4evaleht 21. I 1998<br>Piret Tali, <strong>Peeter Sauter astus kirjanike rongist maha s\u00fcnnitama<\/strong>. \u2013 Eesti P\u00e4evaleht: Pluss 1. VII 2000<br>Allar Tankler, <strong>Promillidega produktiivsemad?<\/strong>. \u2013 \u00c4rielu, nr 1, 2002, lk 23-24<br>Andres Keil, <strong>Peeter Sauter \u00fcritab Peeter Sauterile vaheldust leida<\/strong>. \u2013 Eesti P\u00e4evaleht 5. V 2007<br>Indrek Kuus, <strong>Peeter Sauter proovib varsti h\u00e4sti kirjutada<\/strong>. \u2013 Linnaleht 21. XI 2008<br>Mari Peegel, <strong>Peeter Sauter: h\u00e4daorust p\u00e4\u00e4su pole<\/strong>. \u2013 Eesti P\u00e4evaleht 5. XII 2008<br>Urmas Vadi, <strong>Inemise sisu: Peeter Sauter<\/strong>. \u2013 Vikerkaar, nr 10-11, 2008, lk 165-174<br>Indrek Kuus, <strong>Sauter oli Sauter ja j\u00e4\u00e4b Sauteriks<\/strong>. \u2013 Linnaleht. Tartu 12. III 2010<br>Tarmo Teder, <strong>Sauteriga elust, teatrist, kirjandusest, sokkidest ja Jeltsinist<\/strong>. \u2013 Sirp 9. III 2012<br>Valner Valme, <strong>Peeter Sauteri aeg, rahu ja s\u00f5na<\/strong>. \u2013 Postimees 9. II 2013<br>Teet Korsten, <strong>Alasti paadunud romantik Sauter su ees<\/strong>. \u2013 P\u00f5hjarannik 4. IV 2016<br>Mari Kukk, <strong>Kirjanik Peeter Sauter abielude purunemisest: lootsin viimse hetkeni, et m\u00f5eldakse \u00fcmber<\/strong>. \u2013 Eesti Naine 31. I 2019<br>Peeter Korma\u0161ov, <strong>Peeter Sauter: kui ma ei joo, siis ei viitsi \u00fcldse midagi teha<\/strong>. \u2013 Eesti Ekspress 22. V 2024<br><br><em><strong>Arvustused<\/strong><\/em><br>T\u00f5nu Kaalep, <strong>Igav nagu elu<\/strong>. \u2013 P\u00e4evaleht 26. VIII 1990 [\u201eIndigo\u201c]<br>Harri Tibar, <strong>Ave sol contra excrementum: Kiri<\/strong>. \u2013 S\u00f5numileht 19. IV 1996. Vastukajad: Paul Bogovski, Surun k\u00e4tt, dotsent hr. Tibar!. \u2013 S\u00f5numileht 24. IV 1996; M\u00e4rt V\u00e4ljataga, Viisip\u00e4rasus contra iniml\u00e4hedus. \u2013 S\u00f5numileht 26. IV 1996 [\u201eK\u00f5huvalu\u201c]<br>Jan Kaus, <strong>Jalutamine \u00e4ngirattas<\/strong>. \u2013 Sirp 6. III 1998 [\u201eLuus\u201c]<br>Juhan Habicht, <strong>Koopasse tagasi?<\/strong>. \u2013 Sirp 3. IV 1998 [\u201eLauak\u00f5ne Eesti Vabariigi aastap\u00e4eva puhul kainestusmaja paraskile liiga pikalt istuma j\u00e4\u00e4nud olles\u201c]<br>Tiiu Hallap, <strong>Ma n\u00e4en, et ma ei n\u00e4e<\/strong>. \u2013 Vikerkaar, nr 7-8, 1998, lk 176-182 [\u201eLuus\u201c]<br>Kalev Kesk\u00fcla, <strong>Tundeinimese autoportree Mercedes Benzina<\/strong>. \u2013 Looming, nr 2, 1998, lk 301-304 [\u201eLuus\u201c]<br>Aita Kivi, <strong>Verine ja vahetu<\/strong>. \u2013 Anne, nr 11, 1998, lk 98 [\u201eKogu moos\u201c]<br>Hannu Oittinen, <strong>Lugu: loos-logu<\/strong>. \u2013 Vikerkaar, nr 7-8, 1998, lk 175-176 [\u201eLuus\u201c]<br>Tiit Palu, <strong>Sauter on t\u00fchja eksistentsi monomaan<\/strong>. \u2013 S\u00f5numileht 5. II 1998 [\u201eLuus\u201c]<br>Barbi Pilvre, <strong>Dokumentalist vastu tahtmist<\/strong>. \u2013 Keel ja Kirjandus, nr 4, 1998, lk 276-277 [\u201eLuus\u201c]<br>Mihkel Samar\u00fc\u00fctel, <strong>Asjadest ja aastatest<\/strong>. \u2013 Looming, nr 12, 1998, lk 1912-1915 [\u201eKogu moos\u201c]<br>Tarmo Teder, <strong>P\u00f5hjamaiselt kulgu aduv budist: Sauteri stiil on eesti proosas eriline uuslihtsus, milles on haruldane tooni\u00fchtsus<\/strong>. \u2013 Eesti P\u00e4evaleht 21. I 1998 [\u201eLuus\u201c]<br>Udo Uibo, <strong>Kuidas v\u00e4rk on?<\/strong>. \u2013 Eesti Ekspress 16. I 1998 [\u201eLuus\u201c]<br>Valdo Valper,<strong> T\u00fchjuse t\u00e4ide<\/strong>. \u2013 V\u00f5rumaa Teataja 16. V 1998 [\u201eLuus\u201c]<br>Berit Selberg, <strong>Sauteriga sibulaid koorimas<\/strong>. \u2013 Sirp 19. III 1999 [\u201eKogu moos\u201c]<br>Vaapo Vaher, <strong>T\u00f5de, karmi t\u00f5de!<\/strong>. \u2013 Keel ja Kirjandus, nr 1, 1999, lk 57-58 [Ilmunud ka: Vaapo Vaher, Surmakuul ja seemnepurse. Tallinn: Eesti \u2013 Kambod\u017ea S\u00f5prus\u00fching &amp; Juku-Kalle Raid, 2002, lk 205-208 [\u201eKogu moos\u201c]<br>M\u00e4rt V\u00e4ljataga, <strong>Sauteri kaunimad jutud<\/strong>. \u2013 Vikerkaar, nr 1, 1999, lk 70-75 [\u201eKogu moos\u201c]<br>Anneli Mihkelev, <strong>Oma tuba<\/strong>. \u2013 Sirp 1. XII 2000 [\u201eNaise l\u00f5hn, raha l\u00f5hn\u201c]<br>Olev Remsu, <strong>Kus joodi viina, kus \u00f5lut, kus n\u00e4riti vorsti<\/strong>. \u2013 Eesti P\u00e4evaleht 20. VII 2001 [\u201eEuroopa hulgus\u201c]<br>Vahur Afanasjev, <strong>Pori ja viletsus: Peeter Sauteri v\u00e4rske jutustus \u201ePori\u201c meenutab oma naturalismis Eduard Vilde romaani \u201eRaudsed k\u00e4ed\u201c<\/strong>. \u2013 Eesti P\u00e4evaleht 26. VII 2002<br>T\u00f5nis Erilaid, <strong>Peeter Sauteri j\u00f5ulukingid<\/strong>. \u2013 SL \u00d5htuleht 21. XII 2002 [\u201eTsikliga Eestis ja \u0160otimaal\u201c; \u201eTomatisupp\u201c]<br>M\u00e4rt V\u00e4ljataga, <strong>Eesti sopp ja vene s\u00fcda<\/strong>. \u2013 Vikerkaar, nr 7, 2002, lk 110-112 [\u201ePori\u201c]<br>Mart Kivastik, <strong>Moraliseeriva Sauteri lootusetu Sopakas<\/strong>. \u2013 Postimees 9. VIII 2002 [\u201ePori\u201c]<br>Jaanus Adamson, <strong>Sauterit niisama lugedes<\/strong>. \u2013 Eesti P\u00e4evaleht 21. III 2003 [\u201eTsikliga Eestis ja \u0160otimaal\u201c; \u201eTomatisupp\u201c]<br>Hedda Maurer, <strong>See on m\u00e4rk ja see on m\u00fc\u00fct<\/strong>. \u2013 Looming, nr 1, 2003, lk 142-145 [\u201ePori\u201c]<br>Andry Ervald, <strong>S\u00fcdamega, s\u00fcdamlikult, s\u00fcdamest<\/strong>. \u2013 Virumaa Teataja 16. II 2005 [\u201ePl\u00e4ra\u201c]<br>Alvar Loog, <strong>Pohhui, or what?<\/strong>. \u2013 Vikerkaar, nr 4-5, 2005, lk 162-165 [\u201ePl\u00e4ra\u201c]<br>Ilona Martson, <strong>Kaardim\u00e4ng magava j\u00e4nese k\u00f5hus<\/strong>. \u2013 Sirp 28. I 2005 [\u201eLaste raamat\u201c]<br>Mare M\u00fc\u00fcrsepp, <strong>Perekond Sauteri sisult suured lastelood<\/strong>. \u2013 Eesti P\u00e4evaleht 4. I 2005 [\u201eLaste raamat\u201c]<br>Valner Valme, <strong>Sauter avastas mootorratta seljas Hispaaniat<\/strong>. \u2013 Postimees 6. X 2005 [\u201eHispaania saapad ja silmad\u201c]<br>Martin Aadamsoo, <strong>Linnamehe kannatused Sauteri moodi<\/strong>. \u2013 Postimees 30. VIII 2006 [\u201eVere jooks\u201c]<br>Kivisildnik, <strong>Madaltihe Sauter<\/strong>. \u2013 Looming, nr 9, 2006, lk 1427-1429 [\u201eVere jooks\u201c]<br>K\u00e4tlin Vainola, <strong>Peeter Sauter p\u00e4\u00e4stab vere valla<\/strong>. \u2013 Eesti P\u00e4evaleht 4. VIII 2006 [\u201eVere jooks\u201c]<br>T\u00f5nu \u00d5nnepalu, <strong>Veri v\u00e4ljas: Peeter Sauteri proosast, jutukogu \u201eVere jooks\u201c ilmumise puhul<\/strong>. \u2013 Vikerkaar, nr 12, 2006, lk 44-52 [Ilmunud ka: T\u00f5nu \u00d5nnepalu, Ainus armastus: valik esseid. Tallinn: Varrak, 2011, lk 167-178]<br>Rein Tootmaa, <strong>Kuhupoole see uks k\u00fcll lahti k\u00e4ib?<\/strong>. \u2013 Sirp 12. I 2007 [\u201eVere jooks\u201c]<br>Jaak Urmet, <strong>Sauter suunab tumedad tungid paberile<\/strong>. \u2013 Eesti P\u00e4evaleht 5. XII 2008 [\u201eBeibi bluu\u201c]<br>J\u00fcrgen Rooste, Peeter Helme, <strong>Sauteri kunstnikukreedo<\/strong>. \u2013 Sirp 16. III 2007 [\u201eLaiskade laste raamat\u201c]<br>Peeter Helme, <strong>J\u00e4tkugu meestekate trend!<\/strong>. \u2013 Sirp 23. I 2009 [\u201eBeibi bluu\u201c]<br>Kalev Kesk\u00fcla, <strong>Vennad kirjanduses<\/strong>. \u2013 Eesti Ekspress 12. II 2009 [\u201eBeibi bluu\u201c]<br>Ott Kilusk, <strong>Kirjas\u00f5nasse on vale sisse kodeeritud<\/strong>. \u2013 Postimees 10. I 2009 [\u201eBeibi bluu\u201c]<br>Johanna Ross, <strong>Igav nagu elu, seekord p\u00e4riselt<\/strong>. \u2013 Vikerkaar, nr 7-8, 2009, lk 179-182 [\u201eBeibi bluu\u201c]<br>Kaarel Kressa, <strong>Teist \u00f5nne kui \u00fc\u00fcrike ja m\u00f5ttetu polegi olemas<\/strong>. \u2013 Eesti P\u00e4evaleht 30. VII 2011 [\u201eMust Peeter\u201c]<br>Hendrik Alla, <strong>Luuseri lood kepist ja k\u00e4rakast<\/strong>. \u2013 Postimees 18. II 2012 [\u201eMust Peeter\u201c]<br>Jan Kaus, <strong>M\u00e4rkmeid Peeter Sauteri raamatust<\/strong>. \u2013 Vikerkaar, nr 3, 2012, lk 94-96 [\u201eMust Peeter\u201c]<br>Peeter Helme, <strong>Poeet prosaistir\u00fc\u00fc kammitsais<\/strong>. \u2013 Eesti Ekspress 5. IV 2012 [\u201eDamoklese m\u00f5\u00f5k ja leivanuga\u201c]<br>Tiit Hennoste, <strong>H\u00e4h, joodiku jutt!<\/strong>. \u2013 Looming, nr 8, 2012, lk 1181-1182 [\u201eDamoklese m\u00f5\u00f5k ja leivanuga\u201c]<br>T\u00f5nu Kaalep, <strong>[Peeter Sauter. Flirt budaga]<\/strong>. \u2013 Eesti Ekspress 16. II 2012<br>Vilja Kiisler, <strong>Peeter+T\u00f5nu=armastus. K\u00fclalised jumala kodus<\/strong>. \u2013 Vikerkaar, nr 12, 2012, lk 105-107 [\u201eM\u00e4rkmeid vaeste kirjanike majast\u201c]<br>Leo Luks, <strong>K\u00f5netus<\/strong>. \u2013 Looming, nr 1, 2012, lk 130-133 [Ilmunud ka: Leo Luks, 40 kiri. Tallinn: Eesti Keele Sihtasutus, 2016, lk 293-297] [\u201eMust Peeter\u201c]<br>Aare Pilv, <strong>Viitsimatu p\u00e4ralej\u00f5udmatus<\/strong>. \u2013 Vikerkaar, nr 7-8, 2012, lk 175-179 [\u201eDamoklese m\u00f5\u00f5k ja leivanuga\u201c]<br>Piret P\u00f5ldver, <strong>Puudutused ridade vahel<\/strong>. \u2013 Sirp 9. III 2012 [\u201eDamoklese m\u00f5\u00f5k ja leivanuga\u201c]<br>Joonas,<strong> Sauteri surm<\/strong>. \u2013 Vikerkaar, nr 7-8, 2013, lk 153-162 [\u201e\u00c4ra j\u00e4ta mind rahule\u201c]<br>Jan Kaus, <strong>Hakake elama!<\/strong>. \u2013 Postimees 23. II 2013 [\u201e\u00c4ra j\u00e4ta mind rahule\u201c]<br>K\u00e4tlin Kaldmaa, <strong>Viis kirja h\u00e4ngimise sissetoojale<\/strong>. \u2013 Sirp 11. I 2013 [\u201eM\u00e4rkmeid vaeste kirjanike majast\u201c]<br>Jan Kaus, <strong>N\u00f5usolek oma eluga<\/strong>. \u2013 Looming, nr 5, 2013, lk 728-730 [\u201eM\u00e4rkmeid vaeste kirjanike majast\u201c]<br>Arno Oja, <strong>Romaan hilineva armastusega<\/strong>. \u2013 Sirp 24. V 2013 [\u201e\u00c4ra j\u00e4ta mind rahule\u201c]<br>Sveta Grigorjeva, <strong>Mitteluule mitteharju mittekeskmine mittekierkegaard?<\/strong>. \u2013 Vikerkaar, nr 7-8, 2015, lk 189-192 [\u201ePannkoogid \u00fcksinduses\u201c]<br>Made Luiga, <strong>\u00d5nneliku mehe kurvad read<\/strong>. \u2013 Sirp 7. VIII 2015 [\u201ePannkoogid \u00fcksinduses\u201c]<br>J\u00fcri Pino, <strong>V\u00f5ilillepeet<\/strong>. \u2013 Postimees 11. XII 2015 [\u201eLapsep\u00f5lvel\u00f5hn\u201c]<br>Kaarel Kressa, <strong>Sauteri lapsep\u00f5lvel\u00f5hnad<\/strong>. \u2013 Eesti P\u00e4evaleht 8. II 2016 [\u201eLapsep\u00f5lvel\u00f5hn\u201c]<br>Made Luiga, <strong>Tundelise krantsi teekond l\u00f5pmatuse poole<\/strong>. \u2013 Vikerkaar, nr 4-5, 2016, lk 171-175<br>Leo Luks, <strong>Stseenid \u00fchest abielust<\/strong>. \u2013 Looming, nr 9, 2016, lk 1343-1345 [\u201eSa pead kedagi teenima\u201c]<br>Mari Niitra, <strong>Kes end alandab\u2026<\/strong> \u2013 Sirp 1. IV 2016 [\u201eLapsep\u00f5lvel\u00f5hn\u201c]<br>Pille-Riin Larm, <strong>Beebi karvakupli all<\/strong>. \u2013 Vikerkaar, nr 12, 2018, lk 111-113 [\u201eP\u00f5rsa paremad p\u00e4evad\u201c]<br>Saara Liis J\u00f5erand, <strong>Kommunikatsioon, mis hardasti on ihaldatav<\/strong>. \u2013 Looming, nr 9, 2021, lk 1286-1288 [\u201eSurm Bulgaarias\u201c]<br>Sandra J\u00f5geva, <strong>Peeter Sauter kui lihtsa joodiku h\u00e4\u00e4l<\/strong>. \u2013 Eesti Ekspress 2. VI 2021 [\u201eSurm Bulgaarias\u201c]<br>Alvar Loog, <strong>Kuidas oma abikaasat selili saada?<\/strong>. \u2013 Postimees 30. IX 2021 [\u201eSurm Bulgaarias\u201c]<br>Aarne Ruben, <strong>Peeter Sauter \u2013 helesinise unistuse mees<\/strong>. \u2013 Postimees 4. VI 2021 [\u201eSurm Bulgaarias\u201c]<br>Eileen \u00c4nilane, <strong>\u201eSurm Bulgaarias. K\u00f5ik hinnas\u201c. Joodikutel pidi ju elu l\u00f5busam olema<\/strong>. \u2013 Eesti P\u00e4evaleht 13. VII 2021<br>Olev Remsu, <strong>Sauter kui autor, Sauter kui kirjeldatav<\/strong>. \u2013 Looming, nr 1, 2022, lk 130-133 [\u201eKana peni\u201c]<\/p>\n\n\n\n<p><em><strong>Intervjuud<\/strong><\/em><br>Andres Keil, <strong>[intervjuu]<\/strong>. \u2013 S\u00f5numileht 29. I 2000<br>Meelike Saarna, <strong>[intervjuu]<\/strong>. \u2013 Anna, nr 9, 2001, lk 20-21<br>Villem Valme, <strong>Kellele porgand, kellele redis. Vestlus Peeter Sauteriga kolmes vaatuses<\/strong>. \u2013 Looming, nr 2, 2003, lk 277-289<\/p>\n","protected":false},"excerpt":{"rendered":"<p>ArtiklidEve Annuk, S\u00fcnnitamisest tekstini: Sauteri \u201eK\u00f5huvalu\u201c kui s\u00fcnnitamise representatsioon kultuuris. \u2013 Vikerkaar, nr 11-12, 1996, lk 107-114 [Ilmunud ka: Vikerkaar 20: valik esseesid 1986-2005. Koostaja M\u00e4rt V\u00e4ljataga. Tallinn: Kultuurileht, 2006, lk 233-244.]Hasso Krull, \u00dclevus ja anarhia: Peeter Sauteri ligimeseproosa. \u2013 &#8230;<\/p>\n","protected":false},"author":43,"featured_media":0,"parent":7312,"menu_order":0,"comment_status":"closed","ping_status":"closed","template":"","meta":{"_acf_changed":false,"inline_featured_image":false,"footnotes":""},"class_list":["post-7318","page","type-page","status-publish","hentry"],"acf":[],"_links":{"self":[{"href":"https:\/\/ewod.ut.ee\/et\/wp-json\/wp\/v2\/pages\/7318","targetHints":{"allow":["GET"]}}],"collection":[{"href":"https:\/\/ewod.ut.ee\/et\/wp-json\/wp\/v2\/pages"}],"about":[{"href":"https:\/\/ewod.ut.ee\/et\/wp-json\/wp\/v2\/types\/page"}],"author":[{"embeddable":true,"href":"https:\/\/ewod.ut.ee\/et\/wp-json\/wp\/v2\/users\/43"}],"replies":[{"embeddable":true,"href":"https:\/\/ewod.ut.ee\/et\/wp-json\/wp\/v2\/comments?post=7318"}],"version-history":[{"count":1,"href":"https:\/\/ewod.ut.ee\/et\/wp-json\/wp\/v2\/pages\/7318\/revisions"}],"predecessor-version":[{"id":7319,"href":"https:\/\/ewod.ut.ee\/et\/wp-json\/wp\/v2\/pages\/7318\/revisions\/7319"}],"up":[{"embeddable":true,"href":"https:\/\/ewod.ut.ee\/et\/wp-json\/wp\/v2\/pages\/7312"}],"wp:attachment":[{"href":"https:\/\/ewod.ut.ee\/et\/wp-json\/wp\/v2\/media?parent=7318"}],"curies":[{"name":"wp","href":"https:\/\/api.w.org\/{rel}","templated":true}]}}