{"id":7342,"date":"2025-06-02T15:55:40","date_gmt":"2025-06-02T12:55:40","guid":{"rendered":"https:\/\/sisu.ut.ee\/ewod\/?page_id=7342"},"modified":"2025-06-02T15:55:41","modified_gmt":"2025-06-02T12:55:41","slug":"enn-kippeli-kohta","status":"publish","type":"page","link":"https:\/\/ewod.ut.ee\/et\/k\/enn-kippel\/enn-kippeli-kohta\/","title":{"rendered":"Enn Kippeli kohta"},"content":{"rendered":"<p><em><strong>Artiklid<\/strong><\/em><br><strong>Kahe romaani s\u00fcnnisaladusi. Enn Kippelit usutlemas<\/strong>. \u2013 T\u00e4nap\u00e4ev, nr 4, 1936, lk 125-126.<br>Harald Paukson,<strong> Vana-Tallinna elust<\/strong>. Enn Kippeli ja Edg. V. Saksa romaanide valgustusel. -Maret, nr 8, 1936, lk 238-239.<br>Hugo Raudsepp, <strong>Eesti romaan 1936. aastal<\/strong>. \u2013 Looming, nr 3, 1937, lk 320-331.<br>August Annist, <strong>Eesti romaan 1937<\/strong>. \u2013 Looming, nr 3, 1938, lk 295-308.<br>E. J. V[oitk], <strong>Enn Kippel \u2013 kirjanik relvaga<\/strong>. \u2013 Rahvaleht 26. VII 1939<br>Marta Sillaots, <strong>Eesti romaan 1937. aastal<\/strong>. \u2013 Eesti Kirjandus, nr 2, 1938, lk 96-113.<br>Oskar Urgart, <strong>Eesti romaan 1938. aastal<\/strong>. \u2013 Eesti Kirjandus, nr 2, 1939, lk 79-91.<br>Bernard Kangro, <strong>Eesti romaan 1939<\/strong>. \u2013 Looming, nr 2, 1940, lk 197-208.<br>Andrus Roolaht, <strong>Kirjanik-\u00f5petlane-s\u00f5dur kirjutab ajaloolisi romaane. Enn Kippel\u2019iga vestlemas<\/strong>. \u2013 Uus Eesti 6. I 1940<br>Lembit Remmelgas, <strong>M\u00f5ni s\u00f5na autorist ja tema loomingust<\/strong>. \u2013 E. Kippel. Kuldvasikas, Eesti Raamat, 1957.<br>S. Keer, <strong>Enn Kippeli elust ja loomingust<\/strong>. \u2013 Looming, nr 2, 1962, lk 294-305.<br>Rudolf P\u00f5ldm\u00e4e, <strong>Enn Kippeli elu ja loomingut meenutades<\/strong>. \u2013 Looming, nr 2, 1967, lk 291-300.<br>Eino Veskis, <strong>M\u00e4rkmeid Enn Kippeli s\u00f5jap\u00e4evikust<\/strong>. \u2013 Punalipp 28. I 1967<br>Hilve Rebane, <strong>Ustavus iseendale<\/strong>. \u2013 Edasi 22. II 1976<br>Hilve Rebane, <strong>Enn Kippeli materjalid kirjandusmuuseumi k\u00e4sikirjade osakonnas<\/strong>. \u2013 Paar sammukest eesti kirjanduse ja rahvaluule uurimise teel IX. Tartu: Eesti NSV Teaduste Akadeemia F.R. Kreutzwaldi nimeline kirjandusmuuseum, 1976, lk 177\u2013196.<br>Sulev Vahtre, <strong>Romaanist ja liivlaste saatusest<\/strong>. \u2013 E. Kippel, Issanda koerad. Tallinn: Eesti Raamat, 1987.<br>Oskar Kuningas, <strong>S\u00fcnnimaa minevikku kiindunud kirjanik<\/strong>. \u2013 Kodumaa 13. II 1991<br>J. Kivim\u00e4e, <strong>[Eess\u00f5na romaanile \u201eSuure nutu ajal\u201c]<\/strong>. \u2013 E. Kippel, Suure nutu ajal 1. kd. Tallinn: Eesti Raamat, 1992.<br>Aarne M\u00e4e, <strong>Enn Kippeli \u00f5de peitis venna raamatuid<\/strong>. \u2013 Virumaa Teataja 18. IV 1998<br>Maie Saulep, <strong>Enn Kippel (1901-1941): elust ja loomingust<\/strong>. \u2013 Oma Saar 18. VI\u00a01998<br>Eino Veskis, <strong>Meenutades Enn Kippelit<\/strong>. \u2013 Vooremaa 28. II 1998<br>Riina M\u00e4gi, <strong>Enn Kippeli p\u00e4rand ootab \u00fcmberhindamist<\/strong>. \u2013 Vooremaa 22. II 2001<br>Toomas Haug, <strong>Vaenlase vastu v\u00f5ideldes: Enn Kippel 100<\/strong>. \u2013 Looming, nr 2, 2001, lk 255-271. Ilmunud ka: Toomas Haug, Troojam\u00e4e t\u00f5otus. Tallinn: Eesti Keele Sihtasutus, 2004, lk 173-199; P\u00f5hjas\u00f5da, Karl XII ja Laiuse. J\u00f5geva, 2002, 162-185.<br><strong>V\u00e4ike lisandus kippelistikasse<\/strong>. \u2013 Looming, nr 5, 2001, lk 793-794.<br>Linda Kaljundi, <strong>Eesti lugu. Enn Kippel \u201eKui Raudpea tuli\u201c<\/strong>. \u2013 Eesti P\u00e4evaleht 12. XII 2008<br>Anneli K\u00f5vamees, <strong>Enn Kippeliga s\u00f5jatandril<\/strong>. \u2013 Looming, nr 12, 2014, lk 1727-1733.<br>Karl Hein, <strong>Sakala vanem Lembitu \u2013 muistse iseseisvuse kaitsja<\/strong>. \u2013 Karl Hein, Ajaloolised isikud eesti ilukirjanduses. Tallinn, 2012, lk 9-26.<br>Karl Hein, <strong>Ivo Schenkenberg \u2013 Eestimaa Hannibal<\/strong>. \u2013 Karl Hein, Ajaloolised isikud eesti ilukirjanduses. Tallinn, 2012, lk 69-84.\u00a0<br>Karl Hein, <strong>Rahvusvahelise kuulsusega talupoeg Stefan Raabe ja tema kuningas Karl XII.<\/strong> \u2013 Karl Hein, Ajaloolised isikud eesti ilukirjanduses. Tallinn, 2012, lk 101-120.<br>Riina M\u00e4gi, <strong>Enn Kippel ja p\u00f6\u00f6rdelised ajad<\/strong>. \u2013 Vooremaa 3. III 2016<br><br><em><strong>Arvustused<\/strong><\/em><br>R. J. <strong>Ahnitsejad I<\/strong>. \u2013 Postimees 19. IV 1935<br>Jaan K\u00e4rner, <strong>Enn Kippel \u201eAhnitsejad\u201c I ja II<\/strong>. \u2013 Looming, nr 8, 1935, lk 935-937.<br>E. Roone, <strong>\u201eSuure nutu ajal<\/strong>\u201c. \u2013 Postimees 2. VI 1936<br>Artur Adson, <strong>Enn Kippel \u201eSuure nutu ajal\u201c<\/strong>. \u2013 Eesti Kirjandus, nr 8, 1936, lk 376-379.<br>Harald Paukson, <strong>Enn Kippel \u201eSuure nutu ajal\u201c<\/strong>. \u2013 Looming, nr 5, 1936, lk 581-583.<br>Karl August Hindrey,<strong> Kaks v\u00e4ga erinevat raamatut<\/strong>. \u2013 Postimees 8. VI 1937 [\u201eKui Raudpea tuli\u201c]<br>Eduard Hubel, <strong>Romaan kuningast ja talupojast<\/strong>. \u2013 Uus Eesti 28. IV 1937 [\u201eKui Raudpea tuli\u201c]<br>Daniel Palgi, <strong>Enn Kippel \u201eKui Raudpea tuli\u201c<\/strong>. \u2013 Eesti Kirjandus, nr 12, 1937, lk 622-624.<br>Jaan Roos, <strong>Enn Kippel \u201eKui Raudpea tuli\u201c<\/strong>. \u2013 Eesti Kirjandus, nr 5, 1937, lk 265-267.<br>Johannes Semper, <strong>Enn Kippel \u201eKui Raudpea tuli\u201c I<\/strong>. \u2013 Looming, nr 7, 1937, lk 814-817.<br>Rudolf Sirge, <strong>Kui Raudpea tuli<\/strong>. \u2013 Vaba Maa 24. IV 1937<br>Paul Viiding, <strong>Kui Raudpea tuli<\/strong>. \u2013 Kunst ja Kirjandus 25. IV 1937<br>Karl August Hindrey, <strong>Kui Raudpea tuli<\/strong>. \u2013 Postimees 14. I 1938<br>Eduard Hubel, <strong>Enn Kippel \u201eIssanda koerad\u201c<\/strong>. \u2013 Eesti Kirjandus, nr 11, 1938, lk 507-509.<br>Harald Paukson, <strong>Enn Kippel \u201eIssanda koerad\u201c<\/strong>. \u2013 Varamu, nr 8, 1938, lk 1031-1033.<br>Oskar Urgart, <strong>Enn Kippeli \u201eIssanda koerad\u201c<\/strong>. \u2013 Looming, nr 9, 1938, lk 1047-1048.<br>E. Tillemann, <strong>Enn Kippel \u201eKui Raudpea tuli\u201c II<\/strong>. \u2013 Looming, nr 3, 1938, lk 344-345.<br>Oskar Urgart, <strong>Enn Kippel \u201eIssanda koerad\u201c<\/strong>. \u2013 Looming, nr 5, 1939, lk 555-557.<br>Fr. Toomus, <strong>Enn Kippel \u201eJ\u00fcri\u00f6\u00f6\u201c<\/strong>. \u2013 Postimees 24. XII 1939<br>Mall J\u00fcrma, <strong>Romaan liivlaste kristianiseerimisest. Enn Kippel \u201eIssanda koerad\u201c II<\/strong>. \u2013 Uus Eesti 7. V 1939<br>Leo Anvelt, <strong>Enn Kippel \u201eKuldvasikas\u201c<\/strong>. \u2013 Eesti Kirjandus, nr 2, 1940, lk 92-93.<br>Harald Paukson, <strong>Enn Kippel \u201eKuldvasikas\u201c<\/strong>. \u2013 Looming, nr 5, 1940, lk 551-553.<br>B. Taggo, <strong>Romaan eestlaste vabadusv\u00f5itlusest 14. sajandil<\/strong>. \u2013 Uus Eesti 30. I 1940 [\u201eJ\u00fcri\u00f6\u00f6\u201c]<br>T. B., <strong>Monumendid 1343. a. vabadusv\u00f5itlejate kalmudele. M\u00f5tteid Enn Kippeli \u201eJ\u00fcri\u00f6\u00f6d\u201c lugedes<\/strong>. \u2013 P\u00e4evaleht 14. I 1940<br>Fr. Toomus, <strong>Kuldvasikas<\/strong>. \u2013 Uus Eesti 16. VI 1940<br>V. Villandi, <strong>Tants \u201eKuldvasika\u201c \u00fcmber<\/strong>. \u2013 Looming, nr 6, 1958, lk 952-955.<br>Arno Oja, <strong>See vana hea Rootsi aeg<\/strong>. \u2013 Eesti P\u00e4evaleht 6. XI 1996 [\u201eKui Raudpea tuli\u201c]<br>Vaapo Vaher, <strong>Lapsemeelsus ja ahnus<\/strong>. \u2013 Maaleht 29. XII 2011 [\u201eAhnus\u201c]<\/p>\n","protected":false},"excerpt":{"rendered":"<p>ArtiklidKahe romaani s\u00fcnnisaladusi. Enn Kippelit usutlemas. \u2013 T\u00e4nap\u00e4ev, nr 4, 1936, lk 125-126.Harald Paukson, Vana-Tallinna elust. Enn Kippeli ja Edg. V. Saksa romaanide valgustusel. -Maret, nr 8, 1936, lk 238-239.Hugo Raudsepp, Eesti romaan 1936. aastal. \u2013 Looming, nr 3, 1937, &#8230;<\/p>\n","protected":false},"author":43,"featured_media":0,"parent":7339,"menu_order":0,"comment_status":"closed","ping_status":"closed","template":"","meta":{"_acf_changed":false,"inline_featured_image":false,"footnotes":""},"class_list":["post-7342","page","type-page","status-publish","hentry"],"acf":[],"_links":{"self":[{"href":"https:\/\/ewod.ut.ee\/et\/wp-json\/wp\/v2\/pages\/7342","targetHints":{"allow":["GET"]}}],"collection":[{"href":"https:\/\/ewod.ut.ee\/et\/wp-json\/wp\/v2\/pages"}],"about":[{"href":"https:\/\/ewod.ut.ee\/et\/wp-json\/wp\/v2\/types\/page"}],"author":[{"embeddable":true,"href":"https:\/\/ewod.ut.ee\/et\/wp-json\/wp\/v2\/users\/43"}],"replies":[{"embeddable":true,"href":"https:\/\/ewod.ut.ee\/et\/wp-json\/wp\/v2\/comments?post=7342"}],"version-history":[{"count":1,"href":"https:\/\/ewod.ut.ee\/et\/wp-json\/wp\/v2\/pages\/7342\/revisions"}],"predecessor-version":[{"id":7343,"href":"https:\/\/ewod.ut.ee\/et\/wp-json\/wp\/v2\/pages\/7342\/revisions\/7343"}],"up":[{"embeddable":true,"href":"https:\/\/ewod.ut.ee\/et\/wp-json\/wp\/v2\/pages\/7339"}],"wp:attachment":[{"href":"https:\/\/ewod.ut.ee\/et\/wp-json\/wp\/v2\/media?parent=7342"}],"curies":[{"name":"wp","href":"https:\/\/api.w.org\/{rel}","templated":true}]}}