{"id":7390,"date":"2025-06-07T11:25:38","date_gmt":"2025-06-07T08:25:38","guid":{"rendered":"https:\/\/sisu.ut.ee\/ewod\/?page_id=7390"},"modified":"2025-06-07T11:25:39","modified_gmt":"2025-06-07T08:25:39","slug":"milvi-sepingu-kohta","status":"publish","type":"page","link":"https:\/\/ewod.ut.ee\/et\/s\/milvi-seping\/milvi-sepingu-kohta\/","title":{"rendered":"Milvi Sepingu kohta"},"content":{"rendered":"<p><em><strong>Artiklid<\/strong><\/em><br>\u00dclo Tonts, <strong>\u00dcks helin heliseb l\u00e4bi<\/strong>. \u2013 Eesti P\u00e4evaleht, 18. IX 1999, lk 6. [Juubeliartikkel.]<br><strong>[Nekroloog]<\/strong>. \u2013 Looming, nr 10, 2022, lk 1454.<\/p>\n\n\n\n<p><em><strong>Arvustused<\/strong><\/em><br>Jaan Toomla, <strong>Uue inimese n\u00e4ojooned<\/strong>. \u2013 Edasi, 10. XII 1961, lk 2\u20133. [Raamatust \u2018Heliseval sillal\u2019.]<br>Olev J\u00f5gi, <strong>\u2018\u00dcks helin mul helises rinna sees\u2019. (Juhan Liiv.) Milvi Sepingu esimesest v\u00e4rsiraamatust<\/strong>. \u2013 Sirp ja Vasar, 2. II 1962, lk 4\u20135. [\u2018Heliseval sillal\u2019.]<br>Paul Viiding, <strong>Metalli dialektika<\/strong>. \u2013 Looming, nr 4, 1962, lk 636\u2013638.[\u2018Heliseval sillal\u2019.]<br>Silvia Nagelmaa, <strong>Selgeks ja l\u00e4hedaseks tuntud<\/strong>. \u2013 Keel ja Kirjandus, nr 7, 1975, lk 435\u2013436. [Raamatust \u2018Urvad \u00fcle m\u00fc\u00fcride\u2019.]<br>Arvo Rosenvald, <strong>Olla puhas<\/strong>. \u2013 Edasi, 23. I 1982. [Raamatust \u2018K\u00fclmamailane\u2019.]<\/p>\n\n\n\n<p><em><strong>Intervjuud<\/strong><\/em><br><strong>Rubriik Eesti elav luuletaja<\/strong>. \u2013 Keel ja Kirjandus, nr 2, 1995, lk 111\u2013112. [Milvi Sepingu vastused viiele k\u00fcsimusele luule ja luuletamise kohta.]<\/p>\n","protected":false},"excerpt":{"rendered":"<p>Artiklid\u00dclo Tonts, \u00dcks helin heliseb l\u00e4bi. \u2013 Eesti P\u00e4evaleht, 18. IX 1999, lk 6. [Juubeliartikkel.][Nekroloog]. \u2013 Looming, nr 10, 2022, lk 1454. ArvustusedJaan Toomla, Uue inimese n\u00e4ojooned. \u2013 Edasi, 10. XII 1961, lk 2\u20133. [Raamatust \u2018Heliseval sillal\u2019.]Olev J\u00f5gi, \u2018\u00dcks helin &#8230;<\/p>\n","protected":false},"author":43,"featured_media":0,"parent":7387,"menu_order":0,"comment_status":"closed","ping_status":"closed","template":"","meta":{"_acf_changed":false,"inline_featured_image":false,"footnotes":""},"class_list":["post-7390","page","type-page","status-publish","hentry"],"acf":[],"_links":{"self":[{"href":"https:\/\/ewod.ut.ee\/et\/wp-json\/wp\/v2\/pages\/7390","targetHints":{"allow":["GET"]}}],"collection":[{"href":"https:\/\/ewod.ut.ee\/et\/wp-json\/wp\/v2\/pages"}],"about":[{"href":"https:\/\/ewod.ut.ee\/et\/wp-json\/wp\/v2\/types\/page"}],"author":[{"embeddable":true,"href":"https:\/\/ewod.ut.ee\/et\/wp-json\/wp\/v2\/users\/43"}],"replies":[{"embeddable":true,"href":"https:\/\/ewod.ut.ee\/et\/wp-json\/wp\/v2\/comments?post=7390"}],"version-history":[{"count":1,"href":"https:\/\/ewod.ut.ee\/et\/wp-json\/wp\/v2\/pages\/7390\/revisions"}],"predecessor-version":[{"id":7391,"href":"https:\/\/ewod.ut.ee\/et\/wp-json\/wp\/v2\/pages\/7390\/revisions\/7391"}],"up":[{"embeddable":true,"href":"https:\/\/ewod.ut.ee\/et\/wp-json\/wp\/v2\/pages\/7387"}],"wp:attachment":[{"href":"https:\/\/ewod.ut.ee\/et\/wp-json\/wp\/v2\/media?parent=7390"}],"curies":[{"name":"wp","href":"https:\/\/api.w.org\/{rel}","templated":true}]}}