{"id":7441,"date":"2025-06-16T14:36:59","date_gmt":"2025-06-16T11:36:59","guid":{"rendered":"https:\/\/sisu.ut.ee\/ewod\/?page_id=7441"},"modified":"2025-06-16T14:37:00","modified_gmt":"2025-06-16T11:37:00","slug":"harald-suislepa-kohta","status":"publish","type":"page","link":"https:\/\/ewod.ut.ee\/et\/s\/harald-suislepp\/harald-suislepa-kohta\/","title":{"rendered":"Harald Suislepa kohta"},"content":{"rendered":"<p><em><strong>Artiklid<\/strong><\/em><br>E. M\u00e4esak, <strong>Siit sai v\u00e4rsiseadmine hoogu<\/strong>. \u2013 Punane T\u00e4ht, 8. I 1966, lk 3\u20134.<br>Jaan Toomla, <strong>Harald Suislepp \u2013 50<\/strong>. \u2013 Looming, nr 6, 1971, lk 955\u2013956.<br>Oskar Kruus, <strong>Paradoksaalne Harald Suislepp<\/strong>. \u2013 Looming, nr 6, 1981, lk 850\u2013852. [Artikkel Harald Suislepa 60. s\u00fcnnip\u00e4evaks.]<br>Oskar Kuningas, <strong>Olla \u00fchiskonna k\u00f5nelevaks suuks! Harald Suislepp 60<\/strong>. \u2013 Sirp ja Vasar, 12. VI 1981, lk 6.<br>Ave Alavainu, <strong>[Nekroloog]<\/strong>. \u2013 Hiiumaa, 26. IX 2000, lk 5.<br>Eesti Kirjanike Liit, <strong>[Nekroloog]<\/strong>. \u2013 Looming, nr 11, 2000, lk 1758.<br>Eerik Teder, <strong>[Nekroloog]<\/strong>. \u2013 Keel ja Kirjandus, nr 2, 2001, lk 134.<\/p>\n\n\n\n<p><strong><em>Arvustused<\/em><\/strong><br>Karl Muru, <strong>poeetilistest tedret\u00e4htedest ja luulekujundist<\/strong>. \u2013 Looming, nr 2, 1959, lk 299\u2013302. [Luulekogust \u2018Tedret\u00e4hed\u2019.]<br>Ralf Parve, <strong>Jalamees Suure Vankri j\u00e4lil<\/strong>. \u2013 Looming, nr 9, 1963, lk 1430\u20131434. [Luulekogust \u2018Suure vankri j\u00e4lgedes\u2019.]<br>Jaan Toomla, <strong>Mis juhtus Kolme Tulbi t\u00e4naval<\/strong>. \u2013 Looming, nr 8, 1965, lk 1270\u20131272. [Raamatust \u2018Kolme Tulbi t\u00e4nav ehk mu t\u00fctar on Torontos\u2019.]<br>Eduard Krants, <strong>Arvustus poeemile \u2018Aeg tuleb maa ja mere peal\u2026\u2019<\/strong>. \u2013 Mana, nr 35, 1969, lk 102\u2013103.<br>Hando Runnel, <strong>Harald Suislepa iluk\u00f5ned<\/strong>. \u2013 Keel ja Kirjandus, nr 3, 1976, lk 179\u2013181. [Raamatust \u2018Loominguline logiraamat\u2019.]<br>Valeeria Villandi, <strong>Oma veendumuste kuulutamine<\/strong>. \u2013 Keel ja Kirjandus, nr 8, 1977, lk 498\u2013499. [Luulekogust \u2018Lingukivist linav\u00e4strikuni\u2019.]<br>Mati Unt, <strong>Volbri\u00f6\u00f6d Kirjanike Liidus<\/strong>. \u2013 Looming, nr 2, 1982, lk 280\u2013281. [Raamatust \u2018Kolme Tulbi t\u00e4nava kolm lugu\u2019.]<\/p>\n","protected":false},"excerpt":{"rendered":"<p>ArtiklidE. M\u00e4esak, Siit sai v\u00e4rsiseadmine hoogu. \u2013 Punane T\u00e4ht, 8. I 1966, lk 3\u20134.Jaan Toomla, Harald Suislepp \u2013 50. \u2013 Looming, nr 6, 1971, lk 955\u2013956.Oskar Kruus, Paradoksaalne Harald Suislepp. \u2013 Looming, nr 6, 1981, lk 850\u2013852. [Artikkel Harald Suislepa &#8230;<\/p>\n","protected":false},"author":43,"featured_media":0,"parent":7438,"menu_order":0,"comment_status":"closed","ping_status":"closed","template":"","meta":{"_acf_changed":false,"inline_featured_image":false,"footnotes":""},"class_list":["post-7441","page","type-page","status-publish","hentry"],"acf":[],"_links":{"self":[{"href":"https:\/\/ewod.ut.ee\/et\/wp-json\/wp\/v2\/pages\/7441","targetHints":{"allow":["GET"]}}],"collection":[{"href":"https:\/\/ewod.ut.ee\/et\/wp-json\/wp\/v2\/pages"}],"about":[{"href":"https:\/\/ewod.ut.ee\/et\/wp-json\/wp\/v2\/types\/page"}],"author":[{"embeddable":true,"href":"https:\/\/ewod.ut.ee\/et\/wp-json\/wp\/v2\/users\/43"}],"replies":[{"embeddable":true,"href":"https:\/\/ewod.ut.ee\/et\/wp-json\/wp\/v2\/comments?post=7441"}],"version-history":[{"count":1,"href":"https:\/\/ewod.ut.ee\/et\/wp-json\/wp\/v2\/pages\/7441\/revisions"}],"predecessor-version":[{"id":7442,"href":"https:\/\/ewod.ut.ee\/et\/wp-json\/wp\/v2\/pages\/7441\/revisions\/7442"}],"up":[{"embeddable":true,"href":"https:\/\/ewod.ut.ee\/et\/wp-json\/wp\/v2\/pages\/7438"}],"wp:attachment":[{"href":"https:\/\/ewod.ut.ee\/et\/wp-json\/wp\/v2\/media?parent=7441"}],"curies":[{"name":"wp","href":"https:\/\/api.w.org\/{rel}","templated":true}]}}