{"id":7450,"date":"2025-06-16T14:55:49","date_gmt":"2025-06-16T11:55:49","guid":{"rendered":"https:\/\/sisu.ut.ee\/ewod\/?page_id=7450"},"modified":"2025-06-16T14:55:50","modified_gmt":"2025-06-16T11:55:50","slug":"asta-willmanni-kohta","status":"publish","type":"page","link":"https:\/\/ewod.ut.ee\/et\/w\/asta-willmann\/asta-willmanni-kohta\/","title":{"rendered":"Asta Willmanni kohta"},"content":{"rendered":"<p><em><strong>Artiklid<\/strong><\/em><br>Henno J\u00e4nes, <strong>Asta Willmanni elust ja kirjanduslikust loomingust<\/strong>. \u2013 Tulimuld, nr 2, 1970, lk 94\u201398.<br>Helmi Eller, <strong>Asta Willmann prosaistina. Kirjaniku juubeli puhul<\/strong>. \u2013 Eesti P\u00e4evaleht, 13. X 1976, lk 4.<br>Aleksis Rannit, <strong>Asta Willmanni lugedes. Kirjaniku kuuek\u00fcmnendaks s\u00fcnnip\u00e4evaks<\/strong>. \u2013 Tulimuld, nr 4, 1976, lk 163\u2013169.<br><strong>[Nekroloog.]<\/strong> \u2013 Vaba Eesti S\u00f5na, 6. XII 1984, lk 4.<br>Kersti Luha\u00e4\u00e4r Linask, <strong>Asta Willmann, nagu ta meil oli<\/strong>. \u2013 Vaba Eesti S\u00f5na, 6. VI, 13. VI 1985, lk 4, 4.<\/p>\n\n\n\n<p><em><strong>Arvustused<\/strong><\/em><br>Mall J\u00fcrma, <strong>Asta Willmanni viiek\u00f6iteline romaan<\/strong>. \u2013 Mana, nr 35, 1969, lk 67\u201368. [Raamatust \u2018Peot\u00e4is tuhka, teine mulda\u2019.]<\/p>\n\n\n\n<p><em><strong>Intervjuud<\/strong><\/em><br>Mardi Valgem\u00e4e, <strong>Usutlus Asta Willmann-Linnoltiga<\/strong>. \u2013 Mana, nr 4\u20135, 1964, lk 261\u2013265.<br>Henno J\u00e4nes, <strong>Asta Willmanniga vesteldes<\/strong>. \u2013 Tulimuld, nr 3, 1966, lk 143\u2013148.<br>Mall J\u00fcrma, <strong>Vestlus kirjanik Asta Willmanniga<\/strong>. \u2013 Vaba Eestlane, 19. XI 1966, lk 7.<\/p>\n","protected":false},"excerpt":{"rendered":"<p>ArtiklidHenno J\u00e4nes, Asta Willmanni elust ja kirjanduslikust loomingust. \u2013 Tulimuld, nr 2, 1970, lk 94\u201398.Helmi Eller, Asta Willmann prosaistina. Kirjaniku juubeli puhul. \u2013 Eesti P\u00e4evaleht, 13. X 1976, lk 4.Aleksis Rannit, Asta Willmanni lugedes. Kirjaniku kuuek\u00fcmnendaks s\u00fcnnip\u00e4evaks. \u2013 Tulimuld, nr &#8230;<\/p>\n","protected":false},"author":43,"featured_media":0,"parent":6688,"menu_order":0,"comment_status":"closed","ping_status":"closed","template":"","meta":{"_acf_changed":false,"inline_featured_image":false,"footnotes":""},"class_list":["post-7450","page","type-page","status-publish","hentry"],"acf":[],"_links":{"self":[{"href":"https:\/\/ewod.ut.ee\/et\/wp-json\/wp\/v2\/pages\/7450","targetHints":{"allow":["GET"]}}],"collection":[{"href":"https:\/\/ewod.ut.ee\/et\/wp-json\/wp\/v2\/pages"}],"about":[{"href":"https:\/\/ewod.ut.ee\/et\/wp-json\/wp\/v2\/types\/page"}],"author":[{"embeddable":true,"href":"https:\/\/ewod.ut.ee\/et\/wp-json\/wp\/v2\/users\/43"}],"replies":[{"embeddable":true,"href":"https:\/\/ewod.ut.ee\/et\/wp-json\/wp\/v2\/comments?post=7450"}],"version-history":[{"count":1,"href":"https:\/\/ewod.ut.ee\/et\/wp-json\/wp\/v2\/pages\/7450\/revisions"}],"predecessor-version":[{"id":7451,"href":"https:\/\/ewod.ut.ee\/et\/wp-json\/wp\/v2\/pages\/7450\/revisions\/7451"}],"up":[{"embeddable":true,"href":"https:\/\/ewod.ut.ee\/et\/wp-json\/wp\/v2\/pages\/6688"}],"wp:attachment":[{"href":"https:\/\/ewod.ut.ee\/et\/wp-json\/wp\/v2\/media?parent=7450"}],"curies":[{"name":"wp","href":"https:\/\/api.w.org\/{rel}","templated":true}]}}