{"id":7633,"date":"2025-10-07T00:37:03","date_gmt":"2025-10-06T21:37:03","guid":{"rendered":"https:\/\/sisu.ut.ee\/ewod\/?page_id=7633"},"modified":"2025-10-07T00:37:03","modified_gmt":"2025-10-06T21:37:03","slug":"raissa-kovamehe-kohta","status":"publish","type":"page","link":"https:\/\/ewod.ut.ee\/et\/k\/raissa-kovamees\/raissa-kovamehe-kohta\/","title":{"rendered":"Raissa K\u00f5vamehe kohta"},"content":{"rendered":"<p><strong><em>Artiklid<\/em><\/strong><br>Mall J\u00fcrma, <strong>Meie naiskirjanike viimase aja loomingust<\/strong>. \u2013 Mana, nr 2\/3, 1961, lk 190\u2013197 [Raissa K\u00f5vamehest lk 195.]<br>Aarne Vinkel, <strong>Raissa K\u00f5vamehe kirjanduslik t\u00f6\u00f6<\/strong>. \u2013 Looming, nr 4, 1987, lk 562\u2013564.<br>Enda Naaber, <strong>Kirjas\u00f5prus kirjanik Raissa K\u00f5vamehega<\/strong>. \u2013 Meie Maa, 13. III 1997, lk. 5.<br>Aarne Vinkel, <strong>Saateks<\/strong>. \u2013 \u2018T\u00fctarlaps kaugelt neemelt\u2019. Tallinn: Olion, 1998, 299 lk, lk 295\u2013300.<br>Aarne Vinkel, <strong>Muhu v\u00e4gilasmuistendi s\u00fcnd<\/strong>. \u2013 Viimased vaod: vaatlusi Eesti kirjandusmaastikult. Tallinn: Underi ja Tuglase Kirjanduskeskus, 2002, 393 lk, lk 148\u2013167. [Raissa K\u00f5vamehe rahvaluulet\u00f6\u00f6tluse \u2018Muhu v\u00e4gilane Must Mart\u2019 saamisloost.]<br>Aarne Vinkel, <strong>Raissa K\u00f5vamehe \u2018Kahe v\u00e4ina vahel\u2019<\/strong>. \u2013 Viimased vaod: vaatlusi Eesti kirjandusmaastikult. Tallinn: Underi ja Tuglase Kirjanduskeskus, 2002, 393 lk, lk 279\u2013282.<br>Aarne Vinkel, <strong>R. K\u00f5vamehe \u2018T\u00fctarlaps kaugelt neemelt\u2019<\/strong>. \u2013 Viimased vaod: vaatlusi Eesti kirjandusmaastikult. Tallinn: Underi ja Tuglase Kirjanduskeskus, 2002, 393 lk, lk 283\u2013288.<br>Arvo Suurj\u00e4rv, <strong>Proosa- ja n\u00e4itekirjanik Muhu saarelt: Raissa K\u00f5vamees 100<\/strong>. \u2013 Meie Maa, 17. II 2007, lk 7.<\/p>\n\n\n\n<p><strong><em>Arvustused<\/em><\/strong><br>Arvo M\u00e4gi, <strong>Muhu kroonika<\/strong>. \u2013 Tulimuld, nr 3, 1961, lk 78\u201379. [Raamatust \u2018Kahe v\u00e4ina vahel\u2019.]<br>Hilve Rebane, <strong>Unistus kodust<\/strong>. \u2013 Keel ja Kirjandus, nr 7, 1994, lk 437. [Raamatust \u2018Oli kord\u2026 Jutte ja jutukesi m\u00f6\u00f6dunud aegadest\u2019.]<br>Oskar Tanner, [<strong>Arvustus raamatule \u2018Kahe v\u00e4ina vahel\u2019<\/strong>]. \u2013 Eesti S\u00f5numid, 17. I 1995, lk 7.<br>Ilmar Mikiver, [<strong>Arvustus raamatule \u2018Kahe v\u00e4ina vahel\u2019<\/strong>]. \u2013 World Literature Today, nr 1, 1996, lk 209.<br>Aarne Vinkel, <strong>Raissa K\u00f5vamehe viimane romaan<\/strong>. \u2013 Kultuurimaa, 7. V 1997, lk. 10. [\u2018Kahe v\u00e4ina vahel\u2019.]<br>Ilmar Mikiver, [<strong>Arvustus raamatule \u2018T\u00fctarlaps kaugelt neemelt\u2019<\/strong>]. \u2013 World Literature Today, nr 4, 1998, lk 873.<br>Enda Naaber, <strong>See Muhumaa hing<\/strong>. \u2013 Sirp, 17. IV 1998, lk 12. [\u2018T\u00fctarlaps kaugelt neemelt\u2019.]<br>Maie Kalda, <strong>Daam ja teised K\u00fchmu saarelt<\/strong>. \u2013 S\u00f5numileht, 7. VI 1998, lk 14. [\u2018T\u00fctarlaps kaugelt neemelt\u2019.]<\/p>\n","protected":false},"excerpt":{"rendered":"<p>ArtiklidMall J\u00fcrma, Meie naiskirjanike viimase aja loomingust. \u2013 Mana, nr 2\/3, 1961, lk 190\u2013197 [Raissa K\u00f5vamehest lk 195.]Aarne Vinkel, Raissa K\u00f5vamehe kirjanduslik t\u00f6\u00f6. \u2013 Looming, nr 4, 1987, lk 562\u2013564.Enda Naaber, Kirjas\u00f5prus kirjanik Raissa K\u00f5vamehega. \u2013 Meie Maa, 13. III &#8230;<\/p>\n","protected":false},"author":43,"featured_media":0,"parent":7629,"menu_order":0,"comment_status":"closed","ping_status":"closed","template":"","meta":{"_acf_changed":false,"inline_featured_image":false,"footnotes":""},"class_list":["post-7633","page","type-page","status-publish","hentry"],"acf":[],"_links":{"self":[{"href":"https:\/\/ewod.ut.ee\/et\/wp-json\/wp\/v2\/pages\/7633","targetHints":{"allow":["GET"]}}],"collection":[{"href":"https:\/\/ewod.ut.ee\/et\/wp-json\/wp\/v2\/pages"}],"about":[{"href":"https:\/\/ewod.ut.ee\/et\/wp-json\/wp\/v2\/types\/page"}],"author":[{"embeddable":true,"href":"https:\/\/ewod.ut.ee\/et\/wp-json\/wp\/v2\/users\/43"}],"replies":[{"embeddable":true,"href":"https:\/\/ewod.ut.ee\/et\/wp-json\/wp\/v2\/comments?post=7633"}],"version-history":[{"count":1,"href":"https:\/\/ewod.ut.ee\/et\/wp-json\/wp\/v2\/pages\/7633\/revisions"}],"predecessor-version":[{"id":7634,"href":"https:\/\/ewod.ut.ee\/et\/wp-json\/wp\/v2\/pages\/7633\/revisions\/7634"}],"up":[{"embeddable":true,"href":"https:\/\/ewod.ut.ee\/et\/wp-json\/wp\/v2\/pages\/7629"}],"wp:attachment":[{"href":"https:\/\/ewod.ut.ee\/et\/wp-json\/wp\/v2\/media?parent=7633"}],"curies":[{"name":"wp","href":"https:\/\/api.w.org\/{rel}","templated":true}]}}