{"id":7869,"date":"2024-04-03T23:39:39","date_gmt":"2024-04-03T20:39:39","guid":{"rendered":"https:\/\/sisu.ut.ee\/ewod\/?page_id=7869"},"modified":"2026-04-06T16:40:28","modified_gmt":"2026-04-06T13:40:28","slug":"toomas-vint","status":"publish","type":"page","link":"https:\/\/ewod.ut.ee\/et\/v\/toomas-vint\/","title":{"rendered":"Toomas Vint"},"content":{"rendered":"<figure class=\"wp-block-image alignright size-large\"><a href=\"https:\/\/sisu.ut.ee\/wp-content\/uploads\/sites\/108\/t._vint_tonu_tormis-scaled.jpg\"><img loading=\"lazy\" decoding=\"async\" width=\"1024\" height=\"714\" src=\"https:\/\/sisu.ut.ee\/wp-content\/uploads\/sites\/108\/t._vint_tonu_tormis-1024x714.jpg\" alt=\"\" class=\"wp-image-6200\" title=\"Foto: T\u00f5nu Tormis\" srcset=\"https:\/\/sisu.ut.ee\/wp-content\/uploads\/sites\/108\/t._vint_tonu_tormis-1024x714.jpg 1024w, https:\/\/sisu.ut.ee\/wp-content\/uploads\/sites\/108\/t._vint_tonu_tormis-300x209.jpg 300w, https:\/\/sisu.ut.ee\/wp-content\/uploads\/sites\/108\/t._vint_tonu_tormis-768x535.jpg 768w, https:\/\/sisu.ut.ee\/wp-content\/uploads\/sites\/108\/t._vint_tonu_tormis-1536x1070.jpg 1536w, https:\/\/sisu.ut.ee\/wp-content\/uploads\/sites\/108\/t._vint_tonu_tormis-2048x1427.jpg 2048w, https:\/\/sisu.ut.ee\/wp-content\/uploads\/sites\/108\/t._vint_tonu_tormis-1920x1338.jpg 1920w\" sizes=\"auto, (max-width: 1024px) 100vw, 1024px\"><\/a><\/figure>\n\n\n\n<p>Toomas Vint (s\u00fcnd. 5. III 1944) on maalikunstnik ja kirjanik.<\/p>\n\n\n\n<p>Ta s\u00fcndis Tallinnas, l\u00f5petas Tallinna 10. keskkooli ja \u00f5ppis aastatel 1962\u20131966 Tartu Riiklikus \u00dclikoolis bioloogiat. Ta t\u00f6\u00f6tas 1967-1971 Eesti Televisioonis re\u017eiss\u00f6\u00f6ri abi ja assistendina. Seej\u00e4rel sai temast vabakutseline kunstnik ja kirjanik. Toomas Vint on Eesti Kunstnike Liidu liige alates 1973. aastast ja Eesti Kirjanike Liidu liige alates 1977. aastast.<\/p>\n\n\n\n<p>K\u00e4sikirjalise almanahhi Hees v\u00e4ljaandel ilmus 1968. aastal Toomas Vindi luulekogu \u201cSuitsupilvedest unistus\u201d, mis sisaldas illustratsioonidena autori enda linooll\u00f5ikeid. Samal aastal ilmusid ajakirjanduses Vindi esimesed proosapalad. 1970. aastad olid Toomas Vindil kirjanikuna v\u00e4ga viljakad. Temalt ilmus arvukalt l\u00fchiproosakogusid. Vindi varasemat loomeperioodi iseloomustavad m\u00e4rks\u00f5nad on \u00fcksildus, vastuolulised hingeseisundid, irreaalsuse p\u00f5imumine t\u00f5elusega.<\/p>\n\n\n\n<p>P\u00e4rast m\u00f5nev\u00f5rra v\u00e4hem viljakat perioodi algas 1995. aastal uus loominguline k\u00f5rgaeg. Peaaegu igal aastal ilmus Vindilt uus teos. Romaanides hakkasid ilmnema \u00a0postmodernistlikud\u00a0v\u00f5tted. Romaan \u201cKojamehe naine\u201d (1995) \u0161okeeris lugejaid seksuaalse avameelsusega, romaan \u201cL\u00f5ppematu maastik\u201d (1997) reaaleluliste protot\u00fc\u00fcpide kasutamisega.<\/p>\n\n\n\n<p>Toomas Vint on isikup\u00e4rase k\u00e4ekirjaga kirjanik. Tema tugevus avaldub eesk\u00e4tt inimese hingeelu m\u00f5istmises ja kujutamises. Tema tegelasteks on kaasaegsed inimesed, keda r\u00f5hub \u00fcksindus, ebakindlus ja igatsus. Sageli on sellise seisundi p\u00f5hjustanud inimene ise, mitte olukord tema \u00fcmber. Tegelased k\u00e4ituvad irratsionaalselt ning on harva \u00f5nnelikud. Mitmetes romaanides on Vint keskendunud elu ja kunsti vastastikustele suhetele. Ta armastab groteski, m\u00e4ngulisust ning tema novellidel on ootamatud ja vaimukad pu\u00e4ndid.<\/p>\n\n\n\n<p>Toomas Vindilt on ilmunud \u00fcksteist novellikogu ja kaksteist romaani. Kolm korda, 1979., 1984. ja 2012. aastal on ta v\u00f5itnud Friedebert Tuglase novelliauhinna. 1997. aastal p\u00e4lvis tema romaan \u201cL\u00f5ppematu maastik\u201d Eesti Kultuurkapitali kirjanduse aastapreemia. 2012. aastal autasustati Vinti Valget\u00e4he III klassi teenetem\u00e4rgiga. 2014. aastal ilmus Vindi 16 maali reproduktsiooni ja 16 juttu koondav kogumik \u201cM\u00f5ned kummalised naised\u201d, mida 2015. aastal p\u00e4rjati Eduard Vilde nimelise kirjandusauhinnaga. 2018. aastal ilmunud luulekogus \u201c1968\u201d meenutab autor oma boheemlikku noorusaega.<\/p>\n\n\n\n<p><em>L. P.<\/em><\/p>\n\n\n\n<h4 class=\"wp-block-heading\"><br>Raamatud eesti keeles<\/h4>\n\n\n\n<p><em><strong>Romaanid<\/strong><\/em><br><strong>V\u00e4ikelinna romaan<\/strong>. Tallinn: Eesti Raamat, 1980. 160 lk.<br><strong>Suur isane kala akvaariumis<\/strong>. Tallinn: Eesti Raamat, 1985. 127 lk.<br><strong>Kojamehe naine<\/strong>. Tallinn: Varrak, 1995. 142 lk.<br><strong>L\u00f5ppematu maastik<\/strong>. Tallinn: Varrak, 1997. 253 lk.<br><strong>Kunstnikuromaan<\/strong>. Tallinn: Varrak, 1998. 335 lk.<br><strong>N\u00e4dalavahetusel. M\u00e4ngides<\/strong>. Tallinn: Varrak, 1999. 166 lk.<br><strong>Kaine kuu ja purjus p\u00e4ike<\/strong>. Tallinn: Eesti Keele Sihtasutus, 2001. 224 lk.<br><strong>Minu abielu prostituudiga<\/strong>. Tallinn: Eesti Keele Sihtasutus, 2003. 236 lk.<br><strong>Topeltvalguses [Triloogia 2. raamat]<\/strong>. Tallinn: Eesti Keele Sihtasutus, 2005. 270 lk.<br><strong>M\u00e4luauguga naine [Triloogia 3. raamat]<\/strong>. Tallinn: Eesti Keele Sihtasutus, 2007. 194 lk.<br><strong>\u00dc\u00fcriline<\/strong>. Tallinn: Tulikiri, 2009. 258 lk.<br><strong>Avalikult abielust<\/strong>. Tallinn: Tulikiri, 2012. 229 lk.<\/p>\n\n\n\n<p><em><strong>L\u00fchiproosa<\/strong><\/em><br><strong>Kahel pool hekiga palistatud teed<\/strong> [novellid]. Tallinn: Eesti Raamat, 1974. 157 lk.<br><strong>Ringm\u00e4ng<\/strong> [jutustus]. Tallinn: Perioodika, 1975. 72 lk.<br><strong>Perekondlikud m\u00e4ngud<\/strong>. Tallinn: Eesti Raamat, 1977. 242 lk.<br><strong>P\u00f6\u00f6re &amp; veerem\u00e4ng <\/strong>[novellid ja l\u00fchijutud]. Tallinn: Eesti Raamat, 1979. 164 lk.<br><strong>Tantsud Mozarti saatel <\/strong>[novellid ja l\u00fchijutud]. Tallinn: Eesti Raamat, 1983. 165 lk.<br><strong>Kahekesi <\/strong>[novellid]. Tallinn: Eesti Raamat, 1988. 142 lk.<br><strong>Naisepiinaja. \u00d5nnenatukene<\/strong>. Tallinn: Olion, 1996. 216 lk.<br><strong>Elamise sulnis \u00f5udus<\/strong>. Kogumik jutte ja m\u00e4lestusi. Tallinn: Kunst, 2000. 220 lk.<br><strong>Himm<\/strong>. Jutustused. Tallinn: Tuum, 2002. 117 lk.<br><strong>\u00d5nneliku l\u00f5puga lood<\/strong>. Tallinn: Eesti Keele Sihtasutus, 2004. 216 lk.<br><strong>Kunstniku elu<\/strong>: jutte ja m\u00e4lestusi. Tallinn: Tulikiri, 2011. 165 lk.<br><strong>M\u00f5ned kummalised naised<\/strong>. Tallinn: Tulikiri, 2014. 239 lk.<br><strong>Meeldivalt t\u00fchi ruum<\/strong>. Tallinn: Tulikiri, 2019. 235 lk.<\/p>\n\n\n\n<p><em><strong>Luule<\/strong><\/em><br><strong>Suitsupilvedest unistus<\/strong>. Tallinn: Noorte Autorite Koondis, 1968. 31 lk.<br><strong>1968<\/strong>. Tallinn: Tulikiri, 2018. 85 lk.<\/p>\n","protected":false},"excerpt":{"rendered":"<p>Toomas Vint (s\u00fcnd. 5. III 1944) on maalikunstnik ja kirjanik. Ta s\u00fcndis Tallinnas, l\u00f5petas Tallinna 10. keskkooli ja \u00f5ppis aastatel 1962\u20131966 Tartu Riiklikus \u00dclikoolis bioloogiat. Ta t\u00f6\u00f6tas 1967-1971 Eesti Televisioonis re\u017eiss\u00f6\u00f6ri abi ja assistendina. Seej\u00e4rel sai temast vabakutseline kunstnik ja &#8230;<\/p>\n","protected":false},"author":43,"featured_media":0,"parent":6512,"menu_order":0,"comment_status":"closed","ping_status":"closed","template":"","meta":{"_acf_changed":false,"inline_featured_image":false,"footnotes":""},"class_list":["post-7869","page","type-page","status-publish","hentry"],"acf":[],"_links":{"self":[{"href":"https:\/\/ewod.ut.ee\/et\/wp-json\/wp\/v2\/pages\/7869","targetHints":{"allow":["GET"]}}],"collection":[{"href":"https:\/\/ewod.ut.ee\/et\/wp-json\/wp\/v2\/pages"}],"about":[{"href":"https:\/\/ewod.ut.ee\/et\/wp-json\/wp\/v2\/types\/page"}],"author":[{"embeddable":true,"href":"https:\/\/ewod.ut.ee\/et\/wp-json\/wp\/v2\/users\/43"}],"replies":[{"embeddable":true,"href":"https:\/\/ewod.ut.ee\/et\/wp-json\/wp\/v2\/comments?post=7869"}],"version-history":[{"count":3,"href":"https:\/\/ewod.ut.ee\/et\/wp-json\/wp\/v2\/pages\/7869\/revisions"}],"predecessor-version":[{"id":7874,"href":"https:\/\/ewod.ut.ee\/et\/wp-json\/wp\/v2\/pages\/7869\/revisions\/7874"}],"up":[{"embeddable":true,"href":"https:\/\/ewod.ut.ee\/et\/wp-json\/wp\/v2\/pages\/6512"}],"wp:attachment":[{"href":"https:\/\/ewod.ut.ee\/et\/wp-json\/wp\/v2\/media?parent=7869"}],"curies":[{"name":"wp","href":"https:\/\/api.w.org\/{rel}","templated":true}]}}