{"id":7906,"date":"2024-04-03T23:39:23","date_gmt":"2024-04-03T20:39:23","guid":{"rendered":"https:\/\/sisu.ut.ee\/ewod\/?page_id=7906"},"modified":"2026-04-07T16:08:49","modified_gmt":"2026-04-07T13:08:49","slug":"heiki-vilep","status":"publish","type":"page","link":"https:\/\/ewod.ut.ee\/et\/v\/heiki-vilep\/","title":{"rendered":"Heiki Vilep"},"content":{"rendered":"<figure class=\"wp-block-image alignright size-large is-resized\"><a href=\"https:\/\/sisu.ut.ee\/wp-content\/uploads\/sites\/108\/heiki_vilep_alar_madisson-scaled.jpg\"><img loading=\"lazy\" decoding=\"async\" width=\"681\" height=\"1024\" src=\"https:\/\/sisu.ut.ee\/wp-content\/uploads\/sites\/108\/heiki_vilep_alar_madisson-681x1024.jpg\" alt=\"Heiki Vilep\" class=\"wp-image-2564\" style=\"aspect-ratio:0.6650451260647844;width:211px;height:auto\" title=\"Foto: Alar Madisson\" srcset=\"https:\/\/sisu.ut.ee\/wp-content\/uploads\/sites\/108\/heiki_vilep_alar_madisson-681x1024.jpg 681w, https:\/\/sisu.ut.ee\/wp-content\/uploads\/sites\/108\/heiki_vilep_alar_madisson-200x300.jpg 200w, https:\/\/sisu.ut.ee\/wp-content\/uploads\/sites\/108\/heiki_vilep_alar_madisson-768x1154.jpg 768w, https:\/\/sisu.ut.ee\/wp-content\/uploads\/sites\/108\/heiki_vilep_alar_madisson-1022x1536.jpg 1022w, https:\/\/sisu.ut.ee\/wp-content\/uploads\/sites\/108\/heiki_vilep_alar_madisson-1363x2048.jpg 1363w, https:\/\/sisu.ut.ee\/wp-content\/uploads\/sites\/108\/heiki_vilep_alar_madisson-1920x2885.jpg 1920w, https:\/\/sisu.ut.ee\/wp-content\/uploads\/sites\/108\/heiki_vilep_alar_madisson-scaled.jpg 1703w\" sizes=\"auto, (max-width: 681px) 100vw, 681px\"><\/a><\/figure>\n\n\n\n<p>Heiki Vilep (s\u00fcnd. 27. III 1960) on muusik, kirjanik, lastekirjanik ja luuletaja.<\/p>\n\n\n\n<p>Ta s\u00fcndis Tartus. P\u00e4rast Tartu 10. keskkooli l\u00f5petamist j\u00e4tkas \u00f5pinguid esialgu kodulinnas, kuid j\u00e4ttis need pooleli, k\u00e4is s\u00f5jav\u00e4es ja l\u00f5petas 1986. aastal Tallinna Pedagoogilise Instituudi matemaatika\u00f5petaja erialal. Koolis t\u00f6\u00f6tas v\u00e4ga l\u00fchikest aega. M\u00f5ned aastad t\u00f6\u00f6tas ta insenerina Tartu Autode Remondi Katsetehases. J\u00e4rgnevalt sai temast muusikamees. Ta on m\u00e4nginud muusikat mitmetes ansamblites ja Tartus restorani \u201eKaseke\u201c majab\u00e4ndis.<\/p>\n\n\n\n<p>21. sajandi algul hakkasid Vilepi sulest ilmuma raamatud. Tema esimene luuleraamat \u201eAlateadvuse alla\u201c oli m\u00f5eldud eelk\u00f5ige t\u00e4iskasvanud lugejatele. Hiljem kujunes viljakaks lastekirjanikuks. Vilepi lasteraamatute teemad ja meelelaad on kodused ja s\u00fcdamlikud. Igap\u00e4evaelu seikadest r\u00e4\u00e4kivad lapsel\u00e4hedased v\u00e4rsid paistavad silma vaimukate lahenduste poolest. Parimad luuletused sisaldavad k\u00fcbekest nukrust, mis annab neile s\u00fcgavama m\u00f5\u00f5tme.<\/p>\n\n\n\n<p>Heiki Vilep on\u00a0Eesti Kirjanike Liidu liige 2003. aastast. Samal aastal v\u00f5itis ta raamatu \u201eTere!\u201c eest Karl Eduard S\u00f6\u00f6di nimelise lasteluulepreemia.<\/p>\n\n\n\n<p><em>L. P.<\/em><br><\/p>\n\n\n\n<h4 class=\"wp-block-heading\"><strong>Raamatud eesti keeles<\/strong><\/h4>\n\n\n\n<p><em><strong>Romaanid<\/strong><\/em><br><strong>Hirm<\/strong>. Tartu: A-Disain, 2010. 265 lk.<br><strong>Saatuse m\u00e4ngud<\/strong>. Tartu: A-Disain, 2011. 187 lk.<\/p>\n\n\n\n<p><em><strong>Luule<\/strong><\/em><br><strong>Alateadvuse alla<\/strong>. Tartu: H. Vilep, 2001. 86 lk.<br><strong>Mind oli kaks<\/strong>: l\u00e4bil\u00f5ige luuleloomingust. Tartu: Vilep &amp; Vallik, 2006. 150 lk.<br><strong>Ajav\u00e4ljad<\/strong>. Tartu: Jutupesa kirjastus, 2024. 52 lk.<\/p>\n\n\n\n<p><em><strong>Lastekirjandus<\/strong><\/em><br><strong>Tere!<\/strong> Tartu: Sulemees, 2002. 53 lk.<br><strong>Kapiukse kollid<\/strong>. Jutustus. Tartu: Sulemees, 2003. 44 lk.<br><strong>Minu laul<\/strong>. Tartu: Sulemees, 2003. 55 lk.<br><strong>Jani seiklused Varjudemaal<\/strong>. Tartu: Sulemees, 2004. 53 lk.<br><strong>Lendav \u00f5unapuu<\/strong>. Tartu: Sulemees, 2004. 55 lk.<br><strong>Vaikuse h\u00e4\u00e4led<\/strong> [jutustus]. Tartu: Sulemees, 2004. 46 lk.<br><strong>Liisu<\/strong> [l\u00fchijutud]. Tartu: Vilep &amp; Vallik, 2005. 55 lk.<br><strong>Tahaksin olla<\/strong>. Tartu: Vilep &amp; Vallik, 2005. 54 lk.<br><strong>Kapiukse kollid j\u00e4lle platsis<\/strong>. Tartu: Vilep &amp; Vallik, 2006. 63 lk.<br><strong>Liisu liivaaugus<\/strong> [l\u00fchijutud]. Tartu: Vilep &amp; Vallik, 2006. 63 lk.<br><strong>Roosa printsess<\/strong> [jutustus]. Tartu: Vilep &amp; Vallik, 2006. 46 lk.<br><strong>Katus s\u00f5idab<\/strong>. Tartu: Vilep &amp; Vallik, 2007. 51 lk.<br><strong>Liisu leiutab k\u00fc\u00fcnlapuhuja<\/strong> [l\u00fchijutud]. Tartu: Vilep &amp; Vallik, 2007. 61 lk.<br><strong>Padjas\u00f5da<\/strong>. Tallinn: TEA Kirjastus, 2007. 61 lk.<br><strong>Horlok ja \u00dcrgv\u00e4rava v\u00f5ti<\/strong>. Tartu: A-Disain, 2008. 412 lk.<br><strong>Kellak\u00e4gu<\/strong>. Tallinn: TEA Kirjastus, 2008. 44 lk.<br><strong>Kurjajuurikas, Kitupunn ja Pugeja<\/strong>. Tartu: A-Disain, 2008. 56 lk.<br><strong>Une-Mati udujutud<\/strong>. Tartu: A-Disain, 2008. 63 lk.<br><strong>Habemega nali<\/strong>. Tartu: A-Disain, 2009. 56 lk.<br><strong>Kapiukse kollid planeedil X<\/strong>. Tartu: A-Disain, 2009. 55 lk.<br><strong>N\u00f5iutud linn<\/strong>. Tartu: A-Disain, 2009. 44 lk.<br><strong>50 juttu ja luuletust v\u00e4ikestele s\u00f5pradele<\/strong>. Tartu: A-Disain, 2010. 240 lk.<br><strong>Liisu ja hullumaja puhvet <\/strong>[l\u00fchijutud]. Tartu: A-Disain, 2010. 56 lk.<br><strong>Puupeapuu<\/strong>. Tartu: A-Disain, 2011. 58 lk.<br><strong>\u00dcle p\u00f5hjatu kuristiku<\/strong>. Tartu: A-Disain, 2011. 160 lk.<br><strong>J\u00f5ks ja viis imelist p\u00e4eva<\/strong>. Tartu: A-Disain, 2012. 112 lk.<br><strong>J\u00f5ksi r\u00e4nnakud J\u00f5gevamaal<\/strong>. Tartu: A-Disain, 2014. 96 lk.<br><strong>Une-Mati uued udujutud<\/strong>. Tartu: A-Disain, 2015. 55 lk.<br><strong>Villiam<\/strong>. Tartu: A-Disain, 2015. 56 lk.<br><strong>J\u00f5ks Matemaatikamaal<\/strong>. Tartu: H. Vilep, 2016. 91 lk.<br><strong>Une-Mati v\u00e4ga uued udujutud<\/strong>. Tartu: A-Disain, 2016. 63 lk.<br><strong>T\u00e4hes\u00e4ra<\/strong>. Tartu: H. Vilep, 2017. 52 lk.<br><strong>Une-Mati viimased udujutud<\/strong>. Tartu: A-Disain, 2018. 57 lk.<br><strong>P\u00e4ike p\u00f5ues<\/strong>. Tartu: H. Vilep, 2019. 389 lk. [Kogutud lasteluule.]<br><strong>Une-Mati ajab udujuttu<\/strong>. Tartu: H. Vilep, 2019. 228 lk.<br><strong>Unen\u00e4gude Kaitsjad<\/strong>. Tartu: A-Disain, 2019. 54 lk.<br><strong>60 juttu<\/strong>: juubelikogumik. Tartu: Jutupesa kirjastus, 2020. 272 lk.<br><strong>N\u00fcffia. 1. Naer p\u00e4\u00e4stab maailma<\/strong>. Tartu: Jutupesa kirjastus, 2020, 64 lk.<br><strong>N\u00fcffia. 2. T\u00e4hti on liiga palju<\/strong>. Tartu: Jutupesa kirjastus, 2021, 56 lk.<br><strong>N\u00fcffia. 3. Tuld saab elus hoida<\/strong>. Saateks lapsevanemale: Meelis S\u00fctt. Tartu: Jutupesa kirjastus, 2022, 59 lk.<br><strong>Ruperti jutupesa: rohelised lood<\/strong>. Tartu: Jutupesa kirjastus, 2024, 51 lk.<br><strong>V\u00e4ike j\u00f5uluraamat<\/strong>. Tartu: Jutupesa kirjastus, 2024, 78 lk.<br><strong>Une-Mati kiiksulood<\/strong>. Tartu: Jutupesa kirjastus, 2025, 65 lk.<br><strong>Une-Mati uued kiiksulood<\/strong>. Tartu: Jutupesa kirjastus, 2026.<\/p>\n","protected":false},"excerpt":{"rendered":"<p>Heiki Vilep (s\u00fcnd. 27. III 1960) on muusik, kirjanik, lastekirjanik ja luuletaja. Ta s\u00fcndis Tartus. P\u00e4rast Tartu 10. keskkooli l\u00f5petamist j\u00e4tkas \u00f5pinguid esialgu kodulinnas, kuid j\u00e4ttis need pooleli, k\u00e4is s\u00f5jav\u00e4es ja l\u00f5petas 1986. aastal Tallinna Pedagoogilise Instituudi matemaatika\u00f5petaja erialal. Koolis &#8230;<\/p>\n","protected":false},"author":43,"featured_media":0,"parent":6512,"menu_order":0,"comment_status":"closed","ping_status":"closed","template":"","meta":{"_acf_changed":false,"inline_featured_image":false,"footnotes":""},"class_list":["post-7906","page","type-page","status-publish","hentry"],"acf":[],"_links":{"self":[{"href":"https:\/\/ewod.ut.ee\/et\/wp-json\/wp\/v2\/pages\/7906","targetHints":{"allow":["GET"]}}],"collection":[{"href":"https:\/\/ewod.ut.ee\/et\/wp-json\/wp\/v2\/pages"}],"about":[{"href":"https:\/\/ewod.ut.ee\/et\/wp-json\/wp\/v2\/types\/page"}],"author":[{"embeddable":true,"href":"https:\/\/ewod.ut.ee\/et\/wp-json\/wp\/v2\/users\/43"}],"replies":[{"embeddable":true,"href":"https:\/\/ewod.ut.ee\/et\/wp-json\/wp\/v2\/comments?post=7906"}],"version-history":[{"count":2,"href":"https:\/\/ewod.ut.ee\/et\/wp-json\/wp\/v2\/pages\/7906\/revisions"}],"predecessor-version":[{"id":7912,"href":"https:\/\/ewod.ut.ee\/et\/wp-json\/wp\/v2\/pages\/7906\/revisions\/7912"}],"up":[{"embeddable":true,"href":"https:\/\/ewod.ut.ee\/et\/wp-json\/wp\/v2\/pages\/6512"}],"wp:attachment":[{"href":"https:\/\/ewod.ut.ee\/et\/wp-json\/wp\/v2\/media?parent=7906"}],"curies":[{"name":"wp","href":"https:\/\/api.w.org\/{rel}","templated":true}]}}