{"id":7938,"date":"2024-04-03T23:41:28","date_gmt":"2024-04-03T20:41:28","guid":{"rendered":"https:\/\/sisu.ut.ee\/ewod\/?page_id=7938"},"modified":"2026-04-08T08:58:19","modified_gmt":"2026-04-08T05:58:19","slug":"piret-viires","status":"publish","type":"page","link":"https:\/\/ewod.ut.ee\/et\/v\/piret-viires\/","title":{"rendered":"Piret Viires"},"content":{"rendered":"<figure class=\"wp-block-image alignright size-large is-resized\"><a href=\"https:\/\/sisu.ut.ee\/wp-content\/uploads\/sites\/108\/piret_vaike_2_kroot_tarkmeel.jpg\"><img loading=\"lazy\" decoding=\"async\" width=\"675\" height=\"1024\" src=\"https:\/\/sisu.ut.ee\/wp-content\/uploads\/sites\/108\/piret_vaike_2_kroot_tarkmeel-675x1024.jpg\" alt=\"\" class=\"wp-image-6234\" style=\"aspect-ratio:0.659179653121102;width:222px;height:auto\" title=\"Foto: Kr\u00f5\u00f5t Tarkmeel\" srcset=\"https:\/\/sisu.ut.ee\/wp-content\/uploads\/sites\/108\/piret_vaike_2_kroot_tarkmeel-675x1024.jpg 675w, https:\/\/sisu.ut.ee\/wp-content\/uploads\/sites\/108\/piret_vaike_2_kroot_tarkmeel-198x300.jpg 198w, https:\/\/sisu.ut.ee\/wp-content\/uploads\/sites\/108\/piret_vaike_2_kroot_tarkmeel-768x1165.jpg 768w, https:\/\/sisu.ut.ee\/wp-content\/uploads\/sites\/108\/piret_vaike_2_kroot_tarkmeel.jpg 862w\" sizes=\"auto, (max-width: 675px) 100vw, 675px\"><\/a><\/figure>\n\n\n\n<p>Piret Viires (s\u00fcnd. 11. VIII 1963) on kirjandusteadlane, kirjastaja ja prosaist.<\/p>\n\n\n\n<p>Viires s\u00fcndis Tallinnas ja \u00f5ppis aastatel 1970\u20131981 Tallinna 44. keskkoolis. Aastatel 1981\u20131987 \u00f5ppis ta Tartu Riiklikus \u00dclikoolis eesti filoloogia erialal. P\u00e4rast \u00fclikooli l\u00f5petamist t\u00f6\u00f6tas ta aastatel 1987\u20131994 Eesti Teaduste Akadeemia Keele ja Kirjanduse Instituudis ning aastatel 1994\u20131997 Underi ja Tuglase Kirjanduskeskuses. Aastatel 1995\u20132007 oli ta ajakirja Keel ja Kirjandus kirjandusteooria ja kirjanduskriitika toimetaja ning alates 1997. aastast Eesti Kirjanike Liidu t\u00f6\u00f6taja. 1993. aastast on ta olnud seotud kirjastusega Tuum, millel oli oluline roll 1990. aastate kirjandusuuenduses. 2000. aastal omandas ta Tartu \u00dclikoolis magistrikraadi, 2006 doktorikraadi. Alates 2008. aastast on ta Tallinna \u00dclikooli eesti kirjanduse professor. Viires on Eesti Kirjanike Liidu liige alates 1995. aastast.<\/p>\n\n\n\n<p>Piret Viires on kirjandusteadlasena tegelenud 20. sajandi eesti kirjanduse erinevate perioodidega. Tema hilisem teadust\u00f6\u00f6 on \u00fcha enam suunatud kaasaegsele kirjandusele, postmodernismile, kirjanduse ja tehnoloogia suhetele ning digitaalajastu m\u00f5jutustele eesti kirjanduses.<\/p>\n\n\n\n<p>Viires deb\u00fcteeris l\u00fchiproosaga ajakirjanduses 1981. aastal ja hakkas 1980. aastatel avaldama kirjandusarvustusi. Piret Viireselt on 1990. aastal ilmunud novellikogumik \u201eTallinna ja Tartu vahel\u201c, milles peegelduvad 1980. aastate Tartu \u00fcli\u00f5pilaselu iseloomulikud jooned. M\u00f5ned Viirese novellid on avaldatud saksa ja inglise keeles.<\/p>\n\n\n\n<p><em>L. P.<\/em><\/p>\n\n\n\n<h4 class=\"wp-block-heading\"><br>Raamatud eesti keeles<\/h4>\n\n\n\n<p><em><strong>L\u00fchiproosa<\/strong><\/em><br><strong>Tallinna ja Tartu vahel<\/strong>. Tallinn: Eesti Raamat, 1990. 109 lk.<\/p>\n\n\n\n<p><em><strong>Monograafiad<\/strong><\/em><br><strong>Postmodernism Eesti kirjanduskultuuris<\/strong>. Tartu: Tartu \u00dclikooli Kirjastus, 2006. 257 lk.<br><strong>Eesti kirjandus ja postmodernism<\/strong>. Tartu: Tartu \u00dclikooli Kirjastus, 2008. 112 lk.<\/p>\n\n\n\n<p><\/p>\n","protected":false},"excerpt":{"rendered":"<p>Piret Viires (s\u00fcnd. 11. VIII 1963) on kirjandusteadlane, kirjastaja ja prosaist. Viires s\u00fcndis Tallinnas ja \u00f5ppis aastatel 1970\u20131981 Tallinna 44. keskkoolis. Aastatel 1981\u20131987 \u00f5ppis ta Tartu Riiklikus \u00dclikoolis eesti filoloogia erialal. P\u00e4rast \u00fclikooli l\u00f5petamist t\u00f6\u00f6tas ta aastatel 1987\u20131994 Eesti Teaduste &#8230;<\/p>\n","protected":false},"author":43,"featured_media":0,"parent":6512,"menu_order":0,"comment_status":"closed","ping_status":"closed","template":"","meta":{"_acf_changed":false,"inline_featured_image":false,"footnotes":""},"class_list":["post-7938","page","type-page","status-publish","hentry"],"acf":[],"_links":{"self":[{"href":"https:\/\/ewod.ut.ee\/et\/wp-json\/wp\/v2\/pages\/7938","targetHints":{"allow":["GET"]}}],"collection":[{"href":"https:\/\/ewod.ut.ee\/et\/wp-json\/wp\/v2\/pages"}],"about":[{"href":"https:\/\/ewod.ut.ee\/et\/wp-json\/wp\/v2\/types\/page"}],"author":[{"embeddable":true,"href":"https:\/\/ewod.ut.ee\/et\/wp-json\/wp\/v2\/users\/43"}],"replies":[{"embeddable":true,"href":"https:\/\/ewod.ut.ee\/et\/wp-json\/wp\/v2\/comments?post=7938"}],"version-history":[{"count":2,"href":"https:\/\/ewod.ut.ee\/et\/wp-json\/wp\/v2\/pages\/7938\/revisions"}],"predecessor-version":[{"id":7943,"href":"https:\/\/ewod.ut.ee\/et\/wp-json\/wp\/v2\/pages\/7938\/revisions\/7943"}],"up":[{"embeddable":true,"href":"https:\/\/ewod.ut.ee\/et\/wp-json\/wp\/v2\/pages\/6512"}],"wp:attachment":[{"href":"https:\/\/ewod.ut.ee\/et\/wp-json\/wp\/v2\/media?parent=7938"}],"curies":[{"name":"wp","href":"https:\/\/api.w.org\/{rel}","templated":true}]}}