{"id":7945,"date":"2024-04-03T23:41:54","date_gmt":"2024-04-03T20:41:54","guid":{"rendered":"https:\/\/sisu.ut.ee\/ewod\/?page_id=7945"},"modified":"2026-04-08T09:23:54","modified_gmt":"2026-04-08T06:23:54","slug":"kristina-viin","status":"publish","type":"page","link":"https:\/\/ewod.ut.ee\/et\/v\/kristina-viin\/","title":{"rendered":"Kristina Viin"},"content":{"rendered":"<p>Kristina Viin (s\u00fcnd. 22. XI 1985) on kunstnik, illustraator ja luuletaja.<\/p>\n\n\n\n<p>Viin s\u00fcndis V\u00f5rus. Ta l\u00f5petas 2004. aastal V\u00f5ru Kreutzwaldi g\u00fcmnaasiumi ja astus samal aastal Tartu K\u00f5rgemasse Kunstikooli. Ta l\u00f5petas kunstikooli 2010. aastal skulptuuri erialal. Viin \u00f5ppis aastatel 2015\u20132020 Tartu \u00dclikoolis teoloogiat. Ta on Eesti Kirjanike Liidu (alates 2020. aastast) ja Eesti Akadeemilise Orientaalseltsi liige.<\/p>\n\n\n\n<p>Temalt on ilmunud luulekogud \u201eN\u00f5tkel elevandisammul\u201c (2014), \u201eIsep\u00fc\u00fcdleja\u201c (2018) ja \u201eUnetamisi\u201d (2024). Viina luuletusi on avaldatud ajakirjandusv\u00e4ljaannetes Looming, Vikerkaar, M\u00fc\u00fcrileht ja V\u00e4rske R\u00f5hk ning kogumikes. Ta on kirjutanud kunstiarvustusi ja artikleid.<\/p>\n\n\n\n<p>Viina deb\u00fc\u00fctraamat \u201eN\u00f5tkel elevandisammul\u201c on autori illustreeritud. Luulekogu tekstid on t\u00e4idetud L\u00f5una-Eesti maastikega, luuletused on ekspressiivsed ja n\u00e4gemuslikud ning tegelevad muuhulgas naiseks ja emaks olemise painete ja r\u00f5\u00f5mudega. Teist luulekogu \u201eIsep\u00fc\u00fcdleja\u201c iseloomustavad m\u00e4rks\u00f5nad \u00fclikool, raamatud, kunst, Tartu, kaasaja sotsiaalne erip\u00e4ra. Kolmandasse kogusse \u201eUnetamisi\u201c on tuntavamalt lisandunud religioonitemaatika.<\/p>\n\n\n\n<p>Viin kuulub Tartuga seotud naiskunstnike r\u00fchmitusse Delegatsioon K. Ta on illustreerinud luulekogusid, lasteraamatuid ja muid v\u00e4ljaandeid, esinenud n\u00e4itustel Eestis ja Soomes.<\/p>\n\n\n\n<p><em>L. P.<\/em><\/p>\n\n\n\n<h4 class=\"wp-block-heading\"><br>Raamatud eesti keeles<\/h4>\n\n\n\n<p><em><strong>Luule<\/strong><\/em><br><strong>N\u00f5tkel elevandisammul<\/strong>: Raiste, Tartu, L\u00f5\u00f5dla, \u00c4hij\u00e4rve, Tsooru. Tartu: V\u00e4rske R\u00f5hk, 2014. 77 lk.<br><strong>Isep\u00fc\u00fcdleja<\/strong>: luuletusi \u00fchest perioodist. Tallinn: Tuum, 2018. 91 lk.<br><strong>Unetamisi<\/strong>. Tallinn: Tuum, 2024, 79 lk.<\/p>\n","protected":false},"excerpt":{"rendered":"<p>Kristina Viin (s\u00fcnd. 22. XI 1985) on kunstnik, illustraator ja luuletaja. Viin s\u00fcndis V\u00f5rus. Ta l\u00f5petas 2004. aastal V\u00f5ru Kreutzwaldi g\u00fcmnaasiumi ja astus samal aastal Tartu K\u00f5rgemasse Kunstikooli. Ta l\u00f5petas kunstikooli 2010. aastal skulptuuri erialal. Viin \u00f5ppis aastatel 2015\u20132020 Tartu &#8230;<\/p>\n","protected":false},"author":43,"featured_media":0,"parent":6512,"menu_order":0,"comment_status":"closed","ping_status":"closed","template":"","meta":{"_acf_changed":false,"inline_featured_image":false,"footnotes":""},"class_list":["post-7945","page","type-page","status-publish","hentry"],"acf":[],"_links":{"self":[{"href":"https:\/\/ewod.ut.ee\/et\/wp-json\/wp\/v2\/pages\/7945","targetHints":{"allow":["GET"]}}],"collection":[{"href":"https:\/\/ewod.ut.ee\/et\/wp-json\/wp\/v2\/pages"}],"about":[{"href":"https:\/\/ewod.ut.ee\/et\/wp-json\/wp\/v2\/types\/page"}],"author":[{"embeddable":true,"href":"https:\/\/ewod.ut.ee\/et\/wp-json\/wp\/v2\/users\/43"}],"replies":[{"embeddable":true,"href":"https:\/\/ewod.ut.ee\/et\/wp-json\/wp\/v2\/comments?post=7945"}],"version-history":[{"count":2,"href":"https:\/\/ewod.ut.ee\/et\/wp-json\/wp\/v2\/pages\/7945\/revisions"}],"predecessor-version":[{"id":7948,"href":"https:\/\/ewod.ut.ee\/et\/wp-json\/wp\/v2\/pages\/7945\/revisions\/7948"}],"up":[{"embeddable":true,"href":"https:\/\/ewod.ut.ee\/et\/wp-json\/wp\/v2\/pages\/6512"}],"wp:attachment":[{"href":"https:\/\/ewod.ut.ee\/et\/wp-json\/wp\/v2\/media?parent=7945"}],"curies":[{"name":"wp","href":"https:\/\/api.w.org\/{rel}","templated":true}]}}