{"id":7956,"date":"2024-04-03T23:39:27","date_gmt":"2024-04-03T20:39:27","guid":{"rendered":"https:\/\/sisu.ut.ee\/ewod\/?page_id=7956"},"modified":"2026-04-08T20:22:50","modified_gmt":"2026-04-08T17:22:50","slug":"paul-viiding","status":"publish","type":"page","link":"https:\/\/ewod.ut.ee\/et\/v\/paul-viiding\/","title":{"rendered":"Paul Viiding"},"content":{"rendered":"<figure class=\"wp-block-image alignright size-large is-resized\"><a href=\"https:\/\/sisu.ut.ee\/wp-content\/uploads\/sites\/108\/paul_viiding.jpg\"><img loading=\"lazy\" decoding=\"async\" width=\"693\" height=\"1024\" src=\"https:\/\/sisu.ut.ee\/wp-content\/uploads\/sites\/108\/paul_viiding-693x1024.jpg\" alt=\"\" class=\"wp-image-6099\" style=\"aspect-ratio:0.6767553186179653;width:211px;height:auto\" srcset=\"https:\/\/sisu.ut.ee\/wp-content\/uploads\/sites\/108\/paul_viiding-693x1024.jpg 693w, https:\/\/sisu.ut.ee\/wp-content\/uploads\/sites\/108\/paul_viiding-203x300.jpg 203w, https:\/\/sisu.ut.ee\/wp-content\/uploads\/sites\/108\/paul_viiding-768x1135.jpg 768w, https:\/\/sisu.ut.ee\/wp-content\/uploads\/sites\/108\/paul_viiding-1040x1536.jpg 1040w, https:\/\/sisu.ut.ee\/wp-content\/uploads\/sites\/108\/paul_viiding.jpg 1363w\" sizes=\"auto, (max-width: 693px) 100vw, 693px\"><\/a><\/figure>\n\n\n\n<p>Paul Viiding (22. V 1904 \u2013 27. VI 1962) oli kirjanik,\u00a0kriitik\u00a0ja\u00a0t\u00f5lkija.<\/p>\n\n\n\n<p>Ta s\u00fcndis Valgas vedurijuhi pojana. Aastatel 1911\u20131912 \u00f5ppis ta\u00a0Riias\u00a0erakoolis, aastatel 1912\u20131915\u00a0Tallinna Nikolai Kroonug\u00fcmnaasiumis. Aastatel 1915\u20131918 \u00f5ppis ta paguluses\u00a0Vitebskis\u00a0ning aastatel 1918\u20131922 Tartus\u00a0Hugo Treffneri G\u00fcmnaasiumis. L\u00f5petas\u00a01930. aastal\u00a0Tartu \u00dclikooli\u00a0matemaatika\u00a0alal. Ta t\u00f6\u00f6tas aastaid\u00a0Eesti Kirjanike Liidu\u00a0sekret\u00e4rina ja luulekonsultandina. Aastatel 1950\u20131956 oli kodanlikus natsionalismis ja formalismis s\u00fc\u00fcdistatuna Kirjanike Liidust v\u00e4lja arvatud. Tema abikaasa oli t\u00f5lkija Linda Viiding, poeg hilisem luuleklassik Juhan Viiding ja t\u00fctar raadioajakirjanik Mari Tarand.<\/p>\n\n\n\n<p>Viiding on kirjutanud ps\u00fchholoogilist proosat, milles annab tooni arutlev-intellektuaalne laad. Tema s\u00f5jaeelsete proosateoste tegelasteks on p\u00f5hiliselt j\u00f5uetud intelligendid. \u00dchena esimestest eesti kirjanduses on ta rakendanud ulmekirjanduse elemente, n\u00e4iteks totalitarismivastases novellis \u201eMehhanism\u201c (1938) ja humanistlikus jutustuses \u201eMarsi ja Jupiteri vahel\u201c (1958).<\/p>\n\n\n\n<p>Luuletajana kuulus r\u00fchmitusse\u00a0Arbujad.<\/p>\n\n\n\n<p>Viiding on avaldanud romaane, novelle, artikleid, arvustusi, f\u00f6ljetone, luuletusi ja lastejutte. Ta on t\u00f5lkinud eesti keelde saksa ja vene kirjandusklassikat \u2013 Gogolit, Schillerit jt.<\/p>\n\n\n\n<p><em>L. P.<\/em><\/p>\n\n\n\n<h5 class=\"wp-block-heading\"><br>Raamatud eesti keeles<\/h5>\n\n\n\n<p><strong><em>Luule<\/em><\/strong><br><strong>Traataed<\/strong>: luuletusi 1932\u20131935. Tartu: Eesti Raamat, 1935. 60 lk.<br><strong>Arbujad<\/strong>: valimik uusimat eesti l\u00fc\u00fcrikat. Tartu: Eesti Kirjastuse Kooperatiiv, 1938. 297 lk.<br><strong>Edasiminek<\/strong>. Tallinn: Ilukirjandus ja Kunst, 1947. 46 lk.<\/p>\n\n\n\n<p><strong><em>Proosa<\/em><\/strong><br><strong>Piinlikult hea tahe<\/strong>: novellid. Tartu: Noor-Eesti, 1936. 139 lk.<br><strong>Elu aseaine<\/strong>: romaan. Tartu: Noor-Eesti, 1939. 257 lk.<br><strong>Sild<\/strong>: novellid. Tallinn: Ilukirjandus ja Kunst, 1947. 143 lk.<br><strong>M\u00f5tteid rahutul hommikul<\/strong>: l\u00fchijutte ja novelle. Tallinn: Eesti Riiklik Kirjastus, 1958. 304 lk.<br><strong>Valge krae<\/strong>: novellid. Tallinn: Eesti Raamat, 1987. 222 lk.<\/p>\n\n\n\n<p><strong><em>Kriitika<\/em><\/strong><br><strong>Elu ja luule<\/strong>: valimik kirjanduskriitilisi artikleid. Tallinn: Eesti Riiklik Kirjastus, 1963. 288 lk.<\/p>\n\n\n\n<p><\/p>\n","protected":false},"excerpt":{"rendered":"<p>Paul Viiding (22. V 1904 \u2013 27. VI 1962) oli kirjanik,\u00a0kriitik\u00a0ja\u00a0t\u00f5lkija. Ta s\u00fcndis Valgas vedurijuhi pojana. Aastatel 1911\u20131912 \u00f5ppis ta\u00a0Riias\u00a0erakoolis, aastatel 1912\u20131915\u00a0Tallinna Nikolai Kroonug\u00fcmnaasiumis. Aastatel 1915\u20131918 \u00f5ppis ta paguluses\u00a0Vitebskis\u00a0ning aastatel 1918\u20131922 Tartus\u00a0Hugo Treffneri G\u00fcmnaasiumis. L\u00f5petas\u00a01930. aastal\u00a0Tartu \u00dclikooli\u00a0matemaatika\u00a0alal. Ta t\u00f6\u00f6tas aastaid\u00a0Eesti &#8230;<\/p>\n","protected":false},"author":43,"featured_media":0,"parent":6512,"menu_order":0,"comment_status":"closed","ping_status":"closed","template":"","meta":{"_acf_changed":false,"inline_featured_image":false,"footnotes":""},"class_list":["post-7956","page","type-page","status-publish","hentry"],"acf":[],"_links":{"self":[{"href":"https:\/\/ewod.ut.ee\/et\/wp-json\/wp\/v2\/pages\/7956","targetHints":{"allow":["GET"]}}],"collection":[{"href":"https:\/\/ewod.ut.ee\/et\/wp-json\/wp\/v2\/pages"}],"about":[{"href":"https:\/\/ewod.ut.ee\/et\/wp-json\/wp\/v2\/types\/page"}],"author":[{"embeddable":true,"href":"https:\/\/ewod.ut.ee\/et\/wp-json\/wp\/v2\/users\/43"}],"replies":[{"embeddable":true,"href":"https:\/\/ewod.ut.ee\/et\/wp-json\/wp\/v2\/comments?post=7956"}],"version-history":[{"count":2,"href":"https:\/\/ewod.ut.ee\/et\/wp-json\/wp\/v2\/pages\/7956\/revisions"}],"predecessor-version":[{"id":7959,"href":"https:\/\/ewod.ut.ee\/et\/wp-json\/wp\/v2\/pages\/7956\/revisions\/7959"}],"up":[{"embeddable":true,"href":"https:\/\/ewod.ut.ee\/et\/wp-json\/wp\/v2\/pages\/6512"}],"wp:attachment":[{"href":"https:\/\/ewod.ut.ee\/et\/wp-json\/wp\/v2\/media?parent=7956"}],"curies":[{"name":"wp","href":"https:\/\/api.w.org\/{rel}","templated":true}]}}