{"id":7961,"date":"2024-04-03T23:40:17","date_gmt":"2024-04-03T20:40:17","guid":{"rendered":"https:\/\/sisu.ut.ee\/ewod\/?page_id=7961"},"modified":"2026-04-08T22:21:56","modified_gmt":"2026-04-08T19:21:56","slug":"ine-viiding","status":"publish","type":"page","link":"https:\/\/ewod.ut.ee\/et\/v\/ine-viiding\/","title":{"rendered":"Ine Viiding"},"content":{"rendered":"<figure class=\"wp-block-image alignright size-large is-resized\"><a href=\"https:\/\/sisu.ut.ee\/wp-content\/uploads\/sites\/108\/ine_viiding_kalju_suur-scaled.jpg\"><img loading=\"lazy\" decoding=\"async\" width=\"701\" height=\"1024\" src=\"https:\/\/sisu.ut.ee\/wp-content\/uploads\/sites\/108\/ine_viiding_kalju_suur-701x1024.jpg\" alt=\"\" class=\"wp-image-6236\" style=\"aspect-ratio:0.6845624450953468;width:229px;height:auto\" title=\"Foto: Kalju Suur\" srcset=\"https:\/\/sisu.ut.ee\/wp-content\/uploads\/sites\/108\/ine_viiding_kalju_suur-701x1024.jpg 701w, https:\/\/sisu.ut.ee\/wp-content\/uploads\/sites\/108\/ine_viiding_kalju_suur-205x300.jpg 205w, https:\/\/sisu.ut.ee\/wp-content\/uploads\/sites\/108\/ine_viiding_kalju_suur-768x1122.jpg 768w, https:\/\/sisu.ut.ee\/wp-content\/uploads\/sites\/108\/ine_viiding_kalju_suur-1052x1536.jpg 1052w, https:\/\/sisu.ut.ee\/wp-content\/uploads\/sites\/108\/ine_viiding_kalju_suur-1402x2048.jpg 1402w, https:\/\/sisu.ut.ee\/wp-content\/uploads\/sites\/108\/ine_viiding_kalju_suur-1920x2804.jpg 1920w, https:\/\/sisu.ut.ee\/wp-content\/uploads\/sites\/108\/ine_viiding_kalju_suur-scaled.jpg 1753w\" sizes=\"auto, (max-width: 701px) 100vw, 701px\"><\/a><\/figure>\n\n\n\n<p>Ine Viiding (aastani 1956 Ine S\u00fcvalep, 30. XII 1933 \u2013 30. IX 1990) oli proosakirjanik, kirjanduskriitik ja publitsist.<\/p>\n\n\n\n<p>Ta s\u00fcndis Tallinnas ajakirjaniku t\u00fctrena. L\u00f5petas kuldmedaliga Tallinna 10. Keskkooli ja 1957. aastal kiitusega Tartu \u00dclikooli \u017eurnalistika eriala. T\u00f6\u00f6tas aastatel 1957\u20131958 T\u00fcri ajalehe Leek toimetuses osakonnajuhatajana, oli aastatel 1958\u20131964 ajalehe Sirp ja Vasar kirjanduslik kaast\u00f6\u00f6line ja kirjandusosakonna juhataja, 1964\u20131969 Eestimaa Kommunistliku Partei Keskkomitee teaduse ja kultuuri osakonna instruktor ning 1969\u20131982 ajakirja Looming vastutav sekret\u00e4r. Oli 1963-1990 NLKP liige, 1970. aastast Kirjanike Liidu liige. Alates 1982. aastast tegutses vabakutselisena.<\/p>\n\n\n\n<p>Kirjanduslikku tegevust alustas kriitikuna: 1959. aastast alates avaldas arvustusi, probleemartikleid ja k\u00e4sitlusi kirjanike kohta. Ine Viiding on koostanud publitsistikakogud \u201eAjas\u00f5lmed\u201c ja \u201eJ\u00e4rvamaa kohtumised\u201c, milles ta ise osales ka autorina. Viidingu esimesed jutud ilmusid ajalehes Leek. Hiljem p\u00fchendus ta t\u00e4ielikult ilukirjandusele. Ta on kirjutanud olukirjeldusi, jutustusi, romaane ja luulet.<\/p>\n\n\n\n<p>1977. aastal ilmunud jutukogu \u201eK\u00fcmme k\u00e4sku kaaskodanikele\u201c ja 1984. aastal ilmunud jutukogu \u201eJ\u016brmala lood\u201c m\u00f5jusid v\u00e4rskelt t\u00e4nu autori vaatepunkti t\u00f5sidusele ja siirusele. Ps\u00fchholoogiline romaan \u201eKordusm\u00e4ngud\u201c m\u00e4rgiti \u00e4ra 1979. aasta romaaniv\u00f5istlusel. Teos k\u00e4sitleb haritud naise kohta \u00fchiskonnas naisena, emana ja t\u00f6\u00f6tajana. Dokumentaaljutustus \u201eReportaa\u017e operatsioonilaualt\u201c kujutab s\u00fcdamekirurgia saavutusi ja p\u00e4lvis 1981. aastal J. Smuuli nimelise publitsistikapreemia. Romaan \u201eSa tead ainult k\u00fcsim\u00e4rki\u201c (1988) keskendub kodu- ja v\u00e4liseestlaste vahekordadele ning kodutunde teemale k\u00fclma s\u00f5ja tingimustes.<\/p>\n\n\n\n<p>Ine Viiding oli \u00fcks esimesi, kes t\u00f5i eesti kirjandusse haritud naise eluraskuste ja \u00fcksinduse teema. K\u00f5ik tema proosateosed on kirjutatud pieteeditundliku s\u00fcvenemisega naise hingeelusse.<\/p>\n\n\n\n<p>Ine Viiding oli n\u00e4itleja ja lavastaja Kulno S\u00fcvalepa \u00f5de. Tema abikaasa oli kirjanik Bernhard Viiding ja t\u00fctar folklorist Taive S\u00e4rg.<\/p>\n\n\n\n<p><em>L. P.<\/em><\/p>\n\n\n\n<h5 class=\"wp-block-heading\"><br>Raamatud eesti keeles<\/h5>\n\n\n\n<p><em><strong>Romaanid<\/strong><\/em><br><strong>Kordusm\u00e4ngud<\/strong>. Tallinn: Eesti Raamat, 1980. 222 lk.<br><strong>Sa tead ainult k\u00fcsim\u00e4rki<\/strong>. Tallinn: Eesti Raamat, 1988. 157 lk.<\/p>\n\n\n\n<p><em><strong>L\u00fchiproosa<\/strong><\/em><br><strong>K\u00fcmme k\u00e4sku kaaskodanikele<\/strong>. Tallinn: Eesti Raamat, 1977. 147 lk.<br><strong>Perekonna au<\/strong>. Reportaa\u017e operatsioonilaualt. Tallinn: Eesti Raamat, 1982. 143 lk.<br><strong>Jurmala lood<\/strong>. Tallinn: Eesti Raamat, 1984. 120 lk.<\/p>\n","protected":false},"excerpt":{"rendered":"<p>Ine Viiding (aastani 1956 Ine S\u00fcvalep, 30. XII 1933 \u2013 30. IX 1990) oli proosakirjanik, kirjanduskriitik ja publitsist. Ta s\u00fcndis Tallinnas ajakirjaniku t\u00fctrena. L\u00f5petas kuldmedaliga Tallinna 10. Keskkooli ja 1957. aastal kiitusega Tartu \u00dclikooli \u017eurnalistika eriala. T\u00f6\u00f6tas aastatel 1957\u20131958 T\u00fcri &#8230;<\/p>\n","protected":false},"author":43,"featured_media":0,"parent":6512,"menu_order":0,"comment_status":"closed","ping_status":"closed","template":"","meta":{"_acf_changed":false,"inline_featured_image":false,"footnotes":""},"class_list":["post-7961","page","type-page","status-publish","hentry"],"acf":[],"_links":{"self":[{"href":"https:\/\/ewod.ut.ee\/et\/wp-json\/wp\/v2\/pages\/7961","targetHints":{"allow":["GET"]}}],"collection":[{"href":"https:\/\/ewod.ut.ee\/et\/wp-json\/wp\/v2\/pages"}],"about":[{"href":"https:\/\/ewod.ut.ee\/et\/wp-json\/wp\/v2\/types\/page"}],"author":[{"embeddable":true,"href":"https:\/\/ewod.ut.ee\/et\/wp-json\/wp\/v2\/users\/43"}],"replies":[{"embeddable":true,"href":"https:\/\/ewod.ut.ee\/et\/wp-json\/wp\/v2\/comments?post=7961"}],"version-history":[{"count":1,"href":"https:\/\/ewod.ut.ee\/et\/wp-json\/wp\/v2\/pages\/7961\/revisions"}],"predecessor-version":[{"id":7962,"href":"https:\/\/ewod.ut.ee\/et\/wp-json\/wp\/v2\/pages\/7961\/revisions\/7962"}],"up":[{"embeddable":true,"href":"https:\/\/ewod.ut.ee\/et\/wp-json\/wp\/v2\/pages\/6512"}],"wp:attachment":[{"href":"https:\/\/ewod.ut.ee\/et\/wp-json\/wp\/v2\/media?parent=7961"}],"curies":[{"name":"wp","href":"https:\/\/api.w.org\/{rel}","templated":true}]}}