{"id":7964,"date":"2024-04-03T23:42:19","date_gmt":"2024-04-03T20:42:19","guid":{"rendered":"https:\/\/sisu.ut.ee\/ewod\/?page_id=7964"},"modified":"2026-04-08T22:48:13","modified_gmt":"2026-04-08T19:48:13","slug":"elo-viiding","status":"publish","type":"page","link":"https:\/\/ewod.ut.ee\/et\/v\/elo-viiding\/","title":{"rendered":"Elo Viiding"},"content":{"rendered":"<figure class=\"wp-block-image alignright size-large is-resized\"><a href=\"https:\/\/sisu.ut.ee\/wp-content\/uploads\/sites\/108\/Elo-Viiding_Alar-Madisson-1-scaled.jpg\"><img loading=\"lazy\" decoding=\"async\" width=\"685\" height=\"1024\" src=\"https:\/\/sisu.ut.ee\/wp-content\/uploads\/sites\/108\/Elo-Viiding_Alar-Madisson-1-685x1024.jpg\" alt=\"\" class=\"wp-image-6429\" style=\"aspect-ratio:0.6689377263371207;width:244px;height:auto\" title=\"Foto: Alar Madisson\" srcset=\"https:\/\/sisu.ut.ee\/wp-content\/uploads\/sites\/108\/Elo-Viiding_Alar-Madisson-1-685x1024.jpg 685w, https:\/\/sisu.ut.ee\/wp-content\/uploads\/sites\/108\/Elo-Viiding_Alar-Madisson-1-201x300.jpg 201w, https:\/\/sisu.ut.ee\/wp-content\/uploads\/sites\/108\/Elo-Viiding_Alar-Madisson-1-768x1147.jpg 768w, https:\/\/sisu.ut.ee\/wp-content\/uploads\/sites\/108\/Elo-Viiding_Alar-Madisson-1-1028x1536.jpg 1028w, https:\/\/sisu.ut.ee\/wp-content\/uploads\/sites\/108\/Elo-Viiding_Alar-Madisson-1-1371x2048.jpg 1371w, https:\/\/sisu.ut.ee\/wp-content\/uploads\/sites\/108\/Elo-Viiding_Alar-Madisson-1-1920x2868.jpg 1920w, https:\/\/sisu.ut.ee\/wp-content\/uploads\/sites\/108\/Elo-Viiding_Alar-Madisson-1-scaled.jpg 1714w\" sizes=\"auto, (max-width: 685px) 100vw, 685px\"><\/a><\/figure>\n\n\n\n<p>Elo Viiding (pseudon\u00fc\u00fcm Elo Vee, s\u00fcndinud 20. m\u00e4rtsil 1974) on eesti kirjanik, luuletaja, t\u00f5lkija ja toimetaja.<\/p>\n\n\n\n<p>Viiding s\u00fcndis Tallinnas, tema isa on n\u00e4itleja ja luuletaja Juhan Viiding, ema teatritegelane Riina Viiding, ka vanavanemad (n\u00e4itleja Kaljo Kiisk, luuletaja Paul Viiding, t\u00f5lkija Linda Viiding) olid kultuuritegelased. Ta \u00f5ppis aastatel 1981\u20131989 Tallinna muusikakeskkoolis, 1989\u20131992 Georg Otsa nimelises Tallinna muusikakoolis (viiuli erialal), 1992\u20131994 Tallinna 1. \u00f5htukeskkoolis ning 1994\u20131999 Eesti humanitaarinstituudis (teatri- ja n\u00e4itlejameisterlikkuse erialal).<\/p>\n\n\n\n<p>Esimesed luuletused avaldas Elo Viiding 1987. aastal, esimene luulekogu \u201eTelg\u201c ilmus 1990. aastal \u201eluulekassetis 90\u201c, esimene novellikogu 1995. aastal. Varajaste kogude puhul kasutas pseudon\u00fc\u00fcmi Elo Vee, millest hiljem ametliku nime kasuks loobus. Tema valdavalt vabav\u00e4rsis ning kohati keelem\u00e4ngudega pikitud luulet peetakse modernseks, sotsiaalseks ja kriitiliseks, aga ka isiklikuks, intellektuaalseks ja irooniliseks. Ise on Viiding \u00f6elnud, et kirjaniku kohus on olla p\u00e4riselt sotsiaalselt tundlik, mitte kirjutada jaburusi v\u00f5i eluliselt ja sisuliselt l\u00e4bi tunnetamata edevaid manifeste, kuid samas ei tohi autor lahustuda oma tekstikangasse. Tema loomingut on t\u00f5lgitud inglise, saksa, vene, rootsi ja soome keelde.<\/p>\n\n\n\n<p>Ta on t\u00f5lkinud soome keelest Pentti Saarikoski, Rita Dahli, Sanna Karlstr\u00f6mi, Risto Oikarise ja Petra Vallila luulet. Samuti on ta osalenud (nii m\u00f5nelgi korral riigipiiri\u00fclestes) muusikalistes ja kunstilistes projektides, millesse on sageli seotud oma luulega. Samuti on Viiding avaldanud artikleid ja arvustusi ajakirjanduses.<\/p>\n\n\n\n<p>1992. aastast on Viiding Eesti Kirjanike Liidu liige, 2010. aastast Eesti PEN-klubi juhatuse liige. 2009. aastal andis Ave Alavainu Elo Viidingule \u00fcle Betti Alveri k\u00e4ev\u00f5ru, mis p\u00e4randatakse naisluuletajalt naisluuletajale.<\/p>\n\n\n\n<p><em>M. K.<\/em><\/p>\n\n\n\n<h4 class=\"wp-block-heading\"><br>Raamatud eesti keeles<\/h4>\n\n\n\n<p><em><strong>Luule<\/strong><\/em><br>Elo Vee, <strong>Telg. <\/strong>Tallinn: Eesti Raamat, 1990, 64 lk.<br>Elo Vee, <strong>Laeka l\u00e4hedus. <\/strong>Tallinn: Tuum, 1993, 105 lk.<br>Elo Vee, <strong>V\u00f5lavalgel. <\/strong>Tallinn: Tuum, 1995, 190 lk.<br><strong>V. <\/strong>Tallinn: Tuum, 1998, 102 lk.<br><strong>Esimene tahe. <\/strong>Tallinn: Tuum, 2002, 96 lk.<br><strong>Teatud erandid. <\/strong>Tallinn: Tuum, 2003, 89 lk.<br><strong>Selge j\u00e4lg. <\/strong>Tallinn: Tuum, 2005, 84 lk.<br><strong>P\u00fcha maama. <\/strong>Tallinn: Tuum, 2008, 144 lk.<br><strong>Meie paremas maailmas. <\/strong>Tallinn: Tuum, 2009, 70 lk.<br><strong>Kestmine. <\/strong>Tallinn: Tuum, 2011, 69 lk.<br><strong>N\u00f5elad. <\/strong>Tallinn: Tuum, 2013, 80 lk.<br><strong>Teadvuselooja. <\/strong>Tallinn: Tuum, 2016, 64 lk.<br><strong>Ainult armastusest. <\/strong>Tallinn: Tuum, 2019, 64 lk.<br><strong>Assisi luulet. <\/strong>Tallinn: Emakeele Sihtasutus, 2022, 64 lk.<br><strong>Vastukaja. <\/strong>Tallinn: Zukker &amp; Viiding, 2023, 32 lk.<br><strong>Elluj\u00e4\u00e4misre\u017eiim. <\/strong>Tallinn: Emakeele Sihtasutus, 2024, 72 lk.<\/p>\n\n\n\n<p><em><strong>Proosa<\/strong><\/em><br>Elo Vee, <strong>Ingelheim. <\/strong>Tallinn: Eesti Raamat, 1995, 80 lk.<br><strong>Teised. <\/strong>Tallinn: Tuum, 2012, 176 lk.<br><strong>L\u00fchikesed ja lihtsad lood. <\/strong>Tallinn: Kultuurileht (Loomingu Raamatukogu), 2016, 71 lk.<br><strong>Suurte hingede kannul. P\u00fchendused<\/strong>. Tallinn: EKSA, 2024, 129 lk.<\/p>\n\n\n\n<p><em><strong>Lastekirjandus<\/strong><\/em><br><strong>Margaret ja Kadriorg. <\/strong>Tallinn: Eesti Kunstimuuseum, 2018, 80 lk.<\/p>\n\n\n\n<p><em><strong>Artiklid ja arvustused<\/strong><\/em><br><strong>Mina k\u00f5nelen kirjandusest. <\/strong>Tallinn: Tuum, 2020, 140 lk.<br><strong>Kirjanik k\u00f5neleb minuga. <\/strong>Tallinn: Tuum, 2024, 216 lk.<\/p>\n","protected":false},"excerpt":{"rendered":"<p>Elo Viiding (pseudon\u00fc\u00fcm Elo Vee, s\u00fcndinud 20. m\u00e4rtsil 1974) on eesti kirjanik, luuletaja, t\u00f5lkija ja toimetaja. Viiding s\u00fcndis Tallinnas, tema isa on n\u00e4itleja ja luuletaja Juhan Viiding, ema teatritegelane Riina Viiding, ka vanavanemad (n\u00e4itleja Kaljo Kiisk, luuletaja Paul Viiding, t\u00f5lkija &#8230;<\/p>\n","protected":false},"author":43,"featured_media":0,"parent":6512,"menu_order":0,"comment_status":"closed","ping_status":"closed","template":"","meta":{"_acf_changed":false,"inline_featured_image":false,"footnotes":""},"class_list":["post-7964","page","type-page","status-publish","hentry"],"acf":[],"_links":{"self":[{"href":"https:\/\/ewod.ut.ee\/et\/wp-json\/wp\/v2\/pages\/7964","targetHints":{"allow":["GET"]}}],"collection":[{"href":"https:\/\/ewod.ut.ee\/et\/wp-json\/wp\/v2\/pages"}],"about":[{"href":"https:\/\/ewod.ut.ee\/et\/wp-json\/wp\/v2\/types\/page"}],"author":[{"embeddable":true,"href":"https:\/\/ewod.ut.ee\/et\/wp-json\/wp\/v2\/users\/43"}],"replies":[{"embeddable":true,"href":"https:\/\/ewod.ut.ee\/et\/wp-json\/wp\/v2\/comments?post=7964"}],"version-history":[{"count":1,"href":"https:\/\/ewod.ut.ee\/et\/wp-json\/wp\/v2\/pages\/7964\/revisions"}],"predecessor-version":[{"id":7965,"href":"https:\/\/ewod.ut.ee\/et\/wp-json\/wp\/v2\/pages\/7964\/revisions\/7965"}],"up":[{"embeddable":true,"href":"https:\/\/ewod.ut.ee\/et\/wp-json\/wp\/v2\/pages\/6512"}],"wp:attachment":[{"href":"https:\/\/ewod.ut.ee\/et\/wp-json\/wp\/v2\/media?parent=7964"}],"curies":[{"name":"wp","href":"https:\/\/api.w.org\/{rel}","templated":true}]}}