{"id":7987,"date":"2024-04-03T23:39:34","date_gmt":"2024-04-03T20:39:34","guid":{"rendered":"https:\/\/sisu.ut.ee\/ewod\/?page_id=7987"},"modified":"2026-04-09T00:12:21","modified_gmt":"2026-04-08T21:12:21","slug":"markus-vetemaa","status":"publish","type":"page","link":"https:\/\/ewod.ut.ee\/et\/v\/markus-vetemaa\/","title":{"rendered":"Markus Vetemaa"},"content":{"rendered":"<p>Markus Vetemaa (s\u00fcnd. 5. X 1965) on bioloog ja proosakirjanik.<\/p>\n\n\n\n<p>Vetemaa s\u00fcndis Tallinnas. Tema isa oli kirjanik Enn Vetemaa. Markus Vetemaa \u00f5ppis aastatel 1972\u20131980 Tallinna 46. Keskkoolis ja aastatel 1980\u20131983 Tallinna 3. Keskkoolis. Aastatel 1983\u20131990 \u00f5ppis ta Tartu Riikliku \u00dclikooli bioloogia-geograafiateaduskonnas, mille l\u00f5petas geeniteadlasena. Aastatel 1984\u20131986 l\u00e4bis Vetemaa kohustusliku s\u00f5jav\u00e4eteenistuse N\u00f5ukogude Armees. 1998. aastal omandas ta doktorikraadi zooloogia ja h\u00fcdrobioloogia alal ning t\u00f6\u00f6tas seej\u00e4rel Tartu \u00dclikooli zooloogia ja h\u00fcdrobiolooga instituudis. Alates 2000. aastast on ta t\u00f6\u00f6tanud Tartu \u00dclikooli Eesti Mereinstituudis mitmetel ametikohtadel, 2021. aastast professorina. Vetemaa on Eesti Kirjanike Liidu liige 2001. aastast.<\/p>\n\n\n\n<p>Markus Vetemaa deb\u00fcteeris jutuga \u201e\u00dchel \u00f5htul\u201d ajakirjas Noorus 1983. aastal. Tema l\u00fchiromaan \u201eAhelikud\u201d (1991) kujutab noore teadlase sisekonflikti ja selles lahendusele j\u00f5udmist m\u00e4gilaste \u00fchiskonnas. Hilisemate teostega on Vetemaa astunud teadusulmekirjanike hulka. Romaani \u201eValgelinnu maailm\u201d on nimetatud castanedalikuks ulmeks. 600-lehek\u00fcljeline romaan \u201eTarkade kivi ja kannabinoidid\u201d (2017) k\u00e4sitleb kokkupuudet maav\u00e4lise tsivilisatsiooniga, ent raamatut on tutvustatud \u201erohkem armastus- kui ulmeromaanina\u201d.<\/p>\n\n\n\n<p>Markus Vetemaa on t\u00f5lkinud inglise keelest Carlos Castaneda raamatuid.<\/p>\n\n\n\n<p><em>L. P.<\/em><\/p>\n\n\n\n<h4 class=\"wp-block-heading\"><br>Raamatud eesti keeles<\/h4>\n\n\n\n<p><strong><em>Romaanid<\/em><\/strong><br><strong>Ahelikud<\/strong>. Tallinn: Eesti Raamat, 1991. 127 lk.<br><strong>Valgelinnu maailm<\/strong>. Tallinn: Kupar, 1998. 592 lk.<br><strong>Tarkade kivi ja kannabinoidid<\/strong>. Tartu: Punased Palmid, 2017. 607 lk.<\/p>\n","protected":false},"excerpt":{"rendered":"<p>Markus Vetemaa (s\u00fcnd. 5. X 1965) on bioloog ja proosakirjanik. Vetemaa s\u00fcndis Tallinnas. Tema isa oli kirjanik Enn Vetemaa. Markus Vetemaa \u00f5ppis aastatel 1972\u20131980 Tallinna 46. Keskkoolis ja aastatel 1980\u20131983 Tallinna 3. Keskkoolis. Aastatel 1983\u20131990 \u00f5ppis ta Tartu Riikliku \u00dclikooli &#8230;<\/p>\n","protected":false},"author":43,"featured_media":0,"parent":6512,"menu_order":0,"comment_status":"closed","ping_status":"closed","template":"","meta":{"_acf_changed":false,"inline_featured_image":false,"footnotes":""},"class_list":["post-7987","page","type-page","status-publish","hentry"],"acf":[],"_links":{"self":[{"href":"https:\/\/ewod.ut.ee\/et\/wp-json\/wp\/v2\/pages\/7987","targetHints":{"allow":["GET"]}}],"collection":[{"href":"https:\/\/ewod.ut.ee\/et\/wp-json\/wp\/v2\/pages"}],"about":[{"href":"https:\/\/ewod.ut.ee\/et\/wp-json\/wp\/v2\/types\/page"}],"author":[{"embeddable":true,"href":"https:\/\/ewod.ut.ee\/et\/wp-json\/wp\/v2\/users\/43"}],"replies":[{"embeddable":true,"href":"https:\/\/ewod.ut.ee\/et\/wp-json\/wp\/v2\/comments?post=7987"}],"version-history":[{"count":1,"href":"https:\/\/ewod.ut.ee\/et\/wp-json\/wp\/v2\/pages\/7987\/revisions"}],"predecessor-version":[{"id":7988,"href":"https:\/\/ewod.ut.ee\/et\/wp-json\/wp\/v2\/pages\/7987\/revisions\/7988"}],"up":[{"embeddable":true,"href":"https:\/\/ewod.ut.ee\/et\/wp-json\/wp\/v2\/pages\/6512"}],"wp:attachment":[{"href":"https:\/\/ewod.ut.ee\/et\/wp-json\/wp\/v2\/media?parent=7987"}],"curies":[{"name":"wp","href":"https:\/\/api.w.org\/{rel}","templated":true}]}}