{"id":7994,"date":"2024-04-03T23:42:14","date_gmt":"2024-04-03T20:42:14","guid":{"rendered":"https:\/\/sisu.ut.ee\/ewod\/?page_id=7994"},"modified":"2026-04-09T00:35:41","modified_gmt":"2026-04-08T21:35:41","slug":"siim-veskimees","status":"publish","type":"page","link":"https:\/\/ewod.ut.ee\/et\/v\/siim-veskimees\/","title":{"rendered":"Siim Veskimees"},"content":{"rendered":"<p>Siim Veskimees\u00a0(kodanikunimega Ants Miller, tuntud ka Ats Millerina, s\u00fcnd. 5. IV 1962) on\u00a0eesti\u00a0ulmekirjanik, t\u00f5lkija ja toimetaja.<\/p>\n\n\n\n<p>Ta \u00f5ppis aastatel 1980\u20131988 Tallinna Pol\u00fctehnilises Instituudis t\u00f6\u00f6stuselektroonikat. Aastatel 1982\u20131984 oli s\u00f5jav\u00e4eteenistuses. On t\u00f6\u00f6tanud infotehnoloogiaga seotud ametikohtadel K\u00fcberneetikainstituudis, AS Eesti Telekomis, Estonian Business Schoolis, Riigimetsa Majandamise Keskuses, siseministeeriumis. Ta on O\u00dc Digituum tegevjuht ning kirjastuse T\u00e4heveski omanik ja tegevjuht. Ats Milleri nime all on ta kirjastuse\u00a0Fantaasia\u00a0toimetaja, varem olnud ka veebip\u00f5hise ulmeajakirja\u00a0Algernon\u00a0peatoimetaja. Siim Veskimees on\u00a0Eesti Kirjanike Liidu\u00a0liige aastast 2008.<\/p>\n\n\n\n<p>Siim Veskimees on\u00a0pseudon\u00fc\u00fcm, mille all ta hakkas 1999. aastal kirjutama ulmeajakirjas\u00a0Algernon\u00a0ning on p\u00e4rast seda avaldanud romaane, l\u00fchiromaane ja jutte. Veskimees on viljakas autor. Alates 1999. aastast on ta lisaks 14 romaanile avaldanud mituk\u00fcmmend juttu ja kolm jutukogu. Tema ulmeteoste stiil on vaimukas, kuid sageli satiiriline ja l\u00f5ikav. Tunnetatav on autori mure inimkonna ja Eesti k\u00e4ek\u00e4igu p\u00e4rast. Hoolimata t\u00f5sistest teemadest leidub tema teostes elutervet huumorit. Stiililiselt liigitub Siim Veskimees pigem <em>hard science fiction<\/em>i alla.<\/p>\n\n\n\n<p>2008. aastal pani Siim Veskimees aluse kirjastuste T\u00e4heveski ja Fantaasia koost\u00f6\u00f6le ulmekirjandusele keskenduva sarja \u201eS\u00fcndmuste horisont\u201c v\u00e4ljaandmisel.<\/p>\n\n\n\n<p>Ats Milleri nime all on ta t\u00f5lkinud inglise keelest ulmekirjandust, sealhulgas\u00a0John Scalzi romaani \u201eVanamehe s\u00f5da\u201c (2010) ning Isaac Asimovi\u00a0 romaani \u201eRobotid ja impeerium\u201c (2013).<\/p>\n\n\n\n<p>Veskimees on kolm korda v\u00f5itnud \u00a0Eesti Ulme\u00fchingu aastaauhinna Stalker. 2008. aastal p\u00e4lvis ta selle auhinna l\u00fchiromaani \u201eKeskp\u00e4evapimedus\u201c, 2011. aastal \u00a0l\u00fchiromaani \u201eKuldhordi teine tulek\u201c ja 2011. aastal l\u00fchijutu \u201eKaugete p\u00e4evade valgus\u201c eest.<\/p>\n\n\n\n<p><em>L. P.<\/em><\/p>\n\n\n\n<h4 class=\"wp-block-heading\"><br>Raamatud eesti keeles<\/h4>\n\n\n\n<p><strong><em>Romaanid<\/em><\/strong><br><strong>Operatsioon \u201cOgaline P\u00e4ike\u201d<\/strong>. Tartu: Fantaasia, 2001, 173 lk. [E-raamat: 2011.]<br><strong>K\u00f5ver mets<\/strong>. Tallinn: Salas\u00f5na, 2002, 158 lk.\u00a0<br><strong>Kuu Ordu<\/strong>. Tartu: Fantaasia, 2003, 487 lk.<br><strong>Pilvelinnuste ajastu langus<\/strong>. Tartu: Fantaasia, 2004, 455 lk. [E-raamat: 2011.]<br><strong>Poolel teel<\/strong>. Tallinn: Varrak, 2007, 278 lk.<br><strong>Taevatagune suurem ilm. Z\u00e4tereiti lood: Tau s\u00f5rmuse operatsioon<\/strong>. Tartu: Fantaasia, 2008, 200 lk.<br><strong>S\u00fcmfoonia katkenud keelele<\/strong>. Tartu: Fantaasia, 2010, 159 lk. [E-raamat: 2011.]<br><strong>Ennes\u00f5jaaegne kullakarva. Kuu Ordu 2061. aasta s\u00f5ja esimene raamat<\/strong>. Tartu: Fantaasia, 2011, 376 lk. [E-raamat: 2011.]<br><strong>Lahkul\u00f6\u00f6mislahingud. Kuu Ordu 2061. aasta s\u00f5ja teine raamat<\/strong>. Tartu: Fantaasia, 2012, 275 lk.<br><strong>L\u00f5putu juuni<\/strong>. Tallinn: Fantaasia, 2013, 189 lk. [E-raamat: 2012.]<br><strong>Haldjaradade ahvatlus<\/strong>. Tartu: Fantaasia, 2014, 220 lk.<br><strong>Asunduste \u00f6\u00f6<\/strong>. Tartu: Fantaasia, 2016, 317 lk.<br><strong>Kolmas t\u00e4hev\u00e4rav<\/strong>. Tartu: Fantaasia, 2018, 239 lk.<br><strong>Vanavanamees<\/strong>. Tartu: Fantaasia, 2022, 272 lk.<\/p>\n\n\n\n<p><strong><em>Jutud<\/em><\/strong><br><strong>Keskp\u00e4evapimedus<\/strong>. Tartu: Fantaasia, 2007, 100 lk. [E-raamat: 2011.]<br><strong>Kaugete p\u00e4evade naeratus<\/strong>. Jutukogu. Tartu: Fantaasia, 2014, 351 lk.<br><strong>Inimesed, jumalad ja deemonid<\/strong>. Tartu: Fantaasia, 2024, 416 lk.<\/p>\n","protected":false},"excerpt":{"rendered":"<p>Siim Veskimees\u00a0(kodanikunimega Ants Miller, tuntud ka Ats Millerina, s\u00fcnd. 5. IV 1962) on\u00a0eesti\u00a0ulmekirjanik, t\u00f5lkija ja toimetaja. Ta \u00f5ppis aastatel 1980\u20131988 Tallinna Pol\u00fctehnilises Instituudis t\u00f6\u00f6stuselektroonikat. Aastatel 1982\u20131984 oli s\u00f5jav\u00e4eteenistuses. On t\u00f6\u00f6tanud infotehnoloogiaga seotud ametikohtadel K\u00fcberneetikainstituudis, AS Eesti Telekomis, Estonian Business Schoolis, &#8230;<\/p>\n","protected":false},"author":43,"featured_media":0,"parent":6512,"menu_order":0,"comment_status":"closed","ping_status":"closed","template":"","meta":{"_acf_changed":false,"inline_featured_image":false,"footnotes":""},"class_list":["post-7994","page","type-page","status-publish","hentry"],"acf":[],"_links":{"self":[{"href":"https:\/\/ewod.ut.ee\/et\/wp-json\/wp\/v2\/pages\/7994","targetHints":{"allow":["GET"]}}],"collection":[{"href":"https:\/\/ewod.ut.ee\/et\/wp-json\/wp\/v2\/pages"}],"about":[{"href":"https:\/\/ewod.ut.ee\/et\/wp-json\/wp\/v2\/types\/page"}],"author":[{"embeddable":true,"href":"https:\/\/ewod.ut.ee\/et\/wp-json\/wp\/v2\/users\/43"}],"replies":[{"embeddable":true,"href":"https:\/\/ewod.ut.ee\/et\/wp-json\/wp\/v2\/comments?post=7994"}],"version-history":[{"count":1,"href":"https:\/\/ewod.ut.ee\/et\/wp-json\/wp\/v2\/pages\/7994\/revisions"}],"predecessor-version":[{"id":7995,"href":"https:\/\/ewod.ut.ee\/et\/wp-json\/wp\/v2\/pages\/7994\/revisions\/7995"}],"up":[{"embeddable":true,"href":"https:\/\/ewod.ut.ee\/et\/wp-json\/wp\/v2\/pages\/6512"}],"wp:attachment":[{"href":"https:\/\/ewod.ut.ee\/et\/wp-json\/wp\/v2\/media?parent=7994"}],"curies":[{"name":"wp","href":"https:\/\/api.w.org\/{rel}","templated":true}]}}