{"id":8005,"date":"2024-04-03T23:42:25","date_gmt":"2024-04-03T20:42:25","guid":{"rendered":"https:\/\/sisu.ut.ee\/ewod\/?page_id=8005"},"modified":"2026-04-09T10:25:35","modified_gmt":"2026-04-09T07:25:35","slug":"ilmar-vene","status":"publish","type":"page","link":"https:\/\/ewod.ut.ee\/et\/v\/ilmar-vene\/","title":{"rendered":"Ilmar Vene"},"content":{"rendered":"<figure class=\"wp-block-image alignright size-large\"><a href=\"https:\/\/sisu.ut.ee\/wp-content\/uploads\/sites\/108\/ilmar_vene_alar_madisson-scaled.jpg\"><img loading=\"lazy\" decoding=\"async\" width=\"1024\" height=\"681\" src=\"https:\/\/sisu.ut.ee\/wp-content\/uploads\/sites\/108\/ilmar_vene_alar_madisson-1024x681.jpg\" alt=\"\" class=\"wp-image-6145\" title=\"Foto: Alar Madisson\" srcset=\"https:\/\/sisu.ut.ee\/wp-content\/uploads\/sites\/108\/ilmar_vene_alar_madisson-1024x681.jpg 1024w, https:\/\/sisu.ut.ee\/wp-content\/uploads\/sites\/108\/ilmar_vene_alar_madisson-300x200.jpg 300w, https:\/\/sisu.ut.ee\/wp-content\/uploads\/sites\/108\/ilmar_vene_alar_madisson-768x511.jpg 768w, https:\/\/sisu.ut.ee\/wp-content\/uploads\/sites\/108\/ilmar_vene_alar_madisson-1536x1022.jpg 1536w, https:\/\/sisu.ut.ee\/wp-content\/uploads\/sites\/108\/ilmar_vene_alar_madisson-2048x1363.jpg 2048w, https:\/\/sisu.ut.ee\/wp-content\/uploads\/sites\/108\/ilmar_vene_alar_madisson-1920x1278.jpg 1920w\" sizes=\"auto, (max-width: 1024px) 100vw, 1024px\"><\/a><\/figure>\n\n\n\n<p>Ilmar Vene\u00a0 (s\u00fcnd.\u00a013. VIII\u00a01951) on esseist ja t\u00f5lkija.<\/p>\n\n\n\n<p>llmar Vene s\u00fcndis Peipsi j\u00e4rve \u00e4\u00e4res Kasep\u00e4\u00e4 k\u00fclas p\u00f5llut\u00f6\u00f6liste pojana. Ta \u00f5ppis\u00a0Varnja algkoolis\u00a0ja\u00a0Alatskivi keskkoolis.\u00a0Aastatel 1970\u20131975 \u00f5ppis\u00a0Vene Tartu \u00dclikoolis\u00a0saksa keelt ja kirjandust.\u00a0Aastatel 1976\u20131979\u00a0t\u00f6\u00f6tas\u00a0Laekvere koolis saksa keele \u00f5petajana. Alates 1979. aastast asus t\u00f6\u00f6le Tartu \u00dclikooli Raamatukokku. Ta on alates 2005.\u00a0aastast\u00a0Eesti Kirjanike Liidu\u00a0liige.<\/p>\n\n\n\n<p>1997. aastal ilmus \u201eEesti m\u00f5tteloo\u201c sarjas Vene esimene raamat \u201eVahemere tuuled H\u00fcperboreas\u201c, mis koondab varem ajakirjanduses ilmunud kultuuriloolisi l\u00fchiesseid. Ilmar Vene esseed k\u00e4sitlevad peamiselt antiik- ja keskaja kristlikku kultuuri ning Euroopa kirjanduslugu, aga ka keelefilosoofiat ja kultuuriajalugu laiemalt.<\/p>\n\n\n\n<p>Vene t\u00f5lgendab ajalugu isiksuste kaudu, kelle kaasaega ja maailmapilti ta vahendab v\u00e4ljapaistva osav\u00f5tlikkusega. Ta on kirjutanud uurimusi Gustave Flaubertist, F. R. Kreutzwaldist, Uku Masingust ja Karl Ristikivist. Venelt on ilmunud t\u00f5lkeid ladina, inglise ja saksa keelest sellistelt autoritelt nagu Seneca, Cicero, Augustinus, Francis Bacon, Goethe, Georg Julius von Schultz-Bertram, Jacob Burckhardt ja Hermann von Keyserling. Oma t\u00f5lgetele on ta lisanud saatek\u00e4sitlused ja kommentaarid. Ta on avaldanud ajakirjas Looming ka luuletusi ja kirjutanud 1990. aastate alguses k\u00fcmmekond l\u00fchijuttu.<\/p>\n\n\n\n<p>2013. aastal p\u00e4lvis Ilmar Vene Eesti Kultuurkapitali kirjanduse sihtkapitali aastapreemia\u00a0essee \u201eIrooniline kolmainsus Hando Runneli m\u00f5tlemisviisi taustal\u201c ja monograafia \u201eKaugenemised: t\u00e4heldusi Karl Ristikivist\u201c eest.<\/p>\n\n\n\n<p><em>L. P.<\/em><\/p>\n\n\n\n<h4 class=\"wp-block-heading\"><br>Raamatud eesti keeles<\/h4>\n\n\n\n<p><strong><em>Romaanid<\/em><\/strong><br><strong>Tookord<\/strong>. Tartu: Ilmamaa, 2022. 312 lk.<\/p>\n\n\n\n<p><em><strong>Esseed, artiklid<\/strong><\/em>, uurimused<br><strong>Vahemere tuuled H\u00fcperboreas<\/strong>. Tartu: Ilmamaa, 1997. 399 lk. [Sari \u2018Eesti m\u00f5ttelugu\u2019.]<br><strong>Trotsija: katse m\u00f5ista Uku Masingut<\/strong>. Tartu: Ilmamaa, 2001. 189 lk.<br><strong>Pahustumine ehk Uusaja olemus<\/strong>. Tartu: Ilmamaa, 2002. 365 lk.<br><strong>Meie klassik: t\u00e4heldusi Kreutzwaldist<\/strong>. Tartu: Ilmamaa, 2003. 45 lk.<br><strong>Ristiusu m\u00f5istatus: jumalinimesest inimjumalani<\/strong>. Tallinn: Patmos, 2009. 202 lk.<br><strong>Irooniline kolmainsus Hando Runneli m\u00f5tlemisviisi taustal<\/strong>. Tartu: Ilmamaa, 2013. 143 lk.<br><strong>Kaugenemised: t\u00e4heldusi Karl Ristikivist<\/strong>. Tallinn: Tuum, 2013. 261 lk.<\/p>\n\n\n\n<p><em><strong>Kirjavahetus ja m\u00e4lestused<\/strong><\/em><br>J\u00fcri Arrak, Ilmar Vene, <strong>Ilma naljata: kirjavahetus 1994\u20132000<\/strong>. Tartu: Ilmamaa, 2016. 487 lk.<br>J\u00fcri Arrak, Ilmar Vene, <strong>Kiri ei peta: kirjavahetus 2001\u20132008<\/strong>. Tartu: Ilmamaa, 2017. 548 lk.<br>J\u00fcri Arrak, Ilmar Vene, <strong>\u00d5htumaiselt: kirjavahetus 2009\u20132017<\/strong>. Tartu: Ilmamaa, 2018. 550 lk.<br><strong>Jumalikkuse naabruses. Raamatulembeseid m\u00e4lestusi<\/strong>. Tartu: Ilmamaa, 2025, 416 lk.<\/p>\n","protected":false},"excerpt":{"rendered":"<p>Ilmar Vene\u00a0 (s\u00fcnd.\u00a013. VIII\u00a01951) on esseist ja t\u00f5lkija. llmar Vene s\u00fcndis Peipsi j\u00e4rve \u00e4\u00e4res Kasep\u00e4\u00e4 k\u00fclas p\u00f5llut\u00f6\u00f6liste pojana. Ta \u00f5ppis\u00a0Varnja algkoolis\u00a0ja\u00a0Alatskivi keskkoolis.\u00a0Aastatel 1970\u20131975 \u00f5ppis\u00a0Vene Tartu \u00dclikoolis\u00a0saksa keelt ja kirjandust.\u00a0Aastatel 1976\u20131979\u00a0t\u00f6\u00f6tas\u00a0Laekvere koolis saksa keele \u00f5petajana. Alates 1979. aastast asus t\u00f6\u00f6le Tartu &#8230;<\/p>\n","protected":false},"author":43,"featured_media":0,"parent":6512,"menu_order":0,"comment_status":"closed","ping_status":"closed","template":"","meta":{"_acf_changed":false,"inline_featured_image":false,"footnotes":""},"class_list":["post-8005","page","type-page","status-publish","hentry"],"acf":[],"_links":{"self":[{"href":"https:\/\/ewod.ut.ee\/et\/wp-json\/wp\/v2\/pages\/8005","targetHints":{"allow":["GET"]}}],"collection":[{"href":"https:\/\/ewod.ut.ee\/et\/wp-json\/wp\/v2\/pages"}],"about":[{"href":"https:\/\/ewod.ut.ee\/et\/wp-json\/wp\/v2\/types\/page"}],"author":[{"embeddable":true,"href":"https:\/\/ewod.ut.ee\/et\/wp-json\/wp\/v2\/users\/43"}],"replies":[{"embeddable":true,"href":"https:\/\/ewod.ut.ee\/et\/wp-json\/wp\/v2\/comments?post=8005"}],"version-history":[{"count":2,"href":"https:\/\/ewod.ut.ee\/et\/wp-json\/wp\/v2\/pages\/8005\/revisions"}],"predecessor-version":[{"id":8008,"href":"https:\/\/ewod.ut.ee\/et\/wp-json\/wp\/v2\/pages\/8005\/revisions\/8008"}],"up":[{"embeddable":true,"href":"https:\/\/ewod.ut.ee\/et\/wp-json\/wp\/v2\/pages\/6512"}],"wp:attachment":[{"href":"https:\/\/ewod.ut.ee\/et\/wp-json\/wp\/v2\/media?parent=8005"}],"curies":[{"name":"wp","href":"https:\/\/api.w.org\/{rel}","templated":true}]}}