{"id":8011,"date":"2024-04-03T23:42:31","date_gmt":"2024-04-03T20:42:31","guid":{"rendered":"https:\/\/sisu.ut.ee\/ewod\/?page_id=8011"},"modified":"2026-04-09T10:36:28","modified_gmt":"2026-04-09T07:36:28","slug":"tuuli-velling","status":"publish","type":"page","link":"https:\/\/ewod.ut.ee\/et\/v\/tuuli-velling\/","title":{"rendered":"Tuuli Velling"},"content":{"rendered":"<p>Tuuli Velling (s\u00fcnninimi Tuuli Taul, 18. I 1986) on laulja ja luuletaja.<\/p>\n\n\n\n<p>Ta s\u00fcndis P\u00e4rnus ja l\u00f5petas 2005. aastal kuldmedaliga P\u00e4rnu S\u00fctevaka Humanitaarg\u00fcmnaasiumi. Velling on l\u00f5petanud 2010. aastal Georg Otsa nimelise Tallinna Muusikakooli ning t\u00e4iendanud end aastatel 2010\u20132011 Codartsi \u00fclikoolis Hollandis, lisaks omandanud 2017. aastal Eesti Kunstiakadeemias bakalaureusekraadi graafilise disaini alal.<\/p>\n\n\n\n<p>Tuuli Velling on andnud v\u00e4lja kaks luulekogu: \u201eT\u00e4iuslik ja turvaline\u201c (2010) ja \u201e6 m\u00b2\u201c (2013). Teine luulekogu ilmus koos muusikaalbumiga \u201eKuus ruutmeetrit p\u00f5randapinda\u201c, on v\u00e4ikese tr\u00fckiarvuga ja m\u00f5eldud nende jaoks, kes toetasid plaadi avaldamist.<\/p>\n\n\n\n<p>Deb\u00fc\u00fctkogus \u201eT\u00e4iuslik ja turvaline\u201c leidub armastus- ja linnaluulet, l\u00fc\u00fcrilisi ja \u00fchiskonnakriitilisi noote, mida \u00fchendab noore loomingulise inimese isikup\u00e4rane vaateviis. Vellingu luule on meloodiline ja detailit\u00e4pne. Sellele lisab v\u00e4rvi kerge (enese)irooniaga kaasnev humoorikus.<\/p>\n\n\n\n<p>Vellingu luuletusi on t\u00f5lgitud inglise ja ungari keelde. Ta on \u00fcks 27 luuletajast, kelle tekstid sisalduvad Baltimaade uuema luule antoloogia eesti luuletajaid koondavas k\u00f6ites <em>Contemporary Estonian Poetry. A Baltic Anthology<\/em> (University of New Orleans Press, 2013).<\/p>\n\n\n\n<p><em>L. P.<\/em><\/p>\n\n\n\n<h4 class=\"wp-block-heading\"><br>Raamatud eesti keeles<\/h4>\n\n\n\n<p><strong><em>Luule<\/em><\/strong><br><strong>T\u00e4iuslik ja turvaline<\/strong>. Tartu: V\u00e4rske R\u00f5hk, 2010. 76 lk.<br><strong>6 m\u00b2<\/strong>. P\u00e4rnu: T. Velling, 2013. 31 lk.<\/p>\n","protected":false},"excerpt":{"rendered":"<p>Tuuli Velling (s\u00fcnninimi Tuuli Taul, 18. I 1986) on laulja ja luuletaja. Ta s\u00fcndis P\u00e4rnus ja l\u00f5petas 2005. aastal kuldmedaliga P\u00e4rnu S\u00fctevaka Humanitaarg\u00fcmnaasiumi. Velling on l\u00f5petanud 2010. aastal Georg Otsa nimelise Tallinna Muusikakooli ning t\u00e4iendanud end aastatel 2010\u20132011 Codartsi \u00fclikoolis &#8230;<\/p>\n","protected":false},"author":43,"featured_media":0,"parent":6512,"menu_order":0,"comment_status":"closed","ping_status":"closed","template":"","meta":{"_acf_changed":false,"inline_featured_image":false,"footnotes":""},"class_list":["post-8011","page","type-page","status-publish","hentry"],"acf":[],"_links":{"self":[{"href":"https:\/\/ewod.ut.ee\/et\/wp-json\/wp\/v2\/pages\/8011","targetHints":{"allow":["GET"]}}],"collection":[{"href":"https:\/\/ewod.ut.ee\/et\/wp-json\/wp\/v2\/pages"}],"about":[{"href":"https:\/\/ewod.ut.ee\/et\/wp-json\/wp\/v2\/types\/page"}],"author":[{"embeddable":true,"href":"https:\/\/ewod.ut.ee\/et\/wp-json\/wp\/v2\/users\/43"}],"replies":[{"embeddable":true,"href":"https:\/\/ewod.ut.ee\/et\/wp-json\/wp\/v2\/comments?post=8011"}],"version-history":[{"count":2,"href":"https:\/\/ewod.ut.ee\/et\/wp-json\/wp\/v2\/pages\/8011\/revisions"}],"predecessor-version":[{"id":8014,"href":"https:\/\/ewod.ut.ee\/et\/wp-json\/wp\/v2\/pages\/8011\/revisions\/8014"}],"up":[{"embeddable":true,"href":"https:\/\/ewod.ut.ee\/et\/wp-json\/wp\/v2\/pages\/6512"}],"wp:attachment":[{"href":"https:\/\/ewod.ut.ee\/et\/wp-json\/wp\/v2\/media?parent=8011"}],"curies":[{"name":"wp","href":"https:\/\/api.w.org\/{rel}","templated":true}]}}