{"id":8034,"date":"2024-04-03T23:41:31","date_gmt":"2024-04-03T20:41:31","guid":{"rendered":"https:\/\/sisu.ut.ee\/ewod\/?page_id=8034"},"modified":"2026-04-09T12:35:36","modified_gmt":"2026-04-09T09:35:36","slug":"voldemar-veedam","status":"publish","type":"page","link":"https:\/\/ewod.ut.ee\/et\/v\/voldemar-veedam\/","title":{"rendered":"Voldemar Veedam"},"content":{"rendered":"<p><a><\/a> Voldemar Veedam (6. XI 1912 \u2013 2. III 1983) oli v\u00e4liseesti prosaist ja ajakirjanik, kes on tuntud eesk\u00e4tt oma \u00fclipopulaarse raamatuga <em>Sailing to Freedom<\/em> (1952).<\/p>\n\n\n\n<p>Veedam s\u00fcndis Tallinnas t\u00f6\u00f6lise pojana. Ta l\u00f5petas 1931. aastal Tallinnas Hans Kubu erag\u00fcmnaasiumi ja 1942. aastal Tartu \u00dclikooli filosoofiateaduskonna ajaloo erialal. Ta kuulus \u00dcli\u00f5pilaste Seltsi Raimla. Ta t\u00f6\u00f6tas Tartus Aktuaalse Ajaloo Arhiivis ja 2. maailmas\u00f5ja ajal Tallinnas ajalehe Eesti S\u00f5na toimetuses.<\/p>\n\n\n\n<p>1943. aastal p\u00f5genes ta Soome kaudu Rootsi ja sealt 1945. aastal endise postipaadiga \u00fcle Atlandi ookeani USA-sse. USA-s t\u00f6\u00f6tas ta algul viiulim\u00e4ngijana, kindlustusseltsi ametnikuna ning juhuslikes ametites. Aastatel 1955\u20131974 oli Veedam raadiojaama Ameerika H\u00e4\u00e4l Eesti osakonna toimetaja ja aastatel 1974\u20131976 osakonna juhataja. Alates 1976. aastast tegeles Veedam Washingtonis vabakutselisena ajalooliste uuringute ja ajakirjandusliku t\u00f6\u00f6ga.<\/p>\n\n\n\n<p><a><\/a> 1952. aastal andis ta New Yorgis koos ameeriklasest kaasautori Carl B. Walliga v\u00e4lja olukirjeldusliku raamatu <em>Sailing to Freedom<\/em> (\u201ePurjetamine vabadusse\u201c), mis r\u00e4\u00e4kis tema paadis\u00f5idust \u00fcle Atlandi ookeani. See teos t\u00f5lgiti peatselt 17 keelde. Praeguseks on raamat ilmunud 30 keeles, olles \u00fcks t\u00f5lgitumaid raamatuid eesti autori sulest. Eesti keeles ilmus reisikiri pealkirjaga \u201e\u201eErma\u201c meres\u00f5it\u201c 1947. aastal Saksamaal. Eestis avaldati raamat 1998. aastal. Teos kirjeldab p\u00f5nevalt 117 p\u00e4eva kestnud julgust\u00fckki, kui 16 eestlasest p\u00f5genikku, nende hulgas neli last, asusid 1945. aasta 9. augustil Rootsist teele \u00fcle Atlandi ookeani 11,2 meetri pikkuse \u00fchepurjelise paadiga. Neli ja pool kuud hiljem saabusid nad Norfolki linna Virginia osariigis. Reis p\u00e4lvis USA-s ja L\u00e4\u00e4ne-Euroopas laialdast t\u00e4helepanu. Briti v\u00e4ljaanded on nimetanud \u201eErma\u201c reisi kaasaja \u00fcheks suurejoonelisemaks ajalooliseks mereretkeks.<\/p>\n\n\n\n<p>Veedami sulest on ilmunud 1981. aastal pikaajalise uurimist\u00f6\u00f6 viljana ka eestikeelne raamat Eesti maadluskuulsuse Lurichi elust aastatel 1913\u20131917 pealkirjaga \u201eLurich Ameerikas: Hackenschmidti j\u00e4lgedes, Abergi varjus\u201c.<\/p>\n\n\n\n<p><em>L. P.<\/em><\/p>\n\n\n\n<h4 class=\"wp-block-heading\"><br>Raamatud eesti keeles<\/h4>\n\n\n\n<p>Voldemar Veedam, Carl B. Wall, <strong>The Cruise of the \u201cErma\u201c. One of the most stirring sagas of modern times = \u201eErma\u201c meres\u00f5it. \u00dcks meie aja p\u00f5nevamaid legende<\/strong>. Augsburg-Hochfeld, 1947. 30 lk.<br><strong>Lurich Ameerikas: Hackenschmidti j\u00e4lgedes, Abergi varjus<\/strong>. Toronto: Oma Press Ltd., 1981. 141 lk.<br>Voldemar Veedam, Carl B. Wall, <strong>Purjetamine vabadusse<\/strong>. Tallinn: Ilo, 1998. 223 lk. [2. tr\u00fckk: 2017.]<\/p>\n\n\n\n<h4 class=\"wp-block-heading\">Raamatud inglise keeles<\/h4>\n\n\n\n<p>Voldemar Veedam, Carl B. Wall, <strong>Sailing to freedom<\/strong>. New York: Crowell, 1952. 246 lk.<\/p>\n","protected":false},"excerpt":{"rendered":"<p>Voldemar Veedam (6. XI 1912 \u2013 2. III 1983) oli v\u00e4liseesti prosaist ja ajakirjanik, kes on tuntud eesk\u00e4tt oma \u00fclipopulaarse raamatuga Sailing to Freedom (1952). Veedam s\u00fcndis Tallinnas t\u00f6\u00f6lise pojana. Ta l\u00f5petas 1931. aastal Tallinnas Hans Kubu erag\u00fcmnaasiumi ja 1942. &#8230;<\/p>\n","protected":false},"author":43,"featured_media":0,"parent":6512,"menu_order":0,"comment_status":"closed","ping_status":"closed","template":"","meta":{"_acf_changed":false,"inline_featured_image":false,"footnotes":""},"class_list":["post-8034","page","type-page","status-publish","hentry"],"acf":[],"_links":{"self":[{"href":"https:\/\/ewod.ut.ee\/et\/wp-json\/wp\/v2\/pages\/8034","targetHints":{"allow":["GET"]}}],"collection":[{"href":"https:\/\/ewod.ut.ee\/et\/wp-json\/wp\/v2\/pages"}],"about":[{"href":"https:\/\/ewod.ut.ee\/et\/wp-json\/wp\/v2\/types\/page"}],"author":[{"embeddable":true,"href":"https:\/\/ewod.ut.ee\/et\/wp-json\/wp\/v2\/users\/43"}],"replies":[{"embeddable":true,"href":"https:\/\/ewod.ut.ee\/et\/wp-json\/wp\/v2\/comments?post=8034"}],"version-history":[{"count":2,"href":"https:\/\/ewod.ut.ee\/et\/wp-json\/wp\/v2\/pages\/8034\/revisions"}],"predecessor-version":[{"id":8037,"href":"https:\/\/ewod.ut.ee\/et\/wp-json\/wp\/v2\/pages\/8034\/revisions\/8037"}],"up":[{"embeddable":true,"href":"https:\/\/ewod.ut.ee\/et\/wp-json\/wp\/v2\/pages\/6512"}],"wp:attachment":[{"href":"https:\/\/ewod.ut.ee\/et\/wp-json\/wp\/v2\/media?parent=8034"}],"curies":[{"name":"wp","href":"https:\/\/api.w.org\/{rel}","templated":true}]}}