{"id":8039,"date":"2024-04-03T23:42:02","date_gmt":"2024-04-03T20:42:02","guid":{"rendered":"https:\/\/sisu.ut.ee\/ewod\/?page_id=8039"},"modified":"2026-04-09T12:40:06","modified_gmt":"2026-04-09T09:40:06","slug":"mariliin-vassenin","status":"publish","type":"page","link":"https:\/\/ewod.ut.ee\/et\/v\/mariliin-vassenin\/","title":{"rendered":"Mariliin Vassenin"},"content":{"rendered":"<p>Mariliin Vassenin (s\u00fcnd. 1980) on luuletaja, kirjanduskriitik ja t\u00f5lkija.<\/p>\n\n\n\n<p>Vassenin on s\u00fcndinud Tallinnas ja \u00f5ppinud Tallinna \u00dclikoolis kirjandusteadust ja romanistikat. Ta on t\u00f5lkinud klassikalist ja kaasaegset proosat ja luulet inglise, hispaania ja portugali keelest.<\/p>\n\n\n\n<p>Ta on avaldanud kaks luulekogu: \u201eHorror Vacui\u201c (2013), mis p\u00e4lvis Tallinna \u00dclikooli kirjandusauhinna, ja \u201eEleegiad. Elegies\u201c (2016), kakskeelse eesti-inglise foto- ja luulekogu (koost\u00f6\u00f6s Teri Varholiga). Tema luuletused k\u00e4sitlevad v\u00e4ga sageli teemasid nagu t\u00fchjus, lein, \u00fcksindus, h\u00e4bi, alandus. Luuletuste kandvaks j\u00f5uks on aukartus elu ees, p\u00fc\u00fcd tungida asjade tuumani. Vassenini mitmekihilist luulet iseloomustab eksistentsialistlik elujulgus ning p\u00fc\u00fcd n\u00e4ha elu ilu ka k\u00f5ige hirmutavamates avaldumisvormides.<\/p>\n\n\n\n<p><em>L. P.<\/em><\/p>\n\n\n\n<h4 class=\"wp-block-heading\"><br>Raamatud eesti keeles<\/h4>\n\n\n\n<p><strong><em>Luule<\/em><\/strong><br><strong>Horror vacui<\/strong>: luuletusi 2006\u20132012. Tallinn: NyNorden, 2013. 64 lk.<br><strong>Eleegiad. Elegies<\/strong>. Tekst: Mariliin Vassenin. Fotod: Teri Varhol. Tallinn: Artellect Press, 2016. 24 lk.<\/p>\n","protected":false},"excerpt":{"rendered":"<p>Mariliin Vassenin (s\u00fcnd. 1980) on luuletaja, kirjanduskriitik ja t\u00f5lkija. Vassenin on s\u00fcndinud Tallinnas ja \u00f5ppinud Tallinna \u00dclikoolis kirjandusteadust ja romanistikat. Ta on t\u00f5lkinud klassikalist ja kaasaegset proosat ja luulet inglise, hispaania ja portugali keelest. Ta on avaldanud kaks luulekogu: \u201eHorror &#8230;<\/p>\n","protected":false},"author":43,"featured_media":0,"parent":6512,"menu_order":0,"comment_status":"closed","ping_status":"closed","template":"","meta":{"_acf_changed":false,"inline_featured_image":false,"footnotes":""},"class_list":["post-8039","page","type-page","status-publish","hentry"],"acf":[],"_links":{"self":[{"href":"https:\/\/ewod.ut.ee\/et\/wp-json\/wp\/v2\/pages\/8039","targetHints":{"allow":["GET"]}}],"collection":[{"href":"https:\/\/ewod.ut.ee\/et\/wp-json\/wp\/v2\/pages"}],"about":[{"href":"https:\/\/ewod.ut.ee\/et\/wp-json\/wp\/v2\/types\/page"}],"author":[{"embeddable":true,"href":"https:\/\/ewod.ut.ee\/et\/wp-json\/wp\/v2\/users\/43"}],"replies":[{"embeddable":true,"href":"https:\/\/ewod.ut.ee\/et\/wp-json\/wp\/v2\/comments?post=8039"}],"version-history":[{"count":2,"href":"https:\/\/ewod.ut.ee\/et\/wp-json\/wp\/v2\/pages\/8039\/revisions"}],"predecessor-version":[{"id":8041,"href":"https:\/\/ewod.ut.ee\/et\/wp-json\/wp\/v2\/pages\/8039\/revisions\/8041"}],"up":[{"embeddable":true,"href":"https:\/\/ewod.ut.ee\/et\/wp-json\/wp\/v2\/pages\/6512"}],"wp:attachment":[{"href":"https:\/\/ewod.ut.ee\/et\/wp-json\/wp\/v2\/media?parent=8039"}],"curies":[{"name":"wp","href":"https:\/\/api.w.org\/{rel}","templated":true}]}}