{"id":8052,"date":"2024-04-03T23:39:17","date_gmt":"2024-04-03T20:39:17","guid":{"rendered":"https:\/\/sisu.ut.ee\/ewod\/?page_id=8052"},"modified":"2026-04-09T13:06:19","modified_gmt":"2026-04-09T10:06:19","slug":"hannes-varblane","status":"publish","type":"page","link":"https:\/\/ewod.ut.ee\/et\/v\/hannes-varblane\/","title":{"rendered":"Hannes Varblane"},"content":{"rendered":"<figure class=\"wp-block-image alignright size-large is-resized\"><a href=\"https:\/\/sisu.ut.ee\/wp-content\/uploads\/sites\/108\/hannes_varblane_alar_madisson-scaled.jpg\"><img loading=\"lazy\" decoding=\"async\" width=\"1024\" height=\"683\" src=\"https:\/\/sisu.ut.ee\/wp-content\/uploads\/sites\/108\/hannes_varblane_alar_madisson-1024x683.jpg\" alt=\"\" class=\"wp-image-6204\" style=\"aspect-ratio:1.4992711749138266;width:328px;height:auto\" title=\"Foto: Alar Madisson\" srcset=\"https:\/\/sisu.ut.ee\/wp-content\/uploads\/sites\/108\/hannes_varblane_alar_madisson-1024x683.jpg 1024w, https:\/\/sisu.ut.ee\/wp-content\/uploads\/sites\/108\/hannes_varblane_alar_madisson-300x200.jpg 300w, https:\/\/sisu.ut.ee\/wp-content\/uploads\/sites\/108\/hannes_varblane_alar_madisson-768x513.jpg 768w, https:\/\/sisu.ut.ee\/wp-content\/uploads\/sites\/108\/hannes_varblane_alar_madisson-1536x1025.jpg 1536w, https:\/\/sisu.ut.ee\/wp-content\/uploads\/sites\/108\/hannes_varblane_alar_madisson-2048x1367.jpg 2048w, https:\/\/sisu.ut.ee\/wp-content\/uploads\/sites\/108\/hannes_varblane_alar_madisson-1920x1281.jpg 1920w\" sizes=\"auto, (max-width: 1024px) 100vw, 1024px\"><\/a><\/figure>\n\n\n\n<p>Hannes Varblane (18. VI 1949 \u2013 5. VII 2022) oli luuletaja, esseist ja kriitik.<\/p>\n\n\n\n<p>Varblane s\u00fcndis Viljandimaal V\u00f5hmas \u00f5petajate perekonnas. Ta l\u00f5petas 1967. aastal N\u00f5o Keskkooli ning \u00f5ppis \u00fche aasta Tartu Riiklikus \u00dclikoolis eesti filoloogia erialal, seej\u00e4rel asus \u00f5ppima ajalugu. L\u00f5petas 1974. aastal Tartu \u00fclikooli \u00fcldajaloo alal. Varblane t\u00f6\u00f6tas aastatel 1974\u20131975 Vana-Kuuste 8-klassilise kooli \u00f5petajana, 1975\u20131982 ENSV spordimuuseumi teadurina ja 1985-2012 Tartu kunstimuuseumi tehnikuna, teadurina ja n\u00e4ituste osakonna juhatajana. Hannes Varblane kuulus 1996. aastast alates Eesti Kirjanike Liitu.<\/p>\n\n\n\n<p>Varblase esimene luulekogu \u201eM\u00e4el, mis mureneb\u201c ilmus 1990. aastal ja p\u00e4lvis 1991. aastal Betti Alveri nimelise deb\u00fc\u00fcdiauhinna. Luulekogu esitab meeleolukaid pilte Tartust, samuti motiive klassikalisest maailmakultuurist ja lembeelamuste kajastusi. Varblase teises luulekogus \u201eSina armasta mind\u201c (1993) valdavad s\u00fcnged toonid. Sellest saadik kujunesid Varblase v\u00e4rsid l\u00f5hestatud hingeeluga ning enda ja maailmaga rahulolematu isiksuse pihtimuseks. Varblase loomingut on m\u00f5jutanud biitnike kirjandus ja Bob Dylani laulutekstid. Tema sulest on ilmunud \u00fcheksa luulekogu, tema luulet on t\u00f5lgitud vene, inglise, soome ja flaami keelde.<\/p>\n\n\n\n<p>Varblane kirjutas ka artikleid ja arvustusi inglise ja USA kirjandusest ning maalikunstist. Tema arvustused ja kultuuriloolised esseed on ilmunud kogumikes \u201eIlmavallas\u201c (2002) ja \u201eIlmavallas II\u201c (2015).<\/p>\n\n\n\n<p><em>L. P.<\/em><\/p>\n\n\n\n<h4 class=\"wp-block-heading\"><br>Raamatud eesti keeles<\/h4>\n\n\n\n<p><em><strong>Luule<\/strong><\/em><br><strong>M\u00e4el, mis mureneb<\/strong>. Tallinn: Eesti Raamat, 1990. 104 lk.<br><strong>Sina armasta mind<\/strong>. Tallinn: Umara Kirjastus, 1993. 164 lk.<br><strong>Vihkamiseta<\/strong>. Tallinn: Umara, 1995. 78 lk.<br><strong>Mina enam ei armasta sind<\/strong>. Tallinn: Umara, 1997. 58 lk.<br><strong>Avalikult halb<\/strong>. Tartu: Ilmamaa, 1999. 94 lk.<br><strong>Letaalse l\u00f5puni<\/strong>. Tallinn: Umara, 1999. 52 lk.<br><strong>V\u00f5\u00f5rikvend<\/strong>. Tallinn: Umara, 2000. 63 lk.<br><strong>Taarnateel. Katsetusi 1967\u20131970<\/strong>. Tartu: Ilmamaa, 2009. 93 lk.<br><strong>Teise \u00fcksilduse aegu<\/strong>. Tartu: Ilmamaa, 2018. 102 lk.<\/p>\n\n\n\n<p><em><strong>Kriitika<\/strong><\/em><br><strong>Ilmavallas<\/strong>. Tartu: Ilmamaa, 2002. 270 lk.<br><strong>Ilmavallas II<\/strong>. Tartu: Ilmamaa, 2015. 285 lk.<\/p>\n","protected":false},"excerpt":{"rendered":"<p>Hannes Varblane (18. VI 1949 \u2013 5. VII 2022) oli luuletaja, esseist ja kriitik. Varblane s\u00fcndis Viljandimaal V\u00f5hmas \u00f5petajate perekonnas. Ta l\u00f5petas 1967. aastal N\u00f5o Keskkooli ning \u00f5ppis \u00fche aasta Tartu Riiklikus \u00dclikoolis eesti filoloogia erialal, seej\u00e4rel asus \u00f5ppima ajalugu. &#8230;<\/p>\n","protected":false},"author":43,"featured_media":0,"parent":6512,"menu_order":0,"comment_status":"closed","ping_status":"closed","template":"","meta":{"_acf_changed":false,"inline_featured_image":false,"footnotes":""},"class_list":["post-8052","page","type-page","status-publish","hentry"],"acf":[],"_links":{"self":[{"href":"https:\/\/ewod.ut.ee\/et\/wp-json\/wp\/v2\/pages\/8052","targetHints":{"allow":["GET"]}}],"collection":[{"href":"https:\/\/ewod.ut.ee\/et\/wp-json\/wp\/v2\/pages"}],"about":[{"href":"https:\/\/ewod.ut.ee\/et\/wp-json\/wp\/v2\/types\/page"}],"author":[{"embeddable":true,"href":"https:\/\/ewod.ut.ee\/et\/wp-json\/wp\/v2\/users\/43"}],"replies":[{"embeddable":true,"href":"https:\/\/ewod.ut.ee\/et\/wp-json\/wp\/v2\/comments?post=8052"}],"version-history":[{"count":1,"href":"https:\/\/ewod.ut.ee\/et\/wp-json\/wp\/v2\/pages\/8052\/revisions"}],"predecessor-version":[{"id":8053,"href":"https:\/\/ewod.ut.ee\/et\/wp-json\/wp\/v2\/pages\/8052\/revisions\/8053"}],"up":[{"embeddable":true,"href":"https:\/\/ewod.ut.ee\/et\/wp-json\/wp\/v2\/pages\/6512"}],"wp:attachment":[{"href":"https:\/\/ewod.ut.ee\/et\/wp-json\/wp\/v2\/media?parent=8052"}],"curies":[{"name":"wp","href":"https:\/\/api.w.org\/{rel}","templated":true}]}}