{"id":8139,"date":"2024-04-03T23:41:22","date_gmt":"2024-04-03T20:41:22","guid":{"rendered":"https:\/\/sisu.ut.ee\/ewod\/?page_id=8139"},"modified":"2026-04-13T13:35:08","modified_gmt":"2026-04-13T10:35:08","slug":"mait-vaik","status":"publish","type":"page","link":"https:\/\/ewod.ut.ee\/et\/v\/mait-vaik\/","title":{"rendered":"Mait Vaik"},"content":{"rendered":"<figure class=\"wp-block-image alignright size-large\"><a href=\"https:\/\/sisu.ut.ee\/wp-content\/uploads\/sites\/108\/mait_vaik_alar_madisson-scaled.jpg\"><img loading=\"lazy\" decoding=\"async\" width=\"1024\" height=\"683\" src=\"https:\/\/sisu.ut.ee\/wp-content\/uploads\/sites\/108\/mait_vaik_alar_madisson-1024x683.jpg\" alt=\"\" class=\"wp-image-6142\" title=\"Foto: Alar Madisson\" srcset=\"https:\/\/sisu.ut.ee\/wp-content\/uploads\/sites\/108\/mait_vaik_alar_madisson-1024x683.jpg 1024w, https:\/\/sisu.ut.ee\/wp-content\/uploads\/sites\/108\/mait_vaik_alar_madisson-300x200.jpg 300w, https:\/\/sisu.ut.ee\/wp-content\/uploads\/sites\/108\/mait_vaik_alar_madisson-768x513.jpg 768w, https:\/\/sisu.ut.ee\/wp-content\/uploads\/sites\/108\/mait_vaik_alar_madisson-1536x1025.jpg 1536w, https:\/\/sisu.ut.ee\/wp-content\/uploads\/sites\/108\/mait_vaik_alar_madisson-2048x1367.jpg 2048w, https:\/\/sisu.ut.ee\/wp-content\/uploads\/sites\/108\/mait_vaik_alar_madisson-1920x1281.jpg 1920w\" sizes=\"auto, (max-width: 1024px) 100vw, 1024px\"><\/a><\/figure>\n\n\n\n<p>Mait Vaik (s\u00fcnd. 22. VIII 1969)on kirjanik ja muusik.<\/p>\n\n\n\n<p>S\u00fcndis Tallinnas. 1989-1995 m\u00e4ngis basskitarri ansamblis Vennaskond, alates aastast 2002 tegutseb ansamblis S\u00f5pruse Puiestee. Ta on kirjutanud m\u00f5lemas ansamblis ka muusikat. Ta on loonud paljudele Eesti b\u00e4ndidele laulus\u00f5nu, millest m\u00f5ned on omandanud \u00fcldrahvaliku populaarsuse.<\/p>\n\n\n\n<p>Vaigu deb\u00fc\u00fctraamat \u201eK\u00f5igil on alati \u00f5igus\u201c (2012) oli luuletuste ja laulus\u00f5nade kogumik. Vaik loob riimilist luulet, mille temaatika on sotsiaalselt tundlik, autorihoiak t\u00f5sine ja osav\u00f5tlik.<\/p>\n\n\n\n<p>Laulus\u00f5nade kirjutamiselt proosale suundumine t\u00f5i Vaigule peaaegu kohese edu. Tema m\u00f5lemad jutukogud \u201eT\u00f6\u00f6p\u00e4eva l\u00f5pp\u201c (2014) ja \u201eMeeleparanduseta\u201c (2016) v\u00f5eti kriitikute poolt h\u00e4sti vastu. Kogumikust \u201eT\u00f6\u00f6p\u00e4eva l\u00f5pp\u201c p\u00e4rit novell \u201ePuhtus\u201c p\u00e4lvis 2015. aastal Friedebert Tuglase novelliauhinna. Jutukogumikud \u201eMeeleparanduseta\u201c ja \u201eSimulatsioon\u201d (2021) p\u00e4lvisid m\u00f5lemad Kultuurkapitali kirjanduse sihtkapitali aastapreemia.<\/p>\n\n\n\n<p>2018. aastal ilmus Mait Vaigu esimene romaan \u201eKurvake s\u00fcgis\u201c, mis nomineeriti 2020. aastal Euroopa Liidu kirjandusauhinnale. Selles raamatus avaldub k\u00f5ik Vaigu proosale iseloomulik: robustsev\u00f5itu, kuid sisendusj\u00f5uline stiil ning v\u00f5ime vaadelda l\u00e4hedalt keerulisi teemasid nagu narkomaania, alkoholism v\u00f5i m\u00f5ni teine allak\u00e4igu vorm, usk v\u00f5i selle puudumine, edutus edukusele rajatud \u00fchiskonnas.<\/p>\n\n\n\n<p>Mait Vaik kuulub 2016. aastast Eesti Kirjanike Liitu.<\/p>\n\n\n\n<p><em>L. P.<\/em><\/p>\n\n\n\n<h4 class=\"wp-block-heading\"><br>Raamatud eesti keeles<\/h4>\n\n\n\n<p><em><strong>Romaanid<\/strong><\/em><br><strong>Kurvake s\u00fcgis<\/strong>. Tallinn: Puiestee, 2018. 302 lk.<br><strong>Hamilgtonide saaga<\/strong>. Tallinn: Puiestee, 2023, 285 lk.<\/p>\n\n\n\n<p><em><strong>L\u00fchiproosa<\/strong><\/em><br><strong>Juss ja vennad<\/strong>. Tallinn: Puiestee, 2013. 110 lk. [L\u00fchiromaan.]<br><strong>Juss ja vennad<\/strong>. Tallinn: Eesti Keele Sihtasutus, 2014. 213 lk. [L\u00fchiromaan ja jutud.]<br><strong>T\u00f6\u00f6p\u00e4eva l\u00f5pp<\/strong>. Jutustused. Tallinn: Puiestee, 2014. 143 lk.<br><strong>Meeleparanduseta<\/strong>. Tallinn: Puiestee, 2016. 175 lk.<br><strong>Simulatsioon<\/strong>. Tallinn: Puiestee, 2021, 188 lk.<\/p>\n\n\n\n<p><em><strong>Luule<\/strong><\/em><br><strong>K\u00f5igil on alati \u00f5igus<\/strong>. Tallinn: Puiestee, 2012. 159 lk.<\/p>\n","protected":false},"excerpt":{"rendered":"<p>Mait Vaik (s\u00fcnd. 22. VIII 1969)on kirjanik ja muusik. S\u00fcndis Tallinnas. 1989-1995 m\u00e4ngis basskitarri ansamblis Vennaskond, alates aastast 2002 tegutseb ansamblis S\u00f5pruse Puiestee. Ta on kirjutanud m\u00f5lemas ansamblis ka muusikat. Ta on loonud paljudele Eesti b\u00e4ndidele laulus\u00f5nu, millest m\u00f5ned on &#8230;<\/p>\n","protected":false},"author":43,"featured_media":0,"parent":6512,"menu_order":0,"comment_status":"closed","ping_status":"closed","template":"","meta":{"_acf_changed":false,"inline_featured_image":false,"footnotes":""},"class_list":["post-8139","page","type-page","status-publish","hentry"],"acf":[],"_links":{"self":[{"href":"https:\/\/ewod.ut.ee\/et\/wp-json\/wp\/v2\/pages\/8139","targetHints":{"allow":["GET"]}}],"collection":[{"href":"https:\/\/ewod.ut.ee\/et\/wp-json\/wp\/v2\/pages"}],"about":[{"href":"https:\/\/ewod.ut.ee\/et\/wp-json\/wp\/v2\/types\/page"}],"author":[{"embeddable":true,"href":"https:\/\/ewod.ut.ee\/et\/wp-json\/wp\/v2\/users\/43"}],"replies":[{"embeddable":true,"href":"https:\/\/ewod.ut.ee\/et\/wp-json\/wp\/v2\/comments?post=8139"}],"version-history":[{"count":2,"href":"https:\/\/ewod.ut.ee\/et\/wp-json\/wp\/v2\/pages\/8139\/revisions"}],"predecessor-version":[{"id":8142,"href":"https:\/\/ewod.ut.ee\/et\/wp-json\/wp\/v2\/pages\/8139\/revisions\/8142"}],"up":[{"embeddable":true,"href":"https:\/\/ewod.ut.ee\/et\/wp-json\/wp\/v2\/pages\/6512"}],"wp:attachment":[{"href":"https:\/\/ewod.ut.ee\/et\/wp-json\/wp\/v2\/media?parent=8139"}],"curies":[{"name":"wp","href":"https:\/\/api.w.org\/{rel}","templated":true}]}}