{"id":8144,"date":"2024-04-03T23:41:25","date_gmt":"2024-04-03T20:41:25","guid":{"rendered":"https:\/\/sisu.ut.ee\/ewod\/?page_id=8144"},"modified":"2026-04-13T13:44:53","modified_gmt":"2026-04-13T10:44:53","slug":"enn-vaigur","status":"publish","type":"page","link":"https:\/\/ewod.ut.ee\/et\/v\/enn-vaigur\/","title":{"rendered":"Enn Vaigur"},"content":{"rendered":"<figure class=\"wp-block-image alignright size-large is-resized\"><a href=\"https:\/\/sisu.ut.ee\/wp-content\/uploads\/sites\/108\/enn_vaigur_armin_turner.jpg\"><img loading=\"lazy\" decoding=\"async\" width=\"692\" height=\"1024\" src=\"https:\/\/sisu.ut.ee\/wp-content\/uploads\/sites\/108\/enn_vaigur_armin_turner-692x1024.jpg\" alt=\"\" class=\"wp-image-6316\" style=\"aspect-ratio:0.6757813618880778;width:256px;height:auto\" title=\"Foto: Armin T\u00fcrner\" srcset=\"https:\/\/sisu.ut.ee\/wp-content\/uploads\/sites\/108\/enn_vaigur_armin_turner-692x1024.jpg 692w, https:\/\/sisu.ut.ee\/wp-content\/uploads\/sites\/108\/enn_vaigur_armin_turner-203x300.jpg 203w, https:\/\/sisu.ut.ee\/wp-content\/uploads\/sites\/108\/enn_vaigur_armin_turner-768x1137.jpg 768w, https:\/\/sisu.ut.ee\/wp-content\/uploads\/sites\/108\/enn_vaigur_armin_turner-1037x1536.jpg 1037w, https:\/\/sisu.ut.ee\/wp-content\/uploads\/sites\/108\/enn_vaigur_armin_turner-1383x2048.jpg 1383w, https:\/\/sisu.ut.ee\/wp-content\/uploads\/sites\/108\/enn_vaigur_armin_turner.jpg 1471w\" sizes=\"auto, (max-width: 692px) 100vw, 692px\"><\/a><\/figure>\n\n\n\n<p>Enn Vaigur (1936. aastani Heinrich Lilienberg, 12. XII 1910\u201321. VIII 1988) oli n\u00e4itekirjanik.<\/p>\n\n\n\n<p>Vaigur s\u00fcndis Harjumaal Padisel Aruv\u00e4lja talu lasterikkas peres. Ta \u00f5ppis 1920. aastani \u00c4mari k\u00fclakoolis, aastatel 1920\u20131924 Padise algkoolis ja aastatel 1924\u20131926 Viljandimaal Vana-V\u00f5idu p\u00f5llut\u00f6\u00f6koolis. Ta t\u00f6\u00f6tas kontoriametnikuna ja ehitust\u00f6\u00f6lisena Harjumaal ja Tallinnas.<\/p>\n\n\n\n<p>Vaigur osales Tallinnas maan\u00e4itejuhtide kursustel, kus omandas lavakunsti algoskused. Temast kujunes omakandi n\u00e4item\u00e4nguentusiast. Vaigur kirjutas rahvalikke n\u00e4idendeid, lavastas ja m\u00e4ngis ise laval. Tema esimene n\u00e4idend, laulum\u00e4ng \u201eKraavihallid\u201c (1935) p\u00e4\u00e4ses ilmumisaastal peaaegu k\u00f5ikidele kutselistele lavadele. Lugu viiest optimistlikust hulkurt\u00f6\u00f6lisest t\u00f5i lavale v\u00e4rske puhangu. V\u00f5lusid noore autori vahenditus ja siirus, lopsakas dialoog, l\u00f5busad meeleolupildid, s\u00e4rtsakad, rahvalikult m\u00f5nusad karakterid. Kriitika oli heatahtlik, heites ette \u00fcksnes kompositsioonilist l\u00f5tvust. Kuni 1940. aastani ilmus Vaigurilt tr\u00fckis kaheksa n\u00e4idendit. \u00dckski nendest ei saavutanud esikteose menu.<\/p>\n\n\n\n<p>Teise maailmas\u00f5ja ajal oli Vaigur Jaroslavli kunstiansamblites teatritegevuse alal Paul Pinna assistent. 1943. aastal m\u00f5isteti ta poliitilise s\u00fc\u00fcdistusega k\u00fcmneks aastaks vangi. Vaigur kandis karistuse Kasahstani laagrites.<\/p>\n\n\n\n<p>P\u00e4rast vabanemist asus ta elama T\u00fcrile, kus elas surmani. 1956. aastast saadik hakkas Enn Vaigurilt uuesti ilmuma n\u00e4idendeid ning neid m\u00e4ngiti laialdaselt maalavadel, harvem kutselistes teatrites. Hilisemas loomej\u00e4rgus kirjutas Vaigur ka t\u00f5sisema iseloomuga n\u00e4idendeid, milles kajastus dramaatiline l\u00e4hiajalugu.<\/p>\n\n\n\n<p>Vaigur kirjutas ka l\u00fchiproosat. Temalt on ilmunud kaks novellikogu.<\/p>\n\n\n\n<p>Ta oli Eesti Kirjanike Liidu liige 1964. aastast.<\/p>\n\n\n\n<p>Vaigur t\u00f5lkis eesti keelde vene n\u00e4itekirjanike teoseid (A. Arbuzov, M. Zarudn\u00f5i, A. Stein jt). Tema n\u00e4idendeid on t\u00f5lgitud vene, ukraina ja leedu keelde ning lavastatud L\u00e4tis ja Leedus.<\/p>\n\n\n\n<p><em>L. P.<\/em><\/p>\n\n\n\n<h4 class=\"wp-block-heading\"><br>Raamatud eesti keeles<\/h4>\n\n\n\n<p><strong><em>N\u00e4idendid<\/em><\/strong><br><strong>Kraavihallid<\/strong>: kolmevaatuseline rahvat\u00fckk lauludega. Tallinn: Eesti Haridusliit, 1935. 165 lk.<br><strong>Potilill ja karusammal<\/strong>: rahvat\u00fckk 4 vaatuses. Tallinn: Eesti Haridusliit, 1936. 115 lk.<br><strong>Trump lamooriga<\/strong>: rahvat\u00fckk kolmes vaatuses, neljas pildis. Tallinn: Eesti Haridusliit, 1937.<br><strong>Vallaslaps<\/strong>: n\u00e4idend neljas vaatuses. Tallinn: Eesti Haridusliit, 1937. 127 lk.<br><strong>L\u00f5ukoerte koopas<\/strong>: n\u00e4idend kolmes vaatuses, neljas pildis. Tallinn: 1938. 84 lk.<br><strong>Aadam ja Eeva<\/strong>; igap\u00e4evane lugu tavaliste inimeste elust viies pildis eelm\u00e4nguga. Tallinn: Tarvik, 1939. 79 lk.<br><strong>Paradiis p\u00f5rgus<\/strong>: romantiline lugu lauludega neljas pildis. Tallinn: Tarvik, 1939. 96 lk.<br><strong>Vilepuhuja<\/strong>: Nurme Mangala ja Enn Vaiguri laulum\u00e4ng 4-s pildis. Tallinn: Autorikaitse \u00dching, 1940. 68 lk.<\/p>\n\n\n\n<p><strong><em>L\u00fchiproosa<\/em><\/strong><br><strong>Koldne s\u00fcgis<\/strong>. Tallinn: Eesti Raamat, 1982. 71 lk.<br><strong>Koduakendes kumab valgus<\/strong>. Tallinn: Eesti Raamat, 1985. 102 lk.<\/p>\n","protected":false},"excerpt":{"rendered":"<p>Enn Vaigur (1936. aastani Heinrich Lilienberg, 12. XII 1910\u201321. VIII 1988) oli n\u00e4itekirjanik. Vaigur s\u00fcndis Harjumaal Padisel Aruv\u00e4lja talu lasterikkas peres. Ta \u00f5ppis 1920. aastani \u00c4mari k\u00fclakoolis, aastatel 1920\u20131924 Padise algkoolis ja aastatel 1924\u20131926 Viljandimaal Vana-V\u00f5idu p\u00f5llut\u00f6\u00f6koolis. Ta t\u00f6\u00f6tas kontoriametnikuna &#8230;<\/p>\n","protected":false},"author":43,"featured_media":0,"parent":6512,"menu_order":0,"comment_status":"closed","ping_status":"closed","template":"","meta":{"_acf_changed":false,"inline_featured_image":false,"footnotes":""},"class_list":["post-8144","page","type-page","status-publish","hentry"],"acf":[],"_links":{"self":[{"href":"https:\/\/ewod.ut.ee\/et\/wp-json\/wp\/v2\/pages\/8144","targetHints":{"allow":["GET"]}}],"collection":[{"href":"https:\/\/ewod.ut.ee\/et\/wp-json\/wp\/v2\/pages"}],"about":[{"href":"https:\/\/ewod.ut.ee\/et\/wp-json\/wp\/v2\/types\/page"}],"author":[{"embeddable":true,"href":"https:\/\/ewod.ut.ee\/et\/wp-json\/wp\/v2\/users\/43"}],"replies":[{"embeddable":true,"href":"https:\/\/ewod.ut.ee\/et\/wp-json\/wp\/v2\/comments?post=8144"}],"version-history":[{"count":2,"href":"https:\/\/ewod.ut.ee\/et\/wp-json\/wp\/v2\/pages\/8144\/revisions"}],"predecessor-version":[{"id":8147,"href":"https:\/\/ewod.ut.ee\/et\/wp-json\/wp\/v2\/pages\/8144\/revisions\/8147"}],"up":[{"embeddable":true,"href":"https:\/\/ewod.ut.ee\/et\/wp-json\/wp\/v2\/pages\/6512"}],"wp:attachment":[{"href":"https:\/\/ewod.ut.ee\/et\/wp-json\/wp\/v2\/media?parent=8144"}],"curies":[{"name":"wp","href":"https:\/\/api.w.org\/{rel}","templated":true}]}}