{"id":8161,"date":"2024-09-09T11:07:23","date_gmt":"2024-09-09T08:07:23","guid":{"rendered":"https:\/\/sisu.ut.ee\/ewod\/?page_id=8161"},"modified":"2026-04-13T14:32:17","modified_gmt":"2026-04-13T11:32:17","slug":"tauno-vahter","status":"publish","type":"page","link":"https:\/\/ewod.ut.ee\/et\/v\/tauno-vahter\/","title":{"rendered":"Tauno Vahter"},"content":{"rendered":"<p>Tauno Vahter (s\u00fcndinud 18. II 1978) on kirjastaja, prosaist ja t\u00f5lkija.<\/p>\n\n\n\n<p>Vahter s\u00fcndis ja \u00f5ppis Tallinnas ning avalikku haldust Tartu \u00dclikoolis. Ta t\u00f6\u00f6tab kirjastuses T\u00e4nap\u00e4ev, 2008. aastast peatoimetajana. Tema vend on ajakirjanik ja mitme dokumentaalraamatu autor Tarmo Vahter.<\/p>\n\n\n\n<p>Ilukirjandusliku loometee alguses avaldas ajakirjanduses novelle. Neist osa on koondatud kogumikku \u201ePikaajaline kokkusaamine\u201c (2020), teiste hulgas ka 2021. aastal Friedebert Tuglase novelliauhinna p\u00e4lvinud \u201eTaevas Tartu kohal\u201c. T\u00f5sielulistel s\u00fcndmustel p\u00f5hineb 2022. aastal Eduard Vilde nimelise kirjandusauhinna p\u00e4lvinud romaan \u201eMadis Jeffersoni 11 p\u00f5genemist\u201c (2021). See kujutab mitmeid kordi N\u00f5ukogude Liidust p\u00f5geneda p\u00fc\u00fcdnud Johannes Lapmanni seiklusi, mis kohati omandavad tragikoomilise varjundi. Vahter paistab silma hea jutustajana, kellele on iseloomulik heatahtlik huumor. Sellega paistab silma ka 1990. aastate alguse turbulentseid muutusi ning esoteerika ja sensitiivide maailma kujutav romaan \u201eHea venelane\u201c (2022).<\/p>\n\n\n\n<p>Eesti keelde on Vahter t\u00f5lkinud muuhulgas Sofi Oksaneni romaani \u201eStalini lehmad\u201c ja Arto Paasilinna romaani \u201eMaailma parim k\u00fcla\u201c.<\/p>\n\n\n\n<p>Ta on tegelenud m\u00e4lum\u00e4nguga ja v\u00f5itnud selles mitmeid meistritiitleid; kirjutanud esseid, arvamuslugusid ning kirjandus-, filmi- ja teatriarvustusi.<\/p>\n\n\n\n<p><em>A. K.<\/em><\/p>\n\n\n\n<h4 class=\"wp-block-heading\"><br>Raamatud eesti keeles<\/h4>\n\n\n\n<p><strong><em>Romaanid<\/em><\/strong><br><strong>Madis Jeffersoni 11 p\u00f5genemist<\/strong>. Tallinn: T\u00e4nap\u00e4ev, 2021, 253 lk<br><strong>Hea venelane<\/strong>. Tallinn: T\u00e4nap\u00e4ev, 2022, 242 lk<br><strong>Elevandi \u00fcksildus<\/strong>. Tallinn: T\u00e4nap\u00e4ev, 2024, 287 lk.<\/p>\n\n\n\n<p><strong><em>L\u00fchiproosa<\/em><\/strong><br><strong>Pikaajaline kokkusaamine<\/strong>. Tallinn: T\u00e4nap\u00e4ev, 2020, 182 lk<\/p>\n\n\n\n<p><strong><em>Varia<\/em><\/strong><br><strong>Tallinna l\u00f5hnad<\/strong>. Tallinn: T\u00e4nap\u00e4ev, 2025, 253 lk.<\/p>\n","protected":false},"excerpt":{"rendered":"<p>Tauno Vahter (s\u00fcndinud 18. II 1978) on kirjastaja, prosaist ja t\u00f5lkija. Vahter s\u00fcndis ja \u00f5ppis Tallinnas ning avalikku haldust Tartu \u00dclikoolis. Ta t\u00f6\u00f6tab kirjastuses T\u00e4nap\u00e4ev, 2008. aastast peatoimetajana. Tema vend on ajakirjanik ja mitme dokumentaalraamatu autor Tarmo Vahter. Ilukirjandusliku loometee &#8230;<\/p>\n","protected":false},"author":43,"featured_media":0,"parent":6512,"menu_order":0,"comment_status":"closed","ping_status":"closed","template":"","meta":{"_acf_changed":false,"inline_featured_image":false,"footnotes":""},"class_list":["post-8161","page","type-page","status-publish","hentry"],"acf":[],"_links":{"self":[{"href":"https:\/\/ewod.ut.ee\/et\/wp-json\/wp\/v2\/pages\/8161","targetHints":{"allow":["GET"]}}],"collection":[{"href":"https:\/\/ewod.ut.ee\/et\/wp-json\/wp\/v2\/pages"}],"about":[{"href":"https:\/\/ewod.ut.ee\/et\/wp-json\/wp\/v2\/types\/page"}],"author":[{"embeddable":true,"href":"https:\/\/ewod.ut.ee\/et\/wp-json\/wp\/v2\/users\/43"}],"replies":[{"embeddable":true,"href":"https:\/\/ewod.ut.ee\/et\/wp-json\/wp\/v2\/comments?post=8161"}],"version-history":[{"count":2,"href":"https:\/\/ewod.ut.ee\/et\/wp-json\/wp\/v2\/pages\/8161\/revisions"}],"predecessor-version":[{"id":8165,"href":"https:\/\/ewod.ut.ee\/et\/wp-json\/wp\/v2\/pages\/8161\/revisions\/8165"}],"up":[{"embeddable":true,"href":"https:\/\/ewod.ut.ee\/et\/wp-json\/wp\/v2\/pages\/6512"}],"wp:attachment":[{"href":"https:\/\/ewod.ut.ee\/et\/wp-json\/wp\/v2\/media?parent=8161"}],"curies":[{"name":"wp","href":"https:\/\/api.w.org\/{rel}","templated":true}]}}