{"id":8190,"date":"2024-04-03T23:41:23","date_gmt":"2024-04-03T20:41:23","guid":{"rendered":"https:\/\/sisu.ut.ee\/ewod\/?page_id=8190"},"modified":"2026-04-13T15:43:49","modified_gmt":"2026-04-13T12:43:49","slug":"hugo-vaher","status":"publish","type":"page","link":"https:\/\/ewod.ut.ee\/et\/v\/hugo-vaher\/","title":{"rendered":"Hugo Vaher"},"content":{"rendered":"<p>Hugo Vaher (kodanikunimega Urmas Jaagusoo, s\u00fcndinud 13. V 1974) on noorsookirjanik, kes on oma loomingus k\u00e4sitlenud eesti punkliikumist.<\/p>\n\n\n\n<p>Vaher s\u00fcndis Tallinnas ja \u00f5ppis Tallinna 7. keskkoolis, hilisemas Tallinna Inglise Kolled\u017eis. Ta on l\u00f5petanud Tartu \u00dclikooli \u00f5igusteaduskonna ja \u00f5ppinud samas ka avalikku haldust. Ta on m\u00e4nginud kitarri punkansamblis A.V.A. (hilisem <em>indie<\/em>-ansambel The Chance), olnud viljakas laulukirjutaja ja esinenud sooloartistina Ray Astero nime all. Noop\u00f5lvem\u00e4lestused b\u00e4ndis m\u00e4ngimisest kajastuvad tema jutuloomingus. Praegu t\u00f6\u00f6tab Vaher haridusministeeriumi ametnikuna. Ta on alates 2021. aastast Kirjanike Liidu liige.<\/p>\n\n\n\n<p>Hugo Vaheri 2012. aastal ilmunud deb\u00fc\u00fctraamat \u201ePunk ei ole surnud\u201c r\u00e4\u00e4gib punkarite elust 1980. aastate Eestis. Minategelane, keskkooliikka j\u00f5udnud noor punkar teeb b\u00e4ndi, kogeb esimest suurt armastust ning \u00fcritab leida oma kohta elus, mis on t\u00e4is piiranguid, valet ja \u00fclekohut, kuid millest ei puudu ka s\u00f5prus, armastus ja m\u00f5istmine. J\u00e4rgmistel aastatel ilmusid Vaheri sulest veel kaks punkarite elu k\u00e4sitlevat teost: \u201eSkvotterid\u201c ja \u201eS\u00fcgise kuldne kooma\u201c. Tema tempokas noorteromaan \u201eNutivaba\u201d (2025), mille \u00fcheks peategelaseks on taas punkar, p\u00e4lvis suure tunnustuse: esimese koha kirjastuse T\u00e4nap\u00e4ev ja Eesti Lastekirjanduse Keskuse noorteromaani v\u00f5istlusel, Kultuurkapitali kirjanduse sihtkapitali aastapreemia, Hea Noorteraamatu auhinna ja Margus Karu noortekirjanduse auhinna.<\/p>\n\n\n\n<p>Hugo Vaher on lisaks noorsooraamatutele kirjutanud ka lastele. 2014. aastal ilmunud raamatule \u201e\u00dcmera mehed Roosa Villast\u201c on j\u00e4rgnenud arvukalt teisi lasteraamatuid. Hugo Vaher j\u00e4tkab eesti poisteraamatu traditsioone. Ta on meisterlik p\u00f5neva s\u00fc\u017eee looja. Ta n\u00e4itab ilmekalt, et ka k\u00f5ige tavalisem laps v\u00f5ib olla kangelane, kui k\u00f5rval on s\u00f5ber ja tagalaks turvaline kodu. Vaher on p\u00e4lvinud tunnustust lastejutuv\u00f5istlusel \u201eMinu esimene raamat\u201c, samuti noorteromaaniv\u00f5istlusel.<\/p>\n\n\n\n<p>Hugo Vaher on t\u00f5lkinud eesti keelde aime- ja ilukirjandust.<\/p>\n\n\n\n<p><em>L. P.<\/em><\/p>\n\n\n\n<h4 class=\"wp-block-heading\"><br>Raamatud eesti keeles<\/h4>\n\n\n\n<p><strong><em>Romaanid<\/em><\/strong><br><strong>Punk ei ole surnud<\/strong>. Tallinn: T\u00e4nap\u00e4ev, 2012. 183 lk.<br><strong>Skvotterid<\/strong>. Tallinn: T\u00e4nap\u00e4ev, 2013. 223 lk.<br><strong>Vallakirjutaja k\u00e4siraamat, ehk, M\u00e4\u00e4rdemeistri m\u00e4lestused<\/strong>. Tallinn: Varrak, 2014. 197 lk.<br><strong>S\u00fcgise kuldne kooma<\/strong>. Tallinn: T\u00e4nap\u00e4ev, 2017. 187 lk.<br><strong>Neljas versioon<\/strong>: tragikoomiline krimiromaan. Tallinn: Eesti Raamat, 2024, 221 lk.<br><strong>Nutivaba<\/strong>. Tallinn: T\u00e4nap\u00e4ev, 2025, 179 lk.<\/p>\n\n\n\n<p><strong><em>Laste- ja noortelood<\/em><\/strong><br><strong>\u00dcmera mehed Roosa Villast<\/strong>. Tallinn: T\u00e4nap\u00e4ev, 2014. 181 lk.<br><strong>Ajutine elu<\/strong>. Tallinn: T\u00e4nap\u00e4ev, 2015. 214 lk.<br><strong>J\u00f5esaare poisid<\/strong>. Tallinn: T\u00e4nap\u00e4ev, 2016. 167 lk.<br><strong>V\u00e4\u00e4na j\u00e4ljek\u00fctid. Salap\u00e4rase soki juhtum<\/strong>. Tallinn: T\u00e4nap\u00e4ev, 2017. 118 lk.<br><strong>V\u00e4\u00e4na j\u00e4ljek\u00fctid. Maa ja taeva vahel<\/strong>. Tallinn: T\u00e4nap\u00e4ev, 2019. 134 lk.<br><strong>Inspektor Telinski, kummisuti ja k\u00f5ik \u00fclej\u00e4\u00e4nud<\/strong>. Tallinn: Koolibri, 2020. 119 lk.<br><strong>V\u00e4\u00e4na j\u00e4ljek\u00fctid. Vana laagri saladus<\/strong>. Tallinn: T\u00e4nap\u00e4ev, 2020. 144 lk.<br><strong>Vanadaam ja koibik<\/strong>. Tallinn: Hea Lugu, 2024, 94 lk.<\/p>\n","protected":false},"excerpt":{"rendered":"<p>Hugo Vaher (kodanikunimega Urmas Jaagusoo, s\u00fcndinud 13. V 1974) on noorsookirjanik, kes on oma loomingus k\u00e4sitlenud eesti punkliikumist. Vaher s\u00fcndis Tallinnas ja \u00f5ppis Tallinna 7. keskkoolis, hilisemas Tallinna Inglise Kolled\u017eis. Ta on l\u00f5petanud Tartu \u00dclikooli \u00f5igusteaduskonna ja \u00f5ppinud samas ka &#8230;<\/p>\n","protected":false},"author":43,"featured_media":0,"parent":6512,"menu_order":0,"comment_status":"closed","ping_status":"closed","template":"","meta":{"_acf_changed":false,"inline_featured_image":false,"footnotes":""},"class_list":["post-8190","page","type-page","status-publish","hentry"],"acf":[],"_links":{"self":[{"href":"https:\/\/ewod.ut.ee\/et\/wp-json\/wp\/v2\/pages\/8190","targetHints":{"allow":["GET"]}}],"collection":[{"href":"https:\/\/ewod.ut.ee\/et\/wp-json\/wp\/v2\/pages"}],"about":[{"href":"https:\/\/ewod.ut.ee\/et\/wp-json\/wp\/v2\/types\/page"}],"author":[{"embeddable":true,"href":"https:\/\/ewod.ut.ee\/et\/wp-json\/wp\/v2\/users\/43"}],"replies":[{"embeddable":true,"href":"https:\/\/ewod.ut.ee\/et\/wp-json\/wp\/v2\/comments?post=8190"}],"version-history":[{"count":2,"href":"https:\/\/ewod.ut.ee\/et\/wp-json\/wp\/v2\/pages\/8190\/revisions"}],"predecessor-version":[{"id":8193,"href":"https:\/\/ewod.ut.ee\/et\/wp-json\/wp\/v2\/pages\/8190\/revisions\/8193"}],"up":[{"embeddable":true,"href":"https:\/\/ewod.ut.ee\/et\/wp-json\/wp\/v2\/pages\/6512"}],"wp:attachment":[{"href":"https:\/\/ewod.ut.ee\/et\/wp-json\/wp\/v2\/media?parent=8190"}],"curies":[{"name":"wp","href":"https:\/\/api.w.org\/{rel}","templated":true}]}}