{"id":8228,"date":"2024-04-03T23:40:47","date_gmt":"2024-04-03T20:40:47","guid":{"rendered":"https:\/\/sisu.ut.ee\/ewod\/?page_id=8228"},"modified":"2026-04-13T22:35:09","modified_gmt":"2026-04-13T19:35:09","slug":"lembit-uustulnd","status":"publish","type":"page","link":"https:\/\/ewod.ut.ee\/et\/u\/lembit-uustulnd\/","title":{"rendered":"Lembit Uustulnd"},"content":{"rendered":"<figure class=\"wp-block-image alignright size-large\"><a href=\"https:\/\/sisu.ut.ee\/wp-content\/uploads\/sites\/108\/lembit_uustulnd_alar_madisson.jpg\"><img loading=\"lazy\" decoding=\"async\" width=\"1024\" height=\"684\" src=\"https:\/\/sisu.ut.ee\/wp-content\/uploads\/sites\/108\/lembit_uustulnd_vaike_alar_madisson-1024x684.jpg\" alt=\"\" class=\"wp-image-6313\" srcset=\"https:\/\/sisu.ut.ee\/wp-content\/uploads\/sites\/108\/lembit_uustulnd_vaike_alar_madisson-1024x684.jpg 1024w, https:\/\/sisu.ut.ee\/wp-content\/uploads\/sites\/108\/lembit_uustulnd_vaike_alar_madisson-300x200.jpg 300w, https:\/\/sisu.ut.ee\/wp-content\/uploads\/sites\/108\/lembit_uustulnd_vaike_alar_madisson-768x513.jpg 768w, https:\/\/sisu.ut.ee\/wp-content\/uploads\/sites\/108\/lembit_uustulnd_vaike_alar_madisson-1536x1026.jpg 1536w, https:\/\/sisu.ut.ee\/wp-content\/uploads\/sites\/108\/lembit_uustulnd_vaike_alar_madisson-2048x1368.jpg 2048w, https:\/\/sisu.ut.ee\/wp-content\/uploads\/sites\/108\/lembit_uustulnd_vaike_alar_madisson-1920x1283.jpg 1920w\" sizes=\"auto, (max-width: 1024px) 100vw, 1024px\"><\/a><\/figure>\n\n\n\n<p>Lembit Uustulnd (s\u00fcnd. 25. VII 1952) on kirjanik ja laevakapten.<\/p>\n\n\n\n<p>Uustulnd s\u00fcndis Saaremaal meremehest ja kirjanikust isa Albert Uustulndi ning koolidirektorist ema pojana. Isa eeskujul tahtis Uustulnd saada meremeheks ja \u00f5ppis Leningradi Makarovi nimelises k\u00f5rgemas merekoolis. Tema meremeheelu on kestnud pool sajandit, sellest 35 aastat t\u00f6\u00f6tas ta kaptenina. Alustanud meremehena kalalaevadel, sai temast hiljem reisilaevakapten. Lembit Uustulnd on Eesti Kirjanike Liidu liige 2007. aastast.<\/p>\n\n\n\n<p>Kirjanikuna t\u00f5i Uustulndile tuntuse tema esimene romaan \u201eKiikhobune Antverpenist\u201d (1999), mis v\u00f5itis Kirjanike Liidu romaaniv\u00f5istlusel teise koha. Romaan on p\u00f5nevik, autor on seda nimetanud pseudodokumentaal-ajalooliseks teoseks. 2016. aastal ilmus raamat l\u00e4ti keelde t\u00f5lgituna.<\/p>\n\n\n\n<p>Uustulnd on kirjutanud kokku 13 romaani, l\u00fchiproosat, n\u00e4idendeid ja lasteraamatuid. Tema tuntud jutustused on \u201eAastavahetus Casablancas\u201c (1998) ja \u201eJ\u00f5ulu\u00e4mber\u201c (2002). Uustulnd on kirjutanud biograafiaid mainekatest Eesti kaptenitest. Tema magnum opuseks on kaheksast romaanist koosnev sari \u201eAvameri\u201d, mis r\u00e4\u00e4gib Saaremaa meremeeste ja kalurite elust alates 1960. aastatest kuni 1990-ndate alguseni. Kirjanik on \u00f6elnud, et rohkem romaane pole tal sellesse sarja plaanis kirjutada.<\/p>\n\n\n\n<p>2021. aastal autasustati Lembit Uustulndi Valget\u00e4he V klassi teenetem\u00e4rgiga.<\/p>\n\n\n\n<p><em>L. P.<\/em><\/p>\n\n\n\n<h4 class=\"wp-block-heading\"><br>Raamatud eesti keeles<\/h4>\n\n\n\n<p><strong><em>Romaanid<\/em><\/strong><br><strong>Kiikhobune Antverpenist<\/strong>. Pseudodokumentaal-ajalooline romaan. Tallinn: Varrak, 1999. 502 lk.<br><strong>S\u00fcvameri<\/strong>. Tallinn: Varrak, 2001. 359 lk.<br><strong>Reis v\u00f5lgu<\/strong>. Tallinn: Varrak, 2004. 287 lk.<br><strong>Ruutuemanda s\u00fcndroom<\/strong>. Pseudodokumentaal-ajalooline romaan. Tallinn: Varrak, 2007. 630 lk.<br><strong>Avameri 1. Kapten<\/strong>. Tallinn: Varrak, 2018. 340 lk.<br><strong>Avameri 2. Kalamehe m\u00f5rsja<\/strong>. Tallinn: Varrak, 2019. 335 lk.<br><strong>Avameri 3. Naerukajaka nutt<\/strong>. Tallinn: Varrak, 2020. 365 lk.<br><strong>Avameri 4. Kuldkalake<\/strong>. Tallinn: Varrak, 2022, 327 lk.<br><strong>Avameri 5. Meri taskus<\/strong>. Tallinn: Varrak, 2023, 334 lk.<br><strong>Avameri 6. Salahoovused<\/strong>. Tallinn: Varrak, 2023, 326 lk.<br><strong>Avameri 7. Kaugs\u00f5it kai \u00e4\u00e4res<\/strong>. Tallinn: Varrak, 2024, 327 lk.<br><strong>Avameri 8. Punaste nelkide tuhk<\/strong>. Tallinn: Varrak, 2025, 397 lk.<br><strong>Voldemar Laasiku \u00fcheksa mina: elu nagu filmis<\/strong>. Tallinn: Varrak, 2026, 301 lk.<\/p>\n\n\n\n<p><strong><em>L\u00fchiproosa<\/em><\/strong><br><strong>Merejutud<\/strong>. Tallinn: Varrak, 2009. 212 lk.<\/p>\n\n\n\n<p><strong><em>Lasteraamatud<\/em><\/strong><br><strong>Ta ujub siiski<\/strong>. Tallinn: Varrak, 2011. 185 lk.<br><strong>Operatsioon \u201cLossivaim\u201d<\/strong>. Pseudoajalooline noorteromaan. Tallinn: Varrak, 2021, 221 lk.<\/p>\n\n\n\n<p><strong><em>Elulood<\/em><\/strong><br><strong>Kapten Kollo: mereelu \u2013 elumeri<\/strong>. Tallinn: Pegasus, 2010. 255 lk.<br><strong>Kapten Toivo Ninnase \u00fcheksa lainet<\/strong>. Tallinn: Pegasus, 2012. 358 lk.<\/p>\n","protected":false},"excerpt":{"rendered":"<p>Lembit Uustulnd (s\u00fcnd. 25. VII 1952) on kirjanik ja laevakapten. Uustulnd s\u00fcndis Saaremaal meremehest ja kirjanikust isa Albert Uustulndi ning koolidirektorist ema pojana. Isa eeskujul tahtis Uustulnd saada meremeheks ja \u00f5ppis Leningradi Makarovi nimelises k\u00f5rgemas merekoolis. Tema meremeheelu on kestnud &#8230;<\/p>\n","protected":false},"author":43,"featured_media":0,"parent":6538,"menu_order":0,"comment_status":"closed","ping_status":"closed","template":"","meta":{"_acf_changed":false,"inline_featured_image":false,"footnotes":""},"class_list":["post-8228","page","type-page","status-publish","hentry"],"acf":[],"_links":{"self":[{"href":"https:\/\/ewod.ut.ee\/et\/wp-json\/wp\/v2\/pages\/8228","targetHints":{"allow":["GET"]}}],"collection":[{"href":"https:\/\/ewod.ut.ee\/et\/wp-json\/wp\/v2\/pages"}],"about":[{"href":"https:\/\/ewod.ut.ee\/et\/wp-json\/wp\/v2\/types\/page"}],"author":[{"embeddable":true,"href":"https:\/\/ewod.ut.ee\/et\/wp-json\/wp\/v2\/users\/43"}],"replies":[{"embeddable":true,"href":"https:\/\/ewod.ut.ee\/et\/wp-json\/wp\/v2\/comments?post=8228"}],"version-history":[{"count":2,"href":"https:\/\/ewod.ut.ee\/et\/wp-json\/wp\/v2\/pages\/8228\/revisions"}],"predecessor-version":[{"id":8231,"href":"https:\/\/ewod.ut.ee\/et\/wp-json\/wp\/v2\/pages\/8228\/revisions\/8231"}],"up":[{"embeddable":true,"href":"https:\/\/ewod.ut.ee\/et\/wp-json\/wp\/v2\/pages\/6538"}],"wp:attachment":[{"href":"https:\/\/ewod.ut.ee\/et\/wp-json\/wp\/v2\/media?parent=8228"}],"curies":[{"name":"wp","href":"https:\/\/api.w.org\/{rel}","templated":true}]}}