{"id":8252,"date":"2024-04-03T23:39:24","date_gmt":"2024-04-03T20:39:24","guid":{"rendered":"https:\/\/sisu.ut.ee\/ewod\/?page_id=8252"},"modified":"2026-04-14T10:01:30","modified_gmt":"2026-04-14T07:01:30","slug":"peeter-urm","status":"publish","type":"page","link":"https:\/\/ewod.ut.ee\/et\/u\/peeter-urm\/","title":{"rendered":"Peeter Urm"},"content":{"rendered":"<figure class=\"wp-block-image alignright size-large is-resized\"><a href=\"https:\/\/sisu.ut.ee\/wp-content\/uploads\/sites\/108\/peeter_urm_kalju_suur.jpg\"><img loading=\"lazy\" decoding=\"async\" width=\"741\" height=\"1024\" src=\"https:\/\/sisu.ut.ee\/wp-content\/uploads\/sites\/108\/peeter_urm_kalju_suur-741x1024.jpg\" alt=\"\" class=\"wp-image-6327\" style=\"aspect-ratio:0.7236423271576773;width:235px;height:auto\" title=\"Foto: Kalju Suur\" srcset=\"https:\/\/sisu.ut.ee\/wp-content\/uploads\/sites\/108\/peeter_urm_kalju_suur-741x1024.jpg 741w, https:\/\/sisu.ut.ee\/wp-content\/uploads\/sites\/108\/peeter_urm_kalju_suur-217x300.jpg 217w, https:\/\/sisu.ut.ee\/wp-content\/uploads\/sites\/108\/peeter_urm_kalju_suur-768x1061.jpg 768w, https:\/\/sisu.ut.ee\/wp-content\/uploads\/sites\/108\/peeter_urm_kalju_suur-1112x1536.jpg 1112w, https:\/\/sisu.ut.ee\/wp-content\/uploads\/sites\/108\/peeter_urm_kalju_suur.jpg 1223w\" sizes=\"auto, (max-width: 741px) 100vw, 741px\"><\/a><\/figure>\n\n\n\n<p>Peeter Urm (s\u00fcnd. 25. IV 1949) on proosakirjanik, stsenarist ja arst.<br><br>Urm s\u00fcndis Tartus. Ta l\u00f5petas 1967. aastal Tartus keskkooli ja \u00f5ppis seej\u00e4rel Tartu \u00dclikoolis arstiteadust. P\u00e4rast \u00fclikooli l\u00f5petamist 1973. aastal t\u00f6\u00f6tas ta kuni 1997. aastani arstina erinevates Tallinna ja Tallinna \u00fcmbruse haiglates. Peeter Urm on Kirjanike Liidu liige alates 1996. aastast.<br><br>Urm deb\u00fcteeris jutustusega \u201eDoktor Harri R\u00e4vel\u201c ajakirjas Looming 1980. aastal ja avaldas j\u00e4rgmisel aastal romaani \u201eViimane raund\u201c. M\u00f5lemad teosed k\u00e4sitlevad arstikutse ja haiglaelu eetilisi k\u00fcsimusi. Urmi j\u00e4rgmine raamat, 1982. aastal ilmunud \u201eP\u00e4ike tules\u201c on ps\u00fchholoogiline kriminaalromaan. Romaanitriloogia \u201eSiinpool paradiisi\u201c (1993), \u201eProvintsiarst\u201c (1994) ja \u201eH\u00fcvastij\u00e4tt\u201c (1996) aluseks on tuntud Eesti arstiteadlase Arnold Seppo (1917\u20131980) eluk\u00e4ik. Autor \u00fchendab protot\u00fc\u00fcbi eluloolised faktid oma fantaasia looduga. Triloogia kahe esimese romaani eest p\u00e4lvis Urm 1995. aastal Eduard Vilde nimelise kirjandusauhinna. 2001. aastal ilmus Urmilt kriminaalromaan \u201eV\u00e4ikelinna \u0161erif\u201c.<\/p>\n\n\n\n<p>Peeter Urm on kirjutanud kuuldem\u00e4nge ning saanud auhindu filmistsenaariumide ja n\u00e4idendite v\u00f5istlustel. Ta on kirjutanud stsenaariumi 40-osalisele teleseriaalile \u201eV.E.R.I. = Valu. Elu. Raha. Ilu\u201c, mida n\u00e4idati Eesti Televisioonis aastatel 1995\u20131996.<\/p>\n\n\n\n<p><em>L. P.<\/em><\/p>\n\n\n\n<h4 class=\"wp-block-heading\"><br>Raamatud eesti keeles<\/h4>\n\n\n\n<p><strong><em>Romaanid<\/em><\/strong><br><strong>Viimane raund<\/strong>. Tallinn : Eesti Raamat, 1981. 136 lk.<br><strong>P\u00e4ike tules<\/strong>. Tallinn: Eesti Raamat, 1982. 191 lk.<br><strong>Siinpool paradiisi<\/strong>. Tallinn: Eesti Raamat, 1993. 285 lk.<br><strong>Provintsiarst<\/strong>. Tallinn: Eesti Raamat, 1994. 255 lk.<br><strong>Dorfi suvi<\/strong>. Tallinn: Eesti Raamat, 1995. 350 lk.<br><strong>H\u00fcvastij\u00e4tt<\/strong>. Tallinn: Eesti Raamat, 1996. 278 lk.<br><strong>V\u00e4ikelinna \u0161erif<\/strong>. Tallinn: Eesti Raamat, 2001. 238 lk.<br><strong>Doktor Harri R\u00e4vel<\/strong> [l\u00fchiromaan]; Perekond [n\u00e4idend]. Habaja: Kentaur, 2004. 160 lk.<\/p>\n","protected":false},"excerpt":{"rendered":"<p>Peeter Urm (s\u00fcnd. 25. IV 1949) on proosakirjanik, stsenarist ja arst. Urm s\u00fcndis Tartus. Ta l\u00f5petas 1967. aastal Tartus keskkooli ja \u00f5ppis seej\u00e4rel Tartu \u00dclikoolis arstiteadust. P\u00e4rast \u00fclikooli l\u00f5petamist 1973. aastal t\u00f6\u00f6tas ta kuni 1997. aastani arstina erinevates Tallinna ja &#8230;<\/p>\n","protected":false},"author":43,"featured_media":0,"parent":6538,"menu_order":0,"comment_status":"closed","ping_status":"closed","template":"","meta":{"_acf_changed":false,"inline_featured_image":false,"footnotes":""},"class_list":["post-8252","page","type-page","status-publish","hentry"],"acf":[],"_links":{"self":[{"href":"https:\/\/ewod.ut.ee\/et\/wp-json\/wp\/v2\/pages\/8252","targetHints":{"allow":["GET"]}}],"collection":[{"href":"https:\/\/ewod.ut.ee\/et\/wp-json\/wp\/v2\/pages"}],"about":[{"href":"https:\/\/ewod.ut.ee\/et\/wp-json\/wp\/v2\/types\/page"}],"author":[{"embeddable":true,"href":"https:\/\/ewod.ut.ee\/et\/wp-json\/wp\/v2\/users\/43"}],"replies":[{"embeddable":true,"href":"https:\/\/ewod.ut.ee\/et\/wp-json\/wp\/v2\/comments?post=8252"}],"version-history":[{"count":2,"href":"https:\/\/ewod.ut.ee\/et\/wp-json\/wp\/v2\/pages\/8252\/revisions"}],"predecessor-version":[{"id":8256,"href":"https:\/\/ewod.ut.ee\/et\/wp-json\/wp\/v2\/pages\/8252\/revisions\/8256"}],"up":[{"embeddable":true,"href":"https:\/\/ewod.ut.ee\/et\/wp-json\/wp\/v2\/pages\/6538"}],"wp:attachment":[{"href":"https:\/\/ewod.ut.ee\/et\/wp-json\/wp\/v2\/media?parent=8252"}],"curies":[{"name":"wp","href":"https:\/\/api.w.org\/{rel}","templated":true}]}}