{"id":8272,"date":"2024-04-03T23:41:35","date_gmt":"2024-04-03T20:41:35","guid":{"rendered":"https:\/\/sisu.ut.ee\/ewod\/?page_id=8272"},"modified":"2026-04-14T11:14:19","modified_gmt":"2026-04-14T08:14:19","slug":"lii-unt","status":"publish","type":"page","link":"https:\/\/ewod.ut.ee\/et\/u\/lii-unt\/","title":{"rendered":"Lii Unt"},"content":{"rendered":"<p>Lii Unt (1983. aastani Lii Lomp, s\u00fcnd. 15. III 1960) on prosaist ja ajakirjanik.<\/p>\n\n\n\n<p>Ta s\u00fcndis Ida-Virumaal Iisakus. Ta \u00f5ppis 1972-1975. aastal Kohila keskkoolis ja 1975\u20131979 Tallinna kerget\u00f6\u00f6stuse tehnikumis. Ta on t\u00f6\u00f6tanud raamatukoguhoidjana ning aastatel 1980\u20131992 Tallinna Noorsooteatris ja 1992\u20131994 von Krahli teatris grimeerijana. Aastatel 1996\u20131998 t\u00f6\u00f6tas ta ajakirjanikuna ajalehes Eesti Ekspress, seej\u00e4rel toimetajana ajakirjades Stiil ja Eesti Naine. Ta oli abielus kirjanik <a href=\"https:\/\/ewod.ut.ee\/et\/u\/mati-unt\/\" data-type=\"page\" data-id=\"8262\">Mati Undiga<\/a>.<\/p>\n\n\n\n<p>Lii Unt deb\u00fcteeris 1987. aastal luuletustega Eesti kirjandusajakirjades. 1990. aastatel avaldas ta modernse koega ps\u00fchholoogilisi jutustusi ajakirjas Looming. 1995. aastal ilmus Lii Undi sulest romaan \u201eNemad on v\u00f5itjad\u201c, mis groteskses laadis keskendub loomingulise ande ja ambitsioonide probleemile.<\/p>\n\n\n\n<p>P\u00e4rast Mati Undi surma 2005. aastal l\u00e4ks Lii Unt Indiasse ja j\u00e4i sinna pikemaks ajaks. Varanasis elades kirjutas ta raamatu \u201eParim n\u00e4itleja linnas. Varanasi p\u00e4evaraamat\u201c (2007), mis p\u00f5hineb leinaaja isiklikel kogemustel. P\u00e4evikuna kirjutatud teos on segu erinevatest stiilidest. P\u00e4evaraamatu lause on t\u00e4pne, stiil napp, teksti ilmestavad ootamatud p\u00f6\u00f6rded ja v\u00f5rdlused. Autor v\u00e4ljendab usku, et \u00fchiskonnas, kus inimeste heaolu m\u00f5\u00f5detakse tarbimisega, kannatab inimeste loomulik v\u00e4\u00e4rikus. India \u00f5petab inimesi suhtuma ellu t\u00e4iesti erinevalt. 2009. aastal ilmus \u201eVaranasi p\u00e4evaraamatu\u201d j\u00e4rg \u201eIllusioonimeistrid\u201c.<\/p>\n\n\n\n<p><em>L. P.<\/em><\/p>\n\n\n\n<h4 class=\"wp-block-heading\"><br>Raamatud eesti keeles<\/h4>\n\n\n\n<p><em><strong>Romaanid<\/strong><\/em><br><strong>Nemad on v\u00f5itjad<\/strong>: romaan. Tallinn: Kupar, 1995, 190 lk.<br><strong>Parim n\u00e4itleja linnas. Varanasi p\u00e4evaraamat<\/strong>. Tallinn: Eesti Ekspressi kirjastus, 2007, 152 lk.<br><strong>Illusioonimeistrid. Varanasi p\u00e4evaraamat<\/strong>. Tallinn: Menu Kirjastus, 2009, 214 lk.<\/p>\n","protected":false},"excerpt":{"rendered":"<p>Lii Unt (1983. aastani Lii Lomp, s\u00fcnd. 15. III 1960) on prosaist ja ajakirjanik. Ta s\u00fcndis Ida-Virumaal Iisakus. Ta \u00f5ppis 1972-1975. aastal Kohila keskkoolis ja 1975\u20131979 Tallinna kerget\u00f6\u00f6stuse tehnikumis. Ta on t\u00f6\u00f6tanud raamatukoguhoidjana ning aastatel 1980\u20131992 Tallinna Noorsooteatris ja 1992\u20131994 &#8230;<\/p>\n","protected":false},"author":43,"featured_media":0,"parent":6538,"menu_order":0,"comment_status":"closed","ping_status":"closed","template":"","meta":{"_acf_changed":false,"inline_featured_image":false,"footnotes":""},"class_list":["post-8272","page","type-page","status-publish","hentry"],"acf":[],"_links":{"self":[{"href":"https:\/\/ewod.ut.ee\/et\/wp-json\/wp\/v2\/pages\/8272","targetHints":{"allow":["GET"]}}],"collection":[{"href":"https:\/\/ewod.ut.ee\/et\/wp-json\/wp\/v2\/pages"}],"about":[{"href":"https:\/\/ewod.ut.ee\/et\/wp-json\/wp\/v2\/types\/page"}],"author":[{"embeddable":true,"href":"https:\/\/ewod.ut.ee\/et\/wp-json\/wp\/v2\/users\/43"}],"replies":[{"embeddable":true,"href":"https:\/\/ewod.ut.ee\/et\/wp-json\/wp\/v2\/comments?post=8272"}],"version-history":[{"count":2,"href":"https:\/\/ewod.ut.ee\/et\/wp-json\/wp\/v2\/pages\/8272\/revisions"}],"predecessor-version":[{"id":8274,"href":"https:\/\/ewod.ut.ee\/et\/wp-json\/wp\/v2\/pages\/8272\/revisions\/8274"}],"up":[{"embeddable":true,"href":"https:\/\/ewod.ut.ee\/et\/wp-json\/wp\/v2\/pages\/6538"}],"wp:attachment":[{"href":"https:\/\/ewod.ut.ee\/et\/wp-json\/wp\/v2\/media?parent=8272"}],"curies":[{"name":"wp","href":"https:\/\/api.w.org\/{rel}","templated":true}]}}