{"id":8284,"date":"2024-04-03T23:39:27","date_gmt":"2024-04-03T20:39:27","guid":{"rendered":"https:\/\/sisu.ut.ee\/ewod\/?page_id=8284"},"modified":"2026-04-14T12:50:17","modified_gmt":"2026-04-14T09:50:17","slug":"jaan-undusk","status":"publish","type":"page","link":"https:\/\/ewod.ut.ee\/et\/u\/jaan-undusk\/","title":{"rendered":"Jaan Undusk"},"content":{"rendered":"<figure class=\"wp-block-image alignright size-large is-resized\"><a href=\"https:\/\/sisu.ut.ee\/wp-content\/uploads\/sites\/108\/jaan_undusk_kalju_suur-scaled.jpg\"><img loading=\"lazy\" decoding=\"async\" width=\"706\" height=\"1024\" src=\"https:\/\/sisu.ut.ee\/wp-content\/uploads\/sites\/108\/jaan_undusk_kalju_suur-706x1024.jpg\" alt=\"\" class=\"wp-image-6150\" style=\"aspect-ratio:0.6894570203342971;width:264px;height:auto\" title=\"Foto: Kalju Suur\" srcset=\"https:\/\/sisu.ut.ee\/wp-content\/uploads\/sites\/108\/jaan_undusk_kalju_suur-706x1024.jpg 706w, https:\/\/sisu.ut.ee\/wp-content\/uploads\/sites\/108\/jaan_undusk_kalju_suur-207x300.jpg 207w, https:\/\/sisu.ut.ee\/wp-content\/uploads\/sites\/108\/jaan_undusk_kalju_suur-768x1113.jpg 768w, https:\/\/sisu.ut.ee\/wp-content\/uploads\/sites\/108\/jaan_undusk_kalju_suur-1060x1536.jpg 1060w, https:\/\/sisu.ut.ee\/wp-content\/uploads\/sites\/108\/jaan_undusk_kalju_suur-1413x2048.jpg 1413w, https:\/\/sisu.ut.ee\/wp-content\/uploads\/sites\/108\/jaan_undusk_kalju_suur-1920x2783.jpg 1920w, https:\/\/sisu.ut.ee\/wp-content\/uploads\/sites\/108\/jaan_undusk_kalju_suur-scaled.jpg 1766w\" sizes=\"auto, (max-width: 706px) 100vw, 706px\"><\/a><\/figure>\n\n\n\n<p>Jaan Undusk (s. 14. XI 1958) on kirjandusteadlane, prosaist ja n\u00e4itekirjanik.<\/p>\n\n\n\n<p>Undusk s\u00fcndis Otep\u00e4\u00e4l, \u00f5ppis Tallinnas ja Tartus ning 1977-1982 Tartu Riiklikus \u00dclikoolis eesti keelt ja kirjandust. Kaitses filoloogiakandidaadi kraadi t\u00f6\u00f6ga \u201eF. Tuglase osa eesti ilukirjandusliku stiili teooria arengus\u201c ENSV Teaduste Akadeemia Keele ja Kirjanduse Instituudis 1986. T\u00f6\u00f6tanud Keele ja Kirjanduse Instituudis ning Eesti Teaduste Akadeemia Underi ja Tuglase Kirjanduskeskuses, olles selle direktor aastatel 2000-2025. Ta on olnud Maini-\u00e4\u00e4rse Frankfurti \u00dclikooli ja Tallinna \u00dclikooli k\u00fclalis\u00f5ppej\u00f5ud. T\u00e4iendanud end muuhulgas Viinis Institut f\u00fcr die Wissenschaften vom Menschen, Herderi instituudis Marburgis, Cambridge\u2019i \u00dclikoolis, Viinis Austria ja Budapestis Ungari Teaduste Akadeemias, Pariisis \u00c9cole des Hautes \u00c9tudes en Sciences Sociales. Wellesto (aastast 1987), Eesti Goethe Seltsi (1988), Austria Germanistika Seltsi (1996), ICLA (1998) ja Kirjanike Liidu liige (1990). Eesti Teaduste Akadeemia akadeemik humanitaarteaduste alal (2007). Kuulub mitme kolleegiumi, komisjoni ja n\u00f5ukogu koosseisu.<\/p>\n\n\n\n<p>Ilukirjandusliku deb\u00fc\u00fcdi tegi luuletustega omakirjastuslikus almanahhis Salong I 1978. aastal, 1979 j\u00e4rgnes novell ajakirjas Looming. T\u00e4helepanu, poleemikat ja Tuglase preemia p\u00e4lvis novell \u201eSina, Tuglas\u201c (1986) ning ka tekstitihe esikromaan \u201eKuum. Lugu noorest armastusest\u201c (1990), mida seostatakse 1990. aastate alguse proosauuendusega. Teost iseloomustab k\u00fclluslik keelekasutus, rikkalik t\u00e4iendite, \u00fcmbers\u00f5nastamiste ja kujundite p\u00f5iming. Olulisel kohal on intertekstuaalsus. Erootiliste allhoovustega romaanis on esiplaanil maailma, sealhulgas armastuse s\u00f5nastamine.<\/p>\n\n\n\n<p>Lai geograafiline ja kultuuriline haare ning seoste ja t\u00e4henduste tekstitihe v\u00f5rgustik iseloomustab ka Unduski reisikirja \u201eTeekond Hispaania\u201c (2016) ning n\u00e4idendeid: \u201eGoodbye, Vienna\u201c (1999), \u201cQuevedo\u201d (2003), mis paigutub 17. sajandi Hispaaniasse, Mihhail Bulgakovile ning v\u00f5imu ja vaimu suhetele keskenduv \u201eBoulgakoff\u201c (2006) ja Jaan Krossi Siberi-kogemusele toetuv \u201eSuur Siberimaa\u201c (2020).<\/p>\n\n\n\n<p><a><\/a> Niisama n\u00f5tke s\u00f5nastaja ja m\u00f5testaja kui ilukirjanduses on Undusk ka metakirjanduses. Kirjandusteoreetiku ja -loolasena asus Undusk areenile 1980. aastatel, olles t\u00e4naseks \u00fcks kaasaja olulisemaid ja laiahaardelisemaid m\u00f5tlejaid Eestis, kelle ampluaa ulatub keele- ja kirjandusteadusest, aja- ja kunstiloost teoloogia ja filosoofiani. Olulisel kohal on Unduski jaoks olnud F. Tuglase looming, aga ka (balti)saksa kirjandus ja kultuur ning selle suhted eesti kirjanduse ja kultuuriga. T\u00e4helepanu on p\u00e4lvinud k\u00e4sitlused Eesti ajaloost l\u00e4bi baltisaksa prisma. Eesti kultuuri on j\u00e4lje j\u00e4tnud Unduski keele ja tekstiloome tagamaadesse s\u00fc\u00fcviv keelefilosoofiline tekstikogumik \u201eMaagiline m\u00fcstiline keel\u201c (1998).<\/p>\n\n\n\n<p>Jaan Undusk on p\u00e4lvinud teiste hulgas j\u00e4rgmised auhinnad:<br>\u2013 F. Tuglase novelliauhind 1987. aastal \u201eSina, Tuglas\u201c (1986) ja 2003. aastal \u201eArmastus raamatu vastu\u201c (2002) eest<br>\u2013 Betti Alveri deb\u00fc\u00fcdiauhind 1990 romaani \u201eKuum. Lugu noorest armastusest\u201c (1990) eest<br>\u2013 Viini \u00dclikooli rahvusvaheline J. G. v. Herderi auhind v\u00f5rdleva kirjandusteaduse alal (1995)<br>\u2013 Eesti Kultuurkapitali kirjanduse aastapreemia 1996 (\u201cPreestriaia pihtimus\u201d, \u201cSissejuhatus Tuglase kriitikasse\u201d ja \u201cKommentaarium Tuglase \u201cKogutud teoste\u201d VII k\u00f6itele\u201d), 1998. (\u201eMaagiline m\u00fcstiline keel\u201c) ja 2017. aastal (\u201eEesti kirjanike ilmavaatest\u201c (2016))<br>\u2013 Kirjanike Liidu esseeauhind (1997)<br>\u2013 Eesti Kultuurkapitali draamaauhind \u201eGoodbye, Vienna\u201c eest (1999)<br>\u2013 Eesti Kultuurkapitali vabaauhind \u201cFriedebert Tuglas. Valik proosat\u201d (2009) koostamise eest \u2013 Eesti N\u00e4item\u00e4nguagentuuri n\u00e4idendiv\u00f5istluse auhind 2003. aastal \u201eQuevedo\u201c eest ja 2005. aastal \u201cBoulgakoffi\u201d eest<br>\u2013 Eesti Teatriliidu algup\u00e4rase dramaturgia aastaauhind \u201eBoulgakoffi\u201c eest (2009)<br>\u2013 Firma Go Traveli auhind aasta parima reisiraamatu \u201eTeekond Hispaania\u201c (2016) eest<br>\u2013 Eesti Vabariigi Presidendi Valget\u00e4he III klassi teenetem\u00e4rk (2001)<br>\u2013 Jaan Undusk on p\u00e4lvinud ajakirjade Looming, Keel ja Kirjandus, Vikerkaar ja Akadeemia ning ajalehe Sirp aastaauhindu.<\/p>\n\n\n\n<p><em>A. K.<\/em><\/p>\n\n\n\n<h4 class=\"wp-block-heading\"><br>Raamatud eesti keeles<\/h4>\n\n\n\n<p><strong><em>Romaanid<\/em><\/strong><br><strong>Kuum. Lugu noorest armastusest<\/strong>. Tallinn: Eesti Raamat, 1990, 332 lk.<br><strong>Kuum; Novelle; Vienna<\/strong>. Tallinn: Varrak, 2022, 614 lk.<\/p>\n\n\n\n<p><em><strong>L\u00fchiproosa<\/strong><\/em><br><strong>Kuum; Novelle; Vienna<\/strong>. Tallinn: Varrak, 2022, 614 lk.<\/p>\n\n\n\n<p><strong><em>N\u00e4idendid<\/em><\/strong><br><strong>Quevedo<\/strong>. Tallinn: Perioodika (Loomingu Raamatukogu), 2003, 135 lk.<br><strong>Boulgakoff<\/strong>. Tallinn: Eesti Draamateater, 2008, 120 lk.<br><strong>Suur Siberimaa<\/strong>. Tallinn: Eesti Draamateater, 2020, 164 lk.<\/p>\n\n\n\n<p><strong><em>Reisikirjad<\/em><\/strong><br><strong>Teekond Hispaania<\/strong>: \u00fcks luhtunud reisikiri. Tallinn: Kultuurileht (Loomingu Raamatukogu), 2016, 139 lk.<\/p>\n\n\n\n<p><strong><em>Kirjanduskriitika<\/em><\/strong><br><strong>Realismi m\u00f5iste \u00fcmber: F. Tuglase \u201crealism\u201d ja sajandivahetuse kultuur<\/strong>. Tallinn: Eesti NSV Teaduste Akadeemia, 1986, 84 lk.<br><strong>Maagiline m\u00fcstiline keel<\/strong>. Tallinn: Virgela, 1998, 348 lk.<br><strong>Eesti kirjanike ilmavaatest<\/strong>. Tartu: Ilmamaa, 2016, 919 lk. [Sari \u2018Eesti m\u00f5ttelugu\u2019.]<\/p>\n","protected":false},"excerpt":{"rendered":"<p>Jaan Undusk (s. 14. XI 1958) on kirjandusteadlane, prosaist ja n\u00e4itekirjanik. Undusk s\u00fcndis Otep\u00e4\u00e4l, \u00f5ppis Tallinnas ja Tartus ning 1977-1982 Tartu Riiklikus \u00dclikoolis eesti keelt ja kirjandust. Kaitses filoloogiakandidaadi kraadi t\u00f6\u00f6ga \u201eF. Tuglase osa eesti ilukirjandusliku stiili teooria arengus\u201c ENSV &#8230;<\/p>\n","protected":false},"author":43,"featured_media":0,"parent":6538,"menu_order":0,"comment_status":"closed","ping_status":"closed","template":"","meta":{"_acf_changed":false,"inline_featured_image":false,"footnotes":""},"class_list":["post-8284","page","type-page","status-publish","hentry"],"acf":[],"_links":{"self":[{"href":"https:\/\/ewod.ut.ee\/et\/wp-json\/wp\/v2\/pages\/8284","targetHints":{"allow":["GET"]}}],"collection":[{"href":"https:\/\/ewod.ut.ee\/et\/wp-json\/wp\/v2\/pages"}],"about":[{"href":"https:\/\/ewod.ut.ee\/et\/wp-json\/wp\/v2\/types\/page"}],"author":[{"embeddable":true,"href":"https:\/\/ewod.ut.ee\/et\/wp-json\/wp\/v2\/users\/43"}],"replies":[{"embeddable":true,"href":"https:\/\/ewod.ut.ee\/et\/wp-json\/wp\/v2\/comments?post=8284"}],"version-history":[{"count":2,"href":"https:\/\/ewod.ut.ee\/et\/wp-json\/wp\/v2\/pages\/8284\/revisions"}],"predecessor-version":[{"id":8288,"href":"https:\/\/ewod.ut.ee\/et\/wp-json\/wp\/v2\/pages\/8284\/revisions\/8288"}],"up":[{"embeddable":true,"href":"https:\/\/ewod.ut.ee\/et\/wp-json\/wp\/v2\/pages\/6538"}],"wp:attachment":[{"href":"https:\/\/ewod.ut.ee\/et\/wp-json\/wp\/v2\/media?parent=8284"}],"curies":[{"name":"wp","href":"https:\/\/api.w.org\/{rel}","templated":true}]}}