{"id":8299,"date":"2024-04-03T23:40:26","date_gmt":"2024-04-03T20:40:26","guid":{"rendered":"https:\/\/sisu.ut.ee\/ewod\/?page_id=8299"},"modified":"2026-04-14T13:28:21","modified_gmt":"2026-04-14T10:28:21","slug":"udo-uibo","status":"publish","type":"page","link":"https:\/\/ewod.ut.ee\/et\/u\/udo-uibo\/","title":{"rendered":"Udo Uibo"},"content":{"rendered":"<figure class=\"wp-block-image alignright size-large\"><a href=\"https:\/\/sisu.ut.ee\/wp-content\/uploads\/sites\/108\/udo_uibo_kalju_suur-scaled.jpg\"><img loading=\"lazy\" decoding=\"async\" width=\"1024\" height=\"749\" src=\"https:\/\/sisu.ut.ee\/wp-content\/uploads\/sites\/108\/udo_uibo_kalju_suur-1024x749.jpg\" alt=\"\" class=\"wp-image-6293\" title=\"Foto: Kalju Suur\" srcset=\"https:\/\/sisu.ut.ee\/wp-content\/uploads\/sites\/108\/udo_uibo_kalju_suur-1024x749.jpg 1024w, https:\/\/sisu.ut.ee\/wp-content\/uploads\/sites\/108\/udo_uibo_kalju_suur-300x220.jpg 300w, https:\/\/sisu.ut.ee\/wp-content\/uploads\/sites\/108\/udo_uibo_kalju_suur-768x562.jpg 768w, https:\/\/sisu.ut.ee\/wp-content\/uploads\/sites\/108\/udo_uibo_kalju_suur-1536x1124.jpg 1536w, https:\/\/sisu.ut.ee\/wp-content\/uploads\/sites\/108\/udo_uibo_kalju_suur-2048x1499.jpg 2048w, https:\/\/sisu.ut.ee\/wp-content\/uploads\/sites\/108\/udo_uibo_kalju_suur-1920x1405.jpg 1920w\" sizes=\"auto, (max-width: 1024px) 100vw, 1024px\"><\/a><\/figure>\n\n\n\n<p>Udo Uibo (s\u00fcnd. 5. V 1956) on kirjanduskriitik, keeleteadlane, toimetaja ja t\u00f5lkija.<\/p>\n\n\n\n<p>Uibo s\u00fcndis Viljandis, \u00f5ppis Viljandi 3. 8-klassilises koolis ja aastatel 1971\u20131974 Viljandi 1. keskkoolis. Ta j\u00e4tkas \u00f5pinguid Tartu Riiklikus \u00dclikoolis, mille ta l\u00f5petas 1979. aastal eesti filoloogia erialal. Seej\u00e4rel t\u00f6\u00f6tas ta kaks aastat teadurina Tallinnas Eesti Teaduste Akadeemia Keele ja Kirjanduse Instituudis. Aastatel 1981\u20131990 oli ta ajakirja Keel ja Kirjandus keeletoimetaja. Aastatel 1997\u20132005 oli Udo Uibo ajakirja Looming peatoimetaja. Hiljem on ta olnud Tallinnas vabakutseline literaat. Udo Uibo on Kirjanike Liidu liige alates 1989. aastast.<\/p>\n\n\n\n<p>Uibo deb\u00fcteeris luuletustega ajakirjas Noorus 1974. aastal pseudon\u00fc\u00fcmi all Kalju Soa. Tema luuletusi on ilmunud selle pseudon\u00fc\u00fcmi, samuti kodanikunime all ajakirjanduses ja kogumikes.<\/p>\n\n\n\n<p>1980. aastatel kujunes Uibo aktiivseks keeleteadlaseks ning kirjandus- ja kultuurikriitikuks. Temalt p\u00e4rineb ka arvukalt luule- ja proosat\u00f5lkeid, peamiselt inglise keelest. Uibo on vahendanud eesti keelde inglise luule klassikat (Byron, Eliot, Blake) ning teisi Euroopa luuleklassikuid. Ta on t\u00f5lkinud proosaraamatuid tuntud ingliskeelsetelt kirjanikelt nagu Anthony Burgess, Truman Capote, Arthur Koestler, Toni Morrison, George Orwell, Isaac Bashevis Singer, John Steinbeck, Graham Swift ja Evelyn Waugh.<\/p>\n\n\n\n<p>2014. aastal ilmus Udo Uibolt populaarteaduslikus vormis et\u00fcmoloogiliste uuringute kogumik \u201eS\u00f5nalood\u201c. Teost auhinnati Eesti Kultuurkapitali kirjanduse sihtkapitali aastapreemiaga. Varem on Uibo p\u00e4lvinud sama auhinna kahel korral ilukirjandusliku t\u00f5lke eest. 2001. aastal autasustati teda Valget\u00e4he V klassi teenetem\u00e4rgiga.<\/p>\n\n\n\n<p><em>L. P.<\/em><\/p>\n\n\n\n<h4 class=\"wp-block-heading\"><br>Raamatud eesti keeles<\/h4>\n\n\n\n<p><strong>S\u00f5nalood: et\u00fcmoloogilisi vesteid<\/strong>. Tallinn: T\u00e4nap\u00e4ev, 2014. 215 lk.<\/p>\n","protected":false},"excerpt":{"rendered":"<p>Udo Uibo (s\u00fcnd. 5. V 1956) on kirjanduskriitik, keeleteadlane, toimetaja ja t\u00f5lkija. Uibo s\u00fcndis Viljandis, \u00f5ppis Viljandi 3. 8-klassilises koolis ja aastatel 1971\u20131974 Viljandi 1. keskkoolis. Ta j\u00e4tkas \u00f5pinguid Tartu Riiklikus \u00dclikoolis, mille ta l\u00f5petas 1979. aastal eesti filoloogia erialal. &#8230;<\/p>\n","protected":false},"author":43,"featured_media":0,"parent":6538,"menu_order":0,"comment_status":"closed","ping_status":"closed","template":"","meta":{"_acf_changed":false,"inline_featured_image":false,"footnotes":""},"class_list":["post-8299","page","type-page","status-publish","hentry"],"acf":[],"_links":{"self":[{"href":"https:\/\/ewod.ut.ee\/et\/wp-json\/wp\/v2\/pages\/8299","targetHints":{"allow":["GET"]}}],"collection":[{"href":"https:\/\/ewod.ut.ee\/et\/wp-json\/wp\/v2\/pages"}],"about":[{"href":"https:\/\/ewod.ut.ee\/et\/wp-json\/wp\/v2\/types\/page"}],"author":[{"embeddable":true,"href":"https:\/\/ewod.ut.ee\/et\/wp-json\/wp\/v2\/users\/43"}],"replies":[{"embeddable":true,"href":"https:\/\/ewod.ut.ee\/et\/wp-json\/wp\/v2\/comments?post=8299"}],"version-history":[{"count":2,"href":"https:\/\/ewod.ut.ee\/et\/wp-json\/wp\/v2\/pages\/8299\/revisions"}],"predecessor-version":[{"id":8302,"href":"https:\/\/ewod.ut.ee\/et\/wp-json\/wp\/v2\/pages\/8299\/revisions\/8302"}],"up":[{"embeddable":true,"href":"https:\/\/ewod.ut.ee\/et\/wp-json\/wp\/v2\/pages\/6538"}],"wp:attachment":[{"href":"https:\/\/ewod.ut.ee\/et\/wp-json\/wp\/v2\/media?parent=8299"}],"curies":[{"name":"wp","href":"https:\/\/api.w.org\/{rel}","templated":true}]}}