{"id":8338,"date":"2024-04-03T23:40:54","date_gmt":"2024-04-03T20:40:54","guid":{"rendered":"https:\/\/sisu.ut.ee\/ewod\/?page_id=8338"},"modified":"2026-04-14T15:03:56","modified_gmt":"2026-04-14T12:03:56","slug":"ulo-tuulik","status":"publish","type":"page","link":"https:\/\/ewod.ut.ee\/et\/t\/ulo-tuulik\/","title":{"rendered":"\u00dclo Tuulik"},"content":{"rendered":"<figure class=\"wp-block-image alignright size-large is-resized\"><a href=\"https:\/\/sisu.ut.ee\/wp-content\/uploads\/sites\/108\/ulo_tuulik_elmar_koster-scaled.jpg\"><img loading=\"lazy\" decoding=\"async\" width=\"665\" height=\"1024\" src=\"https:\/\/sisu.ut.ee\/wp-content\/uploads\/sites\/108\/ulo_tuulik_elmar_koster-665x1024.jpg\" alt=\"\" class=\"wp-image-6149\" style=\"aspect-ratio:0.6494092466036221;width:282px;height:auto\" title=\"Foto: Elmar K\u00f6ster\" srcset=\"https:\/\/sisu.ut.ee\/wp-content\/uploads\/sites\/108\/ulo_tuulik_elmar_koster-665x1024.jpg 665w, https:\/\/sisu.ut.ee\/wp-content\/uploads\/sites\/108\/ulo_tuulik_elmar_koster-195x300.jpg 195w, https:\/\/sisu.ut.ee\/wp-content\/uploads\/sites\/108\/ulo_tuulik_elmar_koster-768x1183.jpg 768w, https:\/\/sisu.ut.ee\/wp-content\/uploads\/sites\/108\/ulo_tuulik_elmar_koster-997x1536.jpg 997w, https:\/\/sisu.ut.ee\/wp-content\/uploads\/sites\/108\/ulo_tuulik_elmar_koster-1329x2048.jpg 1329w, https:\/\/sisu.ut.ee\/wp-content\/uploads\/sites\/108\/ulo_tuulik_elmar_koster-1920x2958.jpg 1920w, https:\/\/sisu.ut.ee\/wp-content\/uploads\/sites\/108\/ulo_tuulik_elmar_koster-scaled.jpg 1662w\" sizes=\"auto, (max-width: 665px) 100vw, 665px\"><\/a><\/figure>\n\n\n\n<p>\u00dclo Tuulik (s. 22. II 1940) on prosaist ja publitsist.<\/p>\n\n\n\n<p>S\u00fcndis Abruka saarel, 1944-1945 sundevakueeriti \u00fches perekonnaga Saksamaale. \u00d5ppis Abrukal, Kuressaares (tollases Kingissepas) ja Tartu Riikliku \u00dclikooli ajaloo-keeleteaduskonnas, mille l\u00f5petas 1963 eesti filoloogina. T\u00f6\u00f6tas Rahva H\u00e4\u00e4le, Nooruse, Sirbi ja Vasara ning Loomingu toimetuses. Tallinna NAKi (Noorte Autorite Koondise) esimees 1964-1966. Kirjanike Liidu liige 1974, juhatuses 1976-1981 ja 1986-1998. Tema kaksikvend oli kirjanik J\u00fcri Tuulik (1920-2014), t\u00e4dipoeg Juhan Smuul (1922-1971).<\/p>\n\n\n\n<p>1956. aastal ilmus \u00dclo Tuuliku esimene proosateos Saaremaa ajalehes, ta avaldas proosat ja publitsistikat ka \u00fclikooli\u00f5pingute ajal. Esimene tr\u00fckis ilmunud raamat \u201eAafrika kuum meri\u201c (1965) p\u00f5hineb Atlandi-reisil, mille tegi l\u00e4bi kalalaeval. Erinevaid proosavorme koondab \u201eVihm Gibraltaris\u201c (1972). \u00dcks Tuuliku loomingu p\u00f5hivaldkondi on meri ja meremehed, humoorikaid seiku laevaelust esitab muuhulgas ka kogu \u201eAtlandi kirjad\u201c (1979). Mereteema k\u00f5rval on Tuulik k\u00e4sitlenud s\u00f5da, romaan \u201eS\u00f5ja jalus\u201c (1974) keskendub S\u00f5rve elanike sundevakueerimisele 1944. aastal Saksamaale, l\u00e4bi elatud kannatustele ning elluj\u00e4\u00e4nute tagasiteele koju. Ulatuslikul uurimust\u00f6\u00f6l p\u00f5hinevas teoses vaheldub minevikuline ja olevikuline plaan, viimases avatakse muuhulgas raamatu s\u00fcnni tagamaid, arutletakse s\u00f5ja j\u00e4relm\u00f5jude ning kirjanikueetiliste k\u00fcsimuste \u00fcle. Teos koondab mitmesuguseid dokumentaalseid materjale ja m\u00e4lestusi.<\/p>\n\n\n\n<p><a><\/a> Tuuliku publitsistikat koondab \u201eKuidas kuulata tormi\u201c (1980), kogu \u201eK\u00f5rge taevas\u201c (1985) sisaldab lisaks Kambod\u017eat k\u00e4sitlevale nimiesseele ka m\u00f5tisklusi erinevatest isikutest, reisikirja jm.<\/p>\n\n\n\n<p>Valik \u00dclo Tuulikule antud auhindu:<br>\u2013 ENSV teeneline kirjanik 1986<br>\u2013 Juhan Smuuli auhind romaani 1975. aastal romaani \u201eS\u00f5ja jalus\u201c (1974) eest ja 1985. aastal essee \u201eK\u00f5rge taevas\u201c (1984) eest<br>\u2013 \u00dcLKN\u00dc kirjanduspreemia romaani \u201eS\u00f5ja jalus\u201c (1974) eest<br>\u2013 Tuglase novelliauhind \u201eEri Klasiga Kielis\u201c (2005) eest<br>\u2013 Henrik Krummi nimeline kultuuripreemia 2015.<\/p>\n\n\n\n<p><em>A. K.<\/em><\/p>\n\n\n\n<h4 class=\"wp-block-heading\"><br>Raamatud eesti keeles<\/h4>\n\n\n\n<p><em><strong>Romaanid<\/strong><\/em><br><strong>S\u00f5ja jalus<\/strong>. Tallinn: Eesti Raamat, 1974, 159 lk.\u00a0[J\u00e4rgmised tr\u00fckid: 1985, 2010.]<\/p>\n\n\n\n<p><em><strong>L\u00fchiproosa<\/strong><\/em><br><strong>Vihm Gibraltaris<\/strong>: proosat aastaist 1961-1971. Tallinn: Eesti Raamat, 1972, 104 lk.<br><strong>Atlandi kirjad<\/strong>: jutustused. Tallinn: Eesti Raamat, 1979, 136 lk.<br><strong>Mere ja taeva vahel<\/strong>: jutustused. Tallinn: Kupar, 1991, 188 lk.<\/p>\n\n\n\n<p><em><strong>Reisikirjad<\/strong><\/em><br><strong>Aafrika kuum meri<\/strong>. Tallinn: Eesti Raamat, 1965, 108 lk.<\/p>\n\n\n\n<p><em><strong>Publitsistika<\/strong><\/em><br><strong>Kuidas kuulata tormi<\/strong>: publitsistika. Tallinn: Eesti Raamat, 1980, 209 lk.<br><strong>K\u00f5rge taevas<\/strong>: publitsistikat. Tallinn: Eesti Raamat, 1985, 119 lk.<br><strong>Eri Klasiga Kielis ja muud j\u00e4relej\u00e4\u00e4nud paberid<\/strong>. Tallinn: Faatum, 2006, 195 lk.<\/p>\n\n\n\n<p><strong><em>M\u00e4lestused<\/em><\/strong><br><strong>Viiest kaheksak\u00fcmne viieni<\/strong>. [Tallinn]: Argo, 2025, 235 lk.<\/p>\n","protected":false},"excerpt":{"rendered":"<p>\u00dclo Tuulik (s. 22. II 1940) on prosaist ja publitsist. S\u00fcndis Abruka saarel, 1944-1945 sundevakueeriti \u00fches perekonnaga Saksamaale. \u00d5ppis Abrukal, Kuressaares (tollases Kingissepas) ja Tartu Riikliku \u00dclikooli ajaloo-keeleteaduskonnas, mille l\u00f5petas 1963 eesti filoloogina. T\u00f6\u00f6tas Rahva H\u00e4\u00e4le, Nooruse, Sirbi ja Vasara &#8230;<\/p>\n","protected":false},"author":43,"featured_media":0,"parent":6510,"menu_order":0,"comment_status":"closed","ping_status":"closed","template":"","meta":{"_acf_changed":false,"inline_featured_image":false,"footnotes":""},"class_list":["post-8338","page","type-page","status-publish","hentry"],"acf":[],"_links":{"self":[{"href":"https:\/\/ewod.ut.ee\/et\/wp-json\/wp\/v2\/pages\/8338","targetHints":{"allow":["GET"]}}],"collection":[{"href":"https:\/\/ewod.ut.ee\/et\/wp-json\/wp\/v2\/pages"}],"about":[{"href":"https:\/\/ewod.ut.ee\/et\/wp-json\/wp\/v2\/types\/page"}],"author":[{"embeddable":true,"href":"https:\/\/ewod.ut.ee\/et\/wp-json\/wp\/v2\/users\/43"}],"replies":[{"embeddable":true,"href":"https:\/\/ewod.ut.ee\/et\/wp-json\/wp\/v2\/comments?post=8338"}],"version-history":[{"count":2,"href":"https:\/\/ewod.ut.ee\/et\/wp-json\/wp\/v2\/pages\/8338\/revisions"}],"predecessor-version":[{"id":8341,"href":"https:\/\/ewod.ut.ee\/et\/wp-json\/wp\/v2\/pages\/8338\/revisions\/8341"}],"up":[{"embeddable":true,"href":"https:\/\/ewod.ut.ee\/et\/wp-json\/wp\/v2\/pages\/6510"}],"wp:attachment":[{"href":"https:\/\/ewod.ut.ee\/et\/wp-json\/wp\/v2\/media?parent=8338"}],"curies":[{"name":"wp","href":"https:\/\/api.w.org\/{rel}","templated":true}]}}