{"id":8383,"date":"2024-04-03T23:41:41","date_gmt":"2024-04-03T20:41:41","guid":{"rendered":"https:\/\/sisu.ut.ee\/ewod\/?page_id=8383"},"modified":"2026-04-14T23:31:39","modified_gmt":"2026-04-14T20:31:39","slug":"tonu-trubetsky","status":"publish","type":"page","link":"https:\/\/ewod.ut.ee\/et\/t\/tonu-trubetsky\/","title":{"rendered":"T\u00f5nu Trubetsky"},"content":{"rendered":"<figure class=\"wp-block-image alignright size-large is-resized\"><a href=\"https:\/\/sisu.ut.ee\/wp-content\/uploads\/sites\/108\/tonu_trubetsky_kalju_suur-scaled.jpg\"><img loading=\"lazy\" decoding=\"async\" width=\"1024\" height=\"687\" src=\"https:\/\/sisu.ut.ee\/wp-content\/uploads\/sites\/108\/tonu_trubetsky_kalju_suur-1024x687.jpg\" alt=\"\" class=\"wp-image-6164\" style=\"aspect-ratio:1.4905803853365003;width:365px;height:auto\" title=\"Foto: Kalju Suur\" srcset=\"https:\/\/sisu.ut.ee\/wp-content\/uploads\/sites\/108\/tonu_trubetsky_kalju_suur-1024x687.jpg 1024w, https:\/\/sisu.ut.ee\/wp-content\/uploads\/sites\/108\/tonu_trubetsky_kalju_suur-300x201.jpg 300w, https:\/\/sisu.ut.ee\/wp-content\/uploads\/sites\/108\/tonu_trubetsky_kalju_suur-768x515.jpg 768w, https:\/\/sisu.ut.ee\/wp-content\/uploads\/sites\/108\/tonu_trubetsky_kalju_suur-1536x1030.jpg 1536w, https:\/\/sisu.ut.ee\/wp-content\/uploads\/sites\/108\/tonu_trubetsky_kalju_suur-2048x1374.jpg 2048w, https:\/\/sisu.ut.ee\/wp-content\/uploads\/sites\/108\/tonu_trubetsky_kalju_suur-1920x1288.jpg 1920w\" sizes=\"auto, (max-width: 1024px) 100vw, 1024px\"><\/a><\/figure>\n\n\n\n<p>T\u00f5nu Trubetsky (s. 24. IV 1963) on muusik, luuletaja ja prosaist.<\/p>\n\n\n\n<p>Ta s\u00fcndis ja \u00f5ppis Tallinnas. T\u00f6\u00f6tanud mitmesugustes ametites, 1980. aastate keskpaigast seotud mitme rokk- ja punkansambliga, neist tuntuim on Vennaskond, mille liider, solist ja \u00fcks peamisi lugude kirjutajaid ta on olnud. Trubetsky on tegutsenud ka animaatori ja re\u017eiss\u00f6\u00f6rina. Tallinna NAKi (1987) ja Eesti Kirjanike Liidu (1997) liige. On p\u00e4lvinud Radio France Internationale\u2019i Grand Prix des Media (1996), Suure Vankri auhinna (1996) ja Valget\u00e4he V klassi teenetem\u00e4rgi (2022).<\/p>\n\n\n\n<p>Esimesed (punk)luuletused ilmusid ajakirjanduses 1986. aastal, esimene luulekogu \u201ePogo\u201c 1989. aastal (\u201eKassett \u201988s\u201d koos Karl Martin Sinij\u00e4rve, Ringo Ringvee ja M\u00e4rt V\u00e4ljataga tekstidega) ning \u201eAnarhia\u201c 1994. aastal. Luulekogudes on olulisel kohal laulutekstid, millest paljud on saanud tuntuks Vennaskonna esitatuna. Luule on kantud punkluule esteetikast ja poeetikast, millele on muuhulgas iseloomulik teatav lihtsus. Leidub romantilisi ja eleegilisi meeleolusid, (\u00e4ra) minemise motiive, \u00fchiskondlikku protesti.<\/p>\n\n\n\n<p>On kirjutanud nn punk- ja rockromaane, nii teiste autoritega kahasse (nt \u201eInglid ja kangelased\u201c (1992), \u201eDaam sinises\u201c (1994)) kui ka \u00fcksi (\u201eMina ja George\u201c (1996)), mida iseloomustab muuhulgas vabalt voolav, seikluslike komponentidega s\u00fcndmustik.<\/p>\n\n\n\n<p>On kirjutanud \u00fclevaateteoseid anarhismist ja punkliikumisest: \u201eAnarhistid: anarhia legendid. Maailmarevolutsiooni prel\u00fc\u00fcd: anarhistliku liikumise ajalugu\u201c (2003), \u201eEesti punk 1976-1990: anarhia ENSVs\u201c (2009), \u201eHaakn\u00f5ela k\u00fclm helk: Eesti punk 1972-1990\u201c (2012) ja \u201eVaikne hooaeg: Eesti punk 1990-1999\u201c (2018).<\/p>\n\n\n\n<p><em>A. K.<\/em><\/p>\n\n\n\n<h4 class=\"wp-block-heading\"><br>Raamatud eesti keeles<\/h4>\n\n\n\n<p><em><strong>Luulekogud<\/strong><\/em><br><strong>Pogo<\/strong>. Tallinn: Eesti Raamat, 1989, 45 lk.<br><strong>Anarhia<\/strong>. Tallinn: Tiritamm, 1994, 47 lk.<br><strong>Trubetsky: T\u00f5nu Trubetsky poeesiat<\/strong>. Tallinn: Olion, 2000, 175 lk.<\/p>\n\n\n\n<p><em><strong>Romaanid<\/strong><\/em><br>T\u00f5nu Trubetsky, Anti Pathique, <strong>Daam sinises<\/strong>: punkromaan. Tallinn: Vennaskond, 1994, 116 lk.<br>T\u00f5nu Trubetsky, Anti Pathique, Juhan Habicht, <strong>Inglid ja kangelased<\/strong>. Tallinn, 1992, 40 lk.<br><strong>Mina ja George<\/strong>. Tallinn: Vennaskond, 1996, 100 lk. [2. tr 2017.]<br>T\u00f5nu Trubetsky, Anti Pathique, Juhan Habicht, <strong>Inglid ja kangelased<\/strong>. Tallinn: Kirjastuskeskus, 2002, 270 lk.<br>T\u00f5nu Trubetsky, T\u00f5nu Trubetsky jr., Tom Claude Trubetsky, <strong>\u201eHukkunud Alpinisti\u201c hotelli m\u00fcsteerium: j\u00e4rg jutustusele \u201eHukkunud Alpinisti\u201c hotell<\/strong>. Riia: L\u012bgo, 2013, 207 lk.<\/p>\n\n\n\n<p><em><strong>L\u00fchiproosa<\/strong><\/em><br>T\u00f5nu Trubetsky, Anti Pathique, <strong>Susi jutud<\/strong>. Tallinn: Ajakirjade Kirjastus, 2007, 47 lk.<\/p>\n\n\n\n<p><em><strong>Pungi ja anarhismi ajalugu<\/strong><\/em><br><strong>Anarhistid: anarhia legendid. Maailmarevolutsiooni prel\u00fc\u00fcd: anarhistliku liikumise ajalugu<\/strong>. Tallinn: Kirjastuskeskus, 2003, 571 lk.<br>Tony Blackplait Cat Bloomfield, <strong>Eesti punk 1976-1990: anarhia ENSVs<\/strong>. Tallinn: Varrak, 2009, 397 lk.<br>T\u00f5nu Trubetsky, Kalev Lehola, <strong>Haakn\u00f5ela k\u00fclm helk: Eesti punk 1972-1990<\/strong>. Tallinn: Kunst, 2012, 332 lk.<br>T\u00f5nu Trubetsky, Kalev Lehola, <strong>Vaikne hooaeg: Eesti punk 1990-1999<\/strong>. Tartu: Vaiguviiul, 2018, 464 lk.<\/p>\n","protected":false},"excerpt":{"rendered":"<p>T\u00f5nu Trubetsky (s. 24. IV 1963) on muusik, luuletaja ja prosaist. Ta s\u00fcndis ja \u00f5ppis Tallinnas. T\u00f6\u00f6tanud mitmesugustes ametites, 1980. aastate keskpaigast seotud mitme rokk- ja punkansambliga, neist tuntuim on Vennaskond, mille liider, solist ja \u00fcks peamisi lugude kirjutajaid ta &#8230;<\/p>\n","protected":false},"author":43,"featured_media":0,"parent":6510,"menu_order":0,"comment_status":"closed","ping_status":"closed","template":"","meta":{"_acf_changed":false,"inline_featured_image":false,"footnotes":""},"class_list":["post-8383","page","type-page","status-publish","hentry"],"acf":[],"_links":{"self":[{"href":"https:\/\/ewod.ut.ee\/et\/wp-json\/wp\/v2\/pages\/8383","targetHints":{"allow":["GET"]}}],"collection":[{"href":"https:\/\/ewod.ut.ee\/et\/wp-json\/wp\/v2\/pages"}],"about":[{"href":"https:\/\/ewod.ut.ee\/et\/wp-json\/wp\/v2\/types\/page"}],"author":[{"embeddable":true,"href":"https:\/\/ewod.ut.ee\/et\/wp-json\/wp\/v2\/users\/43"}],"replies":[{"embeddable":true,"href":"https:\/\/ewod.ut.ee\/et\/wp-json\/wp\/v2\/comments?post=8383"}],"version-history":[{"count":2,"href":"https:\/\/ewod.ut.ee\/et\/wp-json\/wp\/v2\/pages\/8383\/revisions"}],"predecessor-version":[{"id":8386,"href":"https:\/\/ewod.ut.ee\/et\/wp-json\/wp\/v2\/pages\/8383\/revisions\/8386"}],"up":[{"embeddable":true,"href":"https:\/\/ewod.ut.ee\/et\/wp-json\/wp\/v2\/pages\/6510"}],"wp:attachment":[{"href":"https:\/\/ewod.ut.ee\/et\/wp-json\/wp\/v2\/media?parent=8383"}],"curies":[{"name":"wp","href":"https:\/\/api.w.org\/{rel}","templated":true}]}}