{"id":8394,"date":"2024-04-03T23:42:01","date_gmt":"2024-04-03T20:42:01","guid":{"rendered":"https:\/\/sisu.ut.ee\/ewod\/?page_id=8394"},"modified":"2026-04-19T16:37:21","modified_gmt":"2026-04-19T13:37:21","slug":"enn-lillemets","status":"publish","type":"page","link":"https:\/\/ewod.ut.ee\/et\/l\/enn-lillemets\/","title":{"rendered":"Enn Lillemets"},"content":{"rendered":"<figure class=\"wp-block-image alignright size-large is-resized\"><a href=\"https:\/\/sisu.ut.ee\/wp-content\/uploads\/sites\/108\/e._lillemets_alar_madisson.jpg\"><img loading=\"lazy\" decoding=\"async\" width=\"671\" height=\"1024\" src=\"https:\/\/sisu.ut.ee\/wp-content\/uploads\/sites\/108\/enn_lillemets_alar_madisson_vaike-671x1024.jpg\" alt=\"\" class=\"wp-image-2770\" style=\"aspect-ratio:0.65528012863321;width:251px;height:auto\" title=\"Foto: Alar Madisson\" srcset=\"https:\/\/sisu.ut.ee\/wp-content\/uploads\/sites\/108\/enn_lillemets_alar_madisson_vaike-671x1024.jpg 671w, https:\/\/sisu.ut.ee\/wp-content\/uploads\/sites\/108\/enn_lillemets_alar_madisson_vaike-197x300.jpg 197w, https:\/\/sisu.ut.ee\/wp-content\/uploads\/sites\/108\/enn_lillemets_alar_madisson_vaike-768x1172.jpg 768w, https:\/\/sisu.ut.ee\/wp-content\/uploads\/sites\/108\/enn_lillemets_alar_madisson_vaike-1007x1536.jpg 1007w, https:\/\/sisu.ut.ee\/wp-content\/uploads\/sites\/108\/enn_lillemets_alar_madisson_vaike.jpg 1172w\" sizes=\"auto, (max-width: 671px) 100vw, 671px\"><\/a><\/figure>\n\n\n\n<p>Enn Lillemets (kodanikunimi Ernst Lillemets; 1. V 1958) on n\u00e4itleja, luuletaja ja kultuuriloolane.<\/p>\n\n\n\n<p>Lillemets s\u00fcndis ja \u00f5ppis Tartus, Tartu Riiklikus \u00dclikoolis eesti kirjandust (l\u00f5petas 1983) ja Vanemuise \u00f5ppestuudios (l\u00f5petas 1989). T\u00e4iendas end f\u00f6rja kultuuri alal Kopenhaageni \u00dclikoolis (1991). On t\u00f6\u00f6tanud Eesti Kirjandusmuuseumis, olnud Tartu Lasteteatri n\u00e4itleja. Kuulunud Tartu NAKi (esimees 1983-1986), kuulub Kunsti\u00fchingusse Pallas (alates 1988), Eesti N\u00e4itlejate Liitu (1993), Karl Ristikivi Seltsi (2001), Eesti Kunstiteadlaste ja Kuraatorite \u00dchingusse (2002) ja Jaan T\u00f5nissoni Seltsi (2013).<\/p>\n\n\n\n<p>Kirjandusliku tr\u00fckideb\u00fc\u00fcdi tegi l\u00fchijutuga, mis sai ajalehe Edasi jutuv\u00f5istlusel 1978. aastal teise preemia. Alates 1980. aastate algusest on Lillemets avaldanud luuletusi, esimene luulekogu \u201eOlemise valge koer ehk ingli kolju\u201c (1994) on kantud nii s\u00fcrrealistlikest allhoovustest kui arbujalikkusest, mis on omal kohal ka luulekogus \u201eJoon haljast valgust nagu vett: teine kogu luulet 1993-2015\u201c (2016). Lillemetsa loomingus on olulisel kohal Tartu ning vihjed-viited teistele tekstidele.<\/p>\n\n\n\n<p>Olulisel kohal on Lillemetsa tegevus kultuuriloolasena. Ta on teinud mitmesuguseid tele- ja raadiosaateid, koostanud n\u00e4itusi, avaldanud erinevaid publikatsioone ja koostanud kogumikke, n\u00e4iteks Peet Vallaku novellide kogumik \u201eHinge taud\u201c (1983) ning koos Kristi Metstega koostatud \u201eBetti Alver. Usutlused. Kirjad. P\u00e4evikukatked. M\u00e4lestused\u201c (2007).<\/p>\n\n\n\n<p>Lillemets on p\u00e4lvinud ajakirja Looming aastaauhinna kahel korral: 1987. aastal luulets\u00fckli ja artikli \u201eDaniel Palgi ja Peet Vallak\u201c eest ning 2011. aasta samuti luuletuste ning artikli eest \u201cKust v\u00f5tta niisugust enesevalitsust, mis oleks tugevam kui Vene valitsus?\u201d \u2013 artikkel tutvustas okupatsiooniv\u00f5ime trotsivat Hilja R\u00fc\u00fctli ja Helmut Tarandi koost\u00f6\u00f6d Aili Helmi pseudon\u00fc\u00fcmi all. Samuti p\u00e4lvis Lillemets 2004. aastal Tartu Kultuurkapitali aastapreemia kunsti\u00fchingu Pallas traditsioonide hoidmise eest.<\/p>\n\n\n\n<p><em>A. K.<\/em><\/p>\n\n\n\n<h4 class=\"wp-block-heading\"><br>Raamatud eesti keeles<\/h4>\n\n\n\n<p><strong><em>Luule<\/em><\/strong><br><strong>Olemise valge koer ehk ingli kolju: mitme aja laulud<\/strong>. Tartu: Ilmamaa, 1994, 101 lk.<br><strong>Joon haljast valgust nagu vett: teine kogu luulet 1993-2015<\/strong>. Tallinn: Eesti Keele Sihtasutus, 2016, 53 lk.<\/p>\n","protected":false},"excerpt":{"rendered":"<p>Enn Lillemets (kodanikunimi Ernst Lillemets; 1. V 1958) on n\u00e4itleja, luuletaja ja kultuuriloolane. Lillemets s\u00fcndis ja \u00f5ppis Tartus, Tartu Riiklikus \u00dclikoolis eesti kirjandust (l\u00f5petas 1983) ja Vanemuise \u00f5ppestuudios (l\u00f5petas 1989). T\u00e4iendas end f\u00f6rja kultuuri alal Kopenhaageni \u00dclikoolis (1991). On t\u00f6\u00f6tanud &#8230;<\/p>\n","protected":false},"author":43,"featured_media":0,"parent":6486,"menu_order":0,"comment_status":"closed","ping_status":"closed","template":"","meta":{"_acf_changed":false,"inline_featured_image":false,"footnotes":""},"class_list":["post-8394","page","type-page","status-publish","hentry"],"acf":[],"_links":{"self":[{"href":"https:\/\/ewod.ut.ee\/et\/wp-json\/wp\/v2\/pages\/8394","targetHints":{"allow":["GET"]}}],"collection":[{"href":"https:\/\/ewod.ut.ee\/et\/wp-json\/wp\/v2\/pages"}],"about":[{"href":"https:\/\/ewod.ut.ee\/et\/wp-json\/wp\/v2\/types\/page"}],"author":[{"embeddable":true,"href":"https:\/\/ewod.ut.ee\/et\/wp-json\/wp\/v2\/users\/43"}],"replies":[{"embeddable":true,"href":"https:\/\/ewod.ut.ee\/et\/wp-json\/wp\/v2\/comments?post=8394"}],"version-history":[{"count":1,"href":"https:\/\/ewod.ut.ee\/et\/wp-json\/wp\/v2\/pages\/8394\/revisions"}],"predecessor-version":[{"id":8395,"href":"https:\/\/ewod.ut.ee\/et\/wp-json\/wp\/v2\/pages\/8394\/revisions\/8395"}],"up":[{"embeddable":true,"href":"https:\/\/ewod.ut.ee\/et\/wp-json\/wp\/v2\/pages\/6486"}],"wp:attachment":[{"href":"https:\/\/ewod.ut.ee\/et\/wp-json\/wp\/v2\/media?parent=8394"}],"curies":[{"name":"wp","href":"https:\/\/api.w.org\/{rel}","templated":true}]}}