{"id":8405,"date":"2026-04-20T11:50:35","date_gmt":"2026-04-20T08:50:35","guid":{"rendered":"https:\/\/sisu.ut.ee\/ewod\/?page_id=8405"},"modified":"2026-04-20T11:50:53","modified_gmt":"2026-04-20T08:50:53","slug":"gert-kiiler","status":"publish","type":"page","link":"https:\/\/ewod.ut.ee\/et\/k\/gert-kiiler\/","title":{"rendered":"Gert Kiiler"},"content":{"rendered":"<p>Gert Kiiler (s\u00fcnd. 22. IV 1974) Gert Kiiler on ajakirjanik, stsenarist, kriminaalromaanide autor ja lastekirjanik.<\/p>\n\n\n\n<p>Ta on l\u00f5petanud 1997. aastal Viljandi Kultuurikolled\u017ei esimese lennu n\u00e4itlejana ja t\u00f6\u00f6tanud seej\u00e4rel aasta Ugalas inspitsiendina. Ta on kirjutanud koos Valner Valmega lasten\u00e4idendi \u201eAppi, korupid!\u201d (1998), millest sai Ugala teatri j\u00f5ululavastus. Ta on olnud Viljandi maakonnalehe Sakala ajakirjanik ja ta toimetab Sakalas \u201eLiba Sakala\u201d huumorinurka.<\/p>\n\n\n\n<p>Ta on olnud Eesti Televisioon huumorisarja \u201eTeeveejahutaja\u201d kaasstsenarist (2003\u20132004, koos Silver Alevi v\u00f5i Toomas Valsbergi ja Tiia Selliga) ning sarjade \u201eHajameelselt abielus\u201d (2005\u20132007, koos Villu Kanguri ja Margus Konnulaga) ja \u201ePehmed ja karvased\u201d (2004\u20132013, koos Toomas Kalli ja Urmas Lennukiga) kaasstsenarist. Ta kirjutas koos Elo Seliranna ja Silvia Soroga alates 2013. aastast k\u00fcmmekonna aasta jooksul ETV lastesaate \u201eLastetuba\u201d stsenaariumi. Koos Villu Kanguriga on ta olnud telesarja \u201eENSV\u201d stsenarist.<\/p>\n\n\n\n<p>2021. aastal ilmus tema huumoritekstide kogumik \u201eENSV ja \u201eENSV\u201d: muie n\u00e4ol vaade telesarja telgitagustesse\u201d, 2022. aastal kriminaalromaan \u201eEranuhke ei armasta keegi\u201d, 2023. aastal kaheksast loost koosnev lasteraamat \u201eKass, kes ei osanud nurruda\u201d ja 2024. aastal kriminaalromaan \u201eSaatus koosneb juhustest\u201d. 2025. aastal ilmus kriminaalromaan \u201eMineviku eest ei p\u00e4\u00e4se\u201d. Gert Kiileri kriminaallugudes viivad eradetektiiv Paul Johnsoni juhtumid lugeja fantaasialennule teistsugusesse 1960. aastate Eestisse, mis oli p\u00e4rast Teist maailmas\u00f5da s\u00e4ilitanud oma iseseisvuse.<\/p>\n\n\n\n<p>Gert Kiiler on p\u00e4lvinud 2018. aastal Oskar Lutsu huumoripreemia.<\/p>\n\n\n\n<p><em>L. P.<\/em><\/p>\n\n\n\n<h4 class=\"wp-block-heading\"><br>Raamatud eesti keeles<\/h4>\n\n\n\n<p><em><strong>Romaanid<\/strong><\/em><br><strong>Eranuhke ei armasta keegi<\/strong>. Tallinn: Postimees Kirjastus, 2022, 268 lk.<br><strong>Saatus koosneb juhustest<\/strong>. Tallinn: Postimees kirjastus, 2024, 309 lk.<br><strong>Mineviku eest ei p\u00e4\u00e4se<\/strong>. Tallinn: Postimees Kirjastus, 2025, 250 lk.<\/p>\n\n\n\n<p><em><strong>Huumorikogumikud<\/strong><\/em><br><strong>ENSV ja \u201eENSV\u201d: muie n\u00e4ol vaade telesarja telgitagustesse<\/strong>. Tallinn: Tammerraamat, 2021, 223 lk.<\/p>\n\n\n\n<p><em><strong>Lasteraamatud<\/strong><\/em><br><strong>Kass, kes ei osanud nurruda<\/strong>. Tallinn: T\u00e4nap\u00e4ev, 2023, 69 lk.<\/p>\n","protected":false},"excerpt":{"rendered":"<p>Gert Kiiler (s\u00fcnd. 22. IV 1974) Gert Kiiler on ajakirjanik, stsenarist, kriminaalromaanide autor ja lastekirjanik. Ta on l\u00f5petanud 1997. aastal Viljandi Kultuurikolled\u017ei esimese lennu n\u00e4itlejana ja t\u00f6\u00f6tanud seej\u00e4rel aasta Ugalas inspitsiendina. Ta on kirjutanud koos Valner Valmega lasten\u00e4idendi \u201eAppi, korupid!\u201d &#8230;<\/p>\n","protected":false},"author":43,"featured_media":0,"parent":6484,"menu_order":0,"comment_status":"closed","ping_status":"closed","template":"","meta":{"_acf_changed":false,"inline_featured_image":false,"footnotes":""},"class_list":["post-8405","page","type-page","status-publish","hentry"],"acf":[],"_links":{"self":[{"href":"https:\/\/ewod.ut.ee\/et\/wp-json\/wp\/v2\/pages\/8405","targetHints":{"allow":["GET"]}}],"collection":[{"href":"https:\/\/ewod.ut.ee\/et\/wp-json\/wp\/v2\/pages"}],"about":[{"href":"https:\/\/ewod.ut.ee\/et\/wp-json\/wp\/v2\/types\/page"}],"author":[{"embeddable":true,"href":"https:\/\/ewod.ut.ee\/et\/wp-json\/wp\/v2\/users\/43"}],"replies":[{"embeddable":true,"href":"https:\/\/ewod.ut.ee\/et\/wp-json\/wp\/v2\/comments?post=8405"}],"version-history":[{"count":1,"href":"https:\/\/ewod.ut.ee\/et\/wp-json\/wp\/v2\/pages\/8405\/revisions"}],"predecessor-version":[{"id":8406,"href":"https:\/\/ewod.ut.ee\/et\/wp-json\/wp\/v2\/pages\/8405\/revisions\/8406"}],"up":[{"embeddable":true,"href":"https:\/\/ewod.ut.ee\/et\/wp-json\/wp\/v2\/pages\/6484"}],"wp:attachment":[{"href":"https:\/\/ewod.ut.ee\/et\/wp-json\/wp\/v2\/media?parent=8405"}],"curies":[{"name":"wp","href":"https:\/\/api.w.org\/{rel}","templated":true}]}}