{"id":8411,"date":"2026-04-20T11:57:19","date_gmt":"2026-04-20T08:57:19","guid":{"rendered":"https:\/\/sisu.ut.ee\/ewod\/?page_id=8411"},"modified":"2026-04-20T11:57:33","modified_gmt":"2026-04-20T08:57:33","slug":"kadri-lepp","status":"publish","type":"page","link":"https:\/\/ewod.ut.ee\/et\/l\/kadri-lepp\/","title":{"rendered":"Kadri Lepp"},"content":{"rendered":"<p>Kadri Lepp (s\u00fcnd. 13. XII 1979) on n\u00e4itleja ja lastekirjanik.<\/p>\n\n\n\n<p>Lepp on l\u00f5petanud Tallinna 21. Keskkooli ja 2002. aastal Eesti Muusikaakadeemia K\u00f5rgema Lavakunstikooli 20. lennu. Ta asus samal aastal t\u00f6\u00f6le Ugala teatrisse.<\/p>\n\n\n\n<p>2016. aastal ilmus Lepa deb\u00fc\u00fctteos \u201ePoiss, kes tahtis p\u00f5geneda\u201d. Raamat v\u00f5itis 2015. aastal lastejutuv\u00f5istlusel \u201eMinu esimene raamat\u201d teise koha. Kaks aastat p\u00e4lvis selle teose m\u00f5tteline j\u00e4rg \u201eT\u00fcdruk, kellel oli saladus\u201c samal jutuv\u00f5istlusel esikoha. Lepa sooje ja s\u00fcgavam\u00f5ttelisi lastelugusid iseloomustab sageli laste tunnete ja suhete aus k\u00e4sitlus.<\/p>\n\n\n\n<p>Kadri Lepp osales Eesti Teatri Agentuuri 2019. aasta n\u00e4idendiv\u00f5istlusel n\u00e4idendiga \u201eAstridi valss\u201c, mis saavutas \u00e4ram\u00e4rkimise. Eesti Teatri Agentuuri 2021. aasta n\u00e4idendiv\u00f5istlusel p\u00e4lvis Kadri Lepp teise koha n\u00e4idendiga \u201eKoju\u201c.<\/p>\n\n\n\n<p><em>L. P.<\/em><\/p>\n\n\n\n<h4 class=\"wp-block-heading\"><br>Raamatud eesti keeles<\/h4>\n\n\n\n<p><em><strong>Lasteraamatud<\/strong><\/em><br><strong>Lugu hiirest, kellel polnud kelku<\/strong>. Saue: P\u00e4ike ja Pilv, 2016, 23 lk.<br><strong>Poiss, kes tahtis p\u00f5geneda<\/strong>. Tallinn: T\u00e4nap\u00e4ev, 2016, 116 lk.<br><strong>T\u00fcdruk, kellel oli saladus<\/strong>. Tallinn: T\u00e4nap\u00e4ev, 2017, 125 lk.<br><strong>Salas\u00f5nad<\/strong>. Tallinn: T\u00e4nap\u00e4ev, 2020, 144 lk.<br><strong>Haruldane Raimond<\/strong>. Tallinn: T\u00e4nap\u00e4ev, 2023, 43 lk.<br><strong>Valge pall<\/strong>. Saue: P\u00e4ike ja Pilv, 2023, 38 lk.<\/p>\n","protected":false},"excerpt":{"rendered":"<p>Kadri Lepp (s\u00fcnd. 13. XII 1979) on n\u00e4itleja ja lastekirjanik. Lepp on l\u00f5petanud Tallinna 21. Keskkooli ja 2002. aastal Eesti Muusikaakadeemia K\u00f5rgema Lavakunstikooli 20. lennu. Ta asus samal aastal t\u00f6\u00f6le Ugala teatrisse. 2016. aastal ilmus Lepa deb\u00fc\u00fctteos \u201ePoiss, kes tahtis &#8230;<\/p>\n","protected":false},"author":43,"featured_media":0,"parent":6486,"menu_order":0,"comment_status":"closed","ping_status":"closed","template":"","meta":{"_acf_changed":false,"inline_featured_image":false,"footnotes":""},"class_list":["post-8411","page","type-page","status-publish","hentry"],"acf":[],"_links":{"self":[{"href":"https:\/\/ewod.ut.ee\/et\/wp-json\/wp\/v2\/pages\/8411","targetHints":{"allow":["GET"]}}],"collection":[{"href":"https:\/\/ewod.ut.ee\/et\/wp-json\/wp\/v2\/pages"}],"about":[{"href":"https:\/\/ewod.ut.ee\/et\/wp-json\/wp\/v2\/types\/page"}],"author":[{"embeddable":true,"href":"https:\/\/ewod.ut.ee\/et\/wp-json\/wp\/v2\/users\/43"}],"replies":[{"embeddable":true,"href":"https:\/\/ewod.ut.ee\/et\/wp-json\/wp\/v2\/comments?post=8411"}],"version-history":[{"count":1,"href":"https:\/\/ewod.ut.ee\/et\/wp-json\/wp\/v2\/pages\/8411\/revisions"}],"predecessor-version":[{"id":8412,"href":"https:\/\/ewod.ut.ee\/et\/wp-json\/wp\/v2\/pages\/8411\/revisions\/8412"}],"up":[{"embeddable":true,"href":"https:\/\/ewod.ut.ee\/et\/wp-json\/wp\/v2\/pages\/6486"}],"wp:attachment":[{"href":"https:\/\/ewod.ut.ee\/et\/wp-json\/wp\/v2\/media?parent=8411"}],"curies":[{"name":"wp","href":"https:\/\/api.w.org\/{rel}","templated":true}]}}