{"id":8414,"date":"2026-04-20T12:00:05","date_gmt":"2026-04-20T09:00:05","guid":{"rendered":"https:\/\/sisu.ut.ee\/ewod\/?page_id=8414"},"modified":"2026-04-20T12:00:22","modified_gmt":"2026-04-20T09:00:22","slug":"janika-laanemets","status":"publish","type":"page","link":"https:\/\/ewod.ut.ee\/et\/l\/janika-laanemets\/","title":{"rendered":"Janika L\u00e4\u00e4nemets"},"content":{"rendered":"<p>Janika L\u00e4\u00e4nemets (s\u00fcnd. 28. IX 1990) on luuletaja ja kirjanduskriitik.<\/p>\n\n\n\n<p>L\u00e4\u00e4nemets elab K\u00f5rvemetsa k\u00fclas J\u00f5geva maakonnas Mustvee vallas. 2016. aastal kaitses ta Tartu \u00dclikoolis magistrit\u00f6\u00f6 Irma Truup\u00f5llu loomingust. Janika L\u00e4\u00e4nemets tegutseb ajakirja V\u00e4rske R\u00f5hk juures kriitikatoimetajana. Ta on alates 2025. aastast Eesti Kirjanike Liidu liige.<\/p>\n\n\n\n<p>Janika L\u00e4\u00e4nemets on avaldanud kaks luulekogu. 2022. aastal avaldatud deb\u00fc\u00fctkogu \u201eVihma ja kurbuse maja\u201d on kirjeldatud kui tihedat ja atmosf\u00e4\u00e4rilist tekstide tikandit. K\u00f5ige varasemad luuletused selles luulekogus p\u00e4rinevad 2018. aasta algusest. Luuletama inspireerib poeeti keskkond, kus ta viibib: metsad ja p\u00f5llud. Samuti saab ta inspiratsiooni unen\u00e4gudest ja lapsep\u00f5lvest. Luuletaja arvates annab elu metsa r\u00fcpes talle huvitava vaatenurga inimese ja looduse kooseksisteerimisele.<\/p>\n\n\n\n<p>2024. aastal ilmunud teine luulekogu \u201eLinnupetja\u201d j\u00e4tkab autori v\u00e4ljakujunenud stiili. Raamatus p\u00f5imuvad lapsep\u00f5lvem\u00e4lestused ja rahvap\u00e4rimus, kosmiline ja ajakajaline. Kogus visandatakse \u00fchtaegu teravaid ja tundlikke pilte vaikse ja valju, h\u00e4\u00e4buva ja vohava, lootusrikka ja lootusetu piirimailt. Kogu luuletus \u201e***vahel on siin nii vaikne\u201c p\u00e4lvis Juhan Liivi luuleauhinna.<\/p>\n\n\n\n<p>Peale luuletuste kirjutab Janika L\u00e4\u00e4nemets kirjanduskriitikat, arvustusi ja artikleid v\u00e4ljaannetele Sirp, Looming, M\u00fc\u00fcrileht ning Keel ja Kirjandus.<\/p>\n\n\n\n<p><em>L. P.<\/em><\/p>\n\n\n\n<h4 class=\"wp-block-heading\"><br>Raamatud eesti keeles<\/h4>\n\n\n\n<p><strong><em>Luuletused<\/em><\/strong><br><strong>Vihma ja kurbuse maja<\/strong>. Tallinn: SA Kultuurileht, 2022, 84 lk.<br><strong>Linnupetja<\/strong>. Tallinn: Pu\u00e4nt, 2024, 61 lk.<\/p>\n","protected":false},"excerpt":{"rendered":"<p>Janika L\u00e4\u00e4nemets (s\u00fcnd. 28. IX 1990) on luuletaja ja kirjanduskriitik. L\u00e4\u00e4nemets elab K\u00f5rvemetsa k\u00fclas J\u00f5geva maakonnas Mustvee vallas. 2016. aastal kaitses ta Tartu \u00dclikoolis magistrit\u00f6\u00f6 Irma Truup\u00f5llu loomingust. Janika L\u00e4\u00e4nemets tegutseb ajakirja V\u00e4rske R\u00f5hk juures kriitikatoimetajana. Ta on alates 2025. &#8230;<\/p>\n","protected":false},"author":43,"featured_media":0,"parent":6486,"menu_order":0,"comment_status":"closed","ping_status":"closed","template":"","meta":{"_acf_changed":false,"inline_featured_image":false,"footnotes":""},"class_list":["post-8414","page","type-page","status-publish","hentry"],"acf":[],"_links":{"self":[{"href":"https:\/\/ewod.ut.ee\/et\/wp-json\/wp\/v2\/pages\/8414","targetHints":{"allow":["GET"]}}],"collection":[{"href":"https:\/\/ewod.ut.ee\/et\/wp-json\/wp\/v2\/pages"}],"about":[{"href":"https:\/\/ewod.ut.ee\/et\/wp-json\/wp\/v2\/types\/page"}],"author":[{"embeddable":true,"href":"https:\/\/ewod.ut.ee\/et\/wp-json\/wp\/v2\/users\/43"}],"replies":[{"embeddable":true,"href":"https:\/\/ewod.ut.ee\/et\/wp-json\/wp\/v2\/comments?post=8414"}],"version-history":[{"count":1,"href":"https:\/\/ewod.ut.ee\/et\/wp-json\/wp\/v2\/pages\/8414\/revisions"}],"predecessor-version":[{"id":8415,"href":"https:\/\/ewod.ut.ee\/et\/wp-json\/wp\/v2\/pages\/8414\/revisions\/8415"}],"up":[{"embeddable":true,"href":"https:\/\/ewod.ut.ee\/et\/wp-json\/wp\/v2\/pages\/6486"}],"wp:attachment":[{"href":"https:\/\/ewod.ut.ee\/et\/wp-json\/wp\/v2\/media?parent=8414"}],"curies":[{"name":"wp","href":"https:\/\/api.w.org\/{rel}","templated":true}]}}