{"id":8417,"date":"2026-04-20T12:03:12","date_gmt":"2026-04-20T09:03:12","guid":{"rendered":"https:\/\/sisu.ut.ee\/ewod\/?page_id=8417"},"modified":"2026-04-20T12:03:27","modified_gmt":"2026-04-20T09:03:27","slug":"jana-maasik","status":"publish","type":"page","link":"https:\/\/ewod.ut.ee\/et\/m\/jana-maasik\/","title":{"rendered":"Jana Maasik"},"content":{"rendered":"<p>Jana Maasik (s\u00fcnd. 26. III 1970) on romaanikirjanik ja lastekirjanik.<\/p>\n\n\n\n<p>Maasik s\u00fcndis Tallinnas. Ta on \u00f5ppinud Kehra Keskkoolis ja l\u00f5petanud Tallinna Tehnika\u00fclikooli keemiateaduskonna. Aastatel 1998\u20132011 oli ta ettev\u00f5tja ning ametnik. Jana Maasik astus kirjandusse 2012. aastal, kui tema deb\u00fc\u00fctromaan \u201eVihmasaatjad\u201d v\u00f5itis romaaniv\u00f5istluse. Ta on hiljem avaldanud mitu romaani ning laste- ja noorteraamatut, mis on seikluslikud ja p\u00f5nevad, ent samal ajal kujutavad t\u00f5etruult \u00f5pilaste elupingeid ning s\u00fcvenevad nii tegelaste kui kogu Eesti ajalukku. Maasik on kasutanud ka pseudon\u00fc\u00fcmi Janka Lee Leis.<\/p>\n\n\n\n<p>Jana Maasiku loomingut iseloomustavad keeleline leidlikkus ja tugevad karakterid. Ta liigub ps\u00fchholoogilise romaanikirjanduse ning laste- ja noortekirjanduse vahel. Tema t\u00e4iskasvanutele m\u00f5eldud teostes kohtab sageli elulisi ja sotsiaalseid teemasid; autorile on iseloomulik humoorikas l\u00e4henemine.<\/p>\n\n\n\n<p>Jana Maasik on Eesti Kirjanike Liidu ja Eesti Noortekirjanduse \u00dchingu liige.<\/p>\n\n\n\n<p><em>L. P.<\/em><\/p>\n\n\n\n<h4 class=\"wp-block-heading\"><br>Raamatud eesti keeles<\/h4>\n\n\n\n<p><em><strong>Romaanid<\/strong><\/em><br><strong>Vihmasaatjad<\/strong>. Tallinn: T\u00e4nap\u00e4ev, 2012, 246 lk.<br><strong>Seotus<\/strong>. Tallinn: Hea Lugu, 2013, 242 lk.<br><strong>Enne l\u00f5ppu<\/strong>. Tallinn: T\u00e4nap\u00e4ev, 2020, 335 lk.<\/p>\n\n\n\n<p><em><strong>Lasteraamatud<\/strong><\/em><br><strong>Frida ja Lonni \u00fcksinda kodus<\/strong>. Tallinn: T\u00e4nap\u00e4ev, 2016, 154 lk.<br><strong>Hopspelleri amulett. I, K\u00f5rvetav puudutus<\/strong>. Tallinn: T\u00e4nap\u00e4ev, 2018, 158 lk.<br><strong>Hopspelleri amulett. II, \u00dcksik skelett<\/strong>. Tallinn: T\u00e4nap\u00e4ev, 2019, 190 lk.<br><strong>\u00d5nnekaare \u00f5ed ja Vimkavennad<\/strong>. Tallinn: T\u00e4nap\u00e4ev, 2020, 172 lk.<br><strong>Kummituste peat\u00e4nav: v\u00f5tme m\u00f5istatus<\/strong>. Tallinn: Varrak, 2023, 206 lk.<br><strong>Neetud aare: suveseiklus<\/strong>. Tallinn: Eesti Raamat, 2024, 191 lk.<br><strong>Minuga on h\u00e4sti<\/strong>. Saue: P\u00e4ike ja Pilv, 2026, 224 lk.<\/p>\n","protected":false},"excerpt":{"rendered":"<p>Jana Maasik (s\u00fcnd. 26. III 1970) on romaanikirjanik ja lastekirjanik. Maasik s\u00fcndis Tallinnas. Ta on \u00f5ppinud Kehra Keskkoolis ja l\u00f5petanud Tallinna Tehnika\u00fclikooli keemiateaduskonna. Aastatel 1998\u20132011 oli ta ettev\u00f5tja ning ametnik. Jana Maasik astus kirjandusse 2012. aastal, kui tema deb\u00fc\u00fctromaan \u201eVihmasaatjad\u201d &#8230;<\/p>\n","protected":false},"author":43,"featured_media":0,"parent":6495,"menu_order":0,"comment_status":"closed","ping_status":"closed","template":"","meta":{"_acf_changed":false,"inline_featured_image":false,"footnotes":""},"class_list":["post-8417","page","type-page","status-publish","hentry"],"acf":[],"_links":{"self":[{"href":"https:\/\/ewod.ut.ee\/et\/wp-json\/wp\/v2\/pages\/8417","targetHints":{"allow":["GET"]}}],"collection":[{"href":"https:\/\/ewod.ut.ee\/et\/wp-json\/wp\/v2\/pages"}],"about":[{"href":"https:\/\/ewod.ut.ee\/et\/wp-json\/wp\/v2\/types\/page"}],"author":[{"embeddable":true,"href":"https:\/\/ewod.ut.ee\/et\/wp-json\/wp\/v2\/users\/43"}],"replies":[{"embeddable":true,"href":"https:\/\/ewod.ut.ee\/et\/wp-json\/wp\/v2\/comments?post=8417"}],"version-history":[{"count":1,"href":"https:\/\/ewod.ut.ee\/et\/wp-json\/wp\/v2\/pages\/8417\/revisions"}],"predecessor-version":[{"id":8418,"href":"https:\/\/ewod.ut.ee\/et\/wp-json\/wp\/v2\/pages\/8417\/revisions\/8418"}],"up":[{"embeddable":true,"href":"https:\/\/ewod.ut.ee\/et\/wp-json\/wp\/v2\/pages\/6495"}],"wp:attachment":[{"href":"https:\/\/ewod.ut.ee\/et\/wp-json\/wp\/v2\/media?parent=8417"}],"curies":[{"name":"wp","href":"https:\/\/api.w.org\/{rel}","templated":true}]}}