{"id":8420,"date":"2026-04-20T12:06:26","date_gmt":"2026-04-20T09:06:26","guid":{"rendered":"https:\/\/sisu.ut.ee\/ewod\/?page_id=8420"},"modified":"2026-04-20T12:06:53","modified_gmt":"2026-04-20T09:06:53","slug":"hannes-oja","status":"publish","type":"page","link":"https:\/\/ewod.ut.ee\/et\/o\/hannes-oja\/","title":{"rendered":"Hannes Oja"},"content":{"rendered":"<p>Hannes Oja (29. III 1919\u2013 17. XII 2012) oli \u00fchiskonna- ja kultuuritegelane ning luuletaja.<\/p>\n\n\n\n<p>Oja s\u00fcndis L\u00e4\u00e4nemaal Martna vallas. Ta alustas kooliteed Rannam\u00f5isa algkoolis, \u00f5ppis seej\u00e4rel Martna algkoolis ja L\u00e4\u00e4nemaa G\u00fcmnaasiumis. Haridustee j\u00e4tkus Uuem\u00f5isa K\u00f5rgemas P\u00f5llunduskoolis. J\u00e4rgnes p\u00f5genemine Soome, kus ta v\u00f5ttis osa lahingutegevusest Karjala rindel eestlastest koosnevas 200. jalav\u00e4er\u00fcgemendis, st oli soomepoiss. Soomest siirdus ta Rootsi ja 1951. aastal Kanadasse, kus ta elas surmani. Hannes Oja t\u00f6\u00f6tas raamatupidaja, vabrikut\u00f6\u00f6lise ja t\u00f6\u00f6dejuhatajana. Ta tundis suurt huvi kirjanduse, eriti luule ja publitsistika vastu. Aastatel 1975-1986 t\u00f6\u00f6tas Hannes Oja ajalehe Vaba Eestlane toimetajana, t\u00f6\u00f6tades vahepeal toimetuses t\u00e4iesti \u00fcksi. Toimetajana tegutses ta samuti ajalehe l\u00f5puaastatel (1997-2001). Seej\u00e4rel j\u00e4tkas ta ajakirjanikut\u00f6\u00f6d ajalehes Eesti Elu.<\/p>\n\n\n\n<p>Hannes Oja sulest on ilmunud neli luulekogu. Tema v\u00e4rssides on tunda Arbujate m\u00f5ju. Luuletused on kirjutatud l\u00fchikestes t\u00e4isriimilistes v\u00e4rssides, teemaks valdavalt loodusmotiivid ja s\u00f5jakogemused Karjalast. Tema luule on sageli kantud koduigatsusest ja toonitab rahvuslikke v\u00e4\u00e4rtusi.<\/p>\n\n\n\n<p>Hannes Oja on olnud paljude kogumike ja koguteoste toimetaja.<\/p>\n\n\n\n<p><em>L. P.<\/em><\/p>\n\n\n\n<h4 class=\"wp-block-heading\"><br>Raamatud eesti keeles<\/h4>\n\n\n\n<p><em><strong>Luuletused<\/strong><\/em><br><strong>Koputused eneses<\/strong>. Toronto, 1955, 62 lk.<br><strong>M\u00e4rgid m\u00f5tteliival<\/strong>. Stockholm: Vaba Eesti, 1964, 75 lk.<br><strong>Tunnete purdel<\/strong>. Stockholm: Vaba Eesti, 1967, 76 lk.<br><strong>J\u00e4rvealune kirikukell<\/strong>. Toronto: Maarjamaa, 1988, 71 lk.<\/p>\n","protected":false},"excerpt":{"rendered":"<p>Hannes Oja (29. III 1919\u2013 17. XII 2012) oli \u00fchiskonna- ja kultuuritegelane ning luuletaja. Oja s\u00fcndis L\u00e4\u00e4nemaal Martna vallas. Ta alustas kooliteed Rannam\u00f5isa algkoolis, \u00f5ppis seej\u00e4rel Martna algkoolis ja L\u00e4\u00e4nemaa G\u00fcmnaasiumis. Haridustee j\u00e4tkus Uuem\u00f5isa K\u00f5rgemas P\u00f5llunduskoolis. J\u00e4rgnes p\u00f5genemine Soome, kus &#8230;<\/p>\n","protected":false},"author":43,"featured_media":0,"parent":6499,"menu_order":0,"comment_status":"closed","ping_status":"closed","template":"","meta":{"_acf_changed":false,"inline_featured_image":false,"footnotes":""},"class_list":["post-8420","page","type-page","status-publish","hentry"],"acf":[],"_links":{"self":[{"href":"https:\/\/ewod.ut.ee\/et\/wp-json\/wp\/v2\/pages\/8420","targetHints":{"allow":["GET"]}}],"collection":[{"href":"https:\/\/ewod.ut.ee\/et\/wp-json\/wp\/v2\/pages"}],"about":[{"href":"https:\/\/ewod.ut.ee\/et\/wp-json\/wp\/v2\/types\/page"}],"author":[{"embeddable":true,"href":"https:\/\/ewod.ut.ee\/et\/wp-json\/wp\/v2\/users\/43"}],"replies":[{"embeddable":true,"href":"https:\/\/ewod.ut.ee\/et\/wp-json\/wp\/v2\/comments?post=8420"}],"version-history":[{"count":1,"href":"https:\/\/ewod.ut.ee\/et\/wp-json\/wp\/v2\/pages\/8420\/revisions"}],"predecessor-version":[{"id":8421,"href":"https:\/\/ewod.ut.ee\/et\/wp-json\/wp\/v2\/pages\/8420\/revisions\/8421"}],"up":[{"embeddable":true,"href":"https:\/\/ewod.ut.ee\/et\/wp-json\/wp\/v2\/pages\/6499"}],"wp:attachment":[{"href":"https:\/\/ewod.ut.ee\/et\/wp-json\/wp\/v2\/media?parent=8420"}],"curies":[{"name":"wp","href":"https:\/\/api.w.org\/{rel}","templated":true}]}}