{"id":8437,"date":"2024-04-03T23:40:21","date_gmt":"2024-04-03T20:40:21","guid":{"rendered":"https:\/\/sisu.ut.ee\/ewod\/?page_id=8437"},"modified":"2026-04-21T12:30:25","modified_gmt":"2026-04-21T09:30:25","slug":"tonis-tootsen","status":"publish","type":"page","link":"https:\/\/ewod.ut.ee\/et\/t\/tonis-tootsen\/","title":{"rendered":"T\u00f5nis Tootsen"},"content":{"rendered":"<figure class=\"wp-block-image alignright size-large is-resized\"><a href=\"https:\/\/sisu.ut.ee\/wp-content\/uploads\/sites\/108\/tonis_tootsen_ruti_jogi-rumvolt2.jpg\"><img loading=\"lazy\" decoding=\"async\" width=\"1024\" height=\"1024\" src=\"https:\/\/sisu.ut.ee\/wp-content\/uploads\/sites\/108\/tonis_tootsen_ruti_jogi-rumvolt2-1024x1024.jpg\" alt=\"\" class=\"wp-image-6376\" style=\"width:305px;height:auto\" title=\"Foto: Ruti J\u00f5gi-Rumvolt\" srcset=\"https:\/\/sisu.ut.ee\/wp-content\/uploads\/sites\/108\/tonis_tootsen_ruti_jogi-rumvolt2-1024x1024.jpg 1024w, https:\/\/sisu.ut.ee\/wp-content\/uploads\/sites\/108\/tonis_tootsen_ruti_jogi-rumvolt2-300x300.jpg 300w, https:\/\/sisu.ut.ee\/wp-content\/uploads\/sites\/108\/tonis_tootsen_ruti_jogi-rumvolt2-150x150.jpg 150w, https:\/\/sisu.ut.ee\/wp-content\/uploads\/sites\/108\/tonis_tootsen_ruti_jogi-rumvolt2-768x768.jpg 768w, https:\/\/sisu.ut.ee\/wp-content\/uploads\/sites\/108\/tonis_tootsen_ruti_jogi-rumvolt2-1536x1536.jpg 1536w, https:\/\/sisu.ut.ee\/wp-content\/uploads\/sites\/108\/tonis_tootsen_ruti_jogi-rumvolt2-2048x2048.jpg 2048w, https:\/\/sisu.ut.ee\/wp-content\/uploads\/sites\/108\/tonis_tootsen_ruti_jogi-rumvolt2-1920x1920.jpg 1920w\" sizes=\"auto, (max-width: 1024px) 100vw, 1024px\"><\/a><\/figure>\n\n\n\n<p>T\u00f5nis Tootsen (17.10.1988) on ulmekirjanik ja kujundaja.<\/p>\n\n\n\n<p>Tootsen on \u00f5ppinud Tallinnas ja semiootikat Tartu \u00dclikoolis. Ta on t\u00f5lkinud, kujundanud, teinud heli- ja videomontaa\u017ei, toimetanud raadiosaateid \u201e\u00d6\u00f6\u00fclikool\u201c ja raamatuid. Tema isa on ajakirjanik ja kirjanik Toivo Tootsen (s\u00fcndinud 1943), poolvend ajakirjanik ja filmire\u017eiss\u00f6\u00f6r, populaarse raadiosaate \u201e\u00d6\u00f6\u00fclikool\u201d autor Jaan Tootsen (s\u00fcndinud 1975).<\/p>\n\n\n\n<p>Eesti Kultuurkapitali kirjanduse sihtkapitali aastapreemia (vabaauhinna) p\u00e4lvinud esikraamat \u201eEsimene p\u00e4ev\u201c (2016) kujutab postapokal\u00fcptilist maailma, elu Eestis 2034. aastal. Romaan on k\u00e4sitsi kirjutatud, skanneritud ning j\u00e4relt\u00f6\u00f6deldud, tulemuseks teos, mille iga eksemplar on kunstiliselt ja kujunduslikult ainulaadne. Ulmevaldkonda kuulub ka Pierre Boulle\u2019i ulmeklassikasse kuuluvale \u201eAhvide planeedile\u201c viitav romaan \u201eAhvide pasteet\u201c (2022, Euroopa Liidu kirjandusauhind 2023), mis heidab k\u00f5verpilgu t\u00e4nap\u00e4eva maailmale l\u00e4bi ahvi silmade. Vormilt on teos oma loo kirja pannud ahv Ergo k\u00e4sikiri, mille on de\u0161ifreerinud ja \u00fcmberkirjutanud Tootsen. \u00dchiskonnakriitilise romaani taustas on aimatav Eesti ajalugu 1980. aastatest 00ndateni. Visioone tuleviku-Eestist loob ka proosakogu \u201eNukumeister\u201c (2012).<\/p>\n\n\n\n<p>2021. aastal avaldas Tootsen luulekogu \u201eUttu\u201d.<\/p>\n\n\n\n<p><em>A. K.<\/em><\/p>\n\n\n\n<h4 class=\"wp-block-heading\"><br>Raamatud eesti keeles<\/h4>\n\n\n\n<p><strong><em>Romaanid<\/em><\/strong><br><strong>Esimene p\u00e4ev<\/strong>. Tallinn: T. Tootsen, 2016, 576 lk<br><strong>Ahvide pasteet<\/strong>. \u00dche ahvi m\u00e4lestusi ja m\u00f5tteid. Luhametsa: Kaarnakivi seltsi kirjastus, 2022, 262 lk<\/p>\n\n\n\n<p><strong><em>L\u00fchiproosa<\/em><\/strong><br><strong>Nukumeister<\/strong>: tekste aastatest 2007-2011. Tallinn: T. Tootsen, 2012, 220 lk<\/p>\n\n\n\n<p><strong><em>Luule<\/em><\/strong><br><strong>Uttu<\/strong>. R\u00f5uge: M\u00f5ttel\u00f5ke, 2021, 149 lk<\/p>\n\n\n\n<p><strong><em>Lastekirjandus<\/em><\/strong><br>Toivo Tootsen, T\u00f5nis Tootsen, <strong>J\u00f5hvi Joosepi jututuba<\/strong>: lustakat lugemist kogu perele. Tallinn: I. Parbus, 2001, 107 lk<\/p>\n","protected":false},"excerpt":{"rendered":"<p>T\u00f5nis Tootsen (17.10.1988) on ulmekirjanik ja kujundaja. Tootsen on \u00f5ppinud Tallinnas ja semiootikat Tartu \u00dclikoolis. Ta on t\u00f5lkinud, kujundanud, teinud heli- ja videomontaa\u017ei, toimetanud raadiosaateid \u201e\u00d6\u00f6\u00fclikool\u201c ja raamatuid. Tema isa on ajakirjanik ja kirjanik Toivo Tootsen (s\u00fcndinud 1943), poolvend ajakirjanik &#8230;<\/p>\n","protected":false},"author":43,"featured_media":0,"parent":6510,"menu_order":0,"comment_status":"closed","ping_status":"closed","template":"","meta":{"_acf_changed":false,"inline_featured_image":false,"footnotes":""},"class_list":["post-8437","page","type-page","status-publish","hentry"],"acf":[],"_links":{"self":[{"href":"https:\/\/ewod.ut.ee\/et\/wp-json\/wp\/v2\/pages\/8437","targetHints":{"allow":["GET"]}}],"collection":[{"href":"https:\/\/ewod.ut.ee\/et\/wp-json\/wp\/v2\/pages"}],"about":[{"href":"https:\/\/ewod.ut.ee\/et\/wp-json\/wp\/v2\/types\/page"}],"author":[{"embeddable":true,"href":"https:\/\/ewod.ut.ee\/et\/wp-json\/wp\/v2\/users\/43"}],"replies":[{"embeddable":true,"href":"https:\/\/ewod.ut.ee\/et\/wp-json\/wp\/v2\/comments?post=8437"}],"version-history":[{"count":2,"href":"https:\/\/ewod.ut.ee\/et\/wp-json\/wp\/v2\/pages\/8437\/revisions"}],"predecessor-version":[{"id":8440,"href":"https:\/\/ewod.ut.ee\/et\/wp-json\/wp\/v2\/pages\/8437\/revisions\/8440"}],"up":[{"embeddable":true,"href":"https:\/\/ewod.ut.ee\/et\/wp-json\/wp\/v2\/pages\/6510"}],"wp:attachment":[{"href":"https:\/\/ewod.ut.ee\/et\/wp-json\/wp\/v2\/media?parent=8437"}],"curies":[{"name":"wp","href":"https:\/\/api.w.org\/{rel}","templated":true}]}}