{"id":8448,"date":"2024-04-03T23:42:10","date_gmt":"2024-04-03T20:42:10","guid":{"rendered":"https:\/\/sisu.ut.ee\/ewod\/?page_id=8448"},"modified":"2026-04-21T12:56:56","modified_gmt":"2026-04-21T09:56:56","slug":"rein-tootmaa","status":"publish","type":"page","link":"https:\/\/ewod.ut.ee\/et\/t\/rein-tootmaa\/","title":{"rendered":"Rein Tootmaa"},"content":{"rendered":"<figure class=\"wp-block-image alignright size-large is-resized\"><a href=\"https:\/\/sisu.ut.ee\/wp-content\/uploads\/sites\/108\/rein_tootmaa_alar_madisson.jpg\"><img loading=\"lazy\" decoding=\"async\" width=\"677\" height=\"1024\" src=\"https:\/\/sisu.ut.ee\/wp-content\/uploads\/sites\/108\/rein_tootmaa_vaike_alar_madisson-677x1024.jpg\" alt=\"\" class=\"wp-image-6311\" style=\"aspect-ratio:0.6611367929175829;width:195px;height:auto\" title=\"Foto: Alar Madisson\" srcset=\"https:\/\/sisu.ut.ee\/wp-content\/uploads\/sites\/108\/rein_tootmaa_vaike_alar_madisson-677x1024.jpg 677w, https:\/\/sisu.ut.ee\/wp-content\/uploads\/sites\/108\/rein_tootmaa_vaike_alar_madisson-198x300.jpg 198w, https:\/\/sisu.ut.ee\/wp-content\/uploads\/sites\/108\/rein_tootmaa_vaike_alar_madisson-768x1162.jpg 768w, https:\/\/sisu.ut.ee\/wp-content\/uploads\/sites\/108\/rein_tootmaa_vaike_alar_madisson-1015x1536.jpg 1015w, https:\/\/sisu.ut.ee\/wp-content\/uploads\/sites\/108\/rein_tootmaa_vaike_alar_madisson-1354x2048.jpg 1354w, https:\/\/sisu.ut.ee\/wp-content\/uploads\/sites\/108\/rein_tootmaa_vaike_alar_madisson-1920x2905.jpg 1920w, https:\/\/sisu.ut.ee\/wp-content\/uploads\/sites\/108\/rein_tootmaa_vaike_alar_madisson-scaled.jpg 1692w\" sizes=\"auto, (max-width: 677px) 100vw, 677px\"><\/a><\/figure>\n\n\n\n<p>Rein Tootmaa (s\u00fcnd. 3. III 1957) on proosakirjanik ja kriitik.<\/p>\n\n\n\n<p>Ta s\u00fcndis T\u00f5rvas, k\u00e4is aastatel 1964\u20131975 T\u00f5rvas koolis ja \u00f5ppis 1975\u20131980 Tartu Riiklikus \u00dclikoolis eesti filoloogiat. P\u00e4rast \u00fclikooli l\u00f5petamist t\u00f6\u00f6tas ta kaks aastat ENSV Raamatu\u00fchingu juhatuses toimetajana. Tootmaa oli aastatel 1982\u20131985 Saaremaal Kingissepa 2. keskkooli eesti keele ja kirjanduse \u00f5petaja. Aastatel 1985\u20131992 oli ta Saaremaa kinov\u00f5rgu direktor. Seej\u00e4rel t\u00f6\u00f6tas ajakirjanikuna Saaremaa ajalehtede Oma Saar ja Meie Maa toimetuses. 1997. aastal oli P\u00e4rnus Chaplini keskuse arendusdirektor ja direktor. Hiljem on Tootmaa olnud vabakutseline literaat. Ta on Eesti Kirjanike Liidu liige 1995. aastast.<\/p>\n\n\n\n<p>Rein Tootmaa deb\u00fcteeris l\u00fchijutuga ajalehes Edasi 1980. aastal ja avaldas oma esimese novellikogu \u201eKlaverim\u00e4ngup\u00fcha\u201c 1987. aastal. Selles nagu ka kahes j\u00e4rgnevas jutukogus keskenduvad tema novellid peamiselt armastuse ja abielu temaatikale. 1997. aastal ilmus Tootmaa sulest romaan \u201eTulnukad ja kratid\u201c, milles autor k\u00e4sitleb f\u00f6ljetonistliku ulmejutu v\u00f5tmes taasiseseisvunud Eesti erakondlikku v\u00f5itlust. 21. sajandil on Rein Tootmaalt ilmunud \u00fcks romaan ja l\u00fchiromaanide triloogia \u201eTeekond haaremisse\u201c.<\/p>\n\n\n\n<p>Tootmaa on avaldanud ka kirjanduskriitikat.<\/p>\n\n\n\n<p><em>L. P.<\/em><\/p>\n\n\n\n<h4 class=\"wp-block-heading\"><br>Raamatud eesti keeles<\/h4>\n\n\n\n<p><strong><em>Romaanid<\/em><\/strong><br><strong>Tulnukad ja kratid<\/strong>: ulmelis-realistlik romaan t\u00e4nap\u00e4eva Eesti elu ainetel. Tallinn: Virgela, 1997. 197 lk.<br><strong>Teekond haaremisse: Juksi Jaani pihtimused. I<\/strong>. Tallinn: Eesti Keele Sihtasutus, 2002. 137 lk.<br><strong>Teekond haaremisse: Juksi Jaani pihtimused. II. Abi-elu. Kodu-loom<\/strong>. Tallinn: Eesti Keele Sihtasutus, 2003. 135 lk.<br><strong>Teekond haaremisse: Juksi Jaani pihtimused. III. \u00dcksinduse vabariik<\/strong>. Tallinn: Eesti Keele Sihtasutus, 2006. 133 lk.<br><strong>Filtrita \u201cCamel\u201d<\/strong>. Tallinn: Eesti Keele Sihtasutus, 2012. 167 lk.<\/p>\n\n\n\n<p><strong><em>L\u00fchiproosa<\/em><\/strong><br><strong>Klaverim\u00e4ngup\u00fcha<\/strong>. Tallinn: Eesti Raamat, 1987. 158 lk.<br><strong>Seal, selle laia v\u00e4lja taga<\/strong>. Tallinn: Eesti Raamat, 1991. 140 lk.<br><strong>P\u00f5geneda!<\/strong> Tallinn: FC Boheem, 1997. 100 lk.<\/p>\n","protected":false},"excerpt":{"rendered":"<p>Rein Tootmaa (s\u00fcnd. 3. III 1957) on proosakirjanik ja kriitik. Ta s\u00fcndis T\u00f5rvas, k\u00e4is aastatel 1964\u20131975 T\u00f5rvas koolis ja \u00f5ppis 1975\u20131980 Tartu Riiklikus \u00dclikoolis eesti filoloogiat. P\u00e4rast \u00fclikooli l\u00f5petamist t\u00f6\u00f6tas ta kaks aastat ENSV Raamatu\u00fchingu juhatuses toimetajana. Tootmaa oli aastatel &#8230;<\/p>\n","protected":false},"author":43,"featured_media":0,"parent":6510,"menu_order":0,"comment_status":"closed","ping_status":"closed","template":"","meta":{"_acf_changed":false,"inline_featured_image":false,"footnotes":""},"class_list":["post-8448","page","type-page","status-publish","hentry"],"acf":[],"_links":{"self":[{"href":"https:\/\/ewod.ut.ee\/et\/wp-json\/wp\/v2\/pages\/8448","targetHints":{"allow":["GET"]}}],"collection":[{"href":"https:\/\/ewod.ut.ee\/et\/wp-json\/wp\/v2\/pages"}],"about":[{"href":"https:\/\/ewod.ut.ee\/et\/wp-json\/wp\/v2\/types\/page"}],"author":[{"embeddable":true,"href":"https:\/\/ewod.ut.ee\/et\/wp-json\/wp\/v2\/users\/43"}],"replies":[{"embeddable":true,"href":"https:\/\/ewod.ut.ee\/et\/wp-json\/wp\/v2\/comments?post=8448"}],"version-history":[{"count":2,"href":"https:\/\/ewod.ut.ee\/et\/wp-json\/wp\/v2\/pages\/8448\/revisions"}],"predecessor-version":[{"id":8451,"href":"https:\/\/ewod.ut.ee\/et\/wp-json\/wp\/v2\/pages\/8448\/revisions\/8451"}],"up":[{"embeddable":true,"href":"https:\/\/ewod.ut.ee\/et\/wp-json\/wp\/v2\/pages\/6510"}],"wp:attachment":[{"href":"https:\/\/ewod.ut.ee\/et\/wp-json\/wp\/v2\/media?parent=8448"}],"curies":[{"name":"wp","href":"https:\/\/api.w.org\/{rel}","templated":true}]}}